{"id":2477,"date":"2018-05-21T15:57:06","date_gmt":"2018-05-21T15:57:06","guid":{"rendered":"https:\/\/www.sendblaster.com\/wpnew-2018\/?page_id=2477"},"modified":"2018-05-21T16:02:51","modified_gmt":"2018-05-21T16:02:51","slug":"sendblaster-express","status":"publish","type":"page","link":"https:\/\/www.sendblaster.com\/de\/sendblaster-express\/","title":{"rendered":"SendBlaster Express"},"content":{"rendered":"<p><span style=\"color: #ff0000;\"><em>\u00a0<\/em><\/span><\/p>\n<p>SendBlaster Express ist eine Sonderausgabe von SendBlaster, die nur von ausgew\u00e4hlten Partnern bezogen werden kann. Mit einem g\u00fcnstigen Preis von \u20ac 29.95 (inkl. MwSt.) geht sie \u00fcber die kostenlose Ausgabe von SendBlaster hinaus und stellt zahlreiche Funktionen der Pro Edition bereit.<\/p>\n<ul>\n<li><a href=\"sendblaster-express#features\">Funktionen<\/a><\/li>\n<li><a href=\"sendblaster-express#registration\">Aktivierung<\/a><\/li>\n<li><a href=\"sendblaster-express#upgrading\">Upgrade auf die Pro-Version<\/a><\/li>\n<li><a href=\"sendblaster-express#notes\">Hinweise und Updates<\/a><\/li>\n<\/ul>\n<h2><a name=\"features\"><\/a>Features<\/h2>\n<table border=\"1\" cellspacing=\"0\" cellpadding=\"4\">\n<tbody>\n<tr>\n<td width=\"357\"><strong>Technische Spezifikationen<\/strong><\/td>\n<td align=\"center\" nowrap=\"nowrap\"><strong>Free 2<\/strong><\/td>\n<td align=\"center\" nowrap=\"nowrap\"><strong>Express 2<\/strong><\/td>\n<td align=\"center\" nowrap=\"nowrap\"><strong>Pro 2<\/strong><\/td>\n<\/tr>\n<tr>\n<td width=\"357\">Anzahl der Listen<\/td>\n<td class=\"rtecenter\">2<\/td>\n<td class=\"rtecenter\">5<\/td>\n<td>unbegrenzt<\/td>\n<\/tr>\n<tr>\n<td width=\"357\">Versand jeweils an maximale Anzahl an Empf\u00e4ngern<\/td>\n<td align=\"center\">100<\/td>\n<td align=\"center\">300<\/td>\n<td align=\"center\">unbegrenzt<\/td>\n<\/tr>\n<tr>\n<td width=\"357\">Anzahl gleichzeitiger Verbindungen<\/td>\n<td align=\"center\">2<\/td>\n<td align=\"center\">\n<p align=\"center\">5<\/p>\n<\/td>\n<td align=\"center\">50<\/td>\n<\/tr>\n<tr>\n<td width=\"357\">Blacklist domains<\/td>\n<td align=\"center\">NEIN<\/td>\n<td align=\"center\">JA<\/td>\n<td align=\"center\">YES<\/td>\n<\/tr>\n<tr>\n<td width=\"357\">Enthaltene Vorlagen<\/td>\n<td align=\"center\">80<\/td>\n<td align=\"center\">80<\/td>\n<td align=\"center\">130<\/td>\n<\/tr>\n<tr>\n<td width=\"357\">Unterst\u00fctzung von Anlagen<\/td>\n<td align=\"center\">NEIN<\/td>\n<td align=\"center\">NEIN<\/td>\n<td align=\"center\">JA<\/td>\n<\/tr>\n<tr>\n<td width=\"357\">Import von csv-Dateien in Listen<\/td>\n<td align=\"center\">JA<\/td>\n<td align=\"center\">JA<\/td>\n<td align=\"center\">JA<\/td>\n<\/tr>\n<tr>\n<td width=\"357\">Export von Listen in csv-Dateien<\/td>\n<td align=\"center\">NEIN<\/td>\n<td align=\"center\">NEIN<\/td>\n<td align=\"center\">JA<\/td>\n<\/tr>\n<tr>\n<td width=\"357\">Suche in Listen<\/td>\n<td align=\"center\">NEIN<\/td>\n<td align=\"center\">NEIN<\/td>\n<td align=\"center\">JA<\/td>\n<\/tr>\n<tr>\n<td width=\"357\">Kennwortschutz<\/td>\n<td align=\"center\">NEIN<\/td>\n<td align=\"center\">NEIN<\/td>\n<td align=\"center\">JA<\/td>\n<\/tr>\n<tr>\n<td width=\"357\">Technische Unterst\u00fctzung Premium<\/td>\n<td align=\"center\">NEIN<\/td>\n<td align=\"center\">JA<\/td>\n<td align=\"center\">JA<\/td>\n<\/tr>\n<\/tbody>\n<\/table>\n<p>&nbsp;<\/p>\n<p>Benutzer von SendBlaster Express k\u00f6nnen sich <a href=\"sendblaster-express-kostenloses-konto-bei-turbosmtp\">f\u00fcr ein kostenloses Konto bei TurboSMTP registrieren <\/a>und dann bis zu 1.000 E-Mails versenden.<\/p>\n<h2><a name=\"registration\"><\/a>Aktivierung<\/h2>\n<p>Sie m\u00fcssen sich mit dem erworbenen Aktivierungscode registrieren, um einen Lizenzschl\u00fcssel zu erhalten und SendBlaster Express aktivieren zu k\u00f6nnen. <a href=\"sendblaster-express-aktivieren\">mehr &gt;&gt;<\/a><\/p>\n<h2><a name=\"upgrading\"><\/a>Upgrade auf die Pro-Version<\/h2>\n<p>Ein Upgrade auf SendBlaster Pro ist zu einem verg\u00fcnstigen Preis m\u00f6glich. <a href=\"sendblaster-express-upgrade-auf-sendblaster-pro\">mehr &gt;&gt;<\/a><\/p>\n<h2><a name=\"notes\"><\/a>Hinweise und Updates<\/h2>\n<p>Keine Updates verf\u00fcgbar<\/p>\n","protected":false},"excerpt":{"rendered":"<p>\u00a0 SendBlaster Express ist eine Sonderausgabe von SendBlaster, die nur von ausgew\u00e4hlten Partnern bezogen werden kann. Mit einem g\u00fcnstigen Preis von \u20ac 29.95 (inkl. MwSt.) geht sie \u00fcber die kostenlose Ausgabe von SendBlaster hinaus und stellt zahlreiche Funktionen der Pro <\/p>\n<p class=\"read-more-container\"><a class=\"button read-more\" href=\"https:\/\/www.sendblaster.com\/de\/sendblaster-express\/\" title=\"\">Weiterlesen<\/a><\/p>\n","protected":false},"author":2,"featured_media":0,"parent":0,"menu_order":0,"comment_status":"closed","ping_status":"closed","template":"","meta":{"_monsterinsights_skip_tracking":false,"_monsterinsights_sitenote_active":false,"_monsterinsights_sitenote_note":"","_monsterinsights_sitenote_category":0,"footnotes":""},"class_list":["post-2477","page","type-page","status-publish"],"yoast_head":"<!-- This site is optimized with the Yoast SEO plugin v23.5 - https:\/\/yoast.com\/wordpress\/plugins\/seo\/ -->\n<title>SendBlaster Express - SendBlaster newsletter software<\/title>\n<meta name=\"description\" content=\"SendBlaster newsletter software SendBlaster Express \u00a0 SendBlaster Express ist eine Sonderausgabe von SendBlaster, die nur von ausgew\u00e4hlten Partnern bezogen werden kann. Mit einem g\u00fcnstigen Preis von \u20ac 29.95\" \/>\n<meta name=\"robots\" content=\"index, follow, max-snippet:-1, max-image-preview:large, max-video-preview:-1\" \/>\n<link rel=\"canonical\" href=\"https:\/\/www.sendblaster.com\/de\/sendblaster-express\/\" \/>\n<meta property=\"og:locale\" content=\"de_DE\" \/>\n<meta property=\"og:type\" content=\"article\" \/>\n<meta property=\"og:title\" content=\"SendBlaster Express - SendBlaster newsletter software\" \/>\n<meta property=\"og:description\" content=\"SendBlaster newsletter software SendBlaster Express \u00a0 SendBlaster Express ist eine Sonderausgabe von SendBlaster, die nur von ausgew\u00e4hlten Partnern bezogen werden kann. Mit einem g\u00fcnstigen Preis von \u20ac 29.95\" \/>\n<meta property=\"og:url\" content=\"https:\/\/www.sendblaster.com\/de\/sendblaster-express\/\" \/>\n<meta property=\"og:site_name\" content=\"SendBlaster newsletter software\" \/>\n<meta property=\"article:modified_time\" content=\"2018-05-21T16:02:51+00:00\" \/>\n<meta name=\"twitter:card\" content=\"summary_large_image\" \/>\n<meta name=\"twitter:label1\" content=\"Gesch\u00e4tzte Lesezeit\" \/>\n\t<meta name=\"twitter:data1\" content=\"1\u00a0Minute\" \/>\n<script type=\"application\/ld+json\" class=\"yoast-schema-graph\">{\"@context\":\"https:\/\/schema.org\",\"@graph\":[{\"@type\":\"WebPage\",\"@id\":\"https:\/\/www.sendblaster.com\/de\/sendblaster-express\/\",\"url\":\"https:\/\/www.sendblaster.com\/de\/sendblaster-express\/\",\"name\":\"SendBlaster Express - SendBlaster newsletter software\",\"isPartOf\":{\"@id\":\"https:\/\/www.sendblaster.com\/#website\"},\"datePublished\":\"2018-05-21T15:57:06+00:00\",\"dateModified\":\"2018-05-21T16:02:51+00:00\",\"description\":\"SendBlaster newsletter software SendBlaster Express \u00a0 SendBlaster Express ist eine Sonderausgabe von SendBlaster, die nur von ausgew\u00e4hlten Partnern bezogen werden kann. Mit einem g\u00fcnstigen Preis von \u20ac 29.95\",\"breadcrumb\":{\"@id\":\"https:\/\/www.sendblaster.com\/de\/sendblaster-express\/#breadcrumb\"},\"inLanguage\":\"de\",\"potentialAction\":[{\"@type\":\"ReadAction\",\"target\":[\"https:\/\/www.sendblaster.com\/de\/sendblaster-express\/\"]}]},{\"@type\":\"BreadcrumbList\",\"@id\":\"https:\/\/www.sendblaster.com\/de\/sendblaster-express\/#breadcrumb\",\"itemListElement\":[{\"@type\":\"ListItem\",\"position\":1,\"name\":\"Home\",\"item\":\"https:\/\/www.sendblaster.com\/de\/\"},{\"@type\":\"ListItem\",\"position\":2,\"name\":\"SendBlaster Express\"}]},{\"@type\":\"WebSite\",\"@id\":\"https:\/\/www.sendblaster.com\/#website\",\"url\":\"https:\/\/www.sendblaster.com\/\",\"name\":\"SendBlaster newsletter software\",\"description\":\"\",\"publisher\":{\"@id\":\"https:\/\/www.sendblaster.com\/#organization\"},\"potentialAction\":[{\"@type\":\"SearchAction\",\"target\":{\"@type\":\"EntryPoint\",\"urlTemplate\":\"https:\/\/www.sendblaster.com\/?s={search_term_string}\"},\"query-input\":{\"@type\":\"PropertyValueSpecification\",\"valueRequired\":true,\"valueName\":\"search_term_string\"}}],\"inLanguage\":\"de\"},{\"@type\":\"Organization\",\"@id\":\"https:\/\/www.sendblaster.com\/#organization\",\"name\":\"SendBlaster newsletter software\",\"url\":\"https:\/\/www.sendblaster.com\/\",\"logo\":{\"@type\":\"ImageObject\",\"inLanguage\":\"de\",\"@id\":\"https:\/\/www.sendblaster.com\/#\/schema\/logo\/image\/\",\"url\":\"https:\/\/www.sendblaster.com\/wp-content\/uploads\/2021\/09\/logo-svg-2021.svg\",\"contentUrl\":\"https:\/\/www.sendblaster.com\/wp-content\/uploads\/2021\/09\/logo-svg-2021.svg\",\"width\":350,\"height\":70,\"caption\":\"SendBlaster newsletter software\"},\"image\":{\"@id\":\"https:\/\/www.sendblaster.com\/#\/schema\/logo\/image\/\"}}]}<\/script>\n<!-- \/ Yoast SEO plugin. -->","yoast_head_json":{"title":"SendBlaster Express - SendBlaster newsletter software","description":"SendBlaster newsletter software SendBlaster Express \u00a0 SendBlaster Express ist eine Sonderausgabe von SendBlaster, die nur von ausgew\u00e4hlten Partnern bezogen werden kann. Mit einem g\u00fcnstigen Preis von \u20ac 29.95","robots":{"index":"index","follow":"follow","max-snippet":"max-snippet:-1","max-image-preview":"max-image-preview:large","max-video-preview":"max-video-preview:-1"},"canonical":"https:\/\/www.sendblaster.com\/de\/sendblaster-express\/","og_locale":"de_DE","og_type":"article","og_title":"SendBlaster Express - SendBlaster newsletter software","og_description":"SendBlaster newsletter software SendBlaster Express \u00a0 SendBlaster Express ist eine Sonderausgabe von SendBlaster, die nur von ausgew\u00e4hlten Partnern bezogen werden kann. Mit einem g\u00fcnstigen Preis von \u20ac 29.95","og_url":"https:\/\/www.sendblaster.com\/de\/sendblaster-express\/","og_site_name":"SendBlaster newsletter software","article_modified_time":"2018-05-21T16:02:51+00:00","twitter_card":"summary_large_image","twitter_misc":{"Gesch\u00e4tzte Lesezeit":"1\u00a0Minute"},"schema":{"@context":"https:\/\/schema.org","@graph":[{"@type":"WebPage","@id":"https:\/\/www.sendblaster.com\/de\/sendblaster-express\/","url":"https:\/\/www.sendblaster.com\/de\/sendblaster-express\/","name":"SendBlaster Express - SendBlaster newsletter software","isPartOf":{"@id":"https:\/\/www.sendblaster.com\/#website"},"datePublished":"2018-05-21T15:57:06+00:00","dateModified":"2018-05-21T16:02:51+00:00","description":"SendBlaster newsletter software SendBlaster Express \u00a0 SendBlaster Express ist eine Sonderausgabe von SendBlaster, die nur von ausgew\u00e4hlten Partnern bezogen werden kann. Mit einem g\u00fcnstigen Preis von \u20ac 29.95","breadcrumb":{"@id":"https:\/\/www.sendblaster.com\/de\/sendblaster-express\/#breadcrumb"},"inLanguage":"de","potentialAction":[{"@type":"ReadAction","target":["https:\/\/www.sendblaster.com\/de\/sendblaster-express\/"]}]},{"@type":"BreadcrumbList","@id":"https:\/\/www.sendblaster.com\/de\/sendblaster-express\/#breadcrumb","itemListElement":[{"@type":"ListItem","position":1,"name":"Home","item":"https:\/\/www.sendblaster.com\/de\/"},{"@type":"ListItem","position":2,"name":"SendBlaster Express"}]},{"@type":"WebSite","@id":"https:\/\/www.sendblaster.com\/#website","url":"https:\/\/www.sendblaster.com\/","name":"SendBlaster newsletter software","description":"","publisher":{"@id":"https:\/\/www.sendblaster.com\/#organization"},"potentialAction":[{"@type":"SearchAction","target":{"@type":"EntryPoint","urlTemplate":"https:\/\/www.sendblaster.com\/?s={search_term_string}"},"query-input":{"@type":"PropertyValueSpecification","valueRequired":true,"valueName":"search_term_string"}}],"inLanguage":"de"},{"@type":"Organization","@id":"https:\/\/www.sendblaster.com\/#organization","name":"SendBlaster newsletter software","url":"https:\/\/www.sendblaster.com\/","logo":{"@type":"ImageObject","inLanguage":"de","@id":"https:\/\/www.sendblaster.com\/#\/schema\/logo\/image\/","url":"https:\/\/www.sendblaster.com\/wp-content\/uploads\/2021\/09\/logo-svg-2021.svg","contentUrl":"https:\/\/www.sendblaster.com\/wp-content\/uploads\/2021\/09\/logo-svg-2021.svg","width":350,"height":70,"caption":"SendBlaster newsletter software"},"image":{"@id":"https:\/\/www.sendblaster.com\/#\/schema\/logo\/image\/"}}]}},"_links":{"self":[{"href":"https:\/\/www.sendblaster.com\/de\/wp-json\/wp\/v2\/pages\/2477"}],"collection":[{"href":"https:\/\/www.sendblaster.com\/de\/wp-json\/wp\/v2\/pages"}],"about":[{"href":"https:\/\/www.sendblaster.com\/de\/wp-json\/wp\/v2\/types\/page"}],"author":[{"embeddable":true,"href":"https:\/\/www.sendblaster.com\/de\/wp-json\/wp\/v2\/users\/2"}],"replies":[{"embeddable":true,"href":"https:\/\/www.sendblaster.com\/de\/wp-json\/wp\/v2\/comments?post=2477"}],"version-history":[{"count":4,"href":"https:\/\/www.sendblaster.com\/de\/wp-json\/wp\/v2\/pages\/2477\/revisions"}],"predecessor-version":[{"id":2480,"href":"https:\/\/www.sendblaster.com\/de\/wp-json\/wp\/v2\/pages\/2477\/revisions\/2480"}],"wp:attachment":[{"href":"https:\/\/www.sendblaster.com\/de\/wp-json\/wp\/v2\/media?parent=2477"}],"curies":[{"name":"wp","href":"https:\/\/api.w.org\/{rel}","templated":true}]}}