{"id":2471,"date":"2018-05-21T15:48:09","date_gmt":"2018-05-21T15:48:09","guid":{"rendered":"https:\/\/www.sendblaster.com\/wpnew-2018\/?page_id=2471"},"modified":"2018-05-21T15:49:21","modified_gmt":"2018-05-21T15:49:21","slug":"funktionen-global-abmelden-und-globale-unzustellbarkeit","status":"publish","type":"page","link":"https:\/\/www.sendblaster.com\/de\/funktionen-global-abmelden-und-globale-unzustellbarkeit\/","title":{"rendered":"Funktionen Global abmelden und Globale Unzustellbarkeit"},"content":{"rendered":"<div class=\"box-info new-icon\"><strong>Diese neue Funktion ist sowohl in der KOSTENLOSEN als auch in der PRO-Version von SendBlaster 3 verf\u00fcgbar.<\/strong><\/div>\n<p>&nbsp;<\/p>\n<p>Die Abmeldung sollte schnell, einfach und m\u00fchelos verlaufen. Verstecken Sie beispielsweise niemals absichtlich die Anweisungen zur Abmeldung oder machen Sie diese zu komplex. Eine transparente Abmeldung f\u00f6rdert auf jeden Fall Ihren Ruf als Absender bei Ihrer Abonnenten &#8230; und Ihren Internetdienstanbietern!<\/p>\n<p>SendBlaster 3 bietet Ihnen eine neue leistungsstarke Funktion namens <strong>Global abmelden<\/strong> an. Diese Funktion hilft Ihnen sofort, Ihren Abmeldeprozess bei der Verwaltung mehrerer Listen zu optimieren.<\/p>\n<p>&nbsp;<\/p>\n<h2>Wie funktioniert es<\/h2>\n<p>Mit der Funktion Global abmelden wird der Empf\u00e4nger, der aus Ihrer E-Mail-Liste ausgetragen werden m\u00f6chte, automatisch aus <strong>allen Listen<\/strong>, in denen seine E-Mail-Adresse gefunden wird, ausgetragen.<\/p>\n<p>Dies bedeutet, dass selbst wenn Sie die gleiche E-Mail-Adresse in verschiedenen E-Mail-Listen kopiert haben, Sie diese dank der Funktion Global abmelden <strong>mit einem einzigen Mausklick<\/strong> entfernen k\u00f6nnen. Manuelles Aktualisieren der Listen ist nicht l\u00e4nger erforderlich!<\/p>\n<p>Aktivieren Sie Global abmelden, indem Sie einfach im <strong>Bereich Abonnements verwalten<\/strong> auf das Kontrollk\u00e4stchen Global abmelden klicken.<\/p>\n<p>&nbsp;<\/p>\n<p><img decoding=\"async\" class=\"alignnone size-full wp-image-2474\" src=\"https:\/\/www.sendblaster.com\/wp-content\/uploads\/2018\/05\/global-unsubscription-4.jpg\" alt=\"\" width=\"550\" height=\"469\" srcset=\"https:\/\/www.sendblaster.com\/wp-content\/uploads\/2018\/05\/global-unsubscription-4.jpg 550w, https:\/\/www.sendblaster.com\/wp-content\/uploads\/2018\/05\/global-unsubscription-4-300x256.jpg 300w, https:\/\/www.sendblaster.com\/wp-content\/uploads\/2018\/05\/global-unsubscription-4-320x273.jpg 320w, https:\/\/www.sendblaster.com\/wp-content\/uploads\/2018\/05\/global-unsubscription-4-239x204.jpg 239w\" sizes=\"(max-width: 550px) 100vw, 550px\" \/><\/p>\n<p>&nbsp;<\/p>\n<p>Wenn Sie die Option Global abmelden nicht aktivieren, wird die Adresse des sich abmeldenden Empf\u00e4ngers, nur aus der Liste entfernt, in welche Sie ihn hinzugef\u00fcgt haben.<\/p>\n<p>Wie Sie sehen, kann diese Funktion besonders hilfreich sein, wenn Sie viele E-Mail-Listen mit SendBlaster verwalten. Wir empfehlen Ihnen, dass Sie <strong>diese Option aktiviert lassen<\/strong>, wenn keine besonderen Gr\u00fcnde daf\u00fcr sprechen, dies nicht zu tun. In der Tat erhalten Sie sofort bestimmte Vorteile, beispielsweise:<\/p>\n<ul>\n<li>Verringern der Beschwerden von Empf\u00e4ngern<\/li>\n<li>Verwalten klarer E-Mail-Listen<\/li>\n<li>Verbessern Ihres Rufs als Absender<\/li>\n<\/ul>\n<p>In <strong>SendBlaster 3<\/strong> ist eine \u00e4hnliche Option auch f\u00fcr Unzustellbarkeit verf\u00fcgbar, sie hei\u00dft <strong>Globale Unzustellbarkeit<\/strong>.<\/p>\n<p>\u00c4hnlich wie bei der Funktion Global abmelden erm\u00f6glicht die Option Globale Unzustellbarkeit, alle <strong>Unzustellbarkeiten<\/strong> (z. B. ung\u00fcltige E-Mail-Adressen) nicht nur aus der gew\u00e4hlten Liste zu entfernen, sondern aus allen Listen, die Sie mit SendBlaster verwalten.<\/p>\n<p>Aktivieren Sie die Option Globale Unzustellbarkeit, indem Sie in den Bereich Unzustellbare verwalten gehen und das Kontrollk\u00e4stchen Globale Unzustellbarkeit markieren.<\/p>\n<p>&nbsp;<\/p>\n<p><img decoding=\"async\" class=\"alignnone size-full wp-image-2475\" src=\"https:\/\/www.sendblaster.com\/wp-content\/uploads\/2018\/05\/global-unsubscription-2-3.jpg\" alt=\"\" width=\"573\" height=\"520\" srcset=\"https:\/\/www.sendblaster.com\/wp-content\/uploads\/2018\/05\/global-unsubscription-2-3.jpg 573w, https:\/\/www.sendblaster.com\/wp-content\/uploads\/2018\/05\/global-unsubscription-2-3-300x272.jpg 300w, https:\/\/www.sendblaster.com\/wp-content\/uploads\/2018\/05\/global-unsubscription-2-3-320x290.jpg 320w, https:\/\/www.sendblaster.com\/wp-content\/uploads\/2018\/05\/global-unsubscription-2-3-239x217.jpg 239w\" sizes=\"(max-width: 573px) 100vw, 573px\" \/><\/p>\n<p>&nbsp;<\/p>\n<p>Wir empfehlen Ihnen , <strong>dass Sie diese Funktion aktiviert lassen<\/strong>. Sie k\u00f6nnen saubere E-Mail-Listen beibehalten und, als Folge, Ihren Ruf und Ihre E-Mail-Zustellbarkeit verbessern!<\/p>\n","protected":false},"excerpt":{"rendered":"<p>Diese neue Funktion ist sowohl in der KOSTENLOSEN als auch in der PRO-Version von SendBlaster 3 verf\u00fcgbar. &nbsp; Die Abmeldung sollte schnell, einfach und m\u00fchelos verlaufen. Verstecken Sie beispielsweise niemals absichtlich die Anweisungen zur Abmeldung oder machen Sie diese zu <\/p>\n<p class=\"read-more-container\"><a class=\"button read-more\" href=\"https:\/\/www.sendblaster.com\/de\/funktionen-global-abmelden-und-globale-unzustellbarkeit\/\" title=\"\">Weiterlesen<\/a><\/p>\n","protected":false},"author":2,"featured_media":0,"parent":0,"menu_order":0,"comment_status":"closed","ping_status":"closed","template":"g1_template_page_sidebar_right.php","meta":{"_monsterinsights_skip_tracking":false,"_monsterinsights_sitenote_active":false,"_monsterinsights_sitenote_note":"","_monsterinsights_sitenote_category":0,"footnotes":""},"class_list":["post-2471","page","type-page","status-publish"],"yoast_head":"<!-- This site is optimized with the Yoast SEO plugin v23.5 - https:\/\/yoast.com\/wordpress\/plugins\/seo\/ -->\n<title>Funktionen Global abmelden und Globale Unzustellbarkeit - SendBlaster newsletter software<\/title>\n<meta name=\"description\" content=\"SendBlaster newsletter software Funktionen Global abmelden und Globale Unzustellbarkeit Diese neue Funktion ist sowohl in der KOSTENLOSEN als auch in der PRO-Version von SendBlaster 3 verf\u00fcgbar. &nbsp; Die Abmeldung sollte schnell, einfach\" \/>\n<meta name=\"robots\" content=\"index, follow, max-snippet:-1, max-image-preview:large, max-video-preview:-1\" \/>\n<link rel=\"canonical\" href=\"https:\/\/www.sendblaster.com\/de\/funktionen-global-abmelden-und-globale-unzustellbarkeit\/\" \/>\n<meta property=\"og:locale\" content=\"de_DE\" \/>\n<meta property=\"og:type\" content=\"article\" \/>\n<meta property=\"og:title\" content=\"Funktionen Global abmelden und Globale Unzustellbarkeit - SendBlaster newsletter software\" \/>\n<meta property=\"og:description\" content=\"SendBlaster newsletter software Funktionen Global abmelden und Globale Unzustellbarkeit Diese neue Funktion ist sowohl in der KOSTENLOSEN als auch in der PRO-Version von SendBlaster 3 verf\u00fcgbar. &nbsp; Die Abmeldung sollte schnell, einfach\" \/>\n<meta property=\"og:url\" content=\"https:\/\/www.sendblaster.com\/de\/funktionen-global-abmelden-und-globale-unzustellbarkeit\/\" \/>\n<meta property=\"og:site_name\" content=\"SendBlaster newsletter software\" \/>\n<meta property=\"article:modified_time\" content=\"2018-05-21T15:49:21+00:00\" \/>\n<meta property=\"og:image\" content=\"https:\/\/www.sendblaster.com\/wp-content\/uploads\/2018\/05\/global-unsubscription-4.jpg\" \/>\n<meta name=\"twitter:card\" content=\"summary_large_image\" \/>\n<meta name=\"twitter:label1\" content=\"Gesch\u00e4tzte Lesezeit\" \/>\n\t<meta name=\"twitter:data1\" content=\"2\u00a0Minuten\" \/>\n<script type=\"application\/ld+json\" class=\"yoast-schema-graph\">{\"@context\":\"https:\/\/schema.org\",\"@graph\":[{\"@type\":\"WebPage\",\"@id\":\"https:\/\/www.sendblaster.com\/de\/funktionen-global-abmelden-und-globale-unzustellbarkeit\/\",\"url\":\"https:\/\/www.sendblaster.com\/de\/funktionen-global-abmelden-und-globale-unzustellbarkeit\/\",\"name\":\"Funktionen Global abmelden und Globale Unzustellbarkeit - SendBlaster newsletter software\",\"isPartOf\":{\"@id\":\"https:\/\/www.sendblaster.com\/#website\"},\"primaryImageOfPage\":{\"@id\":\"https:\/\/www.sendblaster.com\/de\/funktionen-global-abmelden-und-globale-unzustellbarkeit\/#primaryimage\"},\"image\":{\"@id\":\"https:\/\/www.sendblaster.com\/de\/funktionen-global-abmelden-und-globale-unzustellbarkeit\/#primaryimage\"},\"thumbnailUrl\":\"https:\/\/www.sendblaster.com\/wp-content\/uploads\/2018\/05\/global-unsubscription-4.jpg\",\"datePublished\":\"2018-05-21T15:48:09+00:00\",\"dateModified\":\"2018-05-21T15:49:21+00:00\",\"description\":\"SendBlaster newsletter software Funktionen Global abmelden und Globale Unzustellbarkeit Diese neue Funktion ist sowohl in der KOSTENLOSEN als auch in der PRO-Version von SendBlaster 3 verf\u00fcgbar. &nbsp; Die Abmeldung sollte schnell, einfach\",\"breadcrumb\":{\"@id\":\"https:\/\/www.sendblaster.com\/de\/funktionen-global-abmelden-und-globale-unzustellbarkeit\/#breadcrumb\"},\"inLanguage\":\"de\",\"potentialAction\":[{\"@type\":\"ReadAction\",\"target\":[\"https:\/\/www.sendblaster.com\/de\/funktionen-global-abmelden-und-globale-unzustellbarkeit\/\"]}]},{\"@type\":\"ImageObject\",\"inLanguage\":\"de\",\"@id\":\"https:\/\/www.sendblaster.com\/de\/funktionen-global-abmelden-und-globale-unzustellbarkeit\/#primaryimage\",\"url\":\"https:\/\/www.sendblaster.com\/wp-content\/uploads\/2018\/05\/global-unsubscription-4.jpg\",\"contentUrl\":\"https:\/\/www.sendblaster.com\/wp-content\/uploads\/2018\/05\/global-unsubscription-4.jpg\"},{\"@type\":\"BreadcrumbList\",\"@id\":\"https:\/\/www.sendblaster.com\/de\/funktionen-global-abmelden-und-globale-unzustellbarkeit\/#breadcrumb\",\"itemListElement\":[{\"@type\":\"ListItem\",\"position\":1,\"name\":\"Home\",\"item\":\"https:\/\/www.sendblaster.com\/de\/\"},{\"@type\":\"ListItem\",\"position\":2,\"name\":\"Funktionen Global abmelden und Globale Unzustellbarkeit\"}]},{\"@type\":\"WebSite\",\"@id\":\"https:\/\/www.sendblaster.com\/#website\",\"url\":\"https:\/\/www.sendblaster.com\/\",\"name\":\"SendBlaster newsletter software\",\"description\":\"\",\"publisher\":{\"@id\":\"https:\/\/www.sendblaster.com\/#organization\"},\"potentialAction\":[{\"@type\":\"SearchAction\",\"target\":{\"@type\":\"EntryPoint\",\"urlTemplate\":\"https:\/\/www.sendblaster.com\/?s={search_term_string}\"},\"query-input\":{\"@type\":\"PropertyValueSpecification\",\"valueRequired\":true,\"valueName\":\"search_term_string\"}}],\"inLanguage\":\"de\"},{\"@type\":\"Organization\",\"@id\":\"https:\/\/www.sendblaster.com\/#organization\",\"name\":\"SendBlaster newsletter software\",\"url\":\"https:\/\/www.sendblaster.com\/\",\"logo\":{\"@type\":\"ImageObject\",\"inLanguage\":\"de\",\"@id\":\"https:\/\/www.sendblaster.com\/#\/schema\/logo\/image\/\",\"url\":\"https:\/\/www.sendblaster.com\/wp-content\/uploads\/2021\/09\/logo-svg-2021.svg\",\"contentUrl\":\"https:\/\/www.sendblaster.com\/wp-content\/uploads\/2021\/09\/logo-svg-2021.svg\",\"width\":350,\"height\":70,\"caption\":\"SendBlaster newsletter software\"},\"image\":{\"@id\":\"https:\/\/www.sendblaster.com\/#\/schema\/logo\/image\/\"}}]}<\/script>\n<!-- \/ Yoast SEO plugin. -->","yoast_head_json":{"title":"Funktionen Global abmelden und Globale Unzustellbarkeit - SendBlaster newsletter software","description":"SendBlaster newsletter software Funktionen Global abmelden und Globale Unzustellbarkeit Diese neue Funktion ist sowohl in der KOSTENLOSEN als auch in der PRO-Version von SendBlaster 3 verf\u00fcgbar. &nbsp; Die Abmeldung sollte schnell, einfach","robots":{"index":"index","follow":"follow","max-snippet":"max-snippet:-1","max-image-preview":"max-image-preview:large","max-video-preview":"max-video-preview:-1"},"canonical":"https:\/\/www.sendblaster.com\/de\/funktionen-global-abmelden-und-globale-unzustellbarkeit\/","og_locale":"de_DE","og_type":"article","og_title":"Funktionen Global abmelden und Globale Unzustellbarkeit - SendBlaster newsletter software","og_description":"SendBlaster newsletter software Funktionen Global abmelden und Globale Unzustellbarkeit Diese neue Funktion ist sowohl in der KOSTENLOSEN als auch in der PRO-Version von SendBlaster 3 verf\u00fcgbar. &nbsp; Die Abmeldung sollte schnell, einfach","og_url":"https:\/\/www.sendblaster.com\/de\/funktionen-global-abmelden-und-globale-unzustellbarkeit\/","og_site_name":"SendBlaster newsletter software","article_modified_time":"2018-05-21T15:49:21+00:00","og_image":[{"url":"https:\/\/www.sendblaster.com\/wp-content\/uploads\/2018\/05\/global-unsubscription-4.jpg"}],"twitter_card":"summary_large_image","twitter_misc":{"Gesch\u00e4tzte Lesezeit":"2\u00a0Minuten"},"schema":{"@context":"https:\/\/schema.org","@graph":[{"@type":"WebPage","@id":"https:\/\/www.sendblaster.com\/de\/funktionen-global-abmelden-und-globale-unzustellbarkeit\/","url":"https:\/\/www.sendblaster.com\/de\/funktionen-global-abmelden-und-globale-unzustellbarkeit\/","name":"Funktionen Global abmelden und Globale Unzustellbarkeit - SendBlaster newsletter software","isPartOf":{"@id":"https:\/\/www.sendblaster.com\/#website"},"primaryImageOfPage":{"@id":"https:\/\/www.sendblaster.com\/de\/funktionen-global-abmelden-und-globale-unzustellbarkeit\/#primaryimage"},"image":{"@id":"https:\/\/www.sendblaster.com\/de\/funktionen-global-abmelden-und-globale-unzustellbarkeit\/#primaryimage"},"thumbnailUrl":"https:\/\/www.sendblaster.com\/wp-content\/uploads\/2018\/05\/global-unsubscription-4.jpg","datePublished":"2018-05-21T15:48:09+00:00","dateModified":"2018-05-21T15:49:21+00:00","description":"SendBlaster newsletter software Funktionen Global abmelden und Globale Unzustellbarkeit Diese neue Funktion ist sowohl in der KOSTENLOSEN als auch in der PRO-Version von SendBlaster 3 verf\u00fcgbar. &nbsp; Die Abmeldung sollte schnell, einfach","breadcrumb":{"@id":"https:\/\/www.sendblaster.com\/de\/funktionen-global-abmelden-und-globale-unzustellbarkeit\/#breadcrumb"},"inLanguage":"de","potentialAction":[{"@type":"ReadAction","target":["https:\/\/www.sendblaster.com\/de\/funktionen-global-abmelden-und-globale-unzustellbarkeit\/"]}]},{"@type":"ImageObject","inLanguage":"de","@id":"https:\/\/www.sendblaster.com\/de\/funktionen-global-abmelden-und-globale-unzustellbarkeit\/#primaryimage","url":"https:\/\/www.sendblaster.com\/wp-content\/uploads\/2018\/05\/global-unsubscription-4.jpg","contentUrl":"https:\/\/www.sendblaster.com\/wp-content\/uploads\/2018\/05\/global-unsubscription-4.jpg"},{"@type":"BreadcrumbList","@id":"https:\/\/www.sendblaster.com\/de\/funktionen-global-abmelden-und-globale-unzustellbarkeit\/#breadcrumb","itemListElement":[{"@type":"ListItem","position":1,"name":"Home","item":"https:\/\/www.sendblaster.com\/de\/"},{"@type":"ListItem","position":2,"name":"Funktionen Global abmelden und Globale Unzustellbarkeit"}]},{"@type":"WebSite","@id":"https:\/\/www.sendblaster.com\/#website","url":"https:\/\/www.sendblaster.com\/","name":"SendBlaster newsletter software","description":"","publisher":{"@id":"https:\/\/www.sendblaster.com\/#organization"},"potentialAction":[{"@type":"SearchAction","target":{"@type":"EntryPoint","urlTemplate":"https:\/\/www.sendblaster.com\/?s={search_term_string}"},"query-input":{"@type":"PropertyValueSpecification","valueRequired":true,"valueName":"search_term_string"}}],"inLanguage":"de"},{"@type":"Organization","@id":"https:\/\/www.sendblaster.com\/#organization","name":"SendBlaster newsletter software","url":"https:\/\/www.sendblaster.com\/","logo":{"@type":"ImageObject","inLanguage":"de","@id":"https:\/\/www.sendblaster.com\/#\/schema\/logo\/image\/","url":"https:\/\/www.sendblaster.com\/wp-content\/uploads\/2021\/09\/logo-svg-2021.svg","contentUrl":"https:\/\/www.sendblaster.com\/wp-content\/uploads\/2021\/09\/logo-svg-2021.svg","width":350,"height":70,"caption":"SendBlaster newsletter software"},"image":{"@id":"https:\/\/www.sendblaster.com\/#\/schema\/logo\/image\/"}}]}},"_links":{"self":[{"href":"https:\/\/www.sendblaster.com\/de\/wp-json\/wp\/v2\/pages\/2471"}],"collection":[{"href":"https:\/\/www.sendblaster.com\/de\/wp-json\/wp\/v2\/pages"}],"about":[{"href":"https:\/\/www.sendblaster.com\/de\/wp-json\/wp\/v2\/types\/page"}],"author":[{"embeddable":true,"href":"https:\/\/www.sendblaster.com\/de\/wp-json\/wp\/v2\/users\/2"}],"replies":[{"embeddable":true,"href":"https:\/\/www.sendblaster.com\/de\/wp-json\/wp\/v2\/comments?post=2471"}],"version-history":[{"count":3,"href":"https:\/\/www.sendblaster.com\/de\/wp-json\/wp\/v2\/pages\/2471\/revisions"}],"predecessor-version":[{"id":2476,"href":"https:\/\/www.sendblaster.com\/de\/wp-json\/wp\/v2\/pages\/2471\/revisions\/2476"}],"wp:attachment":[{"href":"https:\/\/www.sendblaster.com\/de\/wp-json\/wp\/v2\/media?parent=2471"}],"curies":[{"name":"wp","href":"https:\/\/api.w.org\/{rel}","templated":true}]}}