{"id":2461,"date":"2018-05-21T15:31:26","date_gmt":"2018-05-21T15:31:26","guid":{"rendered":"https:\/\/www.sendblaster.com\/wpnew-2018\/?page_id=2461"},"modified":"2018-05-21T15:31:26","modified_gmt":"2018-05-21T15:31:26","slug":"zuschneiden-und-ersetzen-tool","status":"publish","type":"page","link":"https:\/\/www.sendblaster.com\/de\/zuschneiden-und-ersetzen-tool\/","title":{"rendered":"So verwenden Sie das &#8222;Zuschneiden und Ersetzen&#8220;-Tool"},"content":{"rendered":"<div class=\"box-info new-icon\"><strong>Diese neue Funktion ist sowohl in der KOSTENLOSEN als auch in der PRO-Version von SendBlaster 3 verf\u00fcgbar.<\/strong><\/div>\n<p>&nbsp;<\/p>\n<p>Das Tool <strong>Zuschneiden und Ersetzen<\/strong> erm\u00f6glicht Ihnen, verschiedene Bilder ohne Gr\u00f6\u00dfen\u00e4nderung in Ihrer Nachricht zu ersetzen. <strong>SendBlaster 3<\/strong> schneidet Ihre Bilder ohne Verzerrung zu und passt automatisch ihre Gr\u00f6\u00dfe Ihrer E-Mail an. Hierdurch bleibt das urspr\u00fcngliche Layout beibehalten.<\/p>\n<p>Folgen Sie einfach diesen einfachen Anweisungen: Klicken Sie einmal auf das zu ersetzende Bild in Ihrer Nachricht.<\/p>\n<p>&nbsp;<\/p>\n<p><img decoding=\"async\" class=\"alignnone size-full wp-image-2463\" src=\"https:\/\/www.sendblaster.com\/wp-content\/uploads\/2018\/05\/crop-2.jpg\" alt=\"\" width=\"543\" height=\"295\" srcset=\"https:\/\/www.sendblaster.com\/wp-content\/uploads\/2018\/05\/crop-2.jpg 543w, https:\/\/www.sendblaster.com\/wp-content\/uploads\/2018\/05\/crop-2-300x163.jpg 300w, https:\/\/www.sendblaster.com\/wp-content\/uploads\/2018\/05\/crop-2-320x174.jpg 320w, https:\/\/www.sendblaster.com\/wp-content\/uploads\/2018\/05\/crop-2-239x130.jpg 239w\" sizes=\"(max-width: 543px) 100vw, 543px\" \/><\/p>\n<p>&nbsp;<\/p>\n<p>Klicken Sie auf das Symbol &#8222;Zuschneiden und Ersetzen&#8220; im Verfassen-Editor.<\/p>\n<p>&nbsp;<\/p>\n<p><img decoding=\"async\" class=\"alignnone size-full wp-image-2464\" src=\"https:\/\/www.sendblaster.com\/wp-content\/uploads\/2018\/05\/crop2-1.jpg\" alt=\"\" width=\"500\" height=\"80\" srcset=\"https:\/\/www.sendblaster.com\/wp-content\/uploads\/2018\/05\/crop2-1.jpg 500w, https:\/\/www.sendblaster.com\/wp-content\/uploads\/2018\/05\/crop2-1-300x48.jpg 300w, https:\/\/www.sendblaster.com\/wp-content\/uploads\/2018\/05\/crop2-1-320x51.jpg 320w, https:\/\/www.sendblaster.com\/wp-content\/uploads\/2018\/05\/crop2-1-239x38.jpg 239w\" sizes=\"(max-width: 500px) 100vw, 500px\" \/><\/p>\n<p>&nbsp;<\/p>\n<p>Ein neues Popup-Fenster erscheint mit 2 separaten Abschnitten.<\/p>\n<p>&nbsp;<\/p>\n<p><img decoding=\"async\" class=\"alignnone size-full wp-image-2465\" src=\"https:\/\/www.sendblaster.com\/wp-content\/uploads\/2018\/05\/crop3-2.jpg\" alt=\"\" width=\"600\" height=\"406\" srcset=\"https:\/\/www.sendblaster.com\/wp-content\/uploads\/2018\/05\/crop3-2.jpg 600w, https:\/\/www.sendblaster.com\/wp-content\/uploads\/2018\/05\/crop3-2-300x203.jpg 300w, https:\/\/www.sendblaster.com\/wp-content\/uploads\/2018\/05\/crop3-2-320x217.jpg 320w, https:\/\/www.sendblaster.com\/wp-content\/uploads\/2018\/05\/crop3-2-239x162.jpg 239w\" sizes=\"(max-width: 600px) 100vw, 600px\" \/><\/p>\n<p>&nbsp;<\/p>\n<p>Auf der <strong>rechten Seite<\/strong> sehen Sie das zuvor in Ihrer Nachricht ausgew\u00e4hlte Bild. Ersetzen Sie es durch ein neues Bild, indem Sie eine Bilddatei in den Bereich auf der linken Seite laden oder ziehen und ablegen. Das neue Bild erscheint in beiden Abschnitten.<\/p>\n<p>&nbsp;<\/p>\n<p><img decoding=\"async\" class=\"alignnone size-full wp-image-2466\" src=\"https:\/\/www.sendblaster.com\/wp-content\/uploads\/2018\/05\/crop4-2.jpg\" alt=\"\" width=\"600\" height=\"406\" srcset=\"https:\/\/www.sendblaster.com\/wp-content\/uploads\/2018\/05\/crop4-2.jpg 600w, https:\/\/www.sendblaster.com\/wp-content\/uploads\/2018\/05\/crop4-2-300x203.jpg 300w, https:\/\/www.sendblaster.com\/wp-content\/uploads\/2018\/05\/crop4-2-320x217.jpg 320w, https:\/\/www.sendblaster.com\/wp-content\/uploads\/2018\/05\/crop4-2-239x162.jpg 239w\" sizes=\"(max-width: 600px) 100vw, 600px\" \/><\/p>\n<p>&nbsp;<\/p>\n<p>Im Bereich &#8222;<strong>Originalbild<\/strong>&#8220; erscheint das Bild in der <strong>tats\u00e4chlichen Gr\u00f6\u00dfe<\/strong>, w\u00e4hrend im Bereich &#8222;<strong>Ergebnisbild<\/strong>&#8220; das neue ge\u00e4nderte Bild mit der gleichen Gr\u00f6\u00dfe des zu ersetzenden Bildes erscheint. Wenn das ge\u00e4nderte Bild auf der rechten Seite gut aussieht, klicken Sie auf &#8222;<strong>OK<\/strong>&#8222;. Das neue Bild wird in der gleichen Gr\u00f6\u00dfe des vorherigen in Ihre Nachricht eingef\u00fcgt.<\/p>\n<p>&nbsp;<\/p>\n<p><img decoding=\"async\" class=\"alignnone size-full wp-image-2467\" src=\"https:\/\/www.sendblaster.com\/wp-content\/uploads\/2018\/05\/crop5-2.jpg\" alt=\"\" width=\"558\" height=\"241\" srcset=\"https:\/\/www.sendblaster.com\/wp-content\/uploads\/2018\/05\/crop5-2.jpg 558w, https:\/\/www.sendblaster.com\/wp-content\/uploads\/2018\/05\/crop5-2-300x130.jpg 300w, https:\/\/www.sendblaster.com\/wp-content\/uploads\/2018\/05\/crop5-2-320x138.jpg 320w, https:\/\/www.sendblaster.com\/wp-content\/uploads\/2018\/05\/crop5-2-239x103.jpg 239w\" sizes=\"(max-width: 558px) 100vw, 558px\" \/><\/p>\n<p>&nbsp;<\/p>\n<p>Doch das ist nicht alles! Das Tool <strong>Zuschneiden und Ersetzen<\/strong> erm\u00f6glicht Ihnen auch, einen Teil des neuen Bildes auszuw\u00e4hlen und ihn automatisch auf die Gr\u00f6\u00dfe der aktuellen Gr\u00f6\u00dfe des alten Bildes zu \u00e4ndern. Hierf\u00fcr w\u00e4hlen Sie einfach den Bereich des neuen Bildes, den Sie verwenden m\u00f6chten.<\/p>\n<p>&nbsp;<\/p>\n<p><img decoding=\"async\" class=\"alignnone size-full wp-image-2468\" src=\"https:\/\/www.sendblaster.com\/wp-content\/uploads\/2018\/05\/crop6-2.jpg\" alt=\"\" width=\"600\" height=\"406\" srcset=\"https:\/\/www.sendblaster.com\/wp-content\/uploads\/2018\/05\/crop6-2.jpg 600w, https:\/\/www.sendblaster.com\/wp-content\/uploads\/2018\/05\/crop6-2-300x203.jpg 300w, https:\/\/www.sendblaster.com\/wp-content\/uploads\/2018\/05\/crop6-2-320x217.jpg 320w, https:\/\/www.sendblaster.com\/wp-content\/uploads\/2018\/05\/crop6-2-239x162.jpg 239w\" sizes=\"(max-width: 600px) 100vw, 600px\" \/><\/p>\n<p>&nbsp;<\/p>\n<p>Das Tool wird es automatisch auf die Gr\u00f6\u00dfe ver\u00e4ndern, dass es perfekt das gew\u00e4hlte Bild in der Nachricht ersetzt. Wenn Sie Ihre Bildauswahl nicht m\u00f6gen, klicken Sie einfach irgendwo in das Bild. Die Auswahl wird aufgehoben, sodass Sie es erneut versuchen k\u00f6nnen. Wenn Sie fertig sind, klicken Sie auf OK, um das neue Bild in Ihre Nachricht zu kopieren.<\/p>\n<p>&nbsp;<\/p>\n<p><img decoding=\"async\" class=\"alignnone size-full wp-image-2469\" src=\"https:\/\/www.sendblaster.com\/wp-content\/uploads\/2018\/05\/crop7-2.jpg\" alt=\"\" width=\"558\" height=\"296\" srcset=\"https:\/\/www.sendblaster.com\/wp-content\/uploads\/2018\/05\/crop7-2.jpg 558w, https:\/\/www.sendblaster.com\/wp-content\/uploads\/2018\/05\/crop7-2-300x159.jpg 300w, https:\/\/www.sendblaster.com\/wp-content\/uploads\/2018\/05\/crop7-2-320x170.jpg 320w, https:\/\/www.sendblaster.com\/wp-content\/uploads\/2018\/05\/crop7-2-239x127.jpg 239w\" sizes=\"(max-width: 558px) 100vw, 558px\" \/><\/p>\n","protected":false},"excerpt":{"rendered":"<p>Diese neue Funktion ist sowohl in der KOSTENLOSEN als auch in der PRO-Version von SendBlaster 3 verf\u00fcgbar. &nbsp; Das Tool Zuschneiden und Ersetzen erm\u00f6glicht Ihnen, verschiedene Bilder ohne Gr\u00f6\u00dfen\u00e4nderung in Ihrer Nachricht zu ersetzen. SendBlaster 3 schneidet Ihre Bilder ohne <\/p>\n<p class=\"read-more-container\"><a class=\"button read-more\" href=\"https:\/\/www.sendblaster.com\/de\/zuschneiden-und-ersetzen-tool\/\" title=\"\">Weiterlesen<\/a><\/p>\n","protected":false},"author":2,"featured_media":0,"parent":0,"menu_order":0,"comment_status":"closed","ping_status":"closed","template":"g1_template_page_sidebar_right.php","meta":{"_monsterinsights_skip_tracking":false,"_monsterinsights_sitenote_active":false,"_monsterinsights_sitenote_note":"","_monsterinsights_sitenote_category":0,"footnotes":""},"class_list":["post-2461","page","type-page","status-publish"],"yoast_head":"<!-- This site is optimized with the Yoast SEO plugin v23.5 - https:\/\/yoast.com\/wordpress\/plugins\/seo\/ -->\n<title>So verwenden Sie das &quot;Zuschneiden und Ersetzen&quot;-Tool - SendBlaster newsletter software<\/title>\n<meta name=\"description\" content=\"SendBlaster newsletter software So verwenden Sie das &quot;Zuschneiden und Ersetzen&quot;-Tool Diese neue Funktion ist sowohl in der KOSTENLOSEN als auch in der PRO-Version von SendBlaster 3 verf\u00fcgbar. &nbsp; Das Tool Zuschneiden und Ersetzen\" \/>\n<meta name=\"robots\" content=\"index, follow, max-snippet:-1, max-image-preview:large, max-video-preview:-1\" \/>\n<link rel=\"canonical\" href=\"https:\/\/www.sendblaster.com\/de\/zuschneiden-und-ersetzen-tool\/\" \/>\n<meta property=\"og:locale\" content=\"de_DE\" \/>\n<meta property=\"og:type\" content=\"article\" \/>\n<meta property=\"og:title\" content=\"So verwenden Sie das &quot;Zuschneiden und Ersetzen&quot;-Tool - SendBlaster newsletter software\" \/>\n<meta property=\"og:description\" content=\"SendBlaster newsletter software So verwenden Sie das &quot;Zuschneiden und Ersetzen&quot;-Tool Diese neue Funktion ist sowohl in der KOSTENLOSEN als auch in der PRO-Version von SendBlaster 3 verf\u00fcgbar. &nbsp; Das Tool Zuschneiden und Ersetzen\" \/>\n<meta property=\"og:url\" content=\"https:\/\/www.sendblaster.com\/de\/zuschneiden-und-ersetzen-tool\/\" \/>\n<meta property=\"og:site_name\" content=\"SendBlaster newsletter software\" \/>\n<meta property=\"og:image\" content=\"https:\/\/www.sendblaster.com\/wp-content\/uploads\/2018\/05\/crop-2.jpg\" \/>\n<meta name=\"twitter:card\" content=\"summary_large_image\" \/>\n<meta name=\"twitter:label1\" content=\"Gesch\u00e4tzte Lesezeit\" \/>\n\t<meta name=\"twitter:data1\" content=\"2\u00a0Minuten\" \/>\n<script type=\"application\/ld+json\" class=\"yoast-schema-graph\">{\"@context\":\"https:\/\/schema.org\",\"@graph\":[{\"@type\":\"WebPage\",\"@id\":\"https:\/\/www.sendblaster.com\/de\/zuschneiden-und-ersetzen-tool\/\",\"url\":\"https:\/\/www.sendblaster.com\/de\/zuschneiden-und-ersetzen-tool\/\",\"name\":\"So verwenden Sie das \\\"Zuschneiden und Ersetzen\\\"-Tool - SendBlaster newsletter software\",\"isPartOf\":{\"@id\":\"https:\/\/www.sendblaster.com\/#website\"},\"primaryImageOfPage\":{\"@id\":\"https:\/\/www.sendblaster.com\/de\/zuschneiden-und-ersetzen-tool\/#primaryimage\"},\"image\":{\"@id\":\"https:\/\/www.sendblaster.com\/de\/zuschneiden-und-ersetzen-tool\/#primaryimage\"},\"thumbnailUrl\":\"https:\/\/www.sendblaster.com\/wp-content\/uploads\/2018\/05\/crop-2.jpg\",\"datePublished\":\"2018-05-21T15:31:26+00:00\",\"dateModified\":\"2018-05-21T15:31:26+00:00\",\"description\":\"SendBlaster newsletter software So verwenden Sie das \\\"Zuschneiden und Ersetzen\\\"-Tool Diese neue Funktion ist sowohl in der KOSTENLOSEN als auch in der PRO-Version von SendBlaster 3 verf\u00fcgbar. &nbsp; Das Tool Zuschneiden und Ersetzen\",\"breadcrumb\":{\"@id\":\"https:\/\/www.sendblaster.com\/de\/zuschneiden-und-ersetzen-tool\/#breadcrumb\"},\"inLanguage\":\"de\",\"potentialAction\":[{\"@type\":\"ReadAction\",\"target\":[\"https:\/\/www.sendblaster.com\/de\/zuschneiden-und-ersetzen-tool\/\"]}]},{\"@type\":\"ImageObject\",\"inLanguage\":\"de\",\"@id\":\"https:\/\/www.sendblaster.com\/de\/zuschneiden-und-ersetzen-tool\/#primaryimage\",\"url\":\"https:\/\/www.sendblaster.com\/wp-content\/uploads\/2018\/05\/crop-2.jpg\",\"contentUrl\":\"https:\/\/www.sendblaster.com\/wp-content\/uploads\/2018\/05\/crop-2.jpg\"},{\"@type\":\"BreadcrumbList\",\"@id\":\"https:\/\/www.sendblaster.com\/de\/zuschneiden-und-ersetzen-tool\/#breadcrumb\",\"itemListElement\":[{\"@type\":\"ListItem\",\"position\":1,\"name\":\"Home\",\"item\":\"https:\/\/www.sendblaster.com\/de\/\"},{\"@type\":\"ListItem\",\"position\":2,\"name\":\"So verwenden Sie das &#8222;Zuschneiden und Ersetzen&#8220;-Tool\"}]},{\"@type\":\"WebSite\",\"@id\":\"https:\/\/www.sendblaster.com\/#website\",\"url\":\"https:\/\/www.sendblaster.com\/\",\"name\":\"SendBlaster newsletter software\",\"description\":\"\",\"publisher\":{\"@id\":\"https:\/\/www.sendblaster.com\/#organization\"},\"potentialAction\":[{\"@type\":\"SearchAction\",\"target\":{\"@type\":\"EntryPoint\",\"urlTemplate\":\"https:\/\/www.sendblaster.com\/?s={search_term_string}\"},\"query-input\":{\"@type\":\"PropertyValueSpecification\",\"valueRequired\":true,\"valueName\":\"search_term_string\"}}],\"inLanguage\":\"de\"},{\"@type\":\"Organization\",\"@id\":\"https:\/\/www.sendblaster.com\/#organization\",\"name\":\"SendBlaster newsletter software\",\"url\":\"https:\/\/www.sendblaster.com\/\",\"logo\":{\"@type\":\"ImageObject\",\"inLanguage\":\"de\",\"@id\":\"https:\/\/www.sendblaster.com\/#\/schema\/logo\/image\/\",\"url\":\"https:\/\/www.sendblaster.com\/wp-content\/uploads\/2021\/09\/logo-svg-2021.svg\",\"contentUrl\":\"https:\/\/www.sendblaster.com\/wp-content\/uploads\/2021\/09\/logo-svg-2021.svg\",\"width\":350,\"height\":70,\"caption\":\"SendBlaster newsletter software\"},\"image\":{\"@id\":\"https:\/\/www.sendblaster.com\/#\/schema\/logo\/image\/\"}}]}<\/script>\n<!-- \/ Yoast SEO plugin. -->","yoast_head_json":{"title":"So verwenden Sie das \"Zuschneiden und Ersetzen\"-Tool - SendBlaster newsletter software","description":"SendBlaster newsletter software So verwenden Sie das \"Zuschneiden und Ersetzen\"-Tool Diese neue Funktion ist sowohl in der KOSTENLOSEN als auch in der PRO-Version von SendBlaster 3 verf\u00fcgbar. &nbsp; Das Tool Zuschneiden und Ersetzen","robots":{"index":"index","follow":"follow","max-snippet":"max-snippet:-1","max-image-preview":"max-image-preview:large","max-video-preview":"max-video-preview:-1"},"canonical":"https:\/\/www.sendblaster.com\/de\/zuschneiden-und-ersetzen-tool\/","og_locale":"de_DE","og_type":"article","og_title":"So verwenden Sie das \"Zuschneiden und Ersetzen\"-Tool - SendBlaster newsletter software","og_description":"SendBlaster newsletter software So verwenden Sie das \"Zuschneiden und Ersetzen\"-Tool Diese neue Funktion ist sowohl in der KOSTENLOSEN als auch in der PRO-Version von SendBlaster 3 verf\u00fcgbar. &nbsp; Das Tool Zuschneiden und Ersetzen","og_url":"https:\/\/www.sendblaster.com\/de\/zuschneiden-und-ersetzen-tool\/","og_site_name":"SendBlaster newsletter software","og_image":[{"url":"https:\/\/www.sendblaster.com\/wp-content\/uploads\/2018\/05\/crop-2.jpg"}],"twitter_card":"summary_large_image","twitter_misc":{"Gesch\u00e4tzte Lesezeit":"2\u00a0Minuten"},"schema":{"@context":"https:\/\/schema.org","@graph":[{"@type":"WebPage","@id":"https:\/\/www.sendblaster.com\/de\/zuschneiden-und-ersetzen-tool\/","url":"https:\/\/www.sendblaster.com\/de\/zuschneiden-und-ersetzen-tool\/","name":"So verwenden Sie das \"Zuschneiden und Ersetzen\"-Tool - SendBlaster newsletter software","isPartOf":{"@id":"https:\/\/www.sendblaster.com\/#website"},"primaryImageOfPage":{"@id":"https:\/\/www.sendblaster.com\/de\/zuschneiden-und-ersetzen-tool\/#primaryimage"},"image":{"@id":"https:\/\/www.sendblaster.com\/de\/zuschneiden-und-ersetzen-tool\/#primaryimage"},"thumbnailUrl":"https:\/\/www.sendblaster.com\/wp-content\/uploads\/2018\/05\/crop-2.jpg","datePublished":"2018-05-21T15:31:26+00:00","dateModified":"2018-05-21T15:31:26+00:00","description":"SendBlaster newsletter software So verwenden Sie das \"Zuschneiden und Ersetzen\"-Tool Diese neue Funktion ist sowohl in der KOSTENLOSEN als auch in der PRO-Version von SendBlaster 3 verf\u00fcgbar. &nbsp; Das Tool Zuschneiden und Ersetzen","breadcrumb":{"@id":"https:\/\/www.sendblaster.com\/de\/zuschneiden-und-ersetzen-tool\/#breadcrumb"},"inLanguage":"de","potentialAction":[{"@type":"ReadAction","target":["https:\/\/www.sendblaster.com\/de\/zuschneiden-und-ersetzen-tool\/"]}]},{"@type":"ImageObject","inLanguage":"de","@id":"https:\/\/www.sendblaster.com\/de\/zuschneiden-und-ersetzen-tool\/#primaryimage","url":"https:\/\/www.sendblaster.com\/wp-content\/uploads\/2018\/05\/crop-2.jpg","contentUrl":"https:\/\/www.sendblaster.com\/wp-content\/uploads\/2018\/05\/crop-2.jpg"},{"@type":"BreadcrumbList","@id":"https:\/\/www.sendblaster.com\/de\/zuschneiden-und-ersetzen-tool\/#breadcrumb","itemListElement":[{"@type":"ListItem","position":1,"name":"Home","item":"https:\/\/www.sendblaster.com\/de\/"},{"@type":"ListItem","position":2,"name":"So verwenden Sie das &#8222;Zuschneiden und Ersetzen&#8220;-Tool"}]},{"@type":"WebSite","@id":"https:\/\/www.sendblaster.com\/#website","url":"https:\/\/www.sendblaster.com\/","name":"SendBlaster newsletter software","description":"","publisher":{"@id":"https:\/\/www.sendblaster.com\/#organization"},"potentialAction":[{"@type":"SearchAction","target":{"@type":"EntryPoint","urlTemplate":"https:\/\/www.sendblaster.com\/?s={search_term_string}"},"query-input":{"@type":"PropertyValueSpecification","valueRequired":true,"valueName":"search_term_string"}}],"inLanguage":"de"},{"@type":"Organization","@id":"https:\/\/www.sendblaster.com\/#organization","name":"SendBlaster newsletter software","url":"https:\/\/www.sendblaster.com\/","logo":{"@type":"ImageObject","inLanguage":"de","@id":"https:\/\/www.sendblaster.com\/#\/schema\/logo\/image\/","url":"https:\/\/www.sendblaster.com\/wp-content\/uploads\/2021\/09\/logo-svg-2021.svg","contentUrl":"https:\/\/www.sendblaster.com\/wp-content\/uploads\/2021\/09\/logo-svg-2021.svg","width":350,"height":70,"caption":"SendBlaster newsletter software"},"image":{"@id":"https:\/\/www.sendblaster.com\/#\/schema\/logo\/image\/"}}]}},"_links":{"self":[{"href":"https:\/\/www.sendblaster.com\/de\/wp-json\/wp\/v2\/pages\/2461"}],"collection":[{"href":"https:\/\/www.sendblaster.com\/de\/wp-json\/wp\/v2\/pages"}],"about":[{"href":"https:\/\/www.sendblaster.com\/de\/wp-json\/wp\/v2\/types\/page"}],"author":[{"embeddable":true,"href":"https:\/\/www.sendblaster.com\/de\/wp-json\/wp\/v2\/users\/2"}],"replies":[{"embeddable":true,"href":"https:\/\/www.sendblaster.com\/de\/wp-json\/wp\/v2\/comments?post=2461"}],"version-history":[{"count":2,"href":"https:\/\/www.sendblaster.com\/de\/wp-json\/wp\/v2\/pages\/2461\/revisions"}],"predecessor-version":[{"id":2470,"href":"https:\/\/www.sendblaster.com\/de\/wp-json\/wp\/v2\/pages\/2461\/revisions\/2470"}],"wp:attachment":[{"href":"https:\/\/www.sendblaster.com\/de\/wp-json\/wp\/v2\/media?parent=2461"}],"curies":[{"name":"wp","href":"https:\/\/api.w.org\/{rel}","templated":true}]}}