{"id":2448,"date":"2018-05-21T15:25:23","date_gmt":"2018-05-21T15:25:23","guid":{"rendered":"https:\/\/www.sendblaster.com\/wpnew-2018\/?page_id=2448"},"modified":"2018-05-21T15:25:23","modified_gmt":"2018-05-21T15:25:23","slug":"verwenden-von-programmierbaren-tags","status":"publish","type":"page","link":"https:\/\/www.sendblaster.com\/de\/verwenden-von-programmierbaren-tags\/","title":{"rendered":"Verwenden von Programmierbaren Tags"},"content":{"rendered":"<div class=\"box-info new-icon\"><strong>Diese Funktion ist nur in der PRO-Version von SendBlaster.<\/strong><\/div>\n<p>&nbsp;<\/p>\n<p>Wenn Sie mit Skriptsprachen wie Javascript oder Microsoft Visual Basic vertraut sind, werden Sie sicherlich die Programmierbaren Tags, eine neue in SendBlaster 3 unterst\u00fctzte Funktion, zu sch\u00e4tzen wissen.<\/p>\n<p>&nbsp;<\/p>\n<h2>Worum geht es?<\/h2>\n<p>Seit der ersten Version erm\u00f6glicht Ihnen SendBlaster E-Mails mit <strong>E-Mail zusammenf\u00fchren<\/strong> zu personalisieren.<\/p>\n<p>Jede Nachricht kann leicht mithilfe von <strong>Tags<\/strong> angepasst werden, beispielsweise mit Ihren Kundendaten, wie Name, Vorname und Firma.<\/p>\n<p>SendBlaster 3 bringt die Tags auf die n\u00e4chste Ebene. Tats\u00e4chlich kommt SendBlaster 3 mit einer <strong>brandneuen leistungsf\u00e4higen Scripting-Maschine<\/strong>, die Ihnen erm\u00f6glicht, Ihre eigenen Tags zu programmieren.<\/p>\n<p>Tags k\u00f6nnen jetzt bedingte oder berechnete Ausgaben, zuf\u00e4llige Variationen und vieles mehr enthalten. Wir machen es noch leichter, indem wir bereits einige <strong>vorgefertigte Skripte<\/strong> zur sofortigen Nutzung eingeschlossen haben. F\u00fcgen Sie ein programmierbares Tag in Ihre Nachricht ein und verwenden Sie es, indem Sie zu dem <strong>Bereich Verfassen<\/strong> gehen und Sie das <strong>Skript-Symbol<\/strong> aus dem Nachrichten-Editor w\u00e4hlen.<\/p>\n<p>&nbsp;<\/p>\n<p><img decoding=\"async\" class=\"alignnone size-full wp-image-2450\" src=\"https:\/\/www.sendblaster.com\/wp-content\/uploads\/2018\/05\/programmable-tags-8.jpg\" alt=\"\" width=\"470\" height=\"72\" srcset=\"https:\/\/www.sendblaster.com\/wp-content\/uploads\/2018\/05\/programmable-tags-8.jpg 470w, https:\/\/www.sendblaster.com\/wp-content\/uploads\/2018\/05\/programmable-tags-8-300x46.jpg 300w, https:\/\/www.sendblaster.com\/wp-content\/uploads\/2018\/05\/programmable-tags-8-320x49.jpg 320w, https:\/\/www.sendblaster.com\/wp-content\/uploads\/2018\/05\/programmable-tags-8-239x37.jpg 239w\" sizes=\"(max-width: 470px) 100vw, 470px\" \/><\/p>\n<p>&nbsp;<\/p>\n<p>Ein neues Popup-Fenster wird angezeigt.<\/p>\n<p>&nbsp;<\/p>\n<p><img decoding=\"async\" class=\"alignnone size-full wp-image-2451\" src=\"https:\/\/www.sendblaster.com\/wp-content\/uploads\/2018\/05\/programmable-tags-2-2.jpg\" alt=\"\" width=\"600\" height=\"394\" srcset=\"https:\/\/www.sendblaster.com\/wp-content\/uploads\/2018\/05\/programmable-tags-2-2.jpg 600w, https:\/\/www.sendblaster.com\/wp-content\/uploads\/2018\/05\/programmable-tags-2-2-300x197.jpg 300w, https:\/\/www.sendblaster.com\/wp-content\/uploads\/2018\/05\/programmable-tags-2-2-320x210.jpg 320w, https:\/\/www.sendblaster.com\/wp-content\/uploads\/2018\/05\/programmable-tags-2-2-239x157.jpg 239w\" sizes=\"(max-width: 600px) 100vw, 600px\" \/><\/p>\n<p>&nbsp;<\/p>\n<p>Jetzt klicken Sie auf Neu, um ein neues Skript zu erstellen oder w\u00e4hlen ein Skript aus der Liste. W\u00e4hlen wir eines der vorgefertigten Skripte: \u201c<em>vb:customattachment#<\/em>\u201d<\/p>\n<p>&nbsp;<\/p>\n<p><img decoding=\"async\" class=\"alignnone size-full wp-image-2452\" src=\"https:\/\/www.sendblaster.com\/wp-content\/uploads\/2018\/05\/programmable-tags-3-2.jpg\" alt=\"\" width=\"600\" height=\"396\" srcset=\"https:\/\/www.sendblaster.com\/wp-content\/uploads\/2018\/05\/programmable-tags-3-2.jpg 600w, https:\/\/www.sendblaster.com\/wp-content\/uploads\/2018\/05\/programmable-tags-3-2-300x198.jpg 300w, https:\/\/www.sendblaster.com\/wp-content\/uploads\/2018\/05\/programmable-tags-3-2-320x211.jpg 320w, https:\/\/www.sendblaster.com\/wp-content\/uploads\/2018\/05\/programmable-tags-3-2-239x158.jpg 239w\" sizes=\"(max-width: 600px) 100vw, 600px\" \/><\/p>\n<p>&nbsp;<\/p>\n<p>Dieses Skript sendet eine <strong>benutzerdefinierte Anlage<\/strong> an jeden Empf\u00e4nger, sofern sich der Dateiname in der Datenbank befindet. In diesem Fall m\u00fcssen Sie nur:<\/p>\n<ul>\n<li>alle Ihre anzuh\u00e4ngenden Dateien in den Ordner &#8222;C:\\invoices&#8220; ablegen (Sie k\u00f6nnen diesen Pfad zum Skript \u00e4ndern)<\/li>\n<\/ul>\n<p>&nbsp;<\/p>\n<p><img decoding=\"async\" class=\"alignnone size-full wp-image-2453\" src=\"https:\/\/www.sendblaster.com\/wp-content\/uploads\/2018\/05\/programmable-tags-4-2.jpg\" alt=\"\" width=\"600\" height=\"326\" srcset=\"https:\/\/www.sendblaster.com\/wp-content\/uploads\/2018\/05\/programmable-tags-4-2.jpg 600w, https:\/\/www.sendblaster.com\/wp-content\/uploads\/2018\/05\/programmable-tags-4-2-300x163.jpg 300w, https:\/\/www.sendblaster.com\/wp-content\/uploads\/2018\/05\/programmable-tags-4-2-320x174.jpg 320w, https:\/\/www.sendblaster.com\/wp-content\/uploads\/2018\/05\/programmable-tags-4-2-239x130.jpg 239w\" sizes=\"(max-width: 600px) 100vw, 600px\" \/><\/p>\n<p>&nbsp;<\/p>\n<ul>\n<li>den Dateinamen, ohne den Pfad, in das letzte Textfeld auf Ihrer Liste (15. Feld) schreiben.<\/li>\n<\/ul>\n<p>&nbsp;<\/p>\n<p><img decoding=\"async\" class=\"alignnone size-full wp-image-2454\" src=\"https:\/\/www.sendblaster.com\/wp-content\/uploads\/2018\/05\/programmable-tags-5-2.jpg\" alt=\"\" width=\"512\" height=\"131\" srcset=\"https:\/\/www.sendblaster.com\/wp-content\/uploads\/2018\/05\/programmable-tags-5-2.jpg 512w, https:\/\/www.sendblaster.com\/wp-content\/uploads\/2018\/05\/programmable-tags-5-2-300x77.jpg 300w, https:\/\/www.sendblaster.com\/wp-content\/uploads\/2018\/05\/programmable-tags-5-2-320x82.jpg 320w, https:\/\/www.sendblaster.com\/wp-content\/uploads\/2018\/05\/programmable-tags-5-2-239x61.jpg 239w\" sizes=\"(max-width: 512px) 100vw, 512px\" \/><\/p>\n<p>&nbsp;<\/p>\n<p>Das war es!<\/p>\n<p>Jetzt klicken Sie auf <strong>Dieses Skript einf\u00fcgen<\/strong>. Dieser folgende Code wird automatisch Ihrer Nachricht hinzugef\u00fcgt (aber er wird f\u00fcr Ihre Empf\u00e4nger nicht sichtbar sein):<\/p>\n<p><strong>#vb:customattachment#<\/strong><\/p>\n<p>&nbsp;<\/p>\n<p><img decoding=\"async\" class=\"alignnone size-full wp-image-2455\" src=\"https:\/\/www.sendblaster.com\/wp-content\/uploads\/2018\/05\/programmable-tags-6-2.jpg\" alt=\"\" width=\"472\" height=\"301\" srcset=\"https:\/\/www.sendblaster.com\/wp-content\/uploads\/2018\/05\/programmable-tags-6-2.jpg 472w, https:\/\/www.sendblaster.com\/wp-content\/uploads\/2018\/05\/programmable-tags-6-2-300x191.jpg 300w, https:\/\/www.sendblaster.com\/wp-content\/uploads\/2018\/05\/programmable-tags-6-2-320x204.jpg 320w, https:\/\/www.sendblaster.com\/wp-content\/uploads\/2018\/05\/programmable-tags-6-2-239x152.jpg 239w\" sizes=\"(max-width: 472px) 100vw, 472px\" \/><\/p>\n<p>&nbsp;<\/p>\n<h2>WICHTIGER HINWEIS<\/h2>\n<p>Bitte verwenden Sie <strong>Programmierbare Tags<\/strong> nur, wenn Sie mit Skriptsprachen vertraut sind. Ein kleiner Fehler kann f\u00fcr Sie zu einigen Problemen w\u00e4hrend des Sendens f\u00fchren. Wenn Sie davon ausgehen, dass Sie keine Skripte verwenden, dann sollten Sie die Scripting-Maschine deaktivieren.<\/p>\n<p>Klicken Sie einfach auf Einstellungen &gt; Erweiterte Einstellungen und markieren Sie das Kontrollk\u00e4stchen <strong>Skript-Maschine<\/strong> deaktivieren.<\/p>\n<p>&nbsp;<\/p>\n<p><img decoding=\"async\" class=\"alignnone size-full wp-image-2456\" src=\"https:\/\/www.sendblaster.com\/wp-content\/uploads\/2018\/05\/programmable-tags-7-2.jpg\" alt=\"\" width=\"588\" height=\"181\" srcset=\"https:\/\/www.sendblaster.com\/wp-content\/uploads\/2018\/05\/programmable-tags-7-2.jpg 588w, https:\/\/www.sendblaster.com\/wp-content\/uploads\/2018\/05\/programmable-tags-7-2-300x92.jpg 300w, https:\/\/www.sendblaster.com\/wp-content\/uploads\/2018\/05\/programmable-tags-7-2-320x99.jpg 320w, https:\/\/www.sendblaster.com\/wp-content\/uploads\/2018\/05\/programmable-tags-7-2-239x74.jpg 239w\" sizes=\"(max-width: 588px) 100vw, 588px\" \/><\/p>\n<p>&nbsp;<\/p>\n<p>Die neue Einstellung wird nach dem n\u00e4chsten Neustart von SendBlaster in Kraft treten. Sie k\u00f6nnen sie jederzeit neu aktivieren, indem Sie die Markierung des gleichen Kontrollk\u00e4stchens aufheben.<\/p>\n","protected":false},"excerpt":{"rendered":"<p>Diese Funktion ist nur in der PRO-Version von SendBlaster. &nbsp; Wenn Sie mit Skriptsprachen wie Javascript oder Microsoft Visual Basic vertraut sind, werden Sie sicherlich die Programmierbaren Tags, eine neue in SendBlaster 3 unterst\u00fctzte Funktion, zu sch\u00e4tzen wissen. &nbsp; Worum <\/p>\n<p class=\"read-more-container\"><a class=\"button read-more\" href=\"https:\/\/www.sendblaster.com\/de\/verwenden-von-programmierbaren-tags\/\" title=\"\">Weiterlesen<\/a><\/p>\n","protected":false},"author":2,"featured_media":0,"parent":0,"menu_order":0,"comment_status":"closed","ping_status":"closed","template":"g1_template_page_sidebar_right.php","meta":{"_monsterinsights_skip_tracking":false,"_monsterinsights_sitenote_active":false,"_monsterinsights_sitenote_note":"","_monsterinsights_sitenote_category":0,"footnotes":""},"class_list":["post-2448","page","type-page","status-publish"],"yoast_head":"<!-- This site is optimized with the Yoast SEO plugin v23.5 - https:\/\/yoast.com\/wordpress\/plugins\/seo\/ -->\n<title>Verwenden von Programmierbaren Tags - SendBlaster newsletter software<\/title>\n<meta name=\"description\" content=\"SendBlaster newsletter software Verwenden von Programmierbaren Tags Diese Funktion ist nur in der PRO-Version von SendBlaster. &nbsp; Wenn Sie mit Skriptsprachen wie Javascript oder Microsoft Visual Basic vertraut sind,\" \/>\n<meta name=\"robots\" content=\"index, follow, max-snippet:-1, max-image-preview:large, max-video-preview:-1\" \/>\n<link rel=\"canonical\" href=\"https:\/\/www.sendblaster.com\/de\/verwenden-von-programmierbaren-tags\/\" \/>\n<meta property=\"og:locale\" content=\"de_DE\" \/>\n<meta property=\"og:type\" content=\"article\" \/>\n<meta property=\"og:title\" content=\"Verwenden von Programmierbaren Tags - SendBlaster newsletter software\" \/>\n<meta property=\"og:description\" content=\"SendBlaster newsletter software Verwenden von Programmierbaren Tags Diese Funktion ist nur in der PRO-Version von SendBlaster. &nbsp; Wenn Sie mit Skriptsprachen wie Javascript oder Microsoft Visual Basic vertraut sind,\" \/>\n<meta property=\"og:url\" content=\"https:\/\/www.sendblaster.com\/de\/verwenden-von-programmierbaren-tags\/\" \/>\n<meta property=\"og:site_name\" content=\"SendBlaster newsletter software\" \/>\n<meta property=\"og:image\" content=\"https:\/\/www.sendblaster.com\/wp-content\/uploads\/2018\/05\/programmable-tags-8.jpg\" \/>\n<meta name=\"twitter:card\" content=\"summary_large_image\" \/>\n<meta name=\"twitter:label1\" content=\"Gesch\u00e4tzte Lesezeit\" \/>\n\t<meta name=\"twitter:data1\" content=\"2\u00a0Minuten\" \/>\n<script type=\"application\/ld+json\" class=\"yoast-schema-graph\">{\"@context\":\"https:\/\/schema.org\",\"@graph\":[{\"@type\":\"WebPage\",\"@id\":\"https:\/\/www.sendblaster.com\/de\/verwenden-von-programmierbaren-tags\/\",\"url\":\"https:\/\/www.sendblaster.com\/de\/verwenden-von-programmierbaren-tags\/\",\"name\":\"Verwenden von Programmierbaren Tags - SendBlaster newsletter software\",\"isPartOf\":{\"@id\":\"https:\/\/www.sendblaster.com\/#website\"},\"primaryImageOfPage\":{\"@id\":\"https:\/\/www.sendblaster.com\/de\/verwenden-von-programmierbaren-tags\/#primaryimage\"},\"image\":{\"@id\":\"https:\/\/www.sendblaster.com\/de\/verwenden-von-programmierbaren-tags\/#primaryimage\"},\"thumbnailUrl\":\"https:\/\/www.sendblaster.com\/wp-content\/uploads\/2018\/05\/programmable-tags-8.jpg\",\"datePublished\":\"2018-05-21T15:25:23+00:00\",\"dateModified\":\"2018-05-21T15:25:23+00:00\",\"description\":\"SendBlaster newsletter software Verwenden von Programmierbaren Tags Diese Funktion ist nur in der PRO-Version von SendBlaster. &nbsp; Wenn Sie mit Skriptsprachen wie Javascript oder Microsoft Visual Basic vertraut sind,\",\"breadcrumb\":{\"@id\":\"https:\/\/www.sendblaster.com\/de\/verwenden-von-programmierbaren-tags\/#breadcrumb\"},\"inLanguage\":\"de\",\"potentialAction\":[{\"@type\":\"ReadAction\",\"target\":[\"https:\/\/www.sendblaster.com\/de\/verwenden-von-programmierbaren-tags\/\"]}]},{\"@type\":\"ImageObject\",\"inLanguage\":\"de\",\"@id\":\"https:\/\/www.sendblaster.com\/de\/verwenden-von-programmierbaren-tags\/#primaryimage\",\"url\":\"https:\/\/www.sendblaster.com\/wp-content\/uploads\/2018\/05\/programmable-tags-8.jpg\",\"contentUrl\":\"https:\/\/www.sendblaster.com\/wp-content\/uploads\/2018\/05\/programmable-tags-8.jpg\"},{\"@type\":\"BreadcrumbList\",\"@id\":\"https:\/\/www.sendblaster.com\/de\/verwenden-von-programmierbaren-tags\/#breadcrumb\",\"itemListElement\":[{\"@type\":\"ListItem\",\"position\":1,\"name\":\"Home\",\"item\":\"https:\/\/www.sendblaster.com\/de\/\"},{\"@type\":\"ListItem\",\"position\":2,\"name\":\"Verwenden von Programmierbaren Tags\"}]},{\"@type\":\"WebSite\",\"@id\":\"https:\/\/www.sendblaster.com\/#website\",\"url\":\"https:\/\/www.sendblaster.com\/\",\"name\":\"SendBlaster newsletter software\",\"description\":\"\",\"publisher\":{\"@id\":\"https:\/\/www.sendblaster.com\/#organization\"},\"potentialAction\":[{\"@type\":\"SearchAction\",\"target\":{\"@type\":\"EntryPoint\",\"urlTemplate\":\"https:\/\/www.sendblaster.com\/?s={search_term_string}\"},\"query-input\":{\"@type\":\"PropertyValueSpecification\",\"valueRequired\":true,\"valueName\":\"search_term_string\"}}],\"inLanguage\":\"de\"},{\"@type\":\"Organization\",\"@id\":\"https:\/\/www.sendblaster.com\/#organization\",\"name\":\"SendBlaster newsletter software\",\"url\":\"https:\/\/www.sendblaster.com\/\",\"logo\":{\"@type\":\"ImageObject\",\"inLanguage\":\"de\",\"@id\":\"https:\/\/www.sendblaster.com\/#\/schema\/logo\/image\/\",\"url\":\"https:\/\/www.sendblaster.com\/wp-content\/uploads\/2021\/09\/logo-svg-2021.svg\",\"contentUrl\":\"https:\/\/www.sendblaster.com\/wp-content\/uploads\/2021\/09\/logo-svg-2021.svg\",\"width\":350,\"height\":70,\"caption\":\"SendBlaster newsletter software\"},\"image\":{\"@id\":\"https:\/\/www.sendblaster.com\/#\/schema\/logo\/image\/\"}}]}<\/script>\n<!-- \/ Yoast SEO plugin. -->","yoast_head_json":{"title":"Verwenden von Programmierbaren Tags - SendBlaster newsletter software","description":"SendBlaster newsletter software Verwenden von Programmierbaren Tags Diese Funktion ist nur in der PRO-Version von SendBlaster. &nbsp; Wenn Sie mit Skriptsprachen wie Javascript oder Microsoft Visual Basic vertraut sind,","robots":{"index":"index","follow":"follow","max-snippet":"max-snippet:-1","max-image-preview":"max-image-preview:large","max-video-preview":"max-video-preview:-1"},"canonical":"https:\/\/www.sendblaster.com\/de\/verwenden-von-programmierbaren-tags\/","og_locale":"de_DE","og_type":"article","og_title":"Verwenden von Programmierbaren Tags - SendBlaster newsletter software","og_description":"SendBlaster newsletter software Verwenden von Programmierbaren Tags Diese Funktion ist nur in der PRO-Version von SendBlaster. &nbsp; Wenn Sie mit Skriptsprachen wie Javascript oder Microsoft Visual Basic vertraut sind,","og_url":"https:\/\/www.sendblaster.com\/de\/verwenden-von-programmierbaren-tags\/","og_site_name":"SendBlaster newsletter software","og_image":[{"url":"https:\/\/www.sendblaster.com\/wp-content\/uploads\/2018\/05\/programmable-tags-8.jpg"}],"twitter_card":"summary_large_image","twitter_misc":{"Gesch\u00e4tzte Lesezeit":"2\u00a0Minuten"},"schema":{"@context":"https:\/\/schema.org","@graph":[{"@type":"WebPage","@id":"https:\/\/www.sendblaster.com\/de\/verwenden-von-programmierbaren-tags\/","url":"https:\/\/www.sendblaster.com\/de\/verwenden-von-programmierbaren-tags\/","name":"Verwenden von Programmierbaren Tags - SendBlaster newsletter software","isPartOf":{"@id":"https:\/\/www.sendblaster.com\/#website"},"primaryImageOfPage":{"@id":"https:\/\/www.sendblaster.com\/de\/verwenden-von-programmierbaren-tags\/#primaryimage"},"image":{"@id":"https:\/\/www.sendblaster.com\/de\/verwenden-von-programmierbaren-tags\/#primaryimage"},"thumbnailUrl":"https:\/\/www.sendblaster.com\/wp-content\/uploads\/2018\/05\/programmable-tags-8.jpg","datePublished":"2018-05-21T15:25:23+00:00","dateModified":"2018-05-21T15:25:23+00:00","description":"SendBlaster newsletter software Verwenden von Programmierbaren Tags Diese Funktion ist nur in der PRO-Version von SendBlaster. &nbsp; Wenn Sie mit Skriptsprachen wie Javascript oder Microsoft Visual Basic vertraut sind,","breadcrumb":{"@id":"https:\/\/www.sendblaster.com\/de\/verwenden-von-programmierbaren-tags\/#breadcrumb"},"inLanguage":"de","potentialAction":[{"@type":"ReadAction","target":["https:\/\/www.sendblaster.com\/de\/verwenden-von-programmierbaren-tags\/"]}]},{"@type":"ImageObject","inLanguage":"de","@id":"https:\/\/www.sendblaster.com\/de\/verwenden-von-programmierbaren-tags\/#primaryimage","url":"https:\/\/www.sendblaster.com\/wp-content\/uploads\/2018\/05\/programmable-tags-8.jpg","contentUrl":"https:\/\/www.sendblaster.com\/wp-content\/uploads\/2018\/05\/programmable-tags-8.jpg"},{"@type":"BreadcrumbList","@id":"https:\/\/www.sendblaster.com\/de\/verwenden-von-programmierbaren-tags\/#breadcrumb","itemListElement":[{"@type":"ListItem","position":1,"name":"Home","item":"https:\/\/www.sendblaster.com\/de\/"},{"@type":"ListItem","position":2,"name":"Verwenden von Programmierbaren Tags"}]},{"@type":"WebSite","@id":"https:\/\/www.sendblaster.com\/#website","url":"https:\/\/www.sendblaster.com\/","name":"SendBlaster newsletter software","description":"","publisher":{"@id":"https:\/\/www.sendblaster.com\/#organization"},"potentialAction":[{"@type":"SearchAction","target":{"@type":"EntryPoint","urlTemplate":"https:\/\/www.sendblaster.com\/?s={search_term_string}"},"query-input":{"@type":"PropertyValueSpecification","valueRequired":true,"valueName":"search_term_string"}}],"inLanguage":"de"},{"@type":"Organization","@id":"https:\/\/www.sendblaster.com\/#organization","name":"SendBlaster newsletter software","url":"https:\/\/www.sendblaster.com\/","logo":{"@type":"ImageObject","inLanguage":"de","@id":"https:\/\/www.sendblaster.com\/#\/schema\/logo\/image\/","url":"https:\/\/www.sendblaster.com\/wp-content\/uploads\/2021\/09\/logo-svg-2021.svg","contentUrl":"https:\/\/www.sendblaster.com\/wp-content\/uploads\/2021\/09\/logo-svg-2021.svg","width":350,"height":70,"caption":"SendBlaster newsletter software"},"image":{"@id":"https:\/\/www.sendblaster.com\/#\/schema\/logo\/image\/"}}]}},"_links":{"self":[{"href":"https:\/\/www.sendblaster.com\/de\/wp-json\/wp\/v2\/pages\/2448"}],"collection":[{"href":"https:\/\/www.sendblaster.com\/de\/wp-json\/wp\/v2\/pages"}],"about":[{"href":"https:\/\/www.sendblaster.com\/de\/wp-json\/wp\/v2\/types\/page"}],"author":[{"embeddable":true,"href":"https:\/\/www.sendblaster.com\/de\/wp-json\/wp\/v2\/users\/2"}],"replies":[{"embeddable":true,"href":"https:\/\/www.sendblaster.com\/de\/wp-json\/wp\/v2\/comments?post=2448"}],"version-history":[{"count":2,"href":"https:\/\/www.sendblaster.com\/de\/wp-json\/wp\/v2\/pages\/2448\/revisions"}],"predecessor-version":[{"id":2457,"href":"https:\/\/www.sendblaster.com\/de\/wp-json\/wp\/v2\/pages\/2448\/revisions\/2457"}],"wp:attachment":[{"href":"https:\/\/www.sendblaster.com\/de\/wp-json\/wp\/v2\/media?parent=2448"}],"curies":[{"name":"wp","href":"https:\/\/api.w.org\/{rel}","templated":true}]}}