{"id":2415,"date":"2018-05-21T14:49:14","date_gmt":"2018-05-21T14:49:14","guid":{"rendered":"https:\/\/www.sendblaster.com\/wpnew-2018\/?page_id=2415"},"modified":"2018-05-21T14:49:59","modified_gmt":"2018-05-21T14:49:59","slug":"verwenden-von-textbausteinen","status":"publish","type":"page","link":"https:\/\/www.sendblaster.com\/de\/verwenden-von-textbausteinen\/","title":{"rendered":"Verwenden von Textbausteinen"},"content":{"rendered":"<div class=\"box-info new-icon\"><strong>Diese neue Funktion ist sowohl in der KOSTENLOSEN als auch in der PRO-Version von SendBlaster 3 verf\u00fcgbar.<\/strong><\/div>\n<p>&nbsp;<\/p>\n<p>Verwenden Sie wiederholt Texte in Ihren Nachrichten?<\/p>\n<p>SendBlaster 3 enth\u00e4lt eine neue Funktion namens Textbausteine, mit ihr k\u00f6nnen Sie jedes Mal, wenn Sie eine neue Nachricht erstellen, eine Menge Zeit sparen.<\/p>\n<p>Tats\u00e4chlich k\u00f6nnen Sie mit Textbausteinen Textteile speichern, die Sie in der Regel in Ihre E-Mails einf\u00fcgen. Sie k\u00f6nnen sie wiederverwenden, ohne diese noch einmal eingeben zu m\u00fcssen.<\/p>\n<p>Sie k\u00f6nnen jeden beliebigen Text (einfacher Text, kein HTML-Code) als Textbaustein speichern. Beispielsweise:<\/p>\n<ul>\n<li>Gutscheincodes<\/li>\n<li>Briefanreden<\/li>\n<li>Kontaktinformationen<\/li>\n<li>Gesch\u00e4ftsbeschreibungen<\/li>\n<li>Einf\u00fchrungstexte<\/li>\n<\/ul>\n<p>und vieles mehr.<\/p>\n<p>Textbausteine k\u00f6nnen alles sein, angefangen bei einer <strong>kurzen Phrase<\/strong> (z. B. Mit freundlichen Gr\u00fc\u00dfen) bis hin zu einem <strong>ganzen Absatz<\/strong>.<\/p>\n<p>\u00dcberlegen Sie einfach, welche Texte Sie h\u00e4ufig f\u00fcr Ihre E-Mails verwenden und speichern Sie diese als Textbaustein.<\/p>\n<p>Diese werden in SendBlaster gespeichert und k\u00f6nnen von Ihnen, wann immer Sie m\u00f6chten, wiederverwendet werden. Sie sind nur einen Klick entfernt.<\/p>\n<p><strong>So erstellen Sie einen neuen Textbaustein<\/strong><\/p>\n<p>\u00d6ffnen Sie <strong>SendBlaster<\/strong> und w\u00e4hlen Sie den Bereich <strong>Nachricht verfassen<\/strong>.<\/p>\n<p>Klicken Sie im <strong>Verfassen-Editor<\/strong> auf das <strong>Symbol Textbausteine<\/strong>.<\/p>\n<p>&nbsp;<\/p>\n<p><img decoding=\"async\" class=\"alignnone size-full wp-image-2417\" src=\"https:\/\/www.sendblaster.com\/wp-content\/uploads\/2018\/05\/text-snippet-5.jpg\" alt=\"\" width=\"470\" height=\"85\" srcset=\"https:\/\/www.sendblaster.com\/wp-content\/uploads\/2018\/05\/text-snippet-5.jpg 470w, https:\/\/www.sendblaster.com\/wp-content\/uploads\/2018\/05\/text-snippet-5-300x54.jpg 300w, https:\/\/www.sendblaster.com\/wp-content\/uploads\/2018\/05\/text-snippet-5-320x58.jpg 320w, https:\/\/www.sendblaster.com\/wp-content\/uploads\/2018\/05\/text-snippet-5-239x43.jpg 239w\" sizes=\"(max-width: 470px) 100vw, 470px\" \/><\/p>\n<p>&nbsp;<\/p>\n<p>In dem neu erscheinenden Popup-Fenster klicken Sie auf <strong>Neu<\/strong> und f\u00fcgen den Text zum Speichern und Wiederverwenden hinzu. Im folgenden Beispiel haben wir einen neuen Baustein mit dem Namen &#8222;Signatur&#8220; erstellt und alle Details eingegeben, die als Signatur hinzugef\u00fcgt werden sollen.<\/p>\n<p>&nbsp;<\/p>\n<p><img decoding=\"async\" class=\"alignnone size-full wp-image-2418\" src=\"https:\/\/www.sendblaster.com\/wp-content\/uploads\/2018\/05\/text-snippet-2-3.jpg\" alt=\"\" width=\"600\" height=\"397\" srcset=\"https:\/\/www.sendblaster.com\/wp-content\/uploads\/2018\/05\/text-snippet-2-3.jpg 600w, https:\/\/www.sendblaster.com\/wp-content\/uploads\/2018\/05\/text-snippet-2-3-300x199.jpg 300w, https:\/\/www.sendblaster.com\/wp-content\/uploads\/2018\/05\/text-snippet-2-3-320x212.jpg 320w, https:\/\/www.sendblaster.com\/wp-content\/uploads\/2018\/05\/text-snippet-2-3-239x158.jpg 239w\" sizes=\"(max-width: 600px) 100vw, 600px\" \/><\/p>\n<p>&nbsp;<\/p>\n<p>Wenn Sie diesen Text sofort verwenden m\u00f6chten, klicken Sie auf <strong>Diesen Baustein einf\u00fcgen<\/strong>. Ihr Textbaustein wird in der Nachricht an der Position des Mauszeigers eingef\u00fcgt.<\/p>\n<p>&nbsp;<\/p>\n<p><img decoding=\"async\" class=\"alignnone size-full wp-image-2419\" src=\"https:\/\/www.sendblaster.com\/wp-content\/uploads\/2018\/05\/text-snippet-3-3.jpg\" alt=\"\" width=\"508\" height=\"436\" srcset=\"https:\/\/www.sendblaster.com\/wp-content\/uploads\/2018\/05\/text-snippet-3-3.jpg 508w, https:\/\/www.sendblaster.com\/wp-content\/uploads\/2018\/05\/text-snippet-3-3-300x257.jpg 300w, https:\/\/www.sendblaster.com\/wp-content\/uploads\/2018\/05\/text-snippet-3-3-320x275.jpg 320w, https:\/\/www.sendblaster.com\/wp-content\/uploads\/2018\/05\/text-snippet-3-3-239x205.jpg 239w\" sizes=\"(max-width: 508px) 100vw, 508px\" \/><\/p>\n<p>&nbsp;<\/p>\n<p>Wenn Sie ihn nicht in die aktuelle Nachricht einf\u00fcgen m\u00f6chten, klicken Sie einfach auf <strong>OK<\/strong>. So wird Ihr Baustein f\u00fcr zuk\u00fcnftige Verwendung gespeichert.<\/p>\n","protected":false},"excerpt":{"rendered":"<p>Diese neue Funktion ist sowohl in der KOSTENLOSEN als auch in der PRO-Version von SendBlaster 3 verf\u00fcgbar. &nbsp; Verwenden Sie wiederholt Texte in Ihren Nachrichten? SendBlaster 3 enth\u00e4lt eine neue Funktion namens Textbausteine, mit ihr k\u00f6nnen Sie jedes Mal, wenn <\/p>\n<p class=\"read-more-container\"><a class=\"button read-more\" href=\"https:\/\/www.sendblaster.com\/de\/verwenden-von-textbausteinen\/\" title=\"\">Weiterlesen<\/a><\/p>\n","protected":false},"author":2,"featured_media":0,"parent":0,"menu_order":0,"comment_status":"closed","ping_status":"closed","template":"g1_template_page_sidebar_right.php","meta":{"_monsterinsights_skip_tracking":false,"_monsterinsights_sitenote_active":false,"_monsterinsights_sitenote_note":"","_monsterinsights_sitenote_category":0,"footnotes":""},"class_list":["post-2415","page","type-page","status-publish"],"yoast_head":"<!-- This site is optimized with the Yoast SEO plugin v23.5 - https:\/\/yoast.com\/wordpress\/plugins\/seo\/ -->\n<title>Verwenden von Textbausteinen - SendBlaster newsletter software<\/title>\n<meta name=\"description\" content=\"SendBlaster newsletter software Verwenden von Textbausteinen Diese neue Funktion ist sowohl in der KOSTENLOSEN als auch in der PRO-Version von SendBlaster 3 verf\u00fcgbar. &nbsp; Verwenden Sie wiederholt Texte in Ihren\" \/>\n<meta name=\"robots\" content=\"index, follow, max-snippet:-1, max-image-preview:large, max-video-preview:-1\" \/>\n<link rel=\"canonical\" href=\"https:\/\/www.sendblaster.com\/de\/verwenden-von-textbausteinen\/\" \/>\n<meta property=\"og:locale\" content=\"de_DE\" \/>\n<meta property=\"og:type\" content=\"article\" \/>\n<meta property=\"og:title\" content=\"Verwenden von Textbausteinen - SendBlaster newsletter software\" \/>\n<meta property=\"og:description\" content=\"SendBlaster newsletter software Verwenden von Textbausteinen Diese neue Funktion ist sowohl in der KOSTENLOSEN als auch in der PRO-Version von SendBlaster 3 verf\u00fcgbar. &nbsp; Verwenden Sie wiederholt Texte in Ihren\" \/>\n<meta property=\"og:url\" content=\"https:\/\/www.sendblaster.com\/de\/verwenden-von-textbausteinen\/\" \/>\n<meta property=\"og:site_name\" content=\"SendBlaster newsletter software\" \/>\n<meta property=\"article:modified_time\" content=\"2018-05-21T14:49:59+00:00\" \/>\n<meta property=\"og:image\" content=\"https:\/\/www.sendblaster.com\/wp-content\/uploads\/2018\/05\/text-snippet-5.jpg\" \/>\n<meta name=\"twitter:card\" content=\"summary_large_image\" \/>\n<meta name=\"twitter:label1\" content=\"Gesch\u00e4tzte Lesezeit\" \/>\n\t<meta name=\"twitter:data1\" content=\"1\u00a0Minute\" \/>\n<script type=\"application\/ld+json\" class=\"yoast-schema-graph\">{\"@context\":\"https:\/\/schema.org\",\"@graph\":[{\"@type\":\"WebPage\",\"@id\":\"https:\/\/www.sendblaster.com\/de\/verwenden-von-textbausteinen\/\",\"url\":\"https:\/\/www.sendblaster.com\/de\/verwenden-von-textbausteinen\/\",\"name\":\"Verwenden von Textbausteinen - SendBlaster newsletter software\",\"isPartOf\":{\"@id\":\"https:\/\/www.sendblaster.com\/#website\"},\"primaryImageOfPage\":{\"@id\":\"https:\/\/www.sendblaster.com\/de\/verwenden-von-textbausteinen\/#primaryimage\"},\"image\":{\"@id\":\"https:\/\/www.sendblaster.com\/de\/verwenden-von-textbausteinen\/#primaryimage\"},\"thumbnailUrl\":\"https:\/\/www.sendblaster.com\/wp-content\/uploads\/2018\/05\/text-snippet-5.jpg\",\"datePublished\":\"2018-05-21T14:49:14+00:00\",\"dateModified\":\"2018-05-21T14:49:59+00:00\",\"description\":\"SendBlaster newsletter software Verwenden von Textbausteinen Diese neue Funktion ist sowohl in der KOSTENLOSEN als auch in der PRO-Version von SendBlaster 3 verf\u00fcgbar. &nbsp; Verwenden Sie wiederholt Texte in Ihren\",\"breadcrumb\":{\"@id\":\"https:\/\/www.sendblaster.com\/de\/verwenden-von-textbausteinen\/#breadcrumb\"},\"inLanguage\":\"de\",\"potentialAction\":[{\"@type\":\"ReadAction\",\"target\":[\"https:\/\/www.sendblaster.com\/de\/verwenden-von-textbausteinen\/\"]}]},{\"@type\":\"ImageObject\",\"inLanguage\":\"de\",\"@id\":\"https:\/\/www.sendblaster.com\/de\/verwenden-von-textbausteinen\/#primaryimage\",\"url\":\"https:\/\/www.sendblaster.com\/wp-content\/uploads\/2018\/05\/text-snippet-5.jpg\",\"contentUrl\":\"https:\/\/www.sendblaster.com\/wp-content\/uploads\/2018\/05\/text-snippet-5.jpg\"},{\"@type\":\"BreadcrumbList\",\"@id\":\"https:\/\/www.sendblaster.com\/de\/verwenden-von-textbausteinen\/#breadcrumb\",\"itemListElement\":[{\"@type\":\"ListItem\",\"position\":1,\"name\":\"Home\",\"item\":\"https:\/\/www.sendblaster.com\/de\/\"},{\"@type\":\"ListItem\",\"position\":2,\"name\":\"Verwenden von Textbausteinen\"}]},{\"@type\":\"WebSite\",\"@id\":\"https:\/\/www.sendblaster.com\/#website\",\"url\":\"https:\/\/www.sendblaster.com\/\",\"name\":\"SendBlaster newsletter software\",\"description\":\"\",\"publisher\":{\"@id\":\"https:\/\/www.sendblaster.com\/#organization\"},\"potentialAction\":[{\"@type\":\"SearchAction\",\"target\":{\"@type\":\"EntryPoint\",\"urlTemplate\":\"https:\/\/www.sendblaster.com\/?s={search_term_string}\"},\"query-input\":{\"@type\":\"PropertyValueSpecification\",\"valueRequired\":true,\"valueName\":\"search_term_string\"}}],\"inLanguage\":\"de\"},{\"@type\":\"Organization\",\"@id\":\"https:\/\/www.sendblaster.com\/#organization\",\"name\":\"SendBlaster newsletter software\",\"url\":\"https:\/\/www.sendblaster.com\/\",\"logo\":{\"@type\":\"ImageObject\",\"inLanguage\":\"de\",\"@id\":\"https:\/\/www.sendblaster.com\/#\/schema\/logo\/image\/\",\"url\":\"https:\/\/www.sendblaster.com\/wp-content\/uploads\/2021\/09\/logo-svg-2021.svg\",\"contentUrl\":\"https:\/\/www.sendblaster.com\/wp-content\/uploads\/2021\/09\/logo-svg-2021.svg\",\"width\":350,\"height\":70,\"caption\":\"SendBlaster newsletter software\"},\"image\":{\"@id\":\"https:\/\/www.sendblaster.com\/#\/schema\/logo\/image\/\"}}]}<\/script>\n<!-- \/ Yoast SEO plugin. -->","yoast_head_json":{"title":"Verwenden von Textbausteinen - SendBlaster newsletter software","description":"SendBlaster newsletter software Verwenden von Textbausteinen Diese neue Funktion ist sowohl in der KOSTENLOSEN als auch in der PRO-Version von SendBlaster 3 verf\u00fcgbar. &nbsp; Verwenden Sie wiederholt Texte in Ihren","robots":{"index":"index","follow":"follow","max-snippet":"max-snippet:-1","max-image-preview":"max-image-preview:large","max-video-preview":"max-video-preview:-1"},"canonical":"https:\/\/www.sendblaster.com\/de\/verwenden-von-textbausteinen\/","og_locale":"de_DE","og_type":"article","og_title":"Verwenden von Textbausteinen - SendBlaster newsletter software","og_description":"SendBlaster newsletter software Verwenden von Textbausteinen Diese neue Funktion ist sowohl in der KOSTENLOSEN als auch in der PRO-Version von SendBlaster 3 verf\u00fcgbar. &nbsp; Verwenden Sie wiederholt Texte in Ihren","og_url":"https:\/\/www.sendblaster.com\/de\/verwenden-von-textbausteinen\/","og_site_name":"SendBlaster newsletter software","article_modified_time":"2018-05-21T14:49:59+00:00","og_image":[{"url":"https:\/\/www.sendblaster.com\/wp-content\/uploads\/2018\/05\/text-snippet-5.jpg"}],"twitter_card":"summary_large_image","twitter_misc":{"Gesch\u00e4tzte Lesezeit":"1\u00a0Minute"},"schema":{"@context":"https:\/\/schema.org","@graph":[{"@type":"WebPage","@id":"https:\/\/www.sendblaster.com\/de\/verwenden-von-textbausteinen\/","url":"https:\/\/www.sendblaster.com\/de\/verwenden-von-textbausteinen\/","name":"Verwenden von Textbausteinen - SendBlaster newsletter software","isPartOf":{"@id":"https:\/\/www.sendblaster.com\/#website"},"primaryImageOfPage":{"@id":"https:\/\/www.sendblaster.com\/de\/verwenden-von-textbausteinen\/#primaryimage"},"image":{"@id":"https:\/\/www.sendblaster.com\/de\/verwenden-von-textbausteinen\/#primaryimage"},"thumbnailUrl":"https:\/\/www.sendblaster.com\/wp-content\/uploads\/2018\/05\/text-snippet-5.jpg","datePublished":"2018-05-21T14:49:14+00:00","dateModified":"2018-05-21T14:49:59+00:00","description":"SendBlaster newsletter software Verwenden von Textbausteinen Diese neue Funktion ist sowohl in der KOSTENLOSEN als auch in der PRO-Version von SendBlaster 3 verf\u00fcgbar. &nbsp; Verwenden Sie wiederholt Texte in Ihren","breadcrumb":{"@id":"https:\/\/www.sendblaster.com\/de\/verwenden-von-textbausteinen\/#breadcrumb"},"inLanguage":"de","potentialAction":[{"@type":"ReadAction","target":["https:\/\/www.sendblaster.com\/de\/verwenden-von-textbausteinen\/"]}]},{"@type":"ImageObject","inLanguage":"de","@id":"https:\/\/www.sendblaster.com\/de\/verwenden-von-textbausteinen\/#primaryimage","url":"https:\/\/www.sendblaster.com\/wp-content\/uploads\/2018\/05\/text-snippet-5.jpg","contentUrl":"https:\/\/www.sendblaster.com\/wp-content\/uploads\/2018\/05\/text-snippet-5.jpg"},{"@type":"BreadcrumbList","@id":"https:\/\/www.sendblaster.com\/de\/verwenden-von-textbausteinen\/#breadcrumb","itemListElement":[{"@type":"ListItem","position":1,"name":"Home","item":"https:\/\/www.sendblaster.com\/de\/"},{"@type":"ListItem","position":2,"name":"Verwenden von Textbausteinen"}]},{"@type":"WebSite","@id":"https:\/\/www.sendblaster.com\/#website","url":"https:\/\/www.sendblaster.com\/","name":"SendBlaster newsletter software","description":"","publisher":{"@id":"https:\/\/www.sendblaster.com\/#organization"},"potentialAction":[{"@type":"SearchAction","target":{"@type":"EntryPoint","urlTemplate":"https:\/\/www.sendblaster.com\/?s={search_term_string}"},"query-input":{"@type":"PropertyValueSpecification","valueRequired":true,"valueName":"search_term_string"}}],"inLanguage":"de"},{"@type":"Organization","@id":"https:\/\/www.sendblaster.com\/#organization","name":"SendBlaster newsletter software","url":"https:\/\/www.sendblaster.com\/","logo":{"@type":"ImageObject","inLanguage":"de","@id":"https:\/\/www.sendblaster.com\/#\/schema\/logo\/image\/","url":"https:\/\/www.sendblaster.com\/wp-content\/uploads\/2021\/09\/logo-svg-2021.svg","contentUrl":"https:\/\/www.sendblaster.com\/wp-content\/uploads\/2021\/09\/logo-svg-2021.svg","width":350,"height":70,"caption":"SendBlaster newsletter software"},"image":{"@id":"https:\/\/www.sendblaster.com\/#\/schema\/logo\/image\/"}}]}},"_links":{"self":[{"href":"https:\/\/www.sendblaster.com\/de\/wp-json\/wp\/v2\/pages\/2415"}],"collection":[{"href":"https:\/\/www.sendblaster.com\/de\/wp-json\/wp\/v2\/pages"}],"about":[{"href":"https:\/\/www.sendblaster.com\/de\/wp-json\/wp\/v2\/types\/page"}],"author":[{"embeddable":true,"href":"https:\/\/www.sendblaster.com\/de\/wp-json\/wp\/v2\/users\/2"}],"replies":[{"embeddable":true,"href":"https:\/\/www.sendblaster.com\/de\/wp-json\/wp\/v2\/comments?post=2415"}],"version-history":[{"count":2,"href":"https:\/\/www.sendblaster.com\/de\/wp-json\/wp\/v2\/pages\/2415\/revisions"}],"predecessor-version":[{"id":2420,"href":"https:\/\/www.sendblaster.com\/de\/wp-json\/wp\/v2\/pages\/2415\/revisions\/2420"}],"wp:attachment":[{"href":"https:\/\/www.sendblaster.com\/de\/wp-json\/wp\/v2\/media?parent=2415"}],"curies":[{"name":"wp","href":"https:\/\/api.w.org\/{rel}","templated":true}]}}