{"id":2402,"date":"2018-05-21T14:17:35","date_gmt":"2018-05-21T14:17:35","guid":{"rendered":"https:\/\/www.sendblaster.com\/wpnew-2018\/?page_id=2402"},"modified":"2018-05-21T14:18:13","modified_gmt":"2018-05-21T14:18:13","slug":"so-sichern-sie-ihre-sendblaster-daten","status":"publish","type":"page","link":"https:\/\/www.sendblaster.com\/de\/so-sichern-sie-ihre-sendblaster-daten\/","title":{"rendered":"So sichern Sie Ihre SendBlaster-Daten"},"content":{"rendered":"<div class=\"box-info new-icon\"><strong>Diese neue Funktion ist sowohl in der KOSTENLOSEN als auch in der PRO-Version von SendBlaster 3 verf\u00fcgbar.<\/strong><\/div>\n<p>&nbsp;<\/p>\n<p>M\u00fcssen Sie Ihre Festplatte formatieren? M\u00fcssen Sie Ihre Daten auf einen neuen Computer verschieben und SendBlaster neu installieren?<\/p>\n<p><strong>SendBlaster 3<\/strong> bietet eine einfache M\u00f6glichkeit, all Ihre Daten mit einem einzigen Mausklick zu sichern.<\/p>\n<p>Im vertikalen Navigationsrandleiste w\u00e4hlen Sie <strong>Einstellungen<\/strong> und dann klicken Sie auf <strong>Erweiterte Einstellungen<\/strong>.<\/p>\n<p>Jetzt scrollen Sie nach unten, fast zum Ende der Seite und klicken auf <strong>Sichern<\/strong>.<\/p>\n<p>Ein neues Popup-Fenster wird angezeigt.<\/p>\n<p>&nbsp;<\/p>\n<p><img decoding=\"async\" class=\"alignnone size-full wp-image-2405\" src=\"https:\/\/www.sendblaster.com\/wp-content\/uploads\/2018\/05\/database-backup-3.jpg\" alt=\"\" width=\"449\" height=\"412\" srcset=\"https:\/\/www.sendblaster.com\/wp-content\/uploads\/2018\/05\/database-backup-3.jpg 449w, https:\/\/www.sendblaster.com\/wp-content\/uploads\/2018\/05\/database-backup-3-300x275.jpg 300w, https:\/\/www.sendblaster.com\/wp-content\/uploads\/2018\/05\/database-backup-3-320x294.jpg 320w, https:\/\/www.sendblaster.com\/wp-content\/uploads\/2018\/05\/database-backup-3-239x219.jpg 239w\" sizes=\"(max-width: 449px) 100vw, 449px\" \/><\/p>\n<p>&nbsp;<\/p>\n<p>Wenn Sie eine <strong>vollst\u00e4ndige Sicherung<\/strong> (einschlie\u00dflich Listen, Verlauf, geplante Sendungen, Vorlagen und Entw\u00fcrfe) durchf\u00fchren m\u00f6chten, klicken Sie einfach auf <strong>Sicherung starten<\/strong>, oder w\u00e4hlen Sie die einzelnen zu sichernden Ordner.<\/p>\n<p>Der Vorgang kann je nach Menge der Daten einige Zeit dauern. Wenn die Datensicherung abgeschlossen wurde, klicken Sie zum Schlie\u00dfen auf <strong>OK<\/strong>.<\/p>\n<p>Bitte beachten Sie, dass Sicherungsordner automatisch im folgenden Pfad gespeichert werden: C:\\Users\\user\\Documents\\SB3 Backups.<\/p>\n<p>Sie k\u00f6nnen jedoch ein beliebiges Sicherungsziel w\u00e4hlen, beispielsweise einen <strong>USB-Speicherstick<\/strong> oder ein <strong>anderes<\/strong> Wechselmedium.<\/p>\n","protected":false},"excerpt":{"rendered":"<p>Diese neue Funktion ist sowohl in der KOSTENLOSEN als auch in der PRO-Version von SendBlaster 3 verf\u00fcgbar. &nbsp; M\u00fcssen Sie Ihre Festplatte formatieren? M\u00fcssen Sie Ihre Daten auf einen neuen Computer verschieben und SendBlaster neu installieren? SendBlaster 3 bietet eine <\/p>\n<p class=\"read-more-container\"><a class=\"button read-more\" href=\"https:\/\/www.sendblaster.com\/de\/so-sichern-sie-ihre-sendblaster-daten\/\" title=\"\">Weiterlesen<\/a><\/p>\n","protected":false},"author":2,"featured_media":0,"parent":0,"menu_order":0,"comment_status":"closed","ping_status":"closed","template":"g1_template_page_sidebar_right.php","meta":{"_monsterinsights_skip_tracking":false,"_monsterinsights_sitenote_active":false,"_monsterinsights_sitenote_note":"","_monsterinsights_sitenote_category":0,"footnotes":""},"class_list":["post-2402","page","type-page","status-publish"],"yoast_head":"<!-- This site is optimized with the Yoast SEO plugin v23.5 - https:\/\/yoast.com\/wordpress\/plugins\/seo\/ -->\n<title>So sichern Sie Ihre SendBlaster-Daten - SendBlaster newsletter software<\/title>\n<meta name=\"description\" content=\"SendBlaster newsletter software So sichern Sie Ihre SendBlaster-Daten Diese neue Funktion ist sowohl in der KOSTENLOSEN als auch in der PRO-Version von SendBlaster 3 verf\u00fcgbar. &nbsp; M\u00fcssen Sie Ihre Festplatte formatieren?\" \/>\n<meta name=\"robots\" content=\"index, follow, max-snippet:-1, max-image-preview:large, max-video-preview:-1\" \/>\n<link rel=\"canonical\" href=\"https:\/\/www.sendblaster.com\/de\/so-sichern-sie-ihre-sendblaster-daten\/\" \/>\n<meta property=\"og:locale\" content=\"de_DE\" \/>\n<meta property=\"og:type\" content=\"article\" \/>\n<meta property=\"og:title\" content=\"So sichern Sie Ihre SendBlaster-Daten - SendBlaster newsletter software\" \/>\n<meta property=\"og:description\" content=\"SendBlaster newsletter software So sichern Sie Ihre SendBlaster-Daten Diese neue Funktion ist sowohl in der KOSTENLOSEN als auch in der PRO-Version von SendBlaster 3 verf\u00fcgbar. &nbsp; M\u00fcssen Sie Ihre Festplatte formatieren?\" \/>\n<meta property=\"og:url\" content=\"https:\/\/www.sendblaster.com\/de\/so-sichern-sie-ihre-sendblaster-daten\/\" \/>\n<meta property=\"og:site_name\" content=\"SendBlaster newsletter software\" \/>\n<meta property=\"article:modified_time\" content=\"2018-05-21T14:18:13+00:00\" \/>\n<meta property=\"og:image\" content=\"https:\/\/www.sendblaster.com\/wp-content\/uploads\/2018\/05\/database-backup-3.jpg\" \/>\n<meta name=\"twitter:card\" content=\"summary_large_image\" \/>\n<meta name=\"twitter:label1\" content=\"Gesch\u00e4tzte Lesezeit\" \/>\n\t<meta name=\"twitter:data1\" content=\"1\u00a0Minute\" \/>\n<script type=\"application\/ld+json\" class=\"yoast-schema-graph\">{\"@context\":\"https:\/\/schema.org\",\"@graph\":[{\"@type\":\"WebPage\",\"@id\":\"https:\/\/www.sendblaster.com\/de\/so-sichern-sie-ihre-sendblaster-daten\/\",\"url\":\"https:\/\/www.sendblaster.com\/de\/so-sichern-sie-ihre-sendblaster-daten\/\",\"name\":\"So sichern Sie Ihre SendBlaster-Daten - SendBlaster newsletter software\",\"isPartOf\":{\"@id\":\"https:\/\/www.sendblaster.com\/#website\"},\"primaryImageOfPage\":{\"@id\":\"https:\/\/www.sendblaster.com\/de\/so-sichern-sie-ihre-sendblaster-daten\/#primaryimage\"},\"image\":{\"@id\":\"https:\/\/www.sendblaster.com\/de\/so-sichern-sie-ihre-sendblaster-daten\/#primaryimage\"},\"thumbnailUrl\":\"https:\/\/www.sendblaster.com\/wp-content\/uploads\/2018\/05\/database-backup-3.jpg\",\"datePublished\":\"2018-05-21T14:17:35+00:00\",\"dateModified\":\"2018-05-21T14:18:13+00:00\",\"description\":\"SendBlaster newsletter software So sichern Sie Ihre SendBlaster-Daten Diese neue Funktion ist sowohl in der KOSTENLOSEN als auch in der PRO-Version von SendBlaster 3 verf\u00fcgbar. &nbsp; M\u00fcssen Sie Ihre Festplatte formatieren?\",\"breadcrumb\":{\"@id\":\"https:\/\/www.sendblaster.com\/de\/so-sichern-sie-ihre-sendblaster-daten\/#breadcrumb\"},\"inLanguage\":\"de\",\"potentialAction\":[{\"@type\":\"ReadAction\",\"target\":[\"https:\/\/www.sendblaster.com\/de\/so-sichern-sie-ihre-sendblaster-daten\/\"]}]},{\"@type\":\"ImageObject\",\"inLanguage\":\"de\",\"@id\":\"https:\/\/www.sendblaster.com\/de\/so-sichern-sie-ihre-sendblaster-daten\/#primaryimage\",\"url\":\"https:\/\/www.sendblaster.com\/wp-content\/uploads\/2018\/05\/database-backup-3.jpg\",\"contentUrl\":\"https:\/\/www.sendblaster.com\/wp-content\/uploads\/2018\/05\/database-backup-3.jpg\"},{\"@type\":\"BreadcrumbList\",\"@id\":\"https:\/\/www.sendblaster.com\/de\/so-sichern-sie-ihre-sendblaster-daten\/#breadcrumb\",\"itemListElement\":[{\"@type\":\"ListItem\",\"position\":1,\"name\":\"Home\",\"item\":\"https:\/\/www.sendblaster.com\/de\/\"},{\"@type\":\"ListItem\",\"position\":2,\"name\":\"So sichern Sie Ihre SendBlaster-Daten\"}]},{\"@type\":\"WebSite\",\"@id\":\"https:\/\/www.sendblaster.com\/#website\",\"url\":\"https:\/\/www.sendblaster.com\/\",\"name\":\"SendBlaster newsletter software\",\"description\":\"\",\"publisher\":{\"@id\":\"https:\/\/www.sendblaster.com\/#organization\"},\"potentialAction\":[{\"@type\":\"SearchAction\",\"target\":{\"@type\":\"EntryPoint\",\"urlTemplate\":\"https:\/\/www.sendblaster.com\/?s={search_term_string}\"},\"query-input\":{\"@type\":\"PropertyValueSpecification\",\"valueRequired\":true,\"valueName\":\"search_term_string\"}}],\"inLanguage\":\"de\"},{\"@type\":\"Organization\",\"@id\":\"https:\/\/www.sendblaster.com\/#organization\",\"name\":\"SendBlaster newsletter software\",\"url\":\"https:\/\/www.sendblaster.com\/\",\"logo\":{\"@type\":\"ImageObject\",\"inLanguage\":\"de\",\"@id\":\"https:\/\/www.sendblaster.com\/#\/schema\/logo\/image\/\",\"url\":\"https:\/\/www.sendblaster.com\/wp-content\/uploads\/2021\/09\/logo-svg-2021.svg\",\"contentUrl\":\"https:\/\/www.sendblaster.com\/wp-content\/uploads\/2021\/09\/logo-svg-2021.svg\",\"width\":350,\"height\":70,\"caption\":\"SendBlaster newsletter software\"},\"image\":{\"@id\":\"https:\/\/www.sendblaster.com\/#\/schema\/logo\/image\/\"}}]}<\/script>\n<!-- \/ Yoast SEO plugin. -->","yoast_head_json":{"title":"So sichern Sie Ihre SendBlaster-Daten - SendBlaster newsletter software","description":"SendBlaster newsletter software So sichern Sie Ihre SendBlaster-Daten Diese neue Funktion ist sowohl in der KOSTENLOSEN als auch in der PRO-Version von SendBlaster 3 verf\u00fcgbar. &nbsp; M\u00fcssen Sie Ihre Festplatte formatieren?","robots":{"index":"index","follow":"follow","max-snippet":"max-snippet:-1","max-image-preview":"max-image-preview:large","max-video-preview":"max-video-preview:-1"},"canonical":"https:\/\/www.sendblaster.com\/de\/so-sichern-sie-ihre-sendblaster-daten\/","og_locale":"de_DE","og_type":"article","og_title":"So sichern Sie Ihre SendBlaster-Daten - SendBlaster newsletter software","og_description":"SendBlaster newsletter software So sichern Sie Ihre SendBlaster-Daten Diese neue Funktion ist sowohl in der KOSTENLOSEN als auch in der PRO-Version von SendBlaster 3 verf\u00fcgbar. &nbsp; M\u00fcssen Sie Ihre Festplatte formatieren?","og_url":"https:\/\/www.sendblaster.com\/de\/so-sichern-sie-ihre-sendblaster-daten\/","og_site_name":"SendBlaster newsletter software","article_modified_time":"2018-05-21T14:18:13+00:00","og_image":[{"url":"https:\/\/www.sendblaster.com\/wp-content\/uploads\/2018\/05\/database-backup-3.jpg"}],"twitter_card":"summary_large_image","twitter_misc":{"Gesch\u00e4tzte Lesezeit":"1\u00a0Minute"},"schema":{"@context":"https:\/\/schema.org","@graph":[{"@type":"WebPage","@id":"https:\/\/www.sendblaster.com\/de\/so-sichern-sie-ihre-sendblaster-daten\/","url":"https:\/\/www.sendblaster.com\/de\/so-sichern-sie-ihre-sendblaster-daten\/","name":"So sichern Sie Ihre SendBlaster-Daten - SendBlaster newsletter software","isPartOf":{"@id":"https:\/\/www.sendblaster.com\/#website"},"primaryImageOfPage":{"@id":"https:\/\/www.sendblaster.com\/de\/so-sichern-sie-ihre-sendblaster-daten\/#primaryimage"},"image":{"@id":"https:\/\/www.sendblaster.com\/de\/so-sichern-sie-ihre-sendblaster-daten\/#primaryimage"},"thumbnailUrl":"https:\/\/www.sendblaster.com\/wp-content\/uploads\/2018\/05\/database-backup-3.jpg","datePublished":"2018-05-21T14:17:35+00:00","dateModified":"2018-05-21T14:18:13+00:00","description":"SendBlaster newsletter software So sichern Sie Ihre SendBlaster-Daten Diese neue Funktion ist sowohl in der KOSTENLOSEN als auch in der PRO-Version von SendBlaster 3 verf\u00fcgbar. &nbsp; M\u00fcssen Sie Ihre Festplatte formatieren?","breadcrumb":{"@id":"https:\/\/www.sendblaster.com\/de\/so-sichern-sie-ihre-sendblaster-daten\/#breadcrumb"},"inLanguage":"de","potentialAction":[{"@type":"ReadAction","target":["https:\/\/www.sendblaster.com\/de\/so-sichern-sie-ihre-sendblaster-daten\/"]}]},{"@type":"ImageObject","inLanguage":"de","@id":"https:\/\/www.sendblaster.com\/de\/so-sichern-sie-ihre-sendblaster-daten\/#primaryimage","url":"https:\/\/www.sendblaster.com\/wp-content\/uploads\/2018\/05\/database-backup-3.jpg","contentUrl":"https:\/\/www.sendblaster.com\/wp-content\/uploads\/2018\/05\/database-backup-3.jpg"},{"@type":"BreadcrumbList","@id":"https:\/\/www.sendblaster.com\/de\/so-sichern-sie-ihre-sendblaster-daten\/#breadcrumb","itemListElement":[{"@type":"ListItem","position":1,"name":"Home","item":"https:\/\/www.sendblaster.com\/de\/"},{"@type":"ListItem","position":2,"name":"So sichern Sie Ihre SendBlaster-Daten"}]},{"@type":"WebSite","@id":"https:\/\/www.sendblaster.com\/#website","url":"https:\/\/www.sendblaster.com\/","name":"SendBlaster newsletter software","description":"","publisher":{"@id":"https:\/\/www.sendblaster.com\/#organization"},"potentialAction":[{"@type":"SearchAction","target":{"@type":"EntryPoint","urlTemplate":"https:\/\/www.sendblaster.com\/?s={search_term_string}"},"query-input":{"@type":"PropertyValueSpecification","valueRequired":true,"valueName":"search_term_string"}}],"inLanguage":"de"},{"@type":"Organization","@id":"https:\/\/www.sendblaster.com\/#organization","name":"SendBlaster newsletter software","url":"https:\/\/www.sendblaster.com\/","logo":{"@type":"ImageObject","inLanguage":"de","@id":"https:\/\/www.sendblaster.com\/#\/schema\/logo\/image\/","url":"https:\/\/www.sendblaster.com\/wp-content\/uploads\/2021\/09\/logo-svg-2021.svg","contentUrl":"https:\/\/www.sendblaster.com\/wp-content\/uploads\/2021\/09\/logo-svg-2021.svg","width":350,"height":70,"caption":"SendBlaster newsletter software"},"image":{"@id":"https:\/\/www.sendblaster.com\/#\/schema\/logo\/image\/"}}]}},"_links":{"self":[{"href":"https:\/\/www.sendblaster.com\/de\/wp-json\/wp\/v2\/pages\/2402"}],"collection":[{"href":"https:\/\/www.sendblaster.com\/de\/wp-json\/wp\/v2\/pages"}],"about":[{"href":"https:\/\/www.sendblaster.com\/de\/wp-json\/wp\/v2\/types\/page"}],"author":[{"embeddable":true,"href":"https:\/\/www.sendblaster.com\/de\/wp-json\/wp\/v2\/users\/2"}],"replies":[{"embeddable":true,"href":"https:\/\/www.sendblaster.com\/de\/wp-json\/wp\/v2\/comments?post=2402"}],"version-history":[{"count":2,"href":"https:\/\/www.sendblaster.com\/de\/wp-json\/wp\/v2\/pages\/2402\/revisions"}],"predecessor-version":[{"id":2407,"href":"https:\/\/www.sendblaster.com\/de\/wp-json\/wp\/v2\/pages\/2402\/revisions\/2407"}],"wp:attachment":[{"href":"https:\/\/www.sendblaster.com\/de\/wp-json\/wp\/v2\/media?parent=2402"}],"curies":[{"name":"wp","href":"https:\/\/api.w.org\/{rel}","templated":true}]}}