{"id":2265,"date":"2018-05-18T15:38:51","date_gmt":"2018-05-18T15:38:51","guid":{"rendered":"https:\/\/www.sendblaster.com\/wpnew-2018\/?page_id=2265"},"modified":"2018-05-18T15:39:30","modified_gmt":"2018-05-18T15:39:30","slug":"anti-spam-gesetz","status":"publish","type":"page","link":"https:\/\/www.sendblaster.com\/de\/anti-spam-gesetz\/","title":{"rendered":"Anti-Spam Gesetze und Regelungen in Deutschland, der EU und den USA"},"content":{"rendered":"<p>Heutzutage haben viele L\u00e4nder weltweit Regelungen und Gesetze gegen den Versand von SPAM E-Mails definiert und verabschiedet.<br \/>\nDeshalb ist es besonders wichtig f\u00fcr E-Mail Marketing Beauftragte die aktuelle Gesetzeslage des jeweiligen Landes zu kennen und zu befolgen.<\/p>\n<p>Au\u00dferdem kann der Versand unerw\u00fcnschter SPAM-Nachrichten, den seri\u00f6sen Ruf Ihres Unternehmens sch\u00e4digen.<\/p>\n<p>2003 wurde in den USA\u00a0der <strong>CAN- SPAM\u00a0Act<\/strong> (Controlling the Assault of Non-Solicited Pornography and Marketing) verabschiedet.<\/p>\n<p>2002 hat die Europ\u00e4ische Union eine Regelung zum &#8222;<strong>Datenschutz und elektronischer Kommunikation<\/strong>&#8220; getroffen, in der die erforderliche Zustimmung des individuellen Empf\u00e4ngers definiert, bevor Werbe E-Mails versendet werden d\u00fcrfen.<\/p>\n<p>Zudem hat jeder europ\u00e4ische Staat (auch Deutschland, Schweiz und \u00d6sterreich) ihr eigenes Anti-Spam Gesetz verabschiedet.<\/p>\n<p>&nbsp;<\/p>\n<p>Weitere Informationen zur Anti-Spam Gesetzgebung finden Sie hier:<\/p>\n<ul>\n<li><a href=\"http:\/\/www.ftc.gov\/bcp\/edu\/pubs\/business\/ecommerce\/bus61.shtm\">US\u00a02003 <strong>CAN- SPAM\u00a0Act<\/strong><\/a><\/li>\n<li><a href=\"http:\/\/eur-lex.europa.eu\/LexUriServ\/LexUriServ.do?uri=CELEX:32002L0058:EN:HTML\">Directive<strong> 2002\/58\/EC <\/strong>of the European Parliament<\/a><\/li>\n<li><a href=\"http:\/\/www.bmwi.de\/BMWi\/Navigation\/Presse\/pressemitteilungen,did=140388.html\" target=\"_blank\" rel=\"noopener\">2006 Neues Telemediengesetz der Deutschen Bundesregierung<\/a><\/li>\n<li><a href=\"http:\/\/www.bakom.admin.ch\/dienstleistungen\/info\/00542\/00886\/index.html?lang=de\" target=\"_blank\" rel=\"noopener\">Informationen des Schweizer Bundesamt f\u00fcr Kommunikation<\/a><\/li>\n<\/ul>\n","protected":false},"excerpt":{"rendered":"<p>Heutzutage haben viele L\u00e4nder weltweit Regelungen und Gesetze gegen den Versand von SPAM E-Mails definiert und verabschiedet. Deshalb ist es besonders wichtig f\u00fcr E-Mail Marketing Beauftragte die aktuelle Gesetzeslage des jeweiligen Landes zu kennen und zu befolgen. Au\u00dferdem kann der <\/p>\n<p class=\"read-more-container\"><a class=\"button read-more\" href=\"https:\/\/www.sendblaster.com\/de\/anti-spam-gesetz\/\" title=\"\">Weiterlesen<\/a><\/p>\n","protected":false},"author":2,"featured_media":0,"parent":0,"menu_order":0,"comment_status":"closed","ping_status":"closed","template":"g1_template_page_sidebar_right.php","meta":{"_monsterinsights_skip_tracking":false,"_monsterinsights_sitenote_active":false,"_monsterinsights_sitenote_note":"","_monsterinsights_sitenote_category":0,"footnotes":""},"class_list":["post-2265","page","type-page","status-publish"],"yoast_head":"<!-- This site is optimized with the Yoast SEO plugin v23.5 - https:\/\/yoast.com\/wordpress\/plugins\/seo\/ -->\n<title>Anti-Spam Gesetze und Regelungen in Deutschland, der EU und den USA - SendBlaster newsletter software<\/title>\n<meta name=\"description\" content=\"SendBlaster newsletter software Anti-Spam Gesetze und Regelungen in Deutschland, der EU und den USA Heutzutage haben viele L\u00e4nder weltweit Regelungen und Gesetze gegen den Versand von SPAM E-Mails definiert und verabschiedet. Deshalb ist es besonders\" \/>\n<meta name=\"robots\" content=\"index, follow, max-snippet:-1, max-image-preview:large, max-video-preview:-1\" \/>\n<link rel=\"canonical\" href=\"https:\/\/www.sendblaster.com\/de\/anti-spam-gesetz\/\" \/>\n<meta property=\"og:locale\" content=\"de_DE\" \/>\n<meta property=\"og:type\" content=\"article\" \/>\n<meta property=\"og:title\" content=\"Anti-Spam Gesetze und Regelungen in Deutschland, der EU und den USA - SendBlaster newsletter software\" \/>\n<meta property=\"og:description\" content=\"SendBlaster newsletter software Anti-Spam Gesetze und Regelungen in Deutschland, der EU und den USA Heutzutage haben viele L\u00e4nder weltweit Regelungen und Gesetze gegen den Versand von SPAM E-Mails definiert und verabschiedet. Deshalb ist es besonders\" \/>\n<meta property=\"og:url\" content=\"https:\/\/www.sendblaster.com\/de\/anti-spam-gesetz\/\" \/>\n<meta property=\"og:site_name\" content=\"SendBlaster newsletter software\" \/>\n<meta property=\"article:modified_time\" content=\"2018-05-18T15:39:30+00:00\" \/>\n<meta name=\"twitter:card\" content=\"summary_large_image\" \/>\n<meta name=\"twitter:label1\" content=\"Gesch\u00e4tzte Lesezeit\" \/>\n\t<meta name=\"twitter:data1\" content=\"1\u00a0Minute\" \/>\n<script type=\"application\/ld+json\" class=\"yoast-schema-graph\">{\"@context\":\"https:\/\/schema.org\",\"@graph\":[{\"@type\":\"WebPage\",\"@id\":\"https:\/\/www.sendblaster.com\/de\/anti-spam-gesetz\/\",\"url\":\"https:\/\/www.sendblaster.com\/de\/anti-spam-gesetz\/\",\"name\":\"Anti-Spam Gesetze und Regelungen in Deutschland, der EU und den USA - SendBlaster newsletter software\",\"isPartOf\":{\"@id\":\"https:\/\/www.sendblaster.com\/#website\"},\"datePublished\":\"2018-05-18T15:38:51+00:00\",\"dateModified\":\"2018-05-18T15:39:30+00:00\",\"description\":\"SendBlaster newsletter software Anti-Spam Gesetze und Regelungen in Deutschland, der EU und den USA Heutzutage haben viele L\u00e4nder weltweit Regelungen und Gesetze gegen den Versand von SPAM E-Mails definiert und verabschiedet. Deshalb ist es besonders\",\"breadcrumb\":{\"@id\":\"https:\/\/www.sendblaster.com\/de\/anti-spam-gesetz\/#breadcrumb\"},\"inLanguage\":\"de\",\"potentialAction\":[{\"@type\":\"ReadAction\",\"target\":[\"https:\/\/www.sendblaster.com\/de\/anti-spam-gesetz\/\"]}]},{\"@type\":\"BreadcrumbList\",\"@id\":\"https:\/\/www.sendblaster.com\/de\/anti-spam-gesetz\/#breadcrumb\",\"itemListElement\":[{\"@type\":\"ListItem\",\"position\":1,\"name\":\"Home\",\"item\":\"https:\/\/www.sendblaster.com\/de\/\"},{\"@type\":\"ListItem\",\"position\":2,\"name\":\"Anti-Spam Gesetze und Regelungen in Deutschland, der EU und den USA\"}]},{\"@type\":\"WebSite\",\"@id\":\"https:\/\/www.sendblaster.com\/#website\",\"url\":\"https:\/\/www.sendblaster.com\/\",\"name\":\"SendBlaster newsletter software\",\"description\":\"\",\"publisher\":{\"@id\":\"https:\/\/www.sendblaster.com\/#organization\"},\"potentialAction\":[{\"@type\":\"SearchAction\",\"target\":{\"@type\":\"EntryPoint\",\"urlTemplate\":\"https:\/\/www.sendblaster.com\/?s={search_term_string}\"},\"query-input\":{\"@type\":\"PropertyValueSpecification\",\"valueRequired\":true,\"valueName\":\"search_term_string\"}}],\"inLanguage\":\"de\"},{\"@type\":\"Organization\",\"@id\":\"https:\/\/www.sendblaster.com\/#organization\",\"name\":\"SendBlaster newsletter software\",\"url\":\"https:\/\/www.sendblaster.com\/\",\"logo\":{\"@type\":\"ImageObject\",\"inLanguage\":\"de\",\"@id\":\"https:\/\/www.sendblaster.com\/#\/schema\/logo\/image\/\",\"url\":\"https:\/\/www.sendblaster.com\/wp-content\/uploads\/2021\/09\/logo-svg-2021.svg\",\"contentUrl\":\"https:\/\/www.sendblaster.com\/wp-content\/uploads\/2021\/09\/logo-svg-2021.svg\",\"width\":350,\"height\":70,\"caption\":\"SendBlaster newsletter software\"},\"image\":{\"@id\":\"https:\/\/www.sendblaster.com\/#\/schema\/logo\/image\/\"}}]}<\/script>\n<!-- \/ Yoast SEO plugin. -->","yoast_head_json":{"title":"Anti-Spam Gesetze und Regelungen in Deutschland, der EU und den USA - SendBlaster newsletter software","description":"SendBlaster newsletter software Anti-Spam Gesetze und Regelungen in Deutschland, der EU und den USA Heutzutage haben viele L\u00e4nder weltweit Regelungen und Gesetze gegen den Versand von SPAM E-Mails definiert und verabschiedet. Deshalb ist es besonders","robots":{"index":"index","follow":"follow","max-snippet":"max-snippet:-1","max-image-preview":"max-image-preview:large","max-video-preview":"max-video-preview:-1"},"canonical":"https:\/\/www.sendblaster.com\/de\/anti-spam-gesetz\/","og_locale":"de_DE","og_type":"article","og_title":"Anti-Spam Gesetze und Regelungen in Deutschland, der EU und den USA - SendBlaster newsletter software","og_description":"SendBlaster newsletter software Anti-Spam Gesetze und Regelungen in Deutschland, der EU und den USA Heutzutage haben viele L\u00e4nder weltweit Regelungen und Gesetze gegen den Versand von SPAM E-Mails definiert und verabschiedet. Deshalb ist es besonders","og_url":"https:\/\/www.sendblaster.com\/de\/anti-spam-gesetz\/","og_site_name":"SendBlaster newsletter software","article_modified_time":"2018-05-18T15:39:30+00:00","twitter_card":"summary_large_image","twitter_misc":{"Gesch\u00e4tzte Lesezeit":"1\u00a0Minute"},"schema":{"@context":"https:\/\/schema.org","@graph":[{"@type":"WebPage","@id":"https:\/\/www.sendblaster.com\/de\/anti-spam-gesetz\/","url":"https:\/\/www.sendblaster.com\/de\/anti-spam-gesetz\/","name":"Anti-Spam Gesetze und Regelungen in Deutschland, der EU und den USA - SendBlaster newsletter software","isPartOf":{"@id":"https:\/\/www.sendblaster.com\/#website"},"datePublished":"2018-05-18T15:38:51+00:00","dateModified":"2018-05-18T15:39:30+00:00","description":"SendBlaster newsletter software Anti-Spam Gesetze und Regelungen in Deutschland, der EU und den USA Heutzutage haben viele L\u00e4nder weltweit Regelungen und Gesetze gegen den Versand von SPAM E-Mails definiert und verabschiedet. Deshalb ist es besonders","breadcrumb":{"@id":"https:\/\/www.sendblaster.com\/de\/anti-spam-gesetz\/#breadcrumb"},"inLanguage":"de","potentialAction":[{"@type":"ReadAction","target":["https:\/\/www.sendblaster.com\/de\/anti-spam-gesetz\/"]}]},{"@type":"BreadcrumbList","@id":"https:\/\/www.sendblaster.com\/de\/anti-spam-gesetz\/#breadcrumb","itemListElement":[{"@type":"ListItem","position":1,"name":"Home","item":"https:\/\/www.sendblaster.com\/de\/"},{"@type":"ListItem","position":2,"name":"Anti-Spam Gesetze und Regelungen in Deutschland, der EU und den USA"}]},{"@type":"WebSite","@id":"https:\/\/www.sendblaster.com\/#website","url":"https:\/\/www.sendblaster.com\/","name":"SendBlaster newsletter software","description":"","publisher":{"@id":"https:\/\/www.sendblaster.com\/#organization"},"potentialAction":[{"@type":"SearchAction","target":{"@type":"EntryPoint","urlTemplate":"https:\/\/www.sendblaster.com\/?s={search_term_string}"},"query-input":{"@type":"PropertyValueSpecification","valueRequired":true,"valueName":"search_term_string"}}],"inLanguage":"de"},{"@type":"Organization","@id":"https:\/\/www.sendblaster.com\/#organization","name":"SendBlaster newsletter software","url":"https:\/\/www.sendblaster.com\/","logo":{"@type":"ImageObject","inLanguage":"de","@id":"https:\/\/www.sendblaster.com\/#\/schema\/logo\/image\/","url":"https:\/\/www.sendblaster.com\/wp-content\/uploads\/2021\/09\/logo-svg-2021.svg","contentUrl":"https:\/\/www.sendblaster.com\/wp-content\/uploads\/2021\/09\/logo-svg-2021.svg","width":350,"height":70,"caption":"SendBlaster newsletter software"},"image":{"@id":"https:\/\/www.sendblaster.com\/#\/schema\/logo\/image\/"}}]}},"_links":{"self":[{"href":"https:\/\/www.sendblaster.com\/de\/wp-json\/wp\/v2\/pages\/2265"}],"collection":[{"href":"https:\/\/www.sendblaster.com\/de\/wp-json\/wp\/v2\/pages"}],"about":[{"href":"https:\/\/www.sendblaster.com\/de\/wp-json\/wp\/v2\/types\/page"}],"author":[{"embeddable":true,"href":"https:\/\/www.sendblaster.com\/de\/wp-json\/wp\/v2\/users\/2"}],"replies":[{"embeddable":true,"href":"https:\/\/www.sendblaster.com\/de\/wp-json\/wp\/v2\/comments?post=2265"}],"version-history":[{"count":2,"href":"https:\/\/www.sendblaster.com\/de\/wp-json\/wp\/v2\/pages\/2265\/revisions"}],"predecessor-version":[{"id":2267,"href":"https:\/\/www.sendblaster.com\/de\/wp-json\/wp\/v2\/pages\/2265\/revisions\/2267"}],"wp:attachment":[{"href":"https:\/\/www.sendblaster.com\/de\/wp-json\/wp\/v2\/media?parent=2265"}],"curies":[{"name":"wp","href":"https:\/\/api.w.org\/{rel}","templated":true}]}}