{"id":2258,"date":"2018-05-18T15:17:46","date_gmt":"2018-05-18T15:17:46","guid":{"rendered":"https:\/\/www.sendblaster.com\/wpnew-2018\/?page_id=2258"},"modified":"2018-05-18T15:22:38","modified_gmt":"2018-05-18T15:22:38","slug":"250-e-mail-vorlagen-fur-jeden-zweck-auswahlen","status":"publish","type":"page","link":"https:\/\/www.sendblaster.com\/de\/250-e-mail-vorlagen-fur-jeden-zweck-auswahlen\/","title":{"rendered":"Aus \u00fcber 250 HTML-E-Mail-Vorlagen f\u00fcr jeden Zweck ausw\u00e4hlen"},"content":{"rendered":"<p><img decoding=\"async\" class=\"size-full wp-image-2260 aligncenter\" src=\"https:\/\/www.sendblaster.com\/wp-content\/uploads\/2018\/05\/categorized-email-templates-1.jpg\" alt=\"\" width=\"660\" height=\"371\" srcset=\"https:\/\/www.sendblaster.com\/wp-content\/uploads\/2018\/05\/categorized-email-templates-1.jpg 660w, https:\/\/www.sendblaster.com\/wp-content\/uploads\/2018\/05\/categorized-email-templates-1-300x169.jpg 300w, https:\/\/www.sendblaster.com\/wp-content\/uploads\/2018\/05\/categorized-email-templates-1-636x358.jpg 636w, https:\/\/www.sendblaster.com\/wp-content\/uploads\/2018\/05\/categorized-email-templates-1-482x271.jpg 482w, https:\/\/www.sendblaster.com\/wp-content\/uploads\/2018\/05\/categorized-email-templates-1-320x180.jpg 320w, https:\/\/www.sendblaster.com\/wp-content\/uploads\/2018\/05\/categorized-email-templates-1-239x134.jpg 239w\" sizes=\"(max-width: 660px) 100vw, 660px\" \/><\/p>\n<div class=\"box-info new-icon\"><strong>Diese neue Funktion ist sowohl in der KOSTENLOSEN als auch in der PRO-Version von SendBlaster 3 verf\u00fcgbar.<\/strong><\/div>\n<p>&nbsp;<\/p>\n<p>Ob Sie einen Sch\u00f6nheitssalon, ein Reiseb\u00fcro oder eine professionelle Dienstleistungsfirma f\u00fchren, wir sind sicher, dass Sie die richtige E-Mail-Vorlage f\u00fcr Ihre Zwecke in SendBlaster 3 finden.<\/p>\n<p>In der Tat kommt SendBlaster 3 mit \u00fcber 250 nach Kategorien sortierten professionell gestalteten HTML-E-Mail-Vorlagen, einschlie\u00dflich 100 brandneuen Originalvorlagen. Alle Vorlagen wurden auf ihre Funktionsf\u00e4higkeit in allen g\u00e4ngigen E-Mail Clients getestet und gepr\u00fcft, einschlie\u00dflich Google Mail, Yahoo! Mail, Hotmail, Outlook 2007, 2010, usw.<\/p>\n<p>Das bedeutet, dass Ihre Abonnenten unabh\u00e4ngig von dem von ihnen verwendeten E-Mail-Programm eine gut aussehende E-Mail-Nachricht empfangen. Sie m\u00fcssen nur Ihre Lieblingsvorlage ausw\u00e4hlen und diese mit Ihren Inhalten, Bildern und Links anpassen! \u00d6ffnen Sie SendBlaster und klicken Sie auf den Bereich Nachricht verfassen. Danach klicken Sie auf Vorlage w\u00e4hlen.<\/p>\n<p>&nbsp;<\/p>\n<p><img decoding=\"async\" class=\"alignnone size-full wp-image-2261\" src=\"https:\/\/www.sendblaster.com\/wp-content\/uploads\/2018\/05\/categorized-email-templates-2-1.jpg\" alt=\"\" width=\"312\" height=\"149\" srcset=\"https:\/\/www.sendblaster.com\/wp-content\/uploads\/2018\/05\/categorized-email-templates-2-1.jpg 312w, https:\/\/www.sendblaster.com\/wp-content\/uploads\/2018\/05\/categorized-email-templates-2-1-300x143.jpg 300w, https:\/\/www.sendblaster.com\/wp-content\/uploads\/2018\/05\/categorized-email-templates-2-1-239x114.jpg 239w\" sizes=\"(max-width: 312px) 100vw, 312px\" \/><\/p>\n<p>&nbsp;<\/p>\n<p>Jetzt k\u00f6nnen Sie Ihre Lieblingsvorlage aus verschiedenen Kategorien, wie beispielsweise Gesch\u00e4ft, Unterhaltung, Essen, Sport und Technik w\u00e4hlen.<\/p>\n<p>&nbsp;<\/p>\n<p><img decoding=\"async\" class=\"alignnone size-full wp-image-2262\" src=\"https:\/\/www.sendblaster.com\/wp-content\/uploads\/2018\/05\/categorized-email-templates-3-1.jpg\" alt=\"\" width=\"568\" height=\"421\" srcset=\"https:\/\/www.sendblaster.com\/wp-content\/uploads\/2018\/05\/categorized-email-templates-3-1.jpg 568w, https:\/\/www.sendblaster.com\/wp-content\/uploads\/2018\/05\/categorized-email-templates-3-1-300x222.jpg 300w, https:\/\/www.sendblaster.com\/wp-content\/uploads\/2018\/05\/categorized-email-templates-3-1-320x237.jpg 320w, https:\/\/www.sendblaster.com\/wp-content\/uploads\/2018\/05\/categorized-email-templates-3-1-239x177.jpg 239w\" sizes=\"(max-width: 568px) 100vw, 568px\" \/><\/p>\n<p>&nbsp;<\/p>\n<p>Sie k\u00f6nnen aus Hunderten verschiedenen Designs und Layouts gem\u00e4\u00df Ihren Bed\u00fcrfnissen und Vorlieben w\u00e4hlen.<\/p>\n<p>Wir haben alle Arten von E-Mail-Vorlagen:<\/p>\n<ul>\n<li>Ein- und zweispaltig,<\/li>\n<li>mehrere Farbschemen,<\/li>\n<li>ordentlich gestylt,<\/li>\n<li>minimalistische und kreative Designs.Sie k\u00f6nnen unsere HTML-E-Mail-Vorlagen nicht nur f\u00fcr Ihre E-Mail-Newsletter verwenden, sondern auch f\u00fcr eine Vielzahl von Gelegenheiten, wie E-Mail-Angebote, E-Mail-Einladungen und Urlaubsgr\u00fc\u00dfe. E-Mail-Vorlagen in SendBlaster eigenen sich f\u00fcr alle, vom Anf\u00e4nger bis zum HTML-Experten. Sie m\u00fcssen f\u00fcr ihre Verwendung keinen Quellcode schreiben. Neulinge k\u00f6nnen sie ausw\u00e4hlen und diese dann einfach durch Hinzuf\u00fcgen von benutzerdefinierten Texten und Grafiken, ohne eine einzige Zeile Code zu schreiben, anpassen.Anderseits k\u00f6nnen Programmierer den HTML-Code mithilfe des von SendBlaster gestellten Inline-HTML-Editor oder einem anderen Editor, beispielsweise Adobe Dreamweaver (oder Kompozerals kostenlose Option) bearbeiten. Wenn Sie eine Vorlage von Grund auf neu entworfen haben und diese erneut verwenden m\u00fcssen, dann sollten Sie die Nachricht &#8222;Als Vorlage&#8220; speichern. Sie finden sie schneller in der Vorlagenliste.\n<p>&nbsp;<\/p>\n<div class=\"box-info info-icon\">\n<p><strong>HINWEIS<\/strong><\/p>\n<p><i>Sie k\u00f6nnen Ihre benutzerdefinierten Vorlagen auch kategorisieren! Schreiben Sie einfach die gew\u00fcnschte Kategorie in Klammern + Dateinamen. Es funktioniert sowohl f\u00fcr existierende als auch f\u00fcr neue Kategorien.<\/i><\/p>\n<p><i>Beispielsweise:<br \/>\nExistierende Vorlagenkategorie<br \/>\n&#8222;Gesch\u00e4ft&#8220;(Gesch\u00e4ft) email-invitation.eml<\/i><\/p>\n<p><i>oder<br \/>\nNeu Vorlagenkategorie &#8222;Mein Kunde&#8220; (Mein Kunde) email-invitation.eml<\/i><\/p>\n<\/div>\n<p>&nbsp;<\/p>\n<p>Wenn Sie eine <strong>individuell gestaltete E-Mail-Vorlage<\/strong> ben\u00f6tigen, k\u00f6nnen wir Ihnen auch helfen. Unser Team von Web-Designern wird die Arbeit f\u00fcr Sie erledigen und Ihre einzigartige E-Mail-Vorlage nach Ihren W\u00fcnschen und Bed\u00fcrfnissen gestalten.<\/li>\n<\/ul>\n","protected":false},"excerpt":{"rendered":"<p>Diese neue Funktion ist sowohl in der KOSTENLOSEN als auch in der PRO-Version von SendBlaster 3 verf\u00fcgbar. &nbsp; Ob Sie einen Sch\u00f6nheitssalon, ein Reiseb\u00fcro oder eine professionelle Dienstleistungsfirma f\u00fchren, wir sind sicher, dass Sie die richtige E-Mail-Vorlage f\u00fcr Ihre Zwecke <\/p>\n<p class=\"read-more-container\"><a class=\"button read-more\" href=\"https:\/\/www.sendblaster.com\/de\/250-e-mail-vorlagen-fur-jeden-zweck-auswahlen\/\" title=\"\">Weiterlesen<\/a><\/p>\n","protected":false},"author":2,"featured_media":0,"parent":0,"menu_order":0,"comment_status":"closed","ping_status":"closed","template":"g1_template_page_sidebar_right.php","meta":{"_monsterinsights_skip_tracking":false,"_monsterinsights_sitenote_active":false,"_monsterinsights_sitenote_note":"","_monsterinsights_sitenote_category":0,"footnotes":""},"class_list":["post-2258","page","type-page","status-publish"],"yoast_head":"<!-- This site is optimized with the Yoast SEO plugin v23.5 - https:\/\/yoast.com\/wordpress\/plugins\/seo\/ -->\n<title>Aus \u00fcber 250 HTML-E-Mail-Vorlagen f\u00fcr jeden Zweck ausw\u00e4hlen - SendBlaster newsletter software<\/title>\n<meta name=\"description\" content=\"SendBlaster newsletter software Aus \u00fcber 250 HTML-E-Mail-Vorlagen f\u00fcr jeden Zweck ausw\u00e4hlen Diese neue Funktion ist sowohl in der KOSTENLOSEN als auch in der PRO-Version von SendBlaster 3 verf\u00fcgbar. &nbsp; Ob Sie einen Sch\u00f6nheitssalon, ein\" \/>\n<meta name=\"robots\" content=\"index, follow, max-snippet:-1, max-image-preview:large, max-video-preview:-1\" \/>\n<link rel=\"canonical\" href=\"https:\/\/www.sendblaster.com\/de\/250-e-mail-vorlagen-fur-jeden-zweck-auswahlen\/\" \/>\n<meta property=\"og:locale\" content=\"de_DE\" \/>\n<meta property=\"og:type\" content=\"article\" \/>\n<meta property=\"og:title\" content=\"Aus \u00fcber 250 HTML-E-Mail-Vorlagen f\u00fcr jeden Zweck ausw\u00e4hlen - SendBlaster newsletter software\" \/>\n<meta property=\"og:description\" content=\"SendBlaster newsletter software Aus \u00fcber 250 HTML-E-Mail-Vorlagen f\u00fcr jeden Zweck ausw\u00e4hlen Diese neue Funktion ist sowohl in der KOSTENLOSEN als auch in der PRO-Version von SendBlaster 3 verf\u00fcgbar. &nbsp; Ob Sie einen Sch\u00f6nheitssalon, ein\" \/>\n<meta property=\"og:url\" content=\"https:\/\/www.sendblaster.com\/de\/250-e-mail-vorlagen-fur-jeden-zweck-auswahlen\/\" \/>\n<meta property=\"og:site_name\" content=\"SendBlaster newsletter software\" \/>\n<meta property=\"article:modified_time\" content=\"2018-05-18T15:22:38+00:00\" \/>\n<meta property=\"og:image\" content=\"https:\/\/www.sendblaster.com\/wp-content\/uploads\/2018\/05\/categorized-email-templates-1.jpg\" \/>\n<meta name=\"twitter:card\" content=\"summary_large_image\" \/>\n<meta name=\"twitter:label1\" content=\"Gesch\u00e4tzte Lesezeit\" \/>\n\t<meta name=\"twitter:data1\" content=\"2\u00a0Minuten\" \/>\n<script type=\"application\/ld+json\" class=\"yoast-schema-graph\">{\"@context\":\"https:\/\/schema.org\",\"@graph\":[{\"@type\":\"WebPage\",\"@id\":\"https:\/\/www.sendblaster.com\/de\/250-e-mail-vorlagen-fur-jeden-zweck-auswahlen\/\",\"url\":\"https:\/\/www.sendblaster.com\/de\/250-e-mail-vorlagen-fur-jeden-zweck-auswahlen\/\",\"name\":\"Aus \u00fcber 250 HTML-E-Mail-Vorlagen f\u00fcr jeden Zweck ausw\u00e4hlen - SendBlaster newsletter software\",\"isPartOf\":{\"@id\":\"https:\/\/www.sendblaster.com\/#website\"},\"primaryImageOfPage\":{\"@id\":\"https:\/\/www.sendblaster.com\/de\/250-e-mail-vorlagen-fur-jeden-zweck-auswahlen\/#primaryimage\"},\"image\":{\"@id\":\"https:\/\/www.sendblaster.com\/de\/250-e-mail-vorlagen-fur-jeden-zweck-auswahlen\/#primaryimage\"},\"thumbnailUrl\":\"https:\/\/www.sendblaster.com\/wp-content\/uploads\/2018\/05\/categorized-email-templates-1.jpg\",\"datePublished\":\"2018-05-18T15:17:46+00:00\",\"dateModified\":\"2018-05-18T15:22:38+00:00\",\"description\":\"SendBlaster newsletter software Aus \u00fcber 250 HTML-E-Mail-Vorlagen f\u00fcr jeden Zweck ausw\u00e4hlen Diese neue Funktion ist sowohl in der KOSTENLOSEN als auch in der PRO-Version von SendBlaster 3 verf\u00fcgbar. &nbsp; Ob Sie einen Sch\u00f6nheitssalon, ein\",\"breadcrumb\":{\"@id\":\"https:\/\/www.sendblaster.com\/de\/250-e-mail-vorlagen-fur-jeden-zweck-auswahlen\/#breadcrumb\"},\"inLanguage\":\"de\",\"potentialAction\":[{\"@type\":\"ReadAction\",\"target\":[\"https:\/\/www.sendblaster.com\/de\/250-e-mail-vorlagen-fur-jeden-zweck-auswahlen\/\"]}]},{\"@type\":\"ImageObject\",\"inLanguage\":\"de\",\"@id\":\"https:\/\/www.sendblaster.com\/de\/250-e-mail-vorlagen-fur-jeden-zweck-auswahlen\/#primaryimage\",\"url\":\"https:\/\/www.sendblaster.com\/wp-content\/uploads\/2018\/05\/categorized-email-templates-1.jpg\",\"contentUrl\":\"https:\/\/www.sendblaster.com\/wp-content\/uploads\/2018\/05\/categorized-email-templates-1.jpg\"},{\"@type\":\"BreadcrumbList\",\"@id\":\"https:\/\/www.sendblaster.com\/de\/250-e-mail-vorlagen-fur-jeden-zweck-auswahlen\/#breadcrumb\",\"itemListElement\":[{\"@type\":\"ListItem\",\"position\":1,\"name\":\"Home\",\"item\":\"https:\/\/www.sendblaster.com\/de\/\"},{\"@type\":\"ListItem\",\"position\":2,\"name\":\"Aus \u00fcber 250 HTML-E-Mail-Vorlagen f\u00fcr jeden Zweck ausw\u00e4hlen\"}]},{\"@type\":\"WebSite\",\"@id\":\"https:\/\/www.sendblaster.com\/#website\",\"url\":\"https:\/\/www.sendblaster.com\/\",\"name\":\"SendBlaster newsletter software\",\"description\":\"\",\"publisher\":{\"@id\":\"https:\/\/www.sendblaster.com\/#organization\"},\"potentialAction\":[{\"@type\":\"SearchAction\",\"target\":{\"@type\":\"EntryPoint\",\"urlTemplate\":\"https:\/\/www.sendblaster.com\/?s={search_term_string}\"},\"query-input\":{\"@type\":\"PropertyValueSpecification\",\"valueRequired\":true,\"valueName\":\"search_term_string\"}}],\"inLanguage\":\"de\"},{\"@type\":\"Organization\",\"@id\":\"https:\/\/www.sendblaster.com\/#organization\",\"name\":\"SendBlaster newsletter software\",\"url\":\"https:\/\/www.sendblaster.com\/\",\"logo\":{\"@type\":\"ImageObject\",\"inLanguage\":\"de\",\"@id\":\"https:\/\/www.sendblaster.com\/#\/schema\/logo\/image\/\",\"url\":\"https:\/\/www.sendblaster.com\/wp-content\/uploads\/2021\/09\/logo-svg-2021.svg\",\"contentUrl\":\"https:\/\/www.sendblaster.com\/wp-content\/uploads\/2021\/09\/logo-svg-2021.svg\",\"width\":350,\"height\":70,\"caption\":\"SendBlaster newsletter software\"},\"image\":{\"@id\":\"https:\/\/www.sendblaster.com\/#\/schema\/logo\/image\/\"}}]}<\/script>\n<!-- \/ Yoast SEO plugin. -->","yoast_head_json":{"title":"Aus \u00fcber 250 HTML-E-Mail-Vorlagen f\u00fcr jeden Zweck ausw\u00e4hlen - SendBlaster newsletter software","description":"SendBlaster newsletter software Aus \u00fcber 250 HTML-E-Mail-Vorlagen f\u00fcr jeden Zweck ausw\u00e4hlen Diese neue Funktion ist sowohl in der KOSTENLOSEN als auch in der PRO-Version von SendBlaster 3 verf\u00fcgbar. &nbsp; Ob Sie einen Sch\u00f6nheitssalon, ein","robots":{"index":"index","follow":"follow","max-snippet":"max-snippet:-1","max-image-preview":"max-image-preview:large","max-video-preview":"max-video-preview:-1"},"canonical":"https:\/\/www.sendblaster.com\/de\/250-e-mail-vorlagen-fur-jeden-zweck-auswahlen\/","og_locale":"de_DE","og_type":"article","og_title":"Aus \u00fcber 250 HTML-E-Mail-Vorlagen f\u00fcr jeden Zweck ausw\u00e4hlen - SendBlaster newsletter software","og_description":"SendBlaster newsletter software Aus \u00fcber 250 HTML-E-Mail-Vorlagen f\u00fcr jeden Zweck ausw\u00e4hlen Diese neue Funktion ist sowohl in der KOSTENLOSEN als auch in der PRO-Version von SendBlaster 3 verf\u00fcgbar. &nbsp; Ob Sie einen Sch\u00f6nheitssalon, ein","og_url":"https:\/\/www.sendblaster.com\/de\/250-e-mail-vorlagen-fur-jeden-zweck-auswahlen\/","og_site_name":"SendBlaster newsletter software","article_modified_time":"2018-05-18T15:22:38+00:00","og_image":[{"url":"https:\/\/www.sendblaster.com\/wp-content\/uploads\/2018\/05\/categorized-email-templates-1.jpg"}],"twitter_card":"summary_large_image","twitter_misc":{"Gesch\u00e4tzte Lesezeit":"2\u00a0Minuten"},"schema":{"@context":"https:\/\/schema.org","@graph":[{"@type":"WebPage","@id":"https:\/\/www.sendblaster.com\/de\/250-e-mail-vorlagen-fur-jeden-zweck-auswahlen\/","url":"https:\/\/www.sendblaster.com\/de\/250-e-mail-vorlagen-fur-jeden-zweck-auswahlen\/","name":"Aus \u00fcber 250 HTML-E-Mail-Vorlagen f\u00fcr jeden Zweck ausw\u00e4hlen - SendBlaster newsletter software","isPartOf":{"@id":"https:\/\/www.sendblaster.com\/#website"},"primaryImageOfPage":{"@id":"https:\/\/www.sendblaster.com\/de\/250-e-mail-vorlagen-fur-jeden-zweck-auswahlen\/#primaryimage"},"image":{"@id":"https:\/\/www.sendblaster.com\/de\/250-e-mail-vorlagen-fur-jeden-zweck-auswahlen\/#primaryimage"},"thumbnailUrl":"https:\/\/www.sendblaster.com\/wp-content\/uploads\/2018\/05\/categorized-email-templates-1.jpg","datePublished":"2018-05-18T15:17:46+00:00","dateModified":"2018-05-18T15:22:38+00:00","description":"SendBlaster newsletter software Aus \u00fcber 250 HTML-E-Mail-Vorlagen f\u00fcr jeden Zweck ausw\u00e4hlen Diese neue Funktion ist sowohl in der KOSTENLOSEN als auch in der PRO-Version von SendBlaster 3 verf\u00fcgbar. &nbsp; Ob Sie einen Sch\u00f6nheitssalon, ein","breadcrumb":{"@id":"https:\/\/www.sendblaster.com\/de\/250-e-mail-vorlagen-fur-jeden-zweck-auswahlen\/#breadcrumb"},"inLanguage":"de","potentialAction":[{"@type":"ReadAction","target":["https:\/\/www.sendblaster.com\/de\/250-e-mail-vorlagen-fur-jeden-zweck-auswahlen\/"]}]},{"@type":"ImageObject","inLanguage":"de","@id":"https:\/\/www.sendblaster.com\/de\/250-e-mail-vorlagen-fur-jeden-zweck-auswahlen\/#primaryimage","url":"https:\/\/www.sendblaster.com\/wp-content\/uploads\/2018\/05\/categorized-email-templates-1.jpg","contentUrl":"https:\/\/www.sendblaster.com\/wp-content\/uploads\/2018\/05\/categorized-email-templates-1.jpg"},{"@type":"BreadcrumbList","@id":"https:\/\/www.sendblaster.com\/de\/250-e-mail-vorlagen-fur-jeden-zweck-auswahlen\/#breadcrumb","itemListElement":[{"@type":"ListItem","position":1,"name":"Home","item":"https:\/\/www.sendblaster.com\/de\/"},{"@type":"ListItem","position":2,"name":"Aus \u00fcber 250 HTML-E-Mail-Vorlagen f\u00fcr jeden Zweck ausw\u00e4hlen"}]},{"@type":"WebSite","@id":"https:\/\/www.sendblaster.com\/#website","url":"https:\/\/www.sendblaster.com\/","name":"SendBlaster newsletter software","description":"","publisher":{"@id":"https:\/\/www.sendblaster.com\/#organization"},"potentialAction":[{"@type":"SearchAction","target":{"@type":"EntryPoint","urlTemplate":"https:\/\/www.sendblaster.com\/?s={search_term_string}"},"query-input":{"@type":"PropertyValueSpecification","valueRequired":true,"valueName":"search_term_string"}}],"inLanguage":"de"},{"@type":"Organization","@id":"https:\/\/www.sendblaster.com\/#organization","name":"SendBlaster newsletter software","url":"https:\/\/www.sendblaster.com\/","logo":{"@type":"ImageObject","inLanguage":"de","@id":"https:\/\/www.sendblaster.com\/#\/schema\/logo\/image\/","url":"https:\/\/www.sendblaster.com\/wp-content\/uploads\/2021\/09\/logo-svg-2021.svg","contentUrl":"https:\/\/www.sendblaster.com\/wp-content\/uploads\/2021\/09\/logo-svg-2021.svg","width":350,"height":70,"caption":"SendBlaster newsletter software"},"image":{"@id":"https:\/\/www.sendblaster.com\/#\/schema\/logo\/image\/"}}]}},"_links":{"self":[{"href":"https:\/\/www.sendblaster.com\/de\/wp-json\/wp\/v2\/pages\/2258"}],"collection":[{"href":"https:\/\/www.sendblaster.com\/de\/wp-json\/wp\/v2\/pages"}],"about":[{"href":"https:\/\/www.sendblaster.com\/de\/wp-json\/wp\/v2\/types\/page"}],"author":[{"embeddable":true,"href":"https:\/\/www.sendblaster.com\/de\/wp-json\/wp\/v2\/users\/2"}],"replies":[{"embeddable":true,"href":"https:\/\/www.sendblaster.com\/de\/wp-json\/wp\/v2\/comments?post=2258"}],"version-history":[{"count":3,"href":"https:\/\/www.sendblaster.com\/de\/wp-json\/wp\/v2\/pages\/2258\/revisions"}],"predecessor-version":[{"id":2264,"href":"https:\/\/www.sendblaster.com\/de\/wp-json\/wp\/v2\/pages\/2258\/revisions\/2264"}],"wp:attachment":[{"href":"https:\/\/www.sendblaster.com\/de\/wp-json\/wp\/v2\/media?parent=2258"}],"curies":[{"name":"wp","href":"https:\/\/api.w.org\/{rel}","templated":true}]}}