{"id":1962,"date":"2018-05-16T08:04:31","date_gmt":"2018-05-16T08:04:31","guid":{"rendered":"https:\/\/www.sendblaster.com\/wpnew-2018\/?page_id=1962"},"modified":"2018-05-16T08:04:47","modified_gmt":"2018-05-16T08:04:47","slug":"festlegen-einer-return-path-adresse","status":"publish","type":"page","link":"https:\/\/www.sendblaster.com\/de\/festlegen-einer-return-path-adresse\/","title":{"rendered":"Festlegen einer Return-Path-Adresse f\u00fcr eine einfachere Unzustellbarkeit-Verarbeitung"},"content":{"rendered":"<p>Wir alle wissen, dass eine der besten Praktiken in E-Mail-Marketing ist, die <strong>E-Mail-Liste sauber<\/strong> zu halten. Doch es ist auch wahr, dass selbst wenn Sie alles unternehmen, um Ihre E-Mail-Liste sauber zu halten, dass <strong>Unzustellbarkeiten dennoch auftreten<\/strong>!<\/p>\n<p>Normalerweise werden alle E-Mail-Fehler, die sich auf unzustellbare E-Mails beziehen, an den Absender der E-Mail-Adresse gesendet.<\/p>\n<p><strong>SendBlaster 3<\/strong> erm\u00f6glicht Ihnen, <strong>eine benutzerdefinierte Return-Path-Adresse<\/strong> festzulegen, sodass alle Ihre ausgehenden E-Mails, die eine Unzustellbarkeit erstellen zu einem bestimmten E-Mail-Konto (z. B. bounces@yourdomain.com) weitergeleitet werden, und nicht zur &#8222;FORM&#8220;-Adresse.<\/p>\n<p>Auf diese Weise k\u00f6nnen Sie Unzustellbarkeiten effizienter verwalten, da all die Fehlermeldungen nicht mit den &#8222;guten&#8220; E-Mails im gleichen E-Mail-Konto vermischt werden.<\/p>\n<p>&nbsp;<\/p>\n<h2>Doch was ist Return-Path?<\/h2>\n<p>Return-Path ist ein wichtiges Feld, das zusammen mit anderen Feldern wie Von, Betreff, Datum, Umschlag-zu und Lieferdatum in der Mail-Kopfzeile, <strong>das die E-Mail-Adresse anzeigt, an welche Unzustellbarkeiten geliefert werden sollen<\/strong>. Wie alle anderen Felder ist der Return-Path nicht sichtbar.<\/p>\n<p>Wenn Sie jedes Mal beim Senden einer Sendung mit SendBlaster eine benutzerdefinierte Return-Path-Adresse hinzuf\u00fcgen m\u00f6chten, w\u00e4hlen Sie einfach den <strong>Bereich Senden<\/strong> und klicken dann auf <strong>Verschiedene Adressen f\u00fcr Antworten und Unzustellbarkeit w\u00e4hlen<\/strong>.<\/p>\n<p>Das Adressfeld &#8222;Return-Path&#8220; wird neben dem Feld &#8222;Antwort an Adresse&#8220; angezeigt. Jetzt geben Sie einfach die E-Mail-Adresse an, an welche Ihre unzustellbaren Nachrichten gesendet werden sollen.<\/p>\n<p><img decoding=\"async\" width=\"612\" height=\"209\" alt=\"\" src=\"https:\/\/www.sendblaster.com\/wp-content\/uploads\/2018\/04\/return-path.jpg\" title=\"Festlegen einer Return-Path-Adresse f\u00fcr eine einfachere Unzustellbarkeit-Verarbeitung\" \/><\/p>\n<p>Wenn Sie eine benutzerdefinierte Return-Path-Adresse Ihren E-Mails hinzuf\u00fcgen, und Sie gepr\u00fcft haben, dass diese richtig funktioniert, dann m\u00fcssen Sie auch daran denken, Sie im Bereich <strong>Unzustellbare verwalten einzugeben<\/strong>, um regelm\u00e4\u00dfige Hygienekontrollen durchzuf\u00fchren (z. B. automatisches Verarbeiten B. automatisches Verarbeiten und Entfernen von unzustellbaren E-Mail-Adressen aus der Liste).<\/p>\n<p>&nbsp;<\/p>\n<div id=\"\" class=\"g1-message g1-message--info \" ><div class=\"g1-inner\"><strong>VORSICHT<\/strong><br \/>Bitte beachten Sie, dass <strong>Mail-Server Return-Path anders interpretieren<\/strong>. Nach ihren Regeln k\u00f6nnen sie beispielsweise automatisch die Felder Return-Path-Kopfzeile entfernen und ihre eigenen hinzuf\u00fcgen. Das bedeutet, wenn Sie &#8222;SMTP-Server&#8220; als Sendemodus gew\u00e4hlt haben, werden Sie wahrscheinlich nicht Ihren eigenen Return-Path verwenden k\u00f6nnen, da er \u00fcberschrieben oder ausgeblendet werden kann, bevor die Nachricht Ihren Empf\u00e4nger im Posteingang erreicht.<br \/>\nAus diesem Grund empfehlen wir, dass Sie nur einen benutzerdefinierten Return-Path einstellen, wenn Sie <strong>Direkt senden<\/strong> f\u00fcr das Senden Sie Ihre Sendungen verwenden. Wir empfehlen Ihnen ebenfalls, dieses Feld nur zu bearbeiten, wenn Sie wissen, was Sie tun! Ein falsche Verwendung des Feldes Return-Path-Kopfzeile kann zu gro\u00dfen Problemen f\u00fchren, vor allem in Bezug auf <strong>Zustellbarkeit<\/strong>.<\/div><\/div>\n","protected":false},"excerpt":{"rendered":"<p>Wir alle wissen, dass eine der besten Praktiken in E-Mail-Marketing ist, die E-Mail-Liste sauber zu halten. Doch es ist auch wahr, dass selbst wenn Sie alles unternehmen, um Ihre E-Mail-Liste sauber zu halten, dass Unzustellbarkeiten dennoch auftreten! Normalerweise werden alle <\/p>\n<p class=\"read-more-container\"><a class=\"button read-more\" href=\"https:\/\/www.sendblaster.com\/de\/festlegen-einer-return-path-adresse\/\" title=\"\">Weiterlesen<\/a><\/p>\n","protected":false},"author":1,"featured_media":0,"parent":0,"menu_order":0,"comment_status":"closed","ping_status":"closed","template":"","meta":{"_monsterinsights_skip_tracking":false,"_monsterinsights_sitenote_active":false,"_monsterinsights_sitenote_note":"","_monsterinsights_sitenote_category":0,"footnotes":""},"class_list":["post-1962","page","type-page","status-publish"],"yoast_head":"<!-- This site is optimized with the Yoast SEO plugin v23.5 - https:\/\/yoast.com\/wordpress\/plugins\/seo\/ -->\n<title>Festlegen einer Return-Path-Adresse f\u00fcr eine einfachere Unzustellbarkeit-Verarbeitung - SendBlaster newsletter software<\/title>\n<meta name=\"description\" content=\"SendBlaster newsletter software Festlegen einer Return-Path-Adresse f\u00fcr eine einfachere Unzustellbarkeit-Verarbeitung Wir alle wissen, dass eine der besten Praktiken in E-Mail-Marketing ist, die E-Mail-Liste sauber zu halten. Doch es ist auch wahr, dass selbst wenn Sie\" \/>\n<meta name=\"robots\" content=\"index, follow, max-snippet:-1, max-image-preview:large, max-video-preview:-1\" \/>\n<link rel=\"canonical\" href=\"https:\/\/www.sendblaster.com\/de\/festlegen-einer-return-path-adresse\/\" \/>\n<meta property=\"og:locale\" content=\"de_DE\" \/>\n<meta property=\"og:type\" content=\"article\" \/>\n<meta property=\"og:title\" content=\"Festlegen einer Return-Path-Adresse f\u00fcr eine einfachere Unzustellbarkeit-Verarbeitung - SendBlaster newsletter software\" \/>\n<meta property=\"og:description\" content=\"SendBlaster newsletter software Festlegen einer Return-Path-Adresse f\u00fcr eine einfachere Unzustellbarkeit-Verarbeitung Wir alle wissen, dass eine der besten Praktiken in E-Mail-Marketing ist, die E-Mail-Liste sauber zu halten. Doch es ist auch wahr, dass selbst wenn Sie\" \/>\n<meta property=\"og:url\" content=\"https:\/\/www.sendblaster.com\/de\/festlegen-einer-return-path-adresse\/\" \/>\n<meta property=\"og:site_name\" content=\"SendBlaster newsletter software\" \/>\n<meta property=\"article:modified_time\" content=\"2018-05-16T08:04:47+00:00\" \/>\n<meta property=\"og:image\" content=\"https:\/\/www.sendblaster.com\/wp-content\/uploads\/2018\/04\/return-path.jpg\" \/>\n<meta name=\"twitter:card\" content=\"summary_large_image\" \/>\n<meta name=\"twitter:label1\" content=\"Gesch\u00e4tzte Lesezeit\" \/>\n\t<meta name=\"twitter:data1\" content=\"2\u00a0Minuten\" \/>\n<script type=\"application\/ld+json\" class=\"yoast-schema-graph\">{\"@context\":\"https:\/\/schema.org\",\"@graph\":[{\"@type\":\"WebPage\",\"@id\":\"https:\/\/www.sendblaster.com\/de\/festlegen-einer-return-path-adresse\/\",\"url\":\"https:\/\/www.sendblaster.com\/de\/festlegen-einer-return-path-adresse\/\",\"name\":\"Festlegen einer Return-Path-Adresse f\u00fcr eine einfachere Unzustellbarkeit-Verarbeitung - SendBlaster newsletter software\",\"isPartOf\":{\"@id\":\"https:\/\/www.sendblaster.com\/#website\"},\"primaryImageOfPage\":{\"@id\":\"https:\/\/www.sendblaster.com\/de\/festlegen-einer-return-path-adresse\/#primaryimage\"},\"image\":{\"@id\":\"https:\/\/www.sendblaster.com\/de\/festlegen-einer-return-path-adresse\/#primaryimage\"},\"thumbnailUrl\":\"https:\/\/www.sendblaster.com\/wp-content\/uploads\/2018\/04\/return-path.jpg\",\"datePublished\":\"2018-05-16T08:04:31+00:00\",\"dateModified\":\"2018-05-16T08:04:47+00:00\",\"description\":\"SendBlaster newsletter software Festlegen einer Return-Path-Adresse f\u00fcr eine einfachere Unzustellbarkeit-Verarbeitung Wir alle wissen, dass eine der besten Praktiken in E-Mail-Marketing ist, die E-Mail-Liste sauber zu halten. Doch es ist auch wahr, dass selbst wenn Sie\",\"breadcrumb\":{\"@id\":\"https:\/\/www.sendblaster.com\/de\/festlegen-einer-return-path-adresse\/#breadcrumb\"},\"inLanguage\":\"de\",\"potentialAction\":[{\"@type\":\"ReadAction\",\"target\":[\"https:\/\/www.sendblaster.com\/de\/festlegen-einer-return-path-adresse\/\"]}]},{\"@type\":\"ImageObject\",\"inLanguage\":\"de\",\"@id\":\"https:\/\/www.sendblaster.com\/de\/festlegen-einer-return-path-adresse\/#primaryimage\",\"url\":\"https:\/\/www.sendblaster.com\/wp-content\/uploads\/2018\/04\/return-path.jpg\",\"contentUrl\":\"https:\/\/www.sendblaster.com\/wp-content\/uploads\/2018\/04\/return-path.jpg\"},{\"@type\":\"BreadcrumbList\",\"@id\":\"https:\/\/www.sendblaster.com\/de\/festlegen-einer-return-path-adresse\/#breadcrumb\",\"itemListElement\":[{\"@type\":\"ListItem\",\"position\":1,\"name\":\"Home\",\"item\":\"https:\/\/www.sendblaster.com\/de\/\"},{\"@type\":\"ListItem\",\"position\":2,\"name\":\"Festlegen einer Return-Path-Adresse f\u00fcr eine einfachere Unzustellbarkeit-Verarbeitung\"}]},{\"@type\":\"WebSite\",\"@id\":\"https:\/\/www.sendblaster.com\/#website\",\"url\":\"https:\/\/www.sendblaster.com\/\",\"name\":\"SendBlaster newsletter software\",\"description\":\"\",\"publisher\":{\"@id\":\"https:\/\/www.sendblaster.com\/#organization\"},\"potentialAction\":[{\"@type\":\"SearchAction\",\"target\":{\"@type\":\"EntryPoint\",\"urlTemplate\":\"https:\/\/www.sendblaster.com\/?s={search_term_string}\"},\"query-input\":{\"@type\":\"PropertyValueSpecification\",\"valueRequired\":true,\"valueName\":\"search_term_string\"}}],\"inLanguage\":\"de\"},{\"@type\":\"Organization\",\"@id\":\"https:\/\/www.sendblaster.com\/#organization\",\"name\":\"SendBlaster newsletter software\",\"url\":\"https:\/\/www.sendblaster.com\/\",\"logo\":{\"@type\":\"ImageObject\",\"inLanguage\":\"de\",\"@id\":\"https:\/\/www.sendblaster.com\/#\/schema\/logo\/image\/\",\"url\":\"https:\/\/www.sendblaster.com\/wp-content\/uploads\/2021\/09\/logo-svg-2021.svg\",\"contentUrl\":\"https:\/\/www.sendblaster.com\/wp-content\/uploads\/2021\/09\/logo-svg-2021.svg\",\"width\":350,\"height\":70,\"caption\":\"SendBlaster newsletter software\"},\"image\":{\"@id\":\"https:\/\/www.sendblaster.com\/#\/schema\/logo\/image\/\"}}]}<\/script>\n<!-- \/ Yoast SEO plugin. -->","yoast_head_json":{"title":"Festlegen einer Return-Path-Adresse f\u00fcr eine einfachere Unzustellbarkeit-Verarbeitung - SendBlaster newsletter software","description":"SendBlaster newsletter software Festlegen einer Return-Path-Adresse f\u00fcr eine einfachere Unzustellbarkeit-Verarbeitung Wir alle wissen, dass eine der besten Praktiken in E-Mail-Marketing ist, die E-Mail-Liste sauber zu halten. Doch es ist auch wahr, dass selbst wenn Sie","robots":{"index":"index","follow":"follow","max-snippet":"max-snippet:-1","max-image-preview":"max-image-preview:large","max-video-preview":"max-video-preview:-1"},"canonical":"https:\/\/www.sendblaster.com\/de\/festlegen-einer-return-path-adresse\/","og_locale":"de_DE","og_type":"article","og_title":"Festlegen einer Return-Path-Adresse f\u00fcr eine einfachere Unzustellbarkeit-Verarbeitung - SendBlaster newsletter software","og_description":"SendBlaster newsletter software Festlegen einer Return-Path-Adresse f\u00fcr eine einfachere Unzustellbarkeit-Verarbeitung Wir alle wissen, dass eine der besten Praktiken in E-Mail-Marketing ist, die E-Mail-Liste sauber zu halten. Doch es ist auch wahr, dass selbst wenn Sie","og_url":"https:\/\/www.sendblaster.com\/de\/festlegen-einer-return-path-adresse\/","og_site_name":"SendBlaster newsletter software","article_modified_time":"2018-05-16T08:04:47+00:00","og_image":[{"url":"https:\/\/www.sendblaster.com\/wp-content\/uploads\/2018\/04\/return-path.jpg"}],"twitter_card":"summary_large_image","twitter_misc":{"Gesch\u00e4tzte Lesezeit":"2\u00a0Minuten"},"schema":{"@context":"https:\/\/schema.org","@graph":[{"@type":"WebPage","@id":"https:\/\/www.sendblaster.com\/de\/festlegen-einer-return-path-adresse\/","url":"https:\/\/www.sendblaster.com\/de\/festlegen-einer-return-path-adresse\/","name":"Festlegen einer Return-Path-Adresse f\u00fcr eine einfachere Unzustellbarkeit-Verarbeitung - SendBlaster newsletter software","isPartOf":{"@id":"https:\/\/www.sendblaster.com\/#website"},"primaryImageOfPage":{"@id":"https:\/\/www.sendblaster.com\/de\/festlegen-einer-return-path-adresse\/#primaryimage"},"image":{"@id":"https:\/\/www.sendblaster.com\/de\/festlegen-einer-return-path-adresse\/#primaryimage"},"thumbnailUrl":"https:\/\/www.sendblaster.com\/wp-content\/uploads\/2018\/04\/return-path.jpg","datePublished":"2018-05-16T08:04:31+00:00","dateModified":"2018-05-16T08:04:47+00:00","description":"SendBlaster newsletter software Festlegen einer Return-Path-Adresse f\u00fcr eine einfachere Unzustellbarkeit-Verarbeitung Wir alle wissen, dass eine der besten Praktiken in E-Mail-Marketing ist, die E-Mail-Liste sauber zu halten. Doch es ist auch wahr, dass selbst wenn Sie","breadcrumb":{"@id":"https:\/\/www.sendblaster.com\/de\/festlegen-einer-return-path-adresse\/#breadcrumb"},"inLanguage":"de","potentialAction":[{"@type":"ReadAction","target":["https:\/\/www.sendblaster.com\/de\/festlegen-einer-return-path-adresse\/"]}]},{"@type":"ImageObject","inLanguage":"de","@id":"https:\/\/www.sendblaster.com\/de\/festlegen-einer-return-path-adresse\/#primaryimage","url":"https:\/\/www.sendblaster.com\/wp-content\/uploads\/2018\/04\/return-path.jpg","contentUrl":"https:\/\/www.sendblaster.com\/wp-content\/uploads\/2018\/04\/return-path.jpg"},{"@type":"BreadcrumbList","@id":"https:\/\/www.sendblaster.com\/de\/festlegen-einer-return-path-adresse\/#breadcrumb","itemListElement":[{"@type":"ListItem","position":1,"name":"Home","item":"https:\/\/www.sendblaster.com\/de\/"},{"@type":"ListItem","position":2,"name":"Festlegen einer Return-Path-Adresse f\u00fcr eine einfachere Unzustellbarkeit-Verarbeitung"}]},{"@type":"WebSite","@id":"https:\/\/www.sendblaster.com\/#website","url":"https:\/\/www.sendblaster.com\/","name":"SendBlaster newsletter software","description":"","publisher":{"@id":"https:\/\/www.sendblaster.com\/#organization"},"potentialAction":[{"@type":"SearchAction","target":{"@type":"EntryPoint","urlTemplate":"https:\/\/www.sendblaster.com\/?s={search_term_string}"},"query-input":{"@type":"PropertyValueSpecification","valueRequired":true,"valueName":"search_term_string"}}],"inLanguage":"de"},{"@type":"Organization","@id":"https:\/\/www.sendblaster.com\/#organization","name":"SendBlaster newsletter software","url":"https:\/\/www.sendblaster.com\/","logo":{"@type":"ImageObject","inLanguage":"de","@id":"https:\/\/www.sendblaster.com\/#\/schema\/logo\/image\/","url":"https:\/\/www.sendblaster.com\/wp-content\/uploads\/2021\/09\/logo-svg-2021.svg","contentUrl":"https:\/\/www.sendblaster.com\/wp-content\/uploads\/2021\/09\/logo-svg-2021.svg","width":350,"height":70,"caption":"SendBlaster newsletter software"},"image":{"@id":"https:\/\/www.sendblaster.com\/#\/schema\/logo\/image\/"}}]}},"_links":{"self":[{"href":"https:\/\/www.sendblaster.com\/de\/wp-json\/wp\/v2\/pages\/1962"}],"collection":[{"href":"https:\/\/www.sendblaster.com\/de\/wp-json\/wp\/v2\/pages"}],"about":[{"href":"https:\/\/www.sendblaster.com\/de\/wp-json\/wp\/v2\/types\/page"}],"author":[{"embeddable":true,"href":"https:\/\/www.sendblaster.com\/de\/wp-json\/wp\/v2\/users\/1"}],"replies":[{"embeddable":true,"href":"https:\/\/www.sendblaster.com\/de\/wp-json\/wp\/v2\/comments?post=1962"}],"version-history":[{"count":2,"href":"https:\/\/www.sendblaster.com\/de\/wp-json\/wp\/v2\/pages\/1962\/revisions"}],"predecessor-version":[{"id":1964,"href":"https:\/\/www.sendblaster.com\/de\/wp-json\/wp\/v2\/pages\/1962\/revisions\/1964"}],"wp:attachment":[{"href":"https:\/\/www.sendblaster.com\/de\/wp-json\/wp\/v2\/media?parent=1962"}],"curies":[{"name":"wp","href":"https:\/\/api.w.org\/{rel}","templated":true}]}}