{"id":1946,"date":"2018-05-16T07:32:07","date_gmt":"2018-05-16T07:32:07","guid":{"rendered":"https:\/\/www.sendblaster.com\/wpnew-2018\/?page_id=1946"},"modified":"2021-05-25T14:46:51","modified_gmt":"2021-05-25T14:46:51","slug":"weihnachtspost-email-versenden","status":"publish","type":"page","link":"https:\/\/www.sendblaster.com\/de\/weihnachtspost-email-versenden\/","title":{"rendered":"Erstellen Sie Ihre Weihnachts-Newsletters 2020"},"content":{"rendered":"<p>M\u00f6chten Sie Ihren Kunden oder Freunden <strong>sch\u00f6ne Weihnachts-E-Mails 2020 senden<\/strong>.<\/p>\n<p>Sie werden hier alles finden, was Sie brauchen:<\/p>\n<ul>\n<li>das richtige Programm, um ihr personalisiertes Design zu erstellen.<\/li>\n<li>15 kostenlose Weihnachts-Vorlagen 2020, alle gebrauchsfertig.<\/li>\n<li>die richtige Software, um ihre E-Mails zu versenden.<\/li>\n<li>eine Schritt f\u00fcr Schritt Anleitung.<\/li>\n<\/ul>\n<p>Das beste Ergebnis? Alle Ihre Kontakte werden eine personalisierte E-Mail erhalten, wie es die folgenden Beispiele zeigen:<\/p>\n<ul class=\"g1-grid\"><li class=\"g1-column g1-one-fifth g1-valign-top\"><br \/>\n<a title=\"Vorlagen f\u00fcr Weihnachts E-Mails gratis\" href=\"https:\/\/www.sendblaster.com\/wp-content\/uploads\/2018\/05\/christmas-1.jpg\" data-g1-lightbox=\"gallery-screenshot\"><img decoding=\"async\" width=\"136\" height=\"150\" src=\"https:\/\/www.sendblaster.com\/wp-content\/uploads\/2018\/05\/christmas-th-1.jpg\" alt=\"Vorlagen f\u00fcr Weihnachts E-Mails gratis\" \/><\/a><br \/>\n<\/li><!-- -->\n<li class=\"g1-column g1-one-fifth g1-valign-top\"><br \/>\n<a title=\"Vorlagen f\u00fcr Weihnachts E-Mails gratis\" href=\"https:\/\/www.sendblaster.com\/wp-content\/uploads\/2018\/05\/christmas-2.jpg\" data-g1-lightbox=\"gallery-screenshot\"><img decoding=\"async\" width=\"136\" height=\"150\" src=\"https:\/\/www.sendblaster.com\/wp-content\/uploads\/2018\/05\/christmas-th-2.jpg\" alt=\"Vorlagen f\u00fcr Weihnachts E-Mails gratis\" \/><\/a><br \/>\n<\/li><!-- -->\n<li class=\"g1-column g1-one-fifth g1-valign-top\"><br \/>\n<a title=\"Vorlagen f\u00fcr Weihnachts E-Mails gratis\" href=\"https:\/\/www.sendblaster.com\/wp-content\/uploads\/2018\/05\/christmas-3.jpg\" data-g1-lightbox=\"gallery-screenshot\"><img decoding=\"async\" width=\"136\" height=\"150\" src=\"https:\/\/www.sendblaster.com\/wp-content\/uploads\/2018\/05\/christmas-th-3.jpg\" alt=\"Vorlagen f\u00fcr Weihnachts E-Mails gratis\" \/><\/a><br \/>\n<\/li><!-- -->\n<li class=\"g1-column g1-one-fifth g1-valign-top\"><br \/>\n<a title=\"Vorlagen f\u00fcr Weihnachts E-Mails gratis\" href=\"https:\/\/www.sendblaster.com\/wp-content\/uploads\/2018\/05\/christmas-4.jpg\" data-g1-lightbox=\"gallery-screenshot\"><img decoding=\"async\" width=\"136\" height=\"150\" src=\"https:\/\/www.sendblaster.com\/wp-content\/uploads\/2018\/05\/christmas-th-4.jpg\" alt=\"Vorlagen f\u00fcr Weihnachts E-Mails gratis\" \/><\/a><br \/>\n<\/li><!-- -->\n<li class=\"g1-column g1-one-fifth g1-valign-top\"><br \/>\n<a title=\"Vorlagen f\u00fcr Weihnachts E-Mails gratis\" href=\"https:\/\/www.sendblaster.com\/wp-content\/uploads\/2018\/05\/christmas-5.jpg\" data-g1-lightbox=\"gallery-screenshot\"><img decoding=\"async\" width=\"136\" height=\"150\" src=\"https:\/\/www.sendblaster.com\/wp-content\/uploads\/2018\/05\/christmas-th-5.jpg\" alt=\"Vorlagen f\u00fcr Weihnachts E-Mails gratis\" \/><\/a><br \/>\n<\/li><!-- --><\/ul>\n<ul class=\"g1-grid\"><li class=\"g1-column g1-one-fifth g1-valign-top\"><br \/>\n<a title=\"Vorlagen f\u00fcr Weihnachts E-Mails gratis\" href=\"https:\/\/www.sendblaster.com\/wp-content\/uploads\/2018\/05\/christmas-6.jpg\" data-g1-lightbox=\"gallery-screenshot\"><img decoding=\"async\" width=\"136\" height=\"150\" src=\"https:\/\/www.sendblaster.com\/wp-content\/uploads\/2018\/05\/christmas-th-6.jpg\" alt=\"Vorlagen f\u00fcr Weihnachts E-Mails gratis\" \/><\/a><br \/>\n<\/li><!-- -->\n<li class=\"g1-column g1-one-fifth g1-valign-top\"><br \/>\n<a title=\"Vorlagen f\u00fcr Weihnachts E-Mails gratis\" href=\"https:\/\/www.sendblaster.com\/wp-content\/uploads\/2018\/05\/christmas-7.jpg\" data-g1-lightbox=\"gallery-screenshot\"><img decoding=\"async\" width=\"136\" height=\"150\" src=\"https:\/\/www.sendblaster.com\/wp-content\/uploads\/2018\/05\/christmas-th-7.jpg\" alt=\"Vorlagen f\u00fcr Weihnachts E-Mails gratis\" \/><\/a><br \/>\n<\/li><!-- -->\n<li class=\"g1-column g1-one-fifth g1-valign-top\"><br \/>\n<a title=\"Vorlagen f\u00fcr Weihnachts E-Mails gratis\" href=\"https:\/\/www.sendblaster.com\/wp-content\/uploads\/2018\/05\/christmas-8.jpg\" data-g1-lightbox=\"gallery-screenshot\"><img decoding=\"async\" width=\"136\" height=\"150\" src=\"https:\/\/www.sendblaster.com\/wp-content\/uploads\/2018\/05\/christmas-th-8.jpg\" alt=\"Vorlagen f\u00fcr Weihnachts E-Mails gratis\" \/><\/a><br \/>\n<\/li><!-- -->\n<li class=\"g1-column g1-one-fifth g1-valign-top\"><br \/>\n<a title=\"Vorlagen f\u00fcr Weihnachts E-Mails gratis\" href=\"https:\/\/www.sendblaster.com\/wp-content\/uploads\/2018\/05\/christmas-9.jpg\" data-g1-lightbox=\"gallery-screenshot\"><img decoding=\"async\" width=\"136\" height=\"150\" src=\"https:\/\/www.sendblaster.com\/wp-content\/uploads\/2018\/05\/christmas-th-9.jpg\" alt=\"Vorlagen f\u00fcr Weihnachts E-Mails gratis\" \/><\/a><br \/>\n<\/li><!-- -->\n<li class=\"g1-column g1-one-fifth g1-valign-top\"><br \/>\n<a title=\"Vorlagen f\u00fcr Weihnachts E-Mails gratis\" href=\"https:\/\/www.sendblaster.com\/wp-content\/uploads\/2018\/05\/christmas-10.jpg\" data-g1-lightbox=\"gallery-screenshot\"><img decoding=\"async\" width=\"136\" height=\"150\" src=\"https:\/\/www.sendblaster.com\/wp-content\/uploads\/2018\/05\/christmas-th-10.jpg\" alt=\"Vorlagen f\u00fcr Weihnachts E-Mails gratis\" \/><\/a><br \/>\n<\/li><!-- --><\/ul>\n<ul class=\"g1-grid\"><li class=\"g1-column g1-one-fifth g1-valign-top\"><br \/>\n<a title=\"Vorlagen f\u00fcr Weihnachts E-Mails gratis\" href=\"https:\/\/www.sendblaster.com\/wp-content\/uploads\/2018\/05\/christmas-11.jpg\" data-g1-lightbox=\"gallery-screenshot\"><img decoding=\"async\" width=\"136\" height=\"150\" src=\"https:\/\/www.sendblaster.com\/wp-content\/uploads\/2018\/05\/christmas-th-11.jpg\" alt=\"Vorlagen f\u00fcr Weihnachts E-Mails gratis\" \/><\/a><br \/>\n<\/li><!-- -->\n<li class=\"g1-column g1-one-fifth g1-valign-top\"><br \/>\n<a title=\"Vorlagen f\u00fcr Weihnachts E-Mails gratis\" href=\"https:\/\/www.sendblaster.com\/wp-content\/uploads\/2018\/05\/christmas-12.jpg\" data-g1-lightbox=\"gallery-screenshot\"><img decoding=\"async\" width=\"136\" height=\"150\" src=\"https:\/\/www.sendblaster.com\/wp-content\/uploads\/2018\/05\/christmas-th-12.jpg\" alt=\"Vorlagen f\u00fcr Weihnachts E-Mails gratis\" \/><\/a><br \/>\n<\/li><!-- -->\n<li class=\"g1-column g1-one-fifth g1-valign-top\"><br \/>\n<a title=\"Vorlagen f\u00fcr Weihnachts E-Mails gratis\" href=\"https:\/\/www.sendblaster.com\/wp-content\/uploads\/2018\/05\/christmas-13.jpg\" data-g1-lightbox=\"gallery-screenshot\"><img decoding=\"async\" width=\"136\" height=\"150\" src=\"https:\/\/www.sendblaster.com\/wp-content\/uploads\/2018\/05\/christmas-th-13.jpg\" alt=\"Vorlagen f\u00fcr Weihnachts E-Mails gratis\" \/><\/a><br \/>\n<\/li><!-- -->\n<li class=\"g1-column g1-one-fifth g1-valign-top\"><br \/>\n<a title=\"Vorlagen f\u00fcr Weihnachts E-Mails gratis\" href=\"https:\/\/www.sendblaster.com\/wp-content\/uploads\/2018\/05\/christmas-14.jpg\" data-g1-lightbox=\"gallery-screenshot\"><img decoding=\"async\" width=\"136\" height=\"150\" src=\"https:\/\/www.sendblaster.com\/wp-content\/uploads\/2018\/05\/christmas-th-14.jpg\" alt=\"Vorlagen f\u00fcr Weihnachts E-Mails gratis\" \/><\/a><br \/>\n<\/li><!-- -->\n<li class=\"g1-column g1-one-fifth g1-valign-top\"><br \/>\n<a title=\"Vorlagen f\u00fcr Weihnachts E-Mails gratis\" href=\"https:\/\/www.sendblaster.com\/wp-content\/uploads\/2018\/05\/christmas-15.jpg\" data-g1-lightbox=\"gallery-screenshot\"><img decoding=\"async\" width=\"136\" height=\"150\" src=\"https:\/\/www.sendblaster.com\/wp-content\/uploads\/2018\/05\/christmas-th-15.jpg\" alt=\"Vorlagen f\u00fcr Weihnachts E-Mails gratis\" \/><\/a><br \/>\n<\/li><!-- --><\/ul>\n<p style=\"text-align: center;\"><a class=\"christmas-cta\" title=\"Weihnachts-Vorlagen 2020\" href=\"https:\/\/www.sendblaster.com\/download\/15-christmas-templates-2020.zip\">Weihnachts-Vorlagen 2020<br \/>\n<small>15 kostenlose Weihnachts-Vorlagen zum Herunterladen<\/small><\/a><\/p>\n<p>&nbsp;<\/p>\n<h2>1. Was brauchen Sie?<\/h2>\n<ul class=\"g1-grid\"><li class=\"g1-column g1-one-half g1-valign-top\">\n<h2 style=\"color: #2895c2; text-align: center; margin-bottom: 0px;\">MAILSTYLER<\/h2>\n<p style=\"color: #2895c2; font-weight: bold; text-align: center;\">Newsletter-Ersteller<\/p>\n<p style=\"text-align: center;\">Mit Hilfe unseres Mailstyler k\u00f6nnen Sie unsere Weihnachts-Vorlagen wie ein Profi-Grafiker ver\u00e4ndern. F\u00fcgen Sie Buttons, \u00e4ndern Sie die Farben, bewegen Sie Inhalte mit nur einem Klick. Dar\u00fcber hinaus k\u00f6nnen Sie es benutzen, um einen Newsletter aus dem Nichts heraus ganz einfach herzustellen. Laden Sie es einmal herunter, und nutzen Sie es st\u00e4ndig.<br \/>\nProbieren Sie es jetzt!<\/p>\n<p style=\"text-align: center; margin-bottom: 0px;\"><a class=\"buy-cta\" title=\"Testen Sie MailStyler\" href=\"https:\/\/www.newslettercreator.com\/utils\/download\/pre-download.php\">Testen Sie MailStyler<\/a><\/p>\n<p class=\"release-data\" style=\"text-align: center;\">Neueste Version: 2.24.01.17 | Freigabe Datum: 17\/01\/2024<br \/>\nGr\u00f6\u00dfe: 114.9MB<\/p>\n<\/li><!-- -->\n<li class=\"g1-column g1-one-half g1-valign-top\">\n<h2 style=\"color: #f3850b; text-align: center; margin-bottom: 0px;\">SENDBLASTER<\/h2>\n<p style=\"color: #f3850b; font-weight: bold; text-align: center;\">100% kostenlos<\/p>\n<p style=\"text-align: center;\">Eine der besten E-Mail-Marketing-Softwares auf dem Markt: Sie k\u00f6nnen es verwenden, um Ihre Kontakt-Listen hochzuladen und Bulk-E-Mails mit nur einem Klick zu versenden. Installieren Sie es kostenlos auf Ihrem Computer und testen Sie es bequem offline, ohne irgendwelche Geschwindigkeitsprobleme. Jetzt kostenlos herunterladen. <a title=\"EmailChef, email marketing platform\" href=\"http:\/\/emailchef.com\/\" target=\"_blank\" rel=\"noopener noreferrer\"><em>*Ist Ihnen eine 100 % Sende-Plattform lieber? Klicken Sie hier.<\/em><\/a><\/p>\n<p style=\"text-align: center; margin-bottom: 0px;\"><a class=\"download-cta\" title=\"Download SendBlaster Kostenlos\" href=\"https:\/\/www.sendblaster.com\/services\/download\/downloadsendblasterfree.php\">Download Kostenlos<\/a><\/p>\n<p class=\"release-data\" style=\"text-align: center;\">Letzte Version: 4.4.2 | Freigabe Datum: 2020\/04\/10 | Gr\u00f6\u00dfe: 40\nMB<br \/>\n<a title=\"Laden Sie alte Version\" href=\"https:\/\/www.sendblaster.com\/sendblaster\/services\/download\/download.php?program=sendblasterfree3x\" target=\"_blank\" rel=\"noopener noreferrer\">Laden Sie alte Version<\/a><\/p>\n<\/li><!-- --><\/ul>\n<p>&nbsp;<\/p>\n<h2>2. Erstellen Sie Ihre Nachricht<\/h2>\n<ul>\n<li>Verwenden Sie MailStyler, um Ihre Lieblings Weihnachts-Vorlage zu \u00f6ffnen und sie so zu \u00e4ndern, wie Sie es bevorzugen, <strong>wie das Video-Tutorial unten<\/strong>. Wir garantieren Ihnen immer eine ansprechende Vorlage, perfekt f\u00fcr jeden E-Mail-Client angezeigt.<br \/>\n\t<div class=\"lyte-wrapper fourthree\" title=\"Christmas templates 2018\" style=\"width:420px;max-width:100%;margin:5px;\"><div class=\"lyMe\" id=\"WYL_-27g5C2RMpg\" itemprop=\"video\" itemscope itemtype=\"https:\/\/schema.org\/VideoObject\"><div><meta itemprop=\"thumbnailUrl\" content=\"https:\/\/www.sendblaster.com\/wp-content\/plugins\/wp-youtube-lyte\/lyteCache.php?origThumbUrl=https%3A%2F%2Fi.ytimg.com%2Fvi%2F-27g5C2RMpg%2Fhqdefault.jpg\" \/><meta itemprop=\"embedURL\" content=\"https:\/\/www.youtube.com\/embed\/-27g5C2RMpg\" \/><meta itemprop=\"duration\" content=\"PT1M36S\" \/><meta itemprop=\"uploadDate\" content=\"2017-12-11T13:56:20Z\" \/><\/div><div id=\"lyte_-27g5C2RMpg\" data-src=\"https:\/\/www.sendblaster.com\/wp-content\/plugins\/wp-youtube-lyte\/lyteCache.php?origThumbUrl=https%3A%2F%2Fi.ytimg.com%2Fvi%2F-27g5C2RMpg%2Fhqdefault.jpg\" class=\"pL\"><div class=\"tC\"><div class=\"tT\" itemprop=\"name\">Christmas templates 2018<\/div><\/div><div class=\"play\"><\/div><div class=\"ctrl\"><div class=\"Lctrl\"><\/div><div class=\"Rctrl\"><\/div><\/div><\/div><noscript><a href=\"https:\/\/youtu.be\/-27g5C2RMpg\" rel=\"nofollow\"><img decoding=\"async\" src=\"https:\/\/www.sendblaster.com\/wp-content\/plugins\/wp-youtube-lyte\/lyteCache.php?origThumbUrl=https%3A%2F%2Fi.ytimg.com%2Fvi%2F-27g5C2RMpg%2F0.jpg\" alt=\"Christmas templates 2018\" width=\"420\" height=\"295\" \/><br \/>Dieses Video auf YouTube ansehen<\/a><\/noscript><meta itemprop=\"description\" content=\"Discover how to edit your Christmas email template in MailStyler 2 and export it to SendBlaster 4.\"><\/div><\/div><div class=\"lL\" style=\"max-width:100%;width:420px;margin:5px;\"><\/div>\n<div class=\"lj-video-button hide\">\n  <a href=\"https:\/\/www.youtube.com\/embed\/-27g5C2RMpg?rel=0&autoplay=1\" data-featherlight=\"iframe\" data-featherlight-iframe-width=\"800\" data-featherlight-iframe-height=\"610\" data-featherlight-iframe-frameborder=\"0\" data-featherlight-iframe-allow=\"autoplay; encrypted-media\" data-featherlight-iframe-allowfullscreen=\"true\" title=\"Video-Tutorial abspielen\">Video-Tutorial abspielen <i class=\"fa fa-play-circle fa-2x\"><\/i><\/a>\n<\/div><\/li>\n<li>Personalisieren Sie die Vorlage durch Hinzuf\u00fcgen von eigenem Text. Hier k\u00f6nnen Sie einige Vorschl\u00e4ge f\u00fcr Weihnachtsgru\u00df-Formulierungen finden:\n<p class=\"frase\">Herzliche Gr\u00fc\u00dfe und beste W\u00fcnsche f\u00fcr Weihnachten und Neujahr!<\/p>\n<p class=\"frase\">M\u00f6ge Weihnachten Ihr Herz mit Frieden und Liebe erf\u00fcllen, und das Neue Jahr erstrahlen lassen<\/p>\n<p class=\"frase\">Denken Sie an Weihnachten mit einem Wunsch, der herzlich und aufrichtig ist. Ich w\u00fcnsche Ihnen ein wundersch\u00f6nes Weihnachtsfest und Frohes Neues Jahr!<\/p>\n<p class=\"frase\">Ich w\u00fcnsche Ihnen gesegnete Weihnachten und ein Neues Jahr mit gl\u00fccklichen \u00dcberraschungen<\/p>\n<p class=\"frase\">M\u00f6ge Ihr Weihnachtsfest mit einem besonderen Augenblick erf\u00fcllt werden, mit Herzlichkeit, Frieden und Gl\u00fcck, der Freude der Menschen in Ihrer N\u00e4he, und wir w\u00fcnschen Ihnen alle Freuden der Weihnacht und ein Jahr des Gl\u00fccks<\/p>\n<p class=\"frase\">Ein frohes Weihnachtsfest, und m\u00f6ge das neue Jahr viel Gl\u00fcck f\u00fcr Sie bereithalten!<\/p>\n<p class=\"frase\">Ich w\u00fcnsche Ihnen einen wundersch\u00f6nen Weihnachtsabend!<\/p>\n<p class=\"frase\">M\u00f6ge die Freude von Weihnachten das ganze Jahr mit Ihnen sein!<\/p>\n<p class=\"frase\">Ich hoffe, dass alle Ihre Tr\u00e4ume in Erf\u00fcllung gehen.<\/p>\n<p class=\"frase\">Weihnachten kommt nur einmal im Jahr. Aber wenn es kommt, bringt es gute Stimmung und Liebe mit sich.<\/p>\n<p>&nbsp;<\/li>\n<li>Exportieren Sie Ihre Vorlage direkt auf SendBlaster, mit Hilfe der speziellen Taste auf der oberen rechten Ecke. [Export \u2192 Export auf SendBlaster 4]. SendBlaster wird sich automatisch mit Ihrer versandfertigen Vorlage \u00f6ffnen.<\/li>\n<li>Benutzen Sie Tags, um ihre Nachricht pers\u00f6nlich zu gestallten [<a href=\"https:\/\/www.sendblaster.com\/en\/support\/newsletter-creation\/email-merge-software-tutorial-newsletter-personalization\" target=\"_blank\" rel=\"noopener noreferrer\"><strong>?<\/strong><\/a>]<br \/>\n<img decoding=\"async\" width=\"609\" height=\"495\" style=\"margin-top: 15px;\" src=\"https:\/\/www.sendblaster.com\/wp-content\/uploads\/2018\/05\/tutorial.png\" \/><\/li>\n<li>F\u00fcgen Sie immer eine Textversion Ihrer Nachricht ein.<\/li>\n<li>F\u00fcgen Sie einen \u00fcberzeugenden Betreff hinzu: Er muss kurz und originell sein.<\/li>\n<\/ul>\n<p>&nbsp;<\/p>\n<h2>3. Pers\u00f6nliche Kontaktliste hochladen<\/h2>\n<ul>\n<li>Laden Sie die Liste von E-Mail-Adressen, die Sie nutzen m\u00f6chten, hoch: [<a href=\"https:\/\/www.sendblaster.com\/en\/support\/lists-importing\/importing-lists\" target=\"_blank\" rel=\"noopener noreferrer\"><strong>?<\/strong><\/a>]<\/li>\n<\/ul>\n<p>&nbsp;<\/p>\n<h2>4. Senden Sie Ihre Nachricht<\/h2>\n<ul>\n<li>W\u00e4hlen Sie die Liste<\/li>\n<li>F\u00fcgen Sie Ihre Absender-Informationen hinzu<\/li>\n<li>W\u00e4hlen Sie die Nutzung des SMTP Service<\/li>\n<li>Klicken Sie auf die Schaltfl\u00e4che &#8222;Senden&#8220;.<\/li>\n<\/ul>\n<p>&nbsp;<\/p>\n<h2>Laden Sie kostenlos die 15 Weihnachts-Vorlagen 2020 herunter<\/h2>\n<p>Laden Sie eine Reihe von 15 sch\u00f6nen Weihnachts-Vorlagen herunter, die von unseren Web-Designern entwickelt wurden. Passen Sie diese an MailStyler an und exportieren Sie sie mit einem Klick direkt zu SendBlaster. W\u00e4hlen Sie jetzt Ihren Favoriten!<\/p>\n<p style=\"text-align: center;\"><a class=\"christmas-cta\" title=\"Weihnachts-Vorlagen 2020\" href=\"https:\/\/www.sendblaster.com\/download\/15-christmas-templates-2020.zip\">Weihnachts-Vorlagen 2020<br \/>\n<small>15 kostenlose Weihnachts-Vorlagen zum Herunterladen<\/small><\/a><\/p>\n","protected":false},"excerpt":{"rendered":"<p>M\u00f6chten Sie Ihren Kunden oder Freunden sch\u00f6ne Weihnachts-E-Mails 2020 senden. Sie werden hier alles finden, was Sie brauchen: das richtige Programm, um ihr personalisiertes Design zu erstellen. 15 kostenlose Weihnachts-Vorlagen 2020, alle gebrauchsfertig. die richtige Software, um ihre E-Mails zu <\/p>\n<p class=\"read-more-container\"><a class=\"button read-more\" href=\"https:\/\/www.sendblaster.com\/de\/weihnachtspost-email-versenden\/\" title=\"\">Weiterlesen<\/a><\/p>\n","protected":false},"author":1,"featured_media":0,"parent":0,"menu_order":0,"comment_status":"closed","ping_status":"closed","template":"","meta":{"_monsterinsights_skip_tracking":false,"_monsterinsights_sitenote_active":false,"_monsterinsights_sitenote_note":"","_monsterinsights_sitenote_category":0,"footnotes":""},"class_list":["post-1946","page","type-page","status-publish"],"yoast_head":"<!-- This site is optimized with the Yoast SEO plugin v23.5 - https:\/\/yoast.com\/wordpress\/plugins\/seo\/ -->\n<title>Erstellen Sie Ihre Weihnachts-Newsletters 2020<\/title>\n<meta name=\"description\" content=\"M\u00f6chten Sie wundersch\u00f6ne Weihnachts-E-Mails an Ihre Kunden oder Freunde senden? Hier finden Sie alle Vorlagen, die Sie ben\u00f6tigen.\" \/>\n<meta name=\"robots\" content=\"index, follow, max-snippet:-1, max-image-preview:large, max-video-preview:-1\" \/>\n<link rel=\"canonical\" href=\"https:\/\/www.sendblaster.com\/de\/weihnachtspost-email-versenden\/\" \/>\n<meta property=\"og:locale\" content=\"de_DE\" \/>\n<meta property=\"og:type\" content=\"article\" \/>\n<meta property=\"og:title\" content=\"Erstellen Sie Ihre Weihnachts-Newsletters 2020\" \/>\n<meta property=\"og:description\" content=\"M\u00f6chten Sie wundersch\u00f6ne Weihnachts-E-Mails an Ihre Kunden oder Freunde senden? Hier finden Sie alle Vorlagen, die Sie ben\u00f6tigen.\" \/>\n<meta property=\"og:url\" content=\"https:\/\/www.sendblaster.com\/de\/weihnachtspost-email-versenden\/\" \/>\n<meta property=\"og:site_name\" content=\"SendBlaster newsletter software\" \/>\n<meta property=\"article:modified_time\" content=\"2021-05-25T14:46:51+00:00\" \/>\n<meta property=\"og:image\" content=\"https:\/\/www.sendblaster.com\/wp-content\/uploads\/2018\/05\/christmas-th-1.jpg\" \/>\n<meta name=\"twitter:card\" content=\"summary_large_image\" \/>\n<meta name=\"twitter:label1\" content=\"Gesch\u00e4tzte Lesezeit\" \/>\n\t<meta name=\"twitter:data1\" content=\"4\u00a0Minuten\" \/>\n<script type=\"application\/ld+json\" class=\"yoast-schema-graph\">{\"@context\":\"https:\/\/schema.org\",\"@graph\":[{\"@type\":\"WebPage\",\"@id\":\"https:\/\/www.sendblaster.com\/de\/weihnachtspost-email-versenden\/\",\"url\":\"https:\/\/www.sendblaster.com\/de\/weihnachtspost-email-versenden\/\",\"name\":\"Erstellen Sie Ihre Weihnachts-Newsletters 2020\",\"isPartOf\":{\"@id\":\"https:\/\/www.sendblaster.com\/#website\"},\"primaryImageOfPage\":{\"@id\":\"https:\/\/www.sendblaster.com\/de\/weihnachtspost-email-versenden\/#primaryimage\"},\"image\":{\"@id\":\"https:\/\/www.sendblaster.com\/de\/weihnachtspost-email-versenden\/#primaryimage\"},\"thumbnailUrl\":\"https:\/\/www.sendblaster.com\/wp-content\/uploads\/2018\/05\/christmas-th-1.jpg\",\"datePublished\":\"2018-05-16T07:32:07+00:00\",\"dateModified\":\"2021-05-25T14:46:51+00:00\",\"description\":\"M\u00f6chten Sie wundersch\u00f6ne Weihnachts-E-Mails an Ihre Kunden oder Freunde senden? Hier finden Sie alle Vorlagen, die Sie ben\u00f6tigen.\",\"breadcrumb\":{\"@id\":\"https:\/\/www.sendblaster.com\/de\/weihnachtspost-email-versenden\/#breadcrumb\"},\"inLanguage\":\"de\",\"potentialAction\":[{\"@type\":\"ReadAction\",\"target\":[\"https:\/\/www.sendblaster.com\/de\/weihnachtspost-email-versenden\/\"]}]},{\"@type\":\"ImageObject\",\"inLanguage\":\"de\",\"@id\":\"https:\/\/www.sendblaster.com\/de\/weihnachtspost-email-versenden\/#primaryimage\",\"url\":\"https:\/\/www.sendblaster.com\/wp-content\/uploads\/2018\/05\/christmas-th-1.jpg\",\"contentUrl\":\"https:\/\/www.sendblaster.com\/wp-content\/uploads\/2018\/05\/christmas-th-1.jpg\"},{\"@type\":\"BreadcrumbList\",\"@id\":\"https:\/\/www.sendblaster.com\/de\/weihnachtspost-email-versenden\/#breadcrumb\",\"itemListElement\":[{\"@type\":\"ListItem\",\"position\":1,\"name\":\"Home\",\"item\":\"https:\/\/www.sendblaster.com\/de\/\"},{\"@type\":\"ListItem\",\"position\":2,\"name\":\"Erstellen Sie Ihre Weihnachts-Newsletters 2020\"}]},{\"@type\":\"WebSite\",\"@id\":\"https:\/\/www.sendblaster.com\/#website\",\"url\":\"https:\/\/www.sendblaster.com\/\",\"name\":\"SendBlaster newsletter software\",\"description\":\"\",\"publisher\":{\"@id\":\"https:\/\/www.sendblaster.com\/#organization\"},\"potentialAction\":[{\"@type\":\"SearchAction\",\"target\":{\"@type\":\"EntryPoint\",\"urlTemplate\":\"https:\/\/www.sendblaster.com\/?s={search_term_string}\"},\"query-input\":{\"@type\":\"PropertyValueSpecification\",\"valueRequired\":true,\"valueName\":\"search_term_string\"}}],\"inLanguage\":\"de\"},{\"@type\":\"Organization\",\"@id\":\"https:\/\/www.sendblaster.com\/#organization\",\"name\":\"SendBlaster newsletter software\",\"url\":\"https:\/\/www.sendblaster.com\/\",\"logo\":{\"@type\":\"ImageObject\",\"inLanguage\":\"de\",\"@id\":\"https:\/\/www.sendblaster.com\/#\/schema\/logo\/image\/\",\"url\":\"https:\/\/www.sendblaster.com\/wp-content\/uploads\/2021\/09\/logo-svg-2021.svg\",\"contentUrl\":\"https:\/\/www.sendblaster.com\/wp-content\/uploads\/2021\/09\/logo-svg-2021.svg\",\"width\":350,\"height\":70,\"caption\":\"SendBlaster newsletter software\"},\"image\":{\"@id\":\"https:\/\/www.sendblaster.com\/#\/schema\/logo\/image\/\"}}]}<\/script>\n<!-- \/ Yoast SEO plugin. -->","yoast_head_json":{"title":"Erstellen Sie Ihre Weihnachts-Newsletters 2020","description":"M\u00f6chten Sie wundersch\u00f6ne Weihnachts-E-Mails an Ihre Kunden oder Freunde senden? Hier finden Sie alle Vorlagen, die Sie ben\u00f6tigen.","robots":{"index":"index","follow":"follow","max-snippet":"max-snippet:-1","max-image-preview":"max-image-preview:large","max-video-preview":"max-video-preview:-1"},"canonical":"https:\/\/www.sendblaster.com\/de\/weihnachtspost-email-versenden\/","og_locale":"de_DE","og_type":"article","og_title":"Erstellen Sie Ihre Weihnachts-Newsletters 2020","og_description":"M\u00f6chten Sie wundersch\u00f6ne Weihnachts-E-Mails an Ihre Kunden oder Freunde senden? Hier finden Sie alle Vorlagen, die Sie ben\u00f6tigen.","og_url":"https:\/\/www.sendblaster.com\/de\/weihnachtspost-email-versenden\/","og_site_name":"SendBlaster newsletter software","article_modified_time":"2021-05-25T14:46:51+00:00","og_image":[{"url":"https:\/\/www.sendblaster.com\/wp-content\/uploads\/2018\/05\/christmas-th-1.jpg"}],"twitter_card":"summary_large_image","twitter_misc":{"Gesch\u00e4tzte Lesezeit":"4\u00a0Minuten"},"schema":{"@context":"https:\/\/schema.org","@graph":[{"@type":"WebPage","@id":"https:\/\/www.sendblaster.com\/de\/weihnachtspost-email-versenden\/","url":"https:\/\/www.sendblaster.com\/de\/weihnachtspost-email-versenden\/","name":"Erstellen Sie Ihre Weihnachts-Newsletters 2020","isPartOf":{"@id":"https:\/\/www.sendblaster.com\/#website"},"primaryImageOfPage":{"@id":"https:\/\/www.sendblaster.com\/de\/weihnachtspost-email-versenden\/#primaryimage"},"image":{"@id":"https:\/\/www.sendblaster.com\/de\/weihnachtspost-email-versenden\/#primaryimage"},"thumbnailUrl":"https:\/\/www.sendblaster.com\/wp-content\/uploads\/2018\/05\/christmas-th-1.jpg","datePublished":"2018-05-16T07:32:07+00:00","dateModified":"2021-05-25T14:46:51+00:00","description":"M\u00f6chten Sie wundersch\u00f6ne Weihnachts-E-Mails an Ihre Kunden oder Freunde senden? Hier finden Sie alle Vorlagen, die Sie ben\u00f6tigen.","breadcrumb":{"@id":"https:\/\/www.sendblaster.com\/de\/weihnachtspost-email-versenden\/#breadcrumb"},"inLanguage":"de","potentialAction":[{"@type":"ReadAction","target":["https:\/\/www.sendblaster.com\/de\/weihnachtspost-email-versenden\/"]}]},{"@type":"ImageObject","inLanguage":"de","@id":"https:\/\/www.sendblaster.com\/de\/weihnachtspost-email-versenden\/#primaryimage","url":"https:\/\/www.sendblaster.com\/wp-content\/uploads\/2018\/05\/christmas-th-1.jpg","contentUrl":"https:\/\/www.sendblaster.com\/wp-content\/uploads\/2018\/05\/christmas-th-1.jpg"},{"@type":"BreadcrumbList","@id":"https:\/\/www.sendblaster.com\/de\/weihnachtspost-email-versenden\/#breadcrumb","itemListElement":[{"@type":"ListItem","position":1,"name":"Home","item":"https:\/\/www.sendblaster.com\/de\/"},{"@type":"ListItem","position":2,"name":"Erstellen Sie Ihre Weihnachts-Newsletters 2020"}]},{"@type":"WebSite","@id":"https:\/\/www.sendblaster.com\/#website","url":"https:\/\/www.sendblaster.com\/","name":"SendBlaster newsletter software","description":"","publisher":{"@id":"https:\/\/www.sendblaster.com\/#organization"},"potentialAction":[{"@type":"SearchAction","target":{"@type":"EntryPoint","urlTemplate":"https:\/\/www.sendblaster.com\/?s={search_term_string}"},"query-input":{"@type":"PropertyValueSpecification","valueRequired":true,"valueName":"search_term_string"}}],"inLanguage":"de"},{"@type":"Organization","@id":"https:\/\/www.sendblaster.com\/#organization","name":"SendBlaster newsletter software","url":"https:\/\/www.sendblaster.com\/","logo":{"@type":"ImageObject","inLanguage":"de","@id":"https:\/\/www.sendblaster.com\/#\/schema\/logo\/image\/","url":"https:\/\/www.sendblaster.com\/wp-content\/uploads\/2021\/09\/logo-svg-2021.svg","contentUrl":"https:\/\/www.sendblaster.com\/wp-content\/uploads\/2021\/09\/logo-svg-2021.svg","width":350,"height":70,"caption":"SendBlaster newsletter software"},"image":{"@id":"https:\/\/www.sendblaster.com\/#\/schema\/logo\/image\/"}}]}},"_links":{"self":[{"href":"https:\/\/www.sendblaster.com\/de\/wp-json\/wp\/v2\/pages\/1946"}],"collection":[{"href":"https:\/\/www.sendblaster.com\/de\/wp-json\/wp\/v2\/pages"}],"about":[{"href":"https:\/\/www.sendblaster.com\/de\/wp-json\/wp\/v2\/types\/page"}],"author":[{"embeddable":true,"href":"https:\/\/www.sendblaster.com\/de\/wp-json\/wp\/v2\/users\/1"}],"replies":[{"embeddable":true,"href":"https:\/\/www.sendblaster.com\/de\/wp-json\/wp\/v2\/comments?post=1946"}],"version-history":[{"count":9,"href":"https:\/\/www.sendblaster.com\/de\/wp-json\/wp\/v2\/pages\/1946\/revisions"}],"predecessor-version":[{"id":5383,"href":"https:\/\/www.sendblaster.com\/de\/wp-json\/wp\/v2\/pages\/1946\/revisions\/5383"}],"wp:attachment":[{"href":"https:\/\/www.sendblaster.com\/de\/wp-json\/wp\/v2\/media?parent=1946"}],"curies":[{"name":"wp","href":"https:\/\/api.w.org\/{rel}","templated":true}]}}