{"id":1838,"date":"2018-05-15T09:38:07","date_gmt":"2018-05-15T09:38:07","guid":{"rendered":"https:\/\/www.sendblaster.com\/wpnew-2018\/?page_id=1838"},"modified":"2018-05-15T09:38:07","modified_gmt":"2018-05-15T09:38:07","slug":"allgemeine-sitemap","status":"publish","type":"page","link":"https:\/\/www.sendblaster.com\/de\/allgemeine-sitemap\/","title":{"rendered":"Allgemeine Sitemap"},"content":{"rendered":"<div class=\"wsp-container\"><h2 class=\"wsp-pages-title\">Pages<\/h2>\n<ul class=\"wsp-pages-list\">\n<li class=\"page_item page-item-1840\"><a href=\"https:\/\/www.sendblaster.com\/de\/15-tage-geld-zurueck-garantie\/\">15 Tage Geld zur\u00fcck Garantie<\/a><\/li>\n<li class=\"page_item page-item-3065\"><a href=\"https:\/\/www.sendblaster.com\/de\/600-e-mail-vorlagen-fuer-sendblaster\/\">300 E-Mail-Vorlagen f\u00fcr Sendblaster<\/a><\/li>\n<li class=\"page_item page-item-1838\"><a href=\"https:\/\/www.sendblaster.com\/de\/allgemeine-sitemap\/\">Allgemeine Sitemap<\/a><\/li>\n<li class=\"page_item page-item-2265\"><a href=\"https:\/\/www.sendblaster.com\/de\/anti-spam-gesetz\/\">Anti-Spam Gesetze und Regelungen in Deutschland, der EU und den USA<\/a><\/li>\n<li class=\"page_item page-item-2494\"><a href=\"https:\/\/www.sendblaster.com\/de\/asp-single-opt-und-double-opt-aus-mail-scripts\/\">ASP single opt-in and double opt-in formmail scripts<\/a><\/li>\n<li class=\"page_item page-item-2923\"><a href=\"https:\/\/www.sendblaster.com\/de\/aufwertung-von-sendblaster-express-nach-pro\/\">Aufwertung von SendBlaster Express nach Pro<\/a><\/li>\n<li class=\"page_item page-item-2258\"><a href=\"https:\/\/www.sendblaster.com\/de\/250-e-mail-vorlagen-fur-jeden-zweck-auswahlen\/\">Aus \u00fcber 250 HTML-E-Mail-Vorlagen f\u00fcr jeden Zweck ausw\u00e4hlen<\/a><\/li>\n<li class=\"page_item page-item-2482\"><a href=\"https:\/\/www.sendblaster.com\/de\/ergaenzen-von-feldern-aus-mail-scripts\/\">Complete fields form mail scripts<\/a><\/li>\n<li class=\"page_item page-item-2411\"><a href=\"https:\/\/www.sendblaster.com\/de\/create-your-own-permission-based-email-list-using-php-captcha-form-script\/\">Create your own permission based email list using Php Captcha Form Script<\/a><\/li>\n<li class=\"page_item page-item-1603\"><a href=\"https:\/\/www.sendblaster.com\/de\/datenanalyse\/\">Datenanalyse<\/a><\/li>\n<li class=\"page_item page-item-1836\"><a href=\"https:\/\/www.sendblaster.com\/de\/datenschutzrichtlinien\/\">Datenschutzrichtlinien<\/a><\/li>\n<li class=\"page_item page-item-1953\"><a href=\"https:\/\/www.sendblaster.com\/de\/einzelhaendler\/\">Discountpreise f\u00fcr Mehrfachlizenzen<\/a><\/li>\n<li class=\"page_item page-item-3026 page_item_has_children\"><a href=\"https:\/\/www.sendblaster.com\/de\/datenschutzerklarung-eu-verordnung-2016-79-dsgvo\/\">DSGVO \u2013 Einf\u00fchrung \u2013 Ziele<\/a>\n<ul class='children'>\n\t<li class=\"page_item page-item-3028\"><a href=\"https:\/\/www.sendblaster.com\/de\/datenschutzerklarung-eu-verordnung-2016-79-dsgvo\/grundsaetzliche-information\/\">Grunds\u00e4tzliche Information<\/a><\/li>\n\t<li class=\"page_item page-item-3030\"><a href=\"https:\/\/www.sendblaster.com\/de\/datenschutzerklarung-eu-verordnung-2016-79-dsgvo\/wie-delivery-tech-daten-sammelt\/\">Wie Delivery Tech Daten sammelt<\/a><\/li>\n\t<li class=\"page_item page-item-3032\"><a href=\"https:\/\/www.sendblaster.com\/de\/datenschutzerklarung-eu-verordnung-2016-79-dsgvo\/wie-delivery-tech-ihre-informationen-verwendet\/\">Wie Delivery Tech Ihre Informationen verwendet<\/a><\/li>\n\t<li class=\"page_item page-item-3034\"><a href=\"https:\/\/www.sendblaster.com\/de\/datenschutzerklarung-eu-verordnung-2016-79-dsgvo\/zugriff-export-aenderung-und-entfernung-von-informationen\/\">Zugriff, Export, \u00c4nderung und Entfernung von Informationen<\/a><\/li>\n\t<li class=\"page_item page-item-3036\"><a href=\"https:\/\/www.sendblaster.com\/de\/datenschutzerklarung-eu-verordnung-2016-79-dsgvo\/sicherheit\/\">Sicherheit<\/a><\/li>\n<\/ul>\n<\/li>\n<li class=\"page_item page-item-2275\"><a href=\"https:\/\/www.sendblaster.com\/de\/e-mail-senderate\/\">E-mail delivery rate<\/a><\/li>\n<li class=\"page_item page-item-2569\"><a href=\"https:\/\/www.sendblaster.com\/de\/einfuhrung-des-neuen-widget-bereichs\/\">Einf\u00fchrung des neuen Widget-Bereichs<\/a><\/li>\n<li class=\"page_item page-item-2441\"><a href=\"https:\/\/www.sendblaster.com\/de\/email-newsletter-templates-collection\/\">Email newsletter template collection<\/a><\/li>\n<li class=\"page_item page-item-1946\"><a href=\"https:\/\/www.sendblaster.com\/de\/weihnachtspost-email-versenden\/\">Erstellen Sie Ihre Weihnachts-Newsletters 2020<\/a><\/li>\n<li class=\"page_item page-item-1962\"><a href=\"https:\/\/www.sendblaster.com\/de\/festlegen-einer-return-path-adresse\/\">Festlegen einer Return-Path-Adresse f\u00fcr eine einfachere Unzustellbarkeit-Verarbeitung<\/a><\/li>\n<li class=\"page_item page-item-2471\"><a href=\"https:\/\/www.sendblaster.com\/de\/funktionen-global-abmelden-und-globale-unzustellbarkeit\/\">Funktionen Global abmelden und Globale Unzustellbarkeit<\/a><\/li>\n<li class=\"page_item page-item-1601\"><a href=\"https:\/\/www.sendblaster.com\/de\/gestalten-sie-wirkungsvolle-emails\/\">Gestalten Sie wirkungsvolle Emails<\/a><\/li>\n<li class=\"page_item page-item-1502\"><a href=\"https:\/\/www.sendblaster.com\/de\/\">Home page DE<\/a><\/li>\n<li class=\"page_item page-item-2393\"><a href=\"https:\/\/www.sendblaster.com\/de\/html-mit-bildern-exportieren\/\">HTML mit Bildern exportieren<\/a><\/li>\n<li class=\"page_item page-item-1531\"><a href=\"https:\/\/www.sendblaster.com\/de\/newsletter-software-kaufen\/\">Kaufen Sie Ihren SendBlaster Pro jetzt!<\/a><\/li>\n<li class=\"page_item page-item-2885\"><a href=\"https:\/\/www.sendblaster.com\/de\/register\/\">Kostenlose Version &#8211; Aktivierungscode<\/a><\/li>\n<li class=\"page_item page-item-2421\"><a href=\"https:\/\/www.sendblaster.com\/de\/links-in-html-e-mails-pruefen\/\">Links in HTML-E-Mails pr\u00fcfen<\/a><\/li>\n<li class=\"page_item page-item-3067\"><a href=\"https:\/\/www.sendblaster.com\/de\/liste-zusammenfuhren-und-verschieben\/\">Liste zusammenf\u00fchren und verschieben<\/a><\/li>\n<li class=\"page_item page-item-2268\"><a href=\"https:\/\/www.sendblaster.com\/de\/mailing-spam-check-rate\/\">Mailing Spam Check rate<\/a><\/li>\n<li class=\"page_item page-item-2948\"><a href=\"https:\/\/www.sendblaster.com\/de\/multi-lizenzaktivierung-form\/\">Multi Lizenzaktivierung Form<\/a><\/li>\n<li class=\"page_item page-item-2477\"><a href=\"https:\/\/www.sendblaster.com\/de\/sendblaster-express\/\">SendBlaster Express<\/a><\/li>\n<li class=\"page_item page-item-2488\"><a href=\"https:\/\/www.sendblaster.com\/de\/sendblaster-express-aktivieren\/\">SendBlaster Express aktivieren<\/a><\/li>\n<li class=\"page_item page-item-3069\"><a href=\"https:\/\/www.sendblaster.com\/de\/sendblaster-express-kostenloses-konto-bei-turbosmtp\/\">SendBlaster Express: Kostenloses Konto bei TurboSMTP<\/a><\/li>\n<li class=\"page_item page-item-2491\"><a href=\"https:\/\/www.sendblaster.com\/de\/sendblaster-express-upgrade-auf-sendblaster-pro\/\">SendBlaster Express: Upgrade auf SendBlaster Pro<\/a><\/li>\n<li class=\"page_item page-item-1820\"><a href=\"https:\/\/www.sendblaster.com\/de\/vergleichstabelle-gratis-newsletter-software-vs-pro-bulk-emailer\/\">SendBlaster Free vs Pro Vergleichstabelle<\/a><\/li>\n<li class=\"page_item page-item-2402\"><a href=\"https:\/\/www.sendblaster.com\/de\/so-sichern-sie-ihre-sendblaster-daten\/\">So sichern Sie Ihre SendBlaster-Daten<\/a><\/li>\n<li class=\"page_item page-item-1830\"><a href=\"https:\/\/www.sendblaster.com\/de\/versenden-sie-ihre-newsletter-wenigen-minuten\/\">So versenden Sie Serien E-Mails: Ihr Newsletter in wenigen Minuten<\/a><\/li>\n<li class=\"page_item page-item-2461\"><a href=\"https:\/\/www.sendblaster.com\/de\/zuschneiden-und-ersetzen-tool\/\">So verwenden Sie das &#8222;Zuschneiden und Ersetzen&#8220;-Tool<\/a><\/li>\n<li class=\"page_item page-item-1540\"><a href=\"https:\/\/www.sendblaster.com\/de\/download-kostenlos-newsletter-software-herunterladen-und-ausprobieren\/\">Testen Sie SendBlaster vollkommen kostenlos &#8211; in deutscher Sprache<\/a><\/li>\n<li class=\"page_item page-item-1823\"><a href=\"https:\/\/www.sendblaster.com\/de\/kostenlose-e-mail-vorlagen\/\">\u00dcber 130 kostenlose email vorlagen<\/a><\/li>\n<li class=\"page_item page-item-1514\"><a href=\"https:\/\/www.sendblaster.com\/de\/uebersichtliches-design-und-viele-e-mail-marketing-funktionen\/\">\u00dcbersichtliches und schnelles Arbeiten<\/a><\/li>\n<li class=\"page_item page-item-2426\"><a href=\"https:\/\/www.sendblaster.com\/de\/verwenden-des-layout-editors\/\">Verwenden des Layout-Editors<\/a><\/li>\n<li class=\"page_item page-item-2448\"><a href=\"https:\/\/www.sendblaster.com\/de\/verwenden-von-programmierbaren-tags\/\">Verwenden von Programmierbaren Tags<\/a><\/li>\n<li class=\"page_item page-item-2415\"><a href=\"https:\/\/www.sendblaster.com\/de\/verwenden-von-textbausteinen\/\">Verwenden von Textbausteinen<\/a><\/li>\n<li class=\"page_item page-item-1521\"><a href=\"https:\/\/www.sendblaster.com\/de\/vorschau-screenshots\/\">Vorschau\/ Screenshots<\/a><\/li>\n<li class=\"page_item page-item-1818\"><a href=\"https:\/\/www.sendblaster.com\/de\/was-gibt-es-neues-in-sendblaster-4\/\">Was gibt es Neues in SendBlaster<\/a><\/li>\n<li class=\"page_item page-item-2408\"><a href=\"https:\/\/www.sendblaster.com\/de\/anleitung-wie-man-bessere-gruppenmails-versendet\/\">Wie gestaltet man eine Email Marketing Aktion<\/a><\/li>\n<li class=\"page_item page-item-2382\"><a href=\"https:\/\/www.sendblaster.com\/de\/wordpress-double-optin-widget-plugin-fuer-newsletteranemeldung\/\">WordPress double optin widget bulk email plugin for newsletter subscription<\/a><\/li>\n<\/ul>\n<h2 class=\"wsp-posts-title\">Posts by category<\/h2>\n<ul class=\"wsp-posts-list\">\n\t<li><strong class=\"wsp-category-title\">Category: <a href=\"https:\/\/www.sendblaster.com\/de\/support-de\/\">Support<\/a><\/strong>\n<ul class=\"wsp-posts-list\">\t\t<li class=\"wsp-post\"><a href=\"https:\/\/www.sendblaster.com\/de\/support-de\/anleitung-wie-man-bessere-gruppenmails-versendet\/\">Wie generiert man einen Newsletter<\/a><\/li>\n\t<li><strong class=\"wsp-category-title\">Category: <a href=\"https:\/\/www.sendblaster.com\/de\/support-de\/email-nachverfolgung\/\">Email Nachverfolgung<\/a><\/strong>\n<ul class=\"wsp-posts-list\">\t\t<li class=\"wsp-post\"><a href=\"https:\/\/www.sendblaster.com\/de\/support-de\/email-nachverfolgung\/analysieren-sie-ihre-e-mail-kampagnen-mit-google-analytics\/\">Analysieren Sie Ihre E-Mail Kampagnen mit Google Analytics<\/a><\/li>\n<\/ul><\/li>\n\t<li><strong class=\"wsp-category-title\">Category: <a href=\"https:\/\/www.sendblaster.com\/de\/support-de\/lehrvideos\/\">Lehrvideos<\/a><\/strong>\n<ul class=\"wsp-posts-list\">\t\t<li class=\"wsp-post\"><a href=\"https:\/\/www.sendblaster.com\/de\/support-de\/lehrvideos\/lehrvideos\/\">Lehrvideos<\/a><\/li>\n<\/ul><\/li>\n\t<li><strong class=\"wsp-category-title\">Category: <a href=\"https:\/\/www.sendblaster.com\/de\/support-de\/listenimport\/\">Listenimport<\/a><\/strong>\n<ul class=\"wsp-posts-list\">\t\t<li class=\"wsp-post\"><a href=\"https:\/\/www.sendblaster.com\/de\/support-de\/listenimport\/single-opt-php-form-mail\/\">Single Opt-in PHP form mail<\/a><\/li>\n\t\t<li class=\"wsp-post\"><a href=\"https:\/\/www.sendblaster.com\/de\/support-de\/listenimport\/double-opt-kostenlose-php-form-mail\/\">Double Opt-in kostenlose PHP Form Mail<\/a><\/li>\n<\/ul><\/li>\n\t<li><strong class=\"wsp-category-title\">Category: <a href=\"https:\/\/www.sendblaster.com\/de\/support-de\/newsletter-generieren\/\">Newsletter generieren<\/a><\/strong>\n<ul class=\"wsp-posts-list\">\t\t<li class=\"wsp-post\"><a href=\"https:\/\/www.sendblaster.com\/de\/support-de\/newsletter-generieren\/anleitung-fuer-die-erstellung-personalisierter-e-mails\/\">Anleitung f\u00fcr die Erstellung personalisierter E-Mails<\/a><\/li>\n<\/ul><\/li>\n\t<li><strong class=\"wsp-category-title\">Category: <a href=\"https:\/\/www.sendblaster.com\/de\/support-de\/vorschlaege\/\">Vorschl\u00e4ge<\/a><\/strong>\n<\/li>\n\t<li><strong class=\"wsp-category-title\">Category: <a href=\"https:\/\/www.sendblaster.com\/de\/support-de\/zulassungsliste\/\">Zulassungsliste<\/a><\/strong>\n<ul class=\"wsp-posts-list\">\t\t<li class=\"wsp-post\"><a href=\"https:\/\/www.sendblaster.com\/de\/support-de\/zulassungsliste\/wie-man-eine-zulassungsliste-erstellt\/\">Wie generiert man eine Zulassungsliste<\/a><\/li>\n<\/ul><\/li>\n<\/ul><\/li>\n<\/ul>\n<\/div>\n","protected":false},"excerpt":{"rendered":"\n<p class=\"read-more-container\"><a class=\"button read-more\" href=\"https:\/\/www.sendblaster.com\/de\/allgemeine-sitemap\/\" title=\"\">Weiterlesen<\/a><\/p>\n","protected":false},"author":1,"featured_media":0,"parent":0,"menu_order":0,"comment_status":"closed","ping_status":"closed","template":"","meta":{"_monsterinsights_skip_tracking":false,"_monsterinsights_sitenote_active":false,"_monsterinsights_sitenote_note":"","_monsterinsights_sitenote_category":0,"footnotes":""},"class_list":["post-1838","page","type-page","status-publish"],"yoast_head":"<!-- This site is optimized with the Yoast SEO plugin v23.5 - https:\/\/yoast.com\/wordpress\/plugins\/seo\/ -->\n<title>Allgemeine Sitemap - SendBlaster newsletter software<\/title>\n<meta name=\"description\" content=\"SendBlaster newsletter software Allgemeine Sitemap\" \/>\n<meta name=\"robots\" content=\"index, follow, max-snippet:-1, max-image-preview:large, max-video-preview:-1\" \/>\n<link rel=\"canonical\" href=\"https:\/\/www.sendblaster.com\/de\/allgemeine-sitemap\/\" \/>\n<meta property=\"og:locale\" content=\"de_DE\" \/>\n<meta property=\"og:type\" content=\"article\" \/>\n<meta property=\"og:title\" content=\"Allgemeine Sitemap - SendBlaster newsletter software\" \/>\n<meta property=\"og:description\" content=\"SendBlaster newsletter software Allgemeine Sitemap\" \/>\n<meta property=\"og:url\" content=\"https:\/\/www.sendblaster.com\/de\/allgemeine-sitemap\/\" \/>\n<meta property=\"og:site_name\" content=\"SendBlaster newsletter software\" \/>\n<meta name=\"twitter:card\" content=\"summary_large_image\" \/>\n<script type=\"application\/ld+json\" class=\"yoast-schema-graph\">{\"@context\":\"https:\/\/schema.org\",\"@graph\":[{\"@type\":\"WebPage\",\"@id\":\"https:\/\/www.sendblaster.com\/de\/allgemeine-sitemap\/\",\"url\":\"https:\/\/www.sendblaster.com\/de\/allgemeine-sitemap\/\",\"name\":\"Allgemeine Sitemap - SendBlaster newsletter software\",\"isPartOf\":{\"@id\":\"https:\/\/www.sendblaster.com\/#website\"},\"datePublished\":\"2018-05-15T09:38:07+00:00\",\"dateModified\":\"2018-05-15T09:38:07+00:00\",\"description\":\"SendBlaster newsletter software Allgemeine Sitemap\",\"breadcrumb\":{\"@id\":\"https:\/\/www.sendblaster.com\/de\/allgemeine-sitemap\/#breadcrumb\"},\"inLanguage\":\"de\",\"potentialAction\":[{\"@type\":\"ReadAction\",\"target\":[\"https:\/\/www.sendblaster.com\/de\/allgemeine-sitemap\/\"]}]},{\"@type\":\"BreadcrumbList\",\"@id\":\"https:\/\/www.sendblaster.com\/de\/allgemeine-sitemap\/#breadcrumb\",\"itemListElement\":[{\"@type\":\"ListItem\",\"position\":1,\"name\":\"Home\",\"item\":\"https:\/\/www.sendblaster.com\/de\/\"},{\"@type\":\"ListItem\",\"position\":2,\"name\":\"Allgemeine Sitemap\"}]},{\"@type\":\"WebSite\",\"@id\":\"https:\/\/www.sendblaster.com\/#website\",\"url\":\"https:\/\/www.sendblaster.com\/\",\"name\":\"SendBlaster newsletter software\",\"description\":\"\",\"publisher\":{\"@id\":\"https:\/\/www.sendblaster.com\/#organization\"},\"potentialAction\":[{\"@type\":\"SearchAction\",\"target\":{\"@type\":\"EntryPoint\",\"urlTemplate\":\"https:\/\/www.sendblaster.com\/?s={search_term_string}\"},\"query-input\":{\"@type\":\"PropertyValueSpecification\",\"valueRequired\":true,\"valueName\":\"search_term_string\"}}],\"inLanguage\":\"de\"},{\"@type\":\"Organization\",\"@id\":\"https:\/\/www.sendblaster.com\/#organization\",\"name\":\"SendBlaster newsletter software\",\"url\":\"https:\/\/www.sendblaster.com\/\",\"logo\":{\"@type\":\"ImageObject\",\"inLanguage\":\"de\",\"@id\":\"https:\/\/www.sendblaster.com\/#\/schema\/logo\/image\/\",\"url\":\"https:\/\/www.sendblaster.com\/wp-content\/uploads\/2021\/09\/logo-svg-2021.svg\",\"contentUrl\":\"https:\/\/www.sendblaster.com\/wp-content\/uploads\/2021\/09\/logo-svg-2021.svg\",\"width\":350,\"height\":70,\"caption\":\"SendBlaster newsletter software\"},\"image\":{\"@id\":\"https:\/\/www.sendblaster.com\/#\/schema\/logo\/image\/\"}}]}<\/script>\n<!-- \/ Yoast SEO plugin. -->","yoast_head_json":{"title":"Allgemeine Sitemap - SendBlaster newsletter software","description":"SendBlaster newsletter software Allgemeine Sitemap","robots":{"index":"index","follow":"follow","max-snippet":"max-snippet:-1","max-image-preview":"max-image-preview:large","max-video-preview":"max-video-preview:-1"},"canonical":"https:\/\/www.sendblaster.com\/de\/allgemeine-sitemap\/","og_locale":"de_DE","og_type":"article","og_title":"Allgemeine Sitemap - SendBlaster newsletter software","og_description":"SendBlaster newsletter software Allgemeine Sitemap","og_url":"https:\/\/www.sendblaster.com\/de\/allgemeine-sitemap\/","og_site_name":"SendBlaster newsletter software","twitter_card":"summary_large_image","schema":{"@context":"https:\/\/schema.org","@graph":[{"@type":"WebPage","@id":"https:\/\/www.sendblaster.com\/de\/allgemeine-sitemap\/","url":"https:\/\/www.sendblaster.com\/de\/allgemeine-sitemap\/","name":"Allgemeine Sitemap - SendBlaster newsletter software","isPartOf":{"@id":"https:\/\/www.sendblaster.com\/#website"},"datePublished":"2018-05-15T09:38:07+00:00","dateModified":"2018-05-15T09:38:07+00:00","description":"SendBlaster newsletter software Allgemeine Sitemap","breadcrumb":{"@id":"https:\/\/www.sendblaster.com\/de\/allgemeine-sitemap\/#breadcrumb"},"inLanguage":"de","potentialAction":[{"@type":"ReadAction","target":["https:\/\/www.sendblaster.com\/de\/allgemeine-sitemap\/"]}]},{"@type":"BreadcrumbList","@id":"https:\/\/www.sendblaster.com\/de\/allgemeine-sitemap\/#breadcrumb","itemListElement":[{"@type":"ListItem","position":1,"name":"Home","item":"https:\/\/www.sendblaster.com\/de\/"},{"@type":"ListItem","position":2,"name":"Allgemeine Sitemap"}]},{"@type":"WebSite","@id":"https:\/\/www.sendblaster.com\/#website","url":"https:\/\/www.sendblaster.com\/","name":"SendBlaster newsletter software","description":"","publisher":{"@id":"https:\/\/www.sendblaster.com\/#organization"},"potentialAction":[{"@type":"SearchAction","target":{"@type":"EntryPoint","urlTemplate":"https:\/\/www.sendblaster.com\/?s={search_term_string}"},"query-input":{"@type":"PropertyValueSpecification","valueRequired":true,"valueName":"search_term_string"}}],"inLanguage":"de"},{"@type":"Organization","@id":"https:\/\/www.sendblaster.com\/#organization","name":"SendBlaster newsletter software","url":"https:\/\/www.sendblaster.com\/","logo":{"@type":"ImageObject","inLanguage":"de","@id":"https:\/\/www.sendblaster.com\/#\/schema\/logo\/image\/","url":"https:\/\/www.sendblaster.com\/wp-content\/uploads\/2021\/09\/logo-svg-2021.svg","contentUrl":"https:\/\/www.sendblaster.com\/wp-content\/uploads\/2021\/09\/logo-svg-2021.svg","width":350,"height":70,"caption":"SendBlaster newsletter software"},"image":{"@id":"https:\/\/www.sendblaster.com\/#\/schema\/logo\/image\/"}}]}},"_links":{"self":[{"href":"https:\/\/www.sendblaster.com\/de\/wp-json\/wp\/v2\/pages\/1838"}],"collection":[{"href":"https:\/\/www.sendblaster.com\/de\/wp-json\/wp\/v2\/pages"}],"about":[{"href":"https:\/\/www.sendblaster.com\/de\/wp-json\/wp\/v2\/types\/page"}],"author":[{"embeddable":true,"href":"https:\/\/www.sendblaster.com\/de\/wp-json\/wp\/v2\/users\/1"}],"replies":[{"embeddable":true,"href":"https:\/\/www.sendblaster.com\/de\/wp-json\/wp\/v2\/comments?post=1838"}],"version-history":[{"count":1,"href":"https:\/\/www.sendblaster.com\/de\/wp-json\/wp\/v2\/pages\/1838\/revisions"}],"predecessor-version":[{"id":1839,"href":"https:\/\/www.sendblaster.com\/de\/wp-json\/wp\/v2\/pages\/1838\/revisions\/1839"}],"wp:attachment":[{"href":"https:\/\/www.sendblaster.com\/de\/wp-json\/wp\/v2\/media?parent=1838"}],"curies":[{"name":"wp","href":"https:\/\/api.w.org\/{rel}","templated":true}]}}