{"id":1830,"date":"2018-05-15T09:14:04","date_gmt":"2018-05-15T09:14:04","guid":{"rendered":"https:\/\/www.sendblaster.com\/wpnew-2018\/?page_id=1830"},"modified":"2018-05-15T09:14:04","modified_gmt":"2018-05-15T09:14:04","slug":"versenden-sie-ihre-newsletter-wenigen-minuten","status":"publish","type":"page","link":"https:\/\/www.sendblaster.com\/de\/versenden-sie-ihre-newsletter-wenigen-minuten\/","title":{"rendered":"So versenden Sie Serien E-Mails: Ihr Newsletter in wenigen Minuten"},"content":{"rendered":"<p style=\"text-align: center;\"><img decoding=\"async\" width=\"815\" height=\"447\" src=\"https:\/\/www.sendblaster.com\/wp-content\/uploads\/2018\/03\/your-email-marketing-campaign-in-minutes.png\" alt=\"So versenden Sie Serien E-Mails: Ihr Newsletter in wenigen Minuten\" \/><\/p>\n<p>SendBlaster ist eine kostenlose Massenmailsoftware und E-Mail Marketing L\u00f6sung.  Heutzutage sind Suchmaschinen f\u00fcr E-Marketing Strategien nicht mehr ausreichend. Um Kunden und Besucher von Internetseiten zu binden, ist es wichtig, Empf\u00e4ngerlisten f\u00fcr Newsletterprogramme zu generieren. Nutzen Sie dazu am besten unsere&nbsp; kostenlosen opt-in anmeldeformulare auf unserer Website.<\/p>\n<p>Nachdem Sie Interessenten auf Ihrer Internetseite gewinnen konnten, ist es am einfachsten und preiswertesten, eine <a href=\"uebersichtliches-design-und-viele-e-mail-marketing-funktionen\">Newsletter-Software<\/a> als E-Mail Marketing Programm einzusetzen. Die <a href=\"download-kostenlos-newsletter-software-herunterladen-und-ausprobieren\">kostenlose Massenmail Software<\/a> kann automatisch Serienmails und personalisierte E-Mails an Empf\u00e4nger Ihrer Verteilerliste versenden und eventuelle R\u00fcckl\u00e4ufer sowie An- und Abmeldungen verwalten. Und das alles aus einer <strong>Software auf Ihrem PC<\/strong>. Sie ben\u00f6tigen <strong>keine Online&nbsp;Datenbank<\/strong>. Ihre Kundendaten sind sicher in der lokalen Datenbank gesichert.<\/p>\n<ul>\n<li><a href=\"download-kostenlos-newsletter-software-herunterladen-und-ausprobieren\" title=\"Download kostenlos newsletter software herunterladen und ausprobieren\"><strong>Laden Sie <\/strong><\/a>SendBlaster <a href=\"download-kostenlos-newsletter-software-herunterladen-und-ausprobieren\" title=\"download kostenlos newsletter software herunterladen und ausprobieren\">Newsletter Software kostenlos<\/a> herunter und versenden Sie noch heute Ihren Newsletter und andere Serien E-Mails.<\/li>\n<li>Kostenlose php opt-in Anmeldeformulare f\u00fcr Newsletter Anmeldungen f\u00fcr Ihre Webseite herunterladen und mit im &#8222;<strong>Permission Marketing<\/strong>&#8222;<strong> <\/strong>legitimierten (<a href=\"support\/lists-importing\/double-opt-kostenlose-php-form-mail\" title=\"Double Opt-in kostenlose PHP Form Mail\">best\u00e4tigten double opt-in<\/a> Verfahren Abonnenten gewinnen. <a href=\"generieren-sie-ihre-eigene-auf-zulassung-basierende-emailliste-mit-php-captcha-form-script\" title=\"Generieren Sie Ihre eigene auf Zulassung basierende Emailliste mit Php Captcha Form Script\">Das Captcha (Anti-Spam) Php<\/a> opt-in Script steht Ihnen ebenfalls kostenlos zur Verf\u00fcgung.<\/li>\n<li>Die <strong>Massenmail Software SendBlaster<\/strong> importiert frei definierbare Benutzerdaten in Ihre lokale Verteilerliste.<\/li>\n<li><strong>Erstellen <\/strong>oder <strong>importieren Sie <\/strong>.csv Mailing Listen und beginnen Sie mit dem kundenorientierten Direkt E-Mail Marketing.<\/li>\n<li><strong>Versenden Sie Massenmails <\/strong>und erreichen Sie viele Ihrer Kunden mit nur wenigen Mausklicks.<\/li>\n<\/ul>\n<p>Ein <a href=\"https:\/\/www.sendblaster.com\/de\/anti-spam-gesetz\/\">gesetzeskonformes<\/a> E-Mail Marketing ist der beste Weg, eine kontinuierliche und professionelle Kundenbindung mit potentiellen Interessenten und Stammkunden zu erreichen.<\/p>\n<ul>\n<li><a href=\"uebersichtliches-design-und-viele-e-mail-marketing-funktionen\" title=\"Download - Kostenlos Newsletter Software herunterladen und ausprobieren\">Massen E-Mailer <strong>Funktionsliste<\/strong><\/a><\/li>\n<li><a href=\"download-kostenlos-newsletter-software-herunterladen-und-ausprobieren\" title=\"Vorschau\/ Screenshots\"><strong>Download<\/strong> &#8211; Kostenlose Newsletter Software <\/a><\/li>\n<li><a href=\"vorschau-screenshots\" title=\"Newsletter Software kaufen\"><strong>Vorschaubilder<\/strong> \/&nbsp;Screenshots der E-Mail Marketing Software<\/a><\/li>\n<li><a href=\"newsletter-software-kaufen\" title=\"Newsletter Software kaufen\">Newsletter-Software <strong>SendBlaster Pro <\/strong>mit unbegrenzten Funktionen <strong>kaufen<\/strong><\/a>&nbsp;<\/li>\n<\/ul>\n<p style=\"text-align: center; margin-bottom: 0px;\"><a href=\"https:\/\/www.sendblaster.com\/de\/download-kostenlos-newsletter-software-herunterladen-und-ausprobieren\" title=\"100% kostenlos Newsletter Software\" class=\"download-cta\">Download Kostenlos<\/a><a href=\"https:\/\/www.sendblaster.com\/de\/newsletter-software-kaufen\" title=\"Kaufen SendBlaster PRO!\" class=\"buy-cta\">Kaufen SendBlaster Pro<\/a><\/p>\n","protected":false},"excerpt":{"rendered":"<p>SendBlaster ist eine kostenlose Massenmailsoftware und E-Mail Marketing L\u00f6sung. Heutzutage sind Suchmaschinen f\u00fcr E-Marketing Strategien nicht mehr ausreichend. Um Kunden und Besucher von Internetseiten zu binden, ist es wichtig, Empf\u00e4ngerlisten f\u00fcr Newsletterprogramme zu generieren. Nutzen Sie dazu am besten unsere&nbsp; <\/p>\n<p class=\"read-more-container\"><a class=\"button read-more\" href=\"https:\/\/www.sendblaster.com\/de\/versenden-sie-ihre-newsletter-wenigen-minuten\/\" title=\"\">Weiterlesen<\/a><\/p>\n","protected":false},"author":1,"featured_media":0,"parent":0,"menu_order":0,"comment_status":"closed","ping_status":"closed","template":"","meta":{"_monsterinsights_skip_tracking":false,"_monsterinsights_sitenote_active":false,"_monsterinsights_sitenote_note":"","_monsterinsights_sitenote_category":0,"footnotes":""},"class_list":["post-1830","page","type-page","status-publish"],"yoast_head":"<!-- This site is optimized with the Yoast SEO plugin v23.5 - https:\/\/yoast.com\/wordpress\/plugins\/seo\/ -->\n<title>So versenden Sie Serien E-Mails: Ihr Newsletter in wenigen Minuten - SendBlaster newsletter software<\/title>\n<meta name=\"description\" content=\"SendBlaster newsletter software So versenden Sie Serien E-Mails: Ihr Newsletter in wenigen Minuten SendBlaster ist eine kostenlose Massenmailsoftware und E-Mail Marketing L\u00f6sung. Heutzutage sind Suchmaschinen f\u00fcr E-Marketing Strategien nicht mehr\" \/>\n<meta name=\"robots\" content=\"index, follow, max-snippet:-1, max-image-preview:large, max-video-preview:-1\" \/>\n<link rel=\"canonical\" href=\"https:\/\/www.sendblaster.com\/de\/versenden-sie-ihre-newsletter-wenigen-minuten\/\" \/>\n<meta property=\"og:locale\" content=\"de_DE\" \/>\n<meta property=\"og:type\" content=\"article\" \/>\n<meta property=\"og:title\" content=\"So versenden Sie Serien E-Mails: Ihr Newsletter in wenigen Minuten - SendBlaster newsletter software\" \/>\n<meta property=\"og:description\" content=\"SendBlaster newsletter software So versenden Sie Serien E-Mails: Ihr Newsletter in wenigen Minuten SendBlaster ist eine kostenlose Massenmailsoftware und E-Mail Marketing L\u00f6sung. Heutzutage sind Suchmaschinen f\u00fcr E-Marketing Strategien nicht mehr\" \/>\n<meta property=\"og:url\" content=\"https:\/\/www.sendblaster.com\/de\/versenden-sie-ihre-newsletter-wenigen-minuten\/\" \/>\n<meta property=\"og:site_name\" content=\"SendBlaster newsletter software\" \/>\n<meta property=\"og:image\" content=\"https:\/\/www.sendblaster.com\/wp-content\/uploads\/2018\/03\/your-email-marketing-campaign-in-minutes.png\" \/>\n<meta name=\"twitter:card\" content=\"summary_large_image\" \/>\n<meta name=\"twitter:label1\" content=\"Gesch\u00e4tzte Lesezeit\" \/>\n\t<meta name=\"twitter:data1\" content=\"1\u00a0Minute\" \/>\n<script type=\"application\/ld+json\" class=\"yoast-schema-graph\">{\"@context\":\"https:\/\/schema.org\",\"@graph\":[{\"@type\":\"WebPage\",\"@id\":\"https:\/\/www.sendblaster.com\/de\/versenden-sie-ihre-newsletter-wenigen-minuten\/\",\"url\":\"https:\/\/www.sendblaster.com\/de\/versenden-sie-ihre-newsletter-wenigen-minuten\/\",\"name\":\"So versenden Sie Serien E-Mails: Ihr Newsletter in wenigen Minuten - SendBlaster newsletter software\",\"isPartOf\":{\"@id\":\"https:\/\/www.sendblaster.com\/#website\"},\"primaryImageOfPage\":{\"@id\":\"https:\/\/www.sendblaster.com\/de\/versenden-sie-ihre-newsletter-wenigen-minuten\/#primaryimage\"},\"image\":{\"@id\":\"https:\/\/www.sendblaster.com\/de\/versenden-sie-ihre-newsletter-wenigen-minuten\/#primaryimage\"},\"thumbnailUrl\":\"https:\/\/www.sendblaster.com\/wp-content\/uploads\/2018\/03\/your-email-marketing-campaign-in-minutes.png\",\"datePublished\":\"2018-05-15T09:14:04+00:00\",\"dateModified\":\"2018-05-15T09:14:04+00:00\",\"description\":\"SendBlaster newsletter software So versenden Sie Serien E-Mails: Ihr Newsletter in wenigen Minuten SendBlaster ist eine kostenlose Massenmailsoftware und E-Mail Marketing L\u00f6sung. Heutzutage sind Suchmaschinen f\u00fcr E-Marketing Strategien nicht mehr\",\"breadcrumb\":{\"@id\":\"https:\/\/www.sendblaster.com\/de\/versenden-sie-ihre-newsletter-wenigen-minuten\/#breadcrumb\"},\"inLanguage\":\"de\",\"potentialAction\":[{\"@type\":\"ReadAction\",\"target\":[\"https:\/\/www.sendblaster.com\/de\/versenden-sie-ihre-newsletter-wenigen-minuten\/\"]}]},{\"@type\":\"ImageObject\",\"inLanguage\":\"de\",\"@id\":\"https:\/\/www.sendblaster.com\/de\/versenden-sie-ihre-newsletter-wenigen-minuten\/#primaryimage\",\"url\":\"https:\/\/www.sendblaster.com\/wp-content\/uploads\/2018\/03\/your-email-marketing-campaign-in-minutes.png\",\"contentUrl\":\"https:\/\/www.sendblaster.com\/wp-content\/uploads\/2018\/03\/your-email-marketing-campaign-in-minutes.png\"},{\"@type\":\"BreadcrumbList\",\"@id\":\"https:\/\/www.sendblaster.com\/de\/versenden-sie-ihre-newsletter-wenigen-minuten\/#breadcrumb\",\"itemListElement\":[{\"@type\":\"ListItem\",\"position\":1,\"name\":\"Home\",\"item\":\"https:\/\/www.sendblaster.com\/de\/\"},{\"@type\":\"ListItem\",\"position\":2,\"name\":\"So versenden Sie Serien E-Mails: Ihr Newsletter in wenigen Minuten\"}]},{\"@type\":\"WebSite\",\"@id\":\"https:\/\/www.sendblaster.com\/#website\",\"url\":\"https:\/\/www.sendblaster.com\/\",\"name\":\"SendBlaster newsletter software\",\"description\":\"\",\"publisher\":{\"@id\":\"https:\/\/www.sendblaster.com\/#organization\"},\"potentialAction\":[{\"@type\":\"SearchAction\",\"target\":{\"@type\":\"EntryPoint\",\"urlTemplate\":\"https:\/\/www.sendblaster.com\/?s={search_term_string}\"},\"query-input\":{\"@type\":\"PropertyValueSpecification\",\"valueRequired\":true,\"valueName\":\"search_term_string\"}}],\"inLanguage\":\"de\"},{\"@type\":\"Organization\",\"@id\":\"https:\/\/www.sendblaster.com\/#organization\",\"name\":\"SendBlaster newsletter software\",\"url\":\"https:\/\/www.sendblaster.com\/\",\"logo\":{\"@type\":\"ImageObject\",\"inLanguage\":\"de\",\"@id\":\"https:\/\/www.sendblaster.com\/#\/schema\/logo\/image\/\",\"url\":\"https:\/\/www.sendblaster.com\/wp-content\/uploads\/2021\/09\/logo-svg-2021.svg\",\"contentUrl\":\"https:\/\/www.sendblaster.com\/wp-content\/uploads\/2021\/09\/logo-svg-2021.svg\",\"width\":350,\"height\":70,\"caption\":\"SendBlaster newsletter software\"},\"image\":{\"@id\":\"https:\/\/www.sendblaster.com\/#\/schema\/logo\/image\/\"}}]}<\/script>\n<!-- \/ Yoast SEO plugin. -->","yoast_head_json":{"title":"So versenden Sie Serien E-Mails: Ihr Newsletter in wenigen Minuten - SendBlaster newsletter software","description":"SendBlaster newsletter software So versenden Sie Serien E-Mails: Ihr Newsletter in wenigen Minuten SendBlaster ist eine kostenlose Massenmailsoftware und E-Mail Marketing L\u00f6sung. Heutzutage sind Suchmaschinen f\u00fcr E-Marketing Strategien nicht mehr","robots":{"index":"index","follow":"follow","max-snippet":"max-snippet:-1","max-image-preview":"max-image-preview:large","max-video-preview":"max-video-preview:-1"},"canonical":"https:\/\/www.sendblaster.com\/de\/versenden-sie-ihre-newsletter-wenigen-minuten\/","og_locale":"de_DE","og_type":"article","og_title":"So versenden Sie Serien E-Mails: Ihr Newsletter in wenigen Minuten - SendBlaster newsletter software","og_description":"SendBlaster newsletter software So versenden Sie Serien E-Mails: Ihr Newsletter in wenigen Minuten SendBlaster ist eine kostenlose Massenmailsoftware und E-Mail Marketing L\u00f6sung. Heutzutage sind Suchmaschinen f\u00fcr E-Marketing Strategien nicht mehr","og_url":"https:\/\/www.sendblaster.com\/de\/versenden-sie-ihre-newsletter-wenigen-minuten\/","og_site_name":"SendBlaster newsletter software","og_image":[{"url":"https:\/\/www.sendblaster.com\/wp-content\/uploads\/2018\/03\/your-email-marketing-campaign-in-minutes.png"}],"twitter_card":"summary_large_image","twitter_misc":{"Gesch\u00e4tzte Lesezeit":"1\u00a0Minute"},"schema":{"@context":"https:\/\/schema.org","@graph":[{"@type":"WebPage","@id":"https:\/\/www.sendblaster.com\/de\/versenden-sie-ihre-newsletter-wenigen-minuten\/","url":"https:\/\/www.sendblaster.com\/de\/versenden-sie-ihre-newsletter-wenigen-minuten\/","name":"So versenden Sie Serien E-Mails: Ihr Newsletter in wenigen Minuten - SendBlaster newsletter software","isPartOf":{"@id":"https:\/\/www.sendblaster.com\/#website"},"primaryImageOfPage":{"@id":"https:\/\/www.sendblaster.com\/de\/versenden-sie-ihre-newsletter-wenigen-minuten\/#primaryimage"},"image":{"@id":"https:\/\/www.sendblaster.com\/de\/versenden-sie-ihre-newsletter-wenigen-minuten\/#primaryimage"},"thumbnailUrl":"https:\/\/www.sendblaster.com\/wp-content\/uploads\/2018\/03\/your-email-marketing-campaign-in-minutes.png","datePublished":"2018-05-15T09:14:04+00:00","dateModified":"2018-05-15T09:14:04+00:00","description":"SendBlaster newsletter software So versenden Sie Serien E-Mails: Ihr Newsletter in wenigen Minuten SendBlaster ist eine kostenlose Massenmailsoftware und E-Mail Marketing L\u00f6sung. Heutzutage sind Suchmaschinen f\u00fcr E-Marketing Strategien nicht mehr","breadcrumb":{"@id":"https:\/\/www.sendblaster.com\/de\/versenden-sie-ihre-newsletter-wenigen-minuten\/#breadcrumb"},"inLanguage":"de","potentialAction":[{"@type":"ReadAction","target":["https:\/\/www.sendblaster.com\/de\/versenden-sie-ihre-newsletter-wenigen-minuten\/"]}]},{"@type":"ImageObject","inLanguage":"de","@id":"https:\/\/www.sendblaster.com\/de\/versenden-sie-ihre-newsletter-wenigen-minuten\/#primaryimage","url":"https:\/\/www.sendblaster.com\/wp-content\/uploads\/2018\/03\/your-email-marketing-campaign-in-minutes.png","contentUrl":"https:\/\/www.sendblaster.com\/wp-content\/uploads\/2018\/03\/your-email-marketing-campaign-in-minutes.png"},{"@type":"BreadcrumbList","@id":"https:\/\/www.sendblaster.com\/de\/versenden-sie-ihre-newsletter-wenigen-minuten\/#breadcrumb","itemListElement":[{"@type":"ListItem","position":1,"name":"Home","item":"https:\/\/www.sendblaster.com\/de\/"},{"@type":"ListItem","position":2,"name":"So versenden Sie Serien E-Mails: Ihr Newsletter in wenigen Minuten"}]},{"@type":"WebSite","@id":"https:\/\/www.sendblaster.com\/#website","url":"https:\/\/www.sendblaster.com\/","name":"SendBlaster newsletter software","description":"","publisher":{"@id":"https:\/\/www.sendblaster.com\/#organization"},"potentialAction":[{"@type":"SearchAction","target":{"@type":"EntryPoint","urlTemplate":"https:\/\/www.sendblaster.com\/?s={search_term_string}"},"query-input":{"@type":"PropertyValueSpecification","valueRequired":true,"valueName":"search_term_string"}}],"inLanguage":"de"},{"@type":"Organization","@id":"https:\/\/www.sendblaster.com\/#organization","name":"SendBlaster newsletter software","url":"https:\/\/www.sendblaster.com\/","logo":{"@type":"ImageObject","inLanguage":"de","@id":"https:\/\/www.sendblaster.com\/#\/schema\/logo\/image\/","url":"https:\/\/www.sendblaster.com\/wp-content\/uploads\/2021\/09\/logo-svg-2021.svg","contentUrl":"https:\/\/www.sendblaster.com\/wp-content\/uploads\/2021\/09\/logo-svg-2021.svg","width":350,"height":70,"caption":"SendBlaster newsletter software"},"image":{"@id":"https:\/\/www.sendblaster.com\/#\/schema\/logo\/image\/"}}]}},"_links":{"self":[{"href":"https:\/\/www.sendblaster.com\/de\/wp-json\/wp\/v2\/pages\/1830"}],"collection":[{"href":"https:\/\/www.sendblaster.com\/de\/wp-json\/wp\/v2\/pages"}],"about":[{"href":"https:\/\/www.sendblaster.com\/de\/wp-json\/wp\/v2\/types\/page"}],"author":[{"embeddable":true,"href":"https:\/\/www.sendblaster.com\/de\/wp-json\/wp\/v2\/users\/1"}],"replies":[{"embeddable":true,"href":"https:\/\/www.sendblaster.com\/de\/wp-json\/wp\/v2\/comments?post=1830"}],"version-history":[{"count":1,"href":"https:\/\/www.sendblaster.com\/de\/wp-json\/wp\/v2\/pages\/1830\/revisions"}],"predecessor-version":[{"id":1831,"href":"https:\/\/www.sendblaster.com\/de\/wp-json\/wp\/v2\/pages\/1830\/revisions\/1831"}],"wp:attachment":[{"href":"https:\/\/www.sendblaster.com\/de\/wp-json\/wp\/v2\/media?parent=1830"}],"curies":[{"name":"wp","href":"https:\/\/api.w.org\/{rel}","templated":true}]}}