{"id":1820,"date":"2018-05-15T08:41:15","date_gmt":"2018-05-15T08:41:15","guid":{"rendered":"https:\/\/www.sendblaster.com\/wpnew-2018\/?page_id=1820"},"modified":"2021-05-06T12:21:37","modified_gmt":"2021-05-06T12:21:37","slug":"vergleichstabelle-gratis-newsletter-software-vs-pro-bulk-emailer","status":"publish","type":"page","link":"https:\/\/www.sendblaster.com\/de\/vergleichstabelle-gratis-newsletter-software-vs-pro-bulk-emailer\/","title":{"rendered":"SendBlaster Free vs Pro Vergleichstabelle"},"content":{"rendered":"<table border=\"1\" cellspacing=\"5\" class=\"table-comparative\">\n<tbody>\n<tr>\n<td class=\"grey\"><strong>Funktionen<\/strong><\/td>\n<td class=\"grey\" style=\"background-color:#15a61c; color:#ffffff; text-align:center;\" width=\"172\"><strong>GRATIS Ausgabe <\/strong><\/td>\n<td class=\"grey\" style=\"background-color:#ff6c00; color:#ffffff; text-align:center;\" width=\"172\"><strong>PRO Ausgabe <\/strong><\/td>\n<\/tr>\n<tr>\n<td>Anzahl von gleichzeitigen Verbindungen<\/td>\n<td style=\"text-align: center;\"><strong>2<\/strong><\/td>\n<td style=\"text-align: center;\"><strong>100<\/strong><\/td>\n<\/tr>\n<tr>\n<td class=\"grey\">Versenden an eine maximale Zahl von Empf\u00e4ngern<\/td>\n<td class=\"grey\" style=\"text-align: center;\"><strong>100<\/strong><\/td>\n<td class=\"grey\" style=\"text-align: center;\"><strong>unbegrenzt<\/strong><\/td>\n<\/tr>\n<tr>\n<td>Anzahl der Listen<\/td>\n<td style=\"text-align: center;\"><strong>2<\/strong><\/td>\n<td style=\"text-align: center;\"><strong>unbegrenzt<\/strong><\/td>\n<\/tr>\n<tr>\n<td class=\"grey\">Programmierbare Tags<\/td>\n<td class=\"grey\" style=\"text-align: center;\"><strong>NEIN<\/strong><\/td>\n<td class=\"grey\" style=\"text-align: center;\"><strong>JA<\/strong><\/td>\n<\/tr>\n<tr>\n<td>Unterst\u00fctzt Datenanh\u00e4nge<\/td>\n<td style=\"text-align: center;\"><strong>NEIN<\/strong><\/td>\n<td style=\"text-align: center;\"><strong>JA<\/strong><\/td>\n<\/tr>\n<tr>\n<td class=\"grey\">Benutzerdefinierte Anlagen<\/td>\n<td class=\"grey\" style=\"text-align: center;\"><strong>NEIN<\/strong><\/td>\n<td class=\"grey\" style=\"text-align: center;\"><strong>JA<\/strong><\/td>\n<\/tr>\n<tr>\n<td>Segmente<\/td>\n<td style=\"text-align: center;\"><strong>NEIN<\/strong><\/td>\n<td style=\"text-align: center;\"><strong>JA<\/strong><\/td>\n<\/tr>\n<tr>\n<td class=\"grey\">Kalenderereignisse hinzuf\u00fcgen<\/td>\n<td class=\"grey\" style=\"text-align: center;\"><strong>NEIN<\/strong><\/td>\n<td class=\"grey\" style=\"text-align: center;\"><strong>JA<\/strong><\/td>\n<\/tr>\n<tr>\n<td>Listensuchmaschine<\/td>\n<td style=\"text-align: center;\"><strong>NEIN<\/strong><\/td>\n<td style=\"text-align: center;\"><strong>JA<\/strong><\/td>\n<\/tr>\n<tr>\n<td class=\"grey\">Export von Mailinglisten in csv Dateien<\/td>\n<td class=\"grey\" style=\"text-align: center;\"><strong>NEIN<\/strong><\/td>\n<td class=\"grey\" style=\"text-align: center;\"><strong>JA<\/strong><\/td>\n<\/tr>\n<tr>\n<td>Passwortgesch\u00fctzt<\/td>\n<td style=\"text-align: center;\"><strong>NEIN<\/strong><\/td>\n<td style=\"text-align: center;\"><strong>JA<\/strong><\/td>\n<\/tr>\n<tr>\n<td class=\"grey\">Domains blacklist<\/td>\n<td class=\"grey\" style=\"text-align: center;\"><strong>NEIN<\/strong><\/td>\n<td class=\"grey\" style=\"text-align: center;\"><strong>JA<\/strong><\/td>\n<\/tr>\n<tr>\n<td>Neue Themenvorlagen<\/td>\n<td style=\"text-align: center;\"><strong>150<\/strong><\/td>\n<td style=\"text-align: center;\"><strong>230<\/strong><br \/>\n\t\t\t<span style=\"font-size: 10px;\">(einige responsive Vorlagen enthalten)<\/span><\/td>\n<\/tr>\n<tr>\n<td class=\"grey\"><strong>E-MAIL TECHNISCHER SUPPORT<\/strong><\/td>\n<td class=\"grey\" style=\"text-align: center;\"><strong>NEIN<\/strong><\/td>\n<td class=\"grey\" style=\"text-align: center;\"><strong>JA<\/strong><\/td>\n<\/tr>\n<tr>\n<td>Neue kategorisierte Vorlagen<\/td>\n<td style=\"text-align: center;\"><strong>JA<\/strong><\/td>\n<td style=\"text-align: center;\"><strong>JA<\/strong><\/td>\n<\/tr>\n<tr>\n<td class=\"grey\">Layout-Editor<\/td>\n<td class=\"grey\" style=\"text-align: center;\"><strong>JA<\/strong><\/td>\n<td class=\"grey\" style=\"text-align: center;\"><strong>JA<\/strong><\/td>\n<\/tr>\n<tr>\n<td>Zuschneiden und Ersetzen<\/td>\n<td style=\"text-align: center;\"><strong>JA<\/strong><\/td>\n<td style=\"text-align: center;\"><strong>JA<\/strong><\/td>\n<\/tr>\n<tr>\n<td class=\"grey\">Link-Pr\u00fcfung<\/td>\n<td class=\"grey\" style=\"text-align: center;\"><strong>JA<\/strong><\/td>\n<td class=\"grey\" style=\"text-align: center;\"><strong>JA<\/strong><\/td>\n<\/tr>\n<tr>\n<td>HTML mit Bildern exportieren<\/td>\n<td style=\"text-align: center;\"><strong>JA<\/strong><\/td>\n<td style=\"text-align: center;\"><strong>JA<\/strong><\/td>\n<\/tr>\n<tr>\n<td class=\"grey\">Textbausteine<\/td>\n<td class=\"grey\" style=\"text-align: center;\"><strong>JA<\/strong><\/td>\n<td class=\"grey\" style=\"text-align: center;\"><strong>JA<\/strong><\/td>\n<\/tr>\n<tr>\n<td>Entw\u00fcrfe<\/td>\n<td style=\"text-align: center;\"><strong>JA<\/strong><\/td>\n<td style=\"text-align: center;\"><strong>JA<\/strong><\/td>\n<\/tr>\n<tr>\n<td class=\"grey\">Abmelden mit einem Klick<\/td>\n<td class=\"grey\" style=\"text-align: center;\"><strong>JA<\/strong><\/td>\n<td class=\"grey\" style=\"text-align: center;\"><strong>JA<\/strong><\/td>\n<\/tr>\n<tr>\n<td>Widgets<\/td>\n<td style=\"text-align: center;\"><strong>JA<\/strong><\/td>\n<td style=\"text-align: center;\"><strong>JA<\/strong><\/td>\n<\/tr>\n<tr>\n<td class=\"grey\">Listen-Statistik<\/td>\n<td class=\"grey\" style=\"text-align: center;\"><strong>JA<\/strong><\/td>\n<td class=\"grey\" style=\"text-align: center;\"><strong>JA<\/strong><\/td>\n<\/tr>\n<tr>\n<td>Liste zusammenf\u00fchren und verschieben<\/td>\n<td style=\"text-align: center;\"><strong>JA<\/strong><\/td>\n<td style=\"text-align: center;\"><strong>JA<\/strong><\/td>\n<\/tr>\n<tr>\n<td class=\"grey\">Global abmelden und globale Unzustellbarkeit<\/td>\n<td class=\"grey\" style=\"text-align: center;\"><strong>JA<\/strong><\/td>\n<td class=\"grey\" style=\"text-align: center;\"><strong>JA<\/strong><\/td>\n<\/tr>\n<tr>\n<td>ReturnPath-Adresse<\/td>\n<td style=\"text-align: center;\"><strong>JA<\/strong><\/td>\n<td style=\"text-align: center;\"><strong>JA<\/strong><\/td>\n<\/tr>\n<tr>\n<td class=\"grey\">Verlauf der An-und Abmeldungen<\/td>\n<td class=\"grey\" style=\"text-align: center;\"><strong>JA<\/strong><\/td>\n<td class=\"grey\" style=\"text-align: center;\"><strong>JA<\/strong><\/td>\n<\/tr>\n<tr>\n<td>Bessere Integration mit Google-Diensten<\/td>\n<td style=\"text-align: center;\"><strong>JA<\/strong><\/td>\n<td style=\"text-align: center;\"><strong>JA<\/strong><\/td>\n<\/tr>\n<tr>\n<td class=\"grey\">Datenbank-Sicherung<\/td>\n<td class=\"grey\" style=\"text-align: center;\"><strong>JA<\/strong><\/td>\n<td class=\"grey\" style=\"text-align: center;\"><strong>JA<\/strong><\/td>\n<\/tr>\n<tr>\n<td>Email blacklist<\/td>\n<td style=\"text-align: center;\"><strong>JA<\/strong><\/td>\n<td style=\"text-align: center;\"><strong>JA<\/strong><\/td>\n<\/tr>\n<tr>\n<td class=\"grey\">Bounced Mailverarbeitung<\/td>\n<td class=\"grey\" style=\"text-align: center;\"><strong>JA<\/strong><\/td>\n<td class=\"grey\" style=\"text-align: center;\"><strong>JA<\/strong><\/td>\n<\/tr>\n<tr>\n<td>Export von nicht zu ereichenden Adressen nach einem Mailing<\/td>\n<td style=\"text-align: center;\"><strong>JA<\/strong><\/td>\n<td style=\"text-align: center;\"><strong>JA<\/strong><\/td>\n<\/tr>\n<tr>\n<td class=\"grey\">Versenden von Mails durch einen integrierten SMTP Mail Server<\/td>\n<td class=\"grey\" style=\"text-align: center;\"><strong>JA<\/strong><\/td>\n<td class=\"grey\" style=\"text-align: center;\"><strong>JA<\/strong><\/td>\n<\/tr>\n<tr>\n<td>Versenden von Mail durch ISP<\/td>\n<td style=\"text-align: center;\"><strong>JA<\/strong><\/td>\n<td style=\"text-align: center;\"><strong>JA<\/strong><\/td>\n<\/tr>\n<tr>\n<td class=\"grey\">Keine doppelten Emails versenden<\/td>\n<td class=\"grey\" style=\"text-align: center;\"><strong>JA<\/strong><\/td>\n<td class=\"grey\" style=\"text-align: center;\"><strong>JA<\/strong><\/td>\n<\/tr>\n<tr>\n<td>Generieren und sichern von personalisierten Vorlagen<\/td>\n<td style=\"text-align: center;\"><strong>JA<\/strong><\/td>\n<td style=\"text-align: center;\"><strong>JA<\/strong><\/td>\n<\/tr>\n<tr>\n<td class=\"grey\">Setzen von CHARSET f\u00fcr mehrsprachige Nachrichten<\/td>\n<td class=\"grey\" style=\"text-align: center;\"><strong>JA<\/strong><\/td>\n<td class=\"grey\" style=\"text-align: center;\"><strong>JA<\/strong><\/td>\n<\/tr>\n<tr>\n<td>Nachrichtenvorschau vor dem Senden<\/td>\n<td style=\"text-align: center;\"><strong>JA<\/strong><\/td>\n<td style=\"text-align: center;\"><strong>JA<\/strong><\/td>\n<\/tr>\n<tr>\n<td class=\"grey\">Importieren von Nachrichten aus EML Dateien mit eingef\u00fcgten Medien<\/td>\n<td class=\"grey\" style=\"text-align: center;\"><strong>JA<\/strong><\/td>\n<td class=\"grey\" style=\"text-align: center;\"><strong>JA<\/strong><\/td>\n<\/tr>\n<tr>\n<td>Importieren von Nachrichten aus HTML Dateien mit eingef\u00fcgten Medien<\/td>\n<td style=\"text-align: center;\"><strong>JA<\/strong><\/td>\n<td style=\"text-align: center;\"><strong>JA<\/strong><\/td>\n<\/tr>\n<tr>\n<td class=\"grey\">Mehrfachverbindungen (Gleichzeitiges Versenden von mehreren Nachrichten)<\/td>\n<td class=\"grey\" style=\"text-align: center;\"><strong>JA<\/strong><\/td>\n<td class=\"grey\" style=\"text-align: center;\"><strong>JA<\/strong><\/td>\n<\/tr>\n<tr>\n<td>Integration von Mailinglisten auf Webseiten<\/td>\n<td style=\"text-align: center;\"><strong>JA<\/strong><\/td>\n<td style=\"text-align: center;\"><strong>JA<\/strong><\/td>\n<\/tr>\n<tr>\n<td class=\"grey\">Importieren von Mailing Listen aus Text \/ csv Dateien<\/td>\n<td class=\"grey\" style=\"text-align: center;\"><strong>JA<\/strong><\/td>\n<td class=\"grey\" style=\"text-align: center;\"><strong>JA<\/strong><\/td>\n<\/tr>\n<tr>\n<td>Importieren von Listen aus Outlook Express<\/td>\n<td style=\"text-align: center;\"><strong>JA<\/strong><\/td>\n<td style=\"text-align: center;\"><strong>JA<\/strong><\/td>\n<\/tr>\n<tr>\n<td class=\"grey\">Importieren von Mailing Listen aus dem Web http:\/\/<\/td>\n<td class=\"grey\" style=\"text-align: center;\"><strong>JA<\/strong><\/td>\n<td class=\"grey\" style=\"text-align: center;\"><strong>JA<\/strong><\/td>\n<\/tr>\n<tr>\n<td>Importiere Listen aus dem Clipboard<\/td>\n<td style=\"text-align: center;\"><strong>JA<\/strong><\/td>\n<td style=\"text-align: center;\"><strong>JA<\/strong><\/td>\n<\/tr>\n<tr>\n<td class=\"grey\">Erweiterter Listenfilter<\/td>\n<td class=\"grey\" style=\"text-align: center;\"><strong>JA<\/strong><\/td>\n<td class=\"grey\" style=\"text-align: center;\"><strong>JA<\/strong><\/td>\n<\/tr>\n<tr>\n<td>Personalisierte Datenbankfelder<\/td>\n<td style=\"text-align: center;\"><strong>JA<\/strong><\/td>\n<td style=\"text-align: center;\"><strong>JA<\/strong><\/td>\n<\/tr>\n<tr>\n<td class=\"grey\">Email Mischen (generieren von personalisierten Nachrichten f\u00fcr jeden Empf\u00e4nger)<\/td>\n<td class=\"grey\" style=\"text-align: center;\"><strong>JA<\/strong><\/td>\n<td class=\"grey\" style=\"text-align: center;\"><strong>JA<\/strong><\/td>\n<\/tr>\n<tr>\n<td>Bearbeiten von Mailing Listen<\/td>\n<td style=\"text-align: center;\"><strong>JA<\/strong><\/td>\n<td style=\"text-align: center;\"><strong>JA<\/strong><\/td>\n<\/tr>\n<tr>\n<td class=\"grey\">Ein unterschiedliches pop3 Konto pop3 f\u00fcr jede Liste<\/td>\n<td class=\"grey\" style=\"text-align: center;\"><strong>JA<\/strong><\/td>\n<td class=\"grey\" style=\"text-align: center;\"><strong>JA<\/strong><\/td>\n<\/tr>\n<tr>\n<td>Anmelden\/Abmelden durch Email oder Webform<\/td>\n<td style=\"text-align: center;\"><strong>JA<\/strong><\/td>\n<td style=\"text-align: center;\"><strong>JA<\/strong><\/td>\n<\/tr>\n<tr>\n<td class=\"grey\">Speichern aller Felder von Webform Anfragen<\/td>\n<td class=\"grey\" style=\"text-align: center;\"><strong>JA<\/strong><\/td>\n<td class=\"grey\" style=\"text-align: center;\"><strong>JA<\/strong><\/td>\n<\/tr>\n<tr>\n<td>Drucken von Listen mit Druckvorschau<\/td>\n<td style=\"text-align: center;\"><strong>JA<\/strong><\/td>\n<td style=\"text-align: center;\"><strong>JA<\/strong><\/td>\n<\/tr>\n<tr>\n<td class=\"grey\">Generieren von HTML Code f\u00fcr Anmelde\/Abmelde Webform<\/td>\n<td class=\"grey\" style=\"text-align: center;\"><strong>JA<\/strong><\/td>\n<td class=\"grey\" style=\"text-align: center;\"><strong>JA<\/strong><\/td>\n<\/tr>\n<tr>\n<td>Message with both HTML and Text and\/or alternate TXT<\/td>\n<td style=\"text-align: center;\"><strong>JA<\/strong><\/td>\n<td style=\"text-align: center;\"><strong>JA<\/strong><\/td>\n<\/tr>\n<tr>\n<td class=\"grey\">WYSYWYG HTML Editor<\/td>\n<td class=\"grey\" style=\"text-align: center;\"><strong>JA<\/strong><\/td>\n<td class=\"grey\" style=\"text-align: center;\"><strong>JA<\/strong><\/td>\n<\/tr>\n<tr>\n<td>Versenden von multi-part HTML Nachrichten mit eingef\u00fcgten Bildern<\/td>\n<td style=\"text-align: center;\"><strong>JA<\/strong><\/td>\n<td style=\"text-align: center;\"><strong>JA<\/strong><\/td>\n<\/tr>\n<tr>\n<td class=\"grey\">Unbegrenzte Mailingprojekte<\/td>\n<td class=\"grey\" style=\"text-align: center;\"><strong>JA<\/strong><\/td>\n<td class=\"grey\" style=\"text-align: center;\"><strong>JA<\/strong><\/td>\n<\/tr>\n<tr>\n<td>Erfassen von Text aus HTML f\u00fcr einfache Text Meldungen<\/td>\n<td style=\"text-align: center;\"><strong>JA<\/strong><\/td>\n<td style=\"text-align: center;\"><strong>JA<\/strong><\/td>\n<\/tr>\n<tr>\n<td align=\"right\" class=\"grey\"><strong><em>Preise <\/em><\/strong><\/td>\n<td class=\"grey\" style=\"text-align: center;\"><strong>gratis<\/strong><\/td>\n<td class=\"grey\" style=\"text-align: center;\"><strong>Einmalzahlung<\/strong><\/td>\n<\/tr>\n<tr>\n<td align=\"right\">&nbsp;<\/td>\n<td style=\"text-align: center;\"><a href=\"https:\/\/www.sendblaster.com\/de\/download-kostenlos-newsletter-software-herunterladen-und-ausprobieren\" title=\"100% kostenlos Newsletter Software\" class=\"download-cta table-cta\">Download Kostenlos<\/a><\/td>\n<td style=\"text-align: center;\"><a href=\"https:\/\/www.sendblaster.com\/de\/newsletter-software-kaufen\" title=\"Kaufen SendBlaster PRO!\" class=\"buy-cta table-cta\">Kaufen SendBlaster Pro<\/a><\/td>\n<\/tr>\n<\/tbody>\n<\/table>\n","protected":false},"excerpt":{"rendered":"<p>Funktionen GRATIS Ausgabe PRO Ausgabe Anzahl von gleichzeitigen Verbindungen 2 100 Versenden an eine maximale Zahl von Empf\u00e4ngern 100 unbegrenzt Anzahl der Listen 2 unbegrenzt Programmierbare Tags NEIN JA Unterst\u00fctzt Datenanh\u00e4nge NEIN JA Benutzerdefinierte Anlagen NEIN JA Segmente NEIN JA <\/p>\n<p class=\"read-more-container\"><a class=\"button read-more\" href=\"https:\/\/www.sendblaster.com\/de\/vergleichstabelle-gratis-newsletter-software-vs-pro-bulk-emailer\/\" title=\"\">Weiterlesen<\/a><\/p>\n","protected":false},"author":1,"featured_media":0,"parent":0,"menu_order":0,"comment_status":"closed","ping_status":"closed","template":"","meta":{"_monsterinsights_skip_tracking":false,"_monsterinsights_sitenote_active":false,"_monsterinsights_sitenote_note":"","_monsterinsights_sitenote_category":0,"footnotes":""},"class_list":["post-1820","page","type-page","status-publish"],"yoast_head":"<!-- This site is optimized with the Yoast SEO plugin v23.5 - https:\/\/yoast.com\/wordpress\/plugins\/seo\/ -->\n<title>SendBlaster newsletter software Free vs Pro Vergleichstabelle<\/title>\n<meta name=\"description\" content=\"Entdecken Sie alle Funktionen und Unterschiede zwischen der KOSTENLOSEN und der PRO-Version der SendBlaster Newsletter Software\" \/>\n<meta name=\"robots\" content=\"index, follow, max-snippet:-1, max-image-preview:large, max-video-preview:-1\" \/>\n<link rel=\"canonical\" href=\"https:\/\/www.sendblaster.com\/de\/vergleichstabelle-gratis-newsletter-software-vs-pro-bulk-emailer\/\" \/>\n<meta property=\"og:locale\" content=\"de_DE\" \/>\n<meta property=\"og:type\" content=\"article\" \/>\n<meta property=\"og:title\" content=\"SendBlaster newsletter software Free vs Pro Vergleichstabelle\" \/>\n<meta property=\"og:description\" content=\"Entdecken Sie alle Funktionen und Unterschiede zwischen der KOSTENLOSEN und der PRO-Version der SendBlaster Newsletter Software\" \/>\n<meta property=\"og:url\" content=\"https:\/\/www.sendblaster.com\/de\/vergleichstabelle-gratis-newsletter-software-vs-pro-bulk-emailer\/\" \/>\n<meta property=\"og:site_name\" content=\"SendBlaster newsletter software\" \/>\n<meta property=\"article:modified_time\" content=\"2021-05-06T12:21:37+00:00\" \/>\n<meta name=\"twitter:card\" content=\"summary_large_image\" \/>\n<meta name=\"twitter:label1\" content=\"Gesch\u00e4tzte Lesezeit\" \/>\n\t<meta name=\"twitter:data1\" content=\"2\u00a0Minuten\" \/>\n<script type=\"application\/ld+json\" class=\"yoast-schema-graph\">{\"@context\":\"https:\/\/schema.org\",\"@graph\":[{\"@type\":\"WebPage\",\"@id\":\"https:\/\/www.sendblaster.com\/de\/vergleichstabelle-gratis-newsletter-software-vs-pro-bulk-emailer\/\",\"url\":\"https:\/\/www.sendblaster.com\/de\/vergleichstabelle-gratis-newsletter-software-vs-pro-bulk-emailer\/\",\"name\":\"SendBlaster newsletter software Free vs Pro Vergleichstabelle\",\"isPartOf\":{\"@id\":\"https:\/\/www.sendblaster.com\/#website\"},\"datePublished\":\"2018-05-15T08:41:15+00:00\",\"dateModified\":\"2021-05-06T12:21:37+00:00\",\"description\":\"Entdecken Sie alle Funktionen und Unterschiede zwischen der KOSTENLOSEN und der PRO-Version der SendBlaster Newsletter Software\",\"breadcrumb\":{\"@id\":\"https:\/\/www.sendblaster.com\/de\/vergleichstabelle-gratis-newsletter-software-vs-pro-bulk-emailer\/#breadcrumb\"},\"inLanguage\":\"de\",\"potentialAction\":[{\"@type\":\"ReadAction\",\"target\":[\"https:\/\/www.sendblaster.com\/de\/vergleichstabelle-gratis-newsletter-software-vs-pro-bulk-emailer\/\"]}]},{\"@type\":\"BreadcrumbList\",\"@id\":\"https:\/\/www.sendblaster.com\/de\/vergleichstabelle-gratis-newsletter-software-vs-pro-bulk-emailer\/#breadcrumb\",\"itemListElement\":[{\"@type\":\"ListItem\",\"position\":1,\"name\":\"Home\",\"item\":\"https:\/\/www.sendblaster.com\/de\/\"},{\"@type\":\"ListItem\",\"position\":2,\"name\":\"SendBlaster Free vs Pro Vergleichstabelle\"}]},{\"@type\":\"WebSite\",\"@id\":\"https:\/\/www.sendblaster.com\/#website\",\"url\":\"https:\/\/www.sendblaster.com\/\",\"name\":\"SendBlaster newsletter software\",\"description\":\"\",\"publisher\":{\"@id\":\"https:\/\/www.sendblaster.com\/#organization\"},\"potentialAction\":[{\"@type\":\"SearchAction\",\"target\":{\"@type\":\"EntryPoint\",\"urlTemplate\":\"https:\/\/www.sendblaster.com\/?s={search_term_string}\"},\"query-input\":{\"@type\":\"PropertyValueSpecification\",\"valueRequired\":true,\"valueName\":\"search_term_string\"}}],\"inLanguage\":\"de\"},{\"@type\":\"Organization\",\"@id\":\"https:\/\/www.sendblaster.com\/#organization\",\"name\":\"SendBlaster newsletter software\",\"url\":\"https:\/\/www.sendblaster.com\/\",\"logo\":{\"@type\":\"ImageObject\",\"inLanguage\":\"de\",\"@id\":\"https:\/\/www.sendblaster.com\/#\/schema\/logo\/image\/\",\"url\":\"https:\/\/www.sendblaster.com\/wp-content\/uploads\/2021\/09\/logo-svg-2021.svg\",\"contentUrl\":\"https:\/\/www.sendblaster.com\/wp-content\/uploads\/2021\/09\/logo-svg-2021.svg\",\"width\":350,\"height\":70,\"caption\":\"SendBlaster newsletter software\"},\"image\":{\"@id\":\"https:\/\/www.sendblaster.com\/#\/schema\/logo\/image\/\"}}]}<\/script>\n<!-- \/ Yoast SEO plugin. -->","yoast_head_json":{"title":"SendBlaster newsletter software Free vs Pro Vergleichstabelle","description":"Entdecken Sie alle Funktionen und Unterschiede zwischen der KOSTENLOSEN und der PRO-Version der SendBlaster Newsletter Software","robots":{"index":"index","follow":"follow","max-snippet":"max-snippet:-1","max-image-preview":"max-image-preview:large","max-video-preview":"max-video-preview:-1"},"canonical":"https:\/\/www.sendblaster.com\/de\/vergleichstabelle-gratis-newsletter-software-vs-pro-bulk-emailer\/","og_locale":"de_DE","og_type":"article","og_title":"SendBlaster newsletter software Free vs Pro Vergleichstabelle","og_description":"Entdecken Sie alle Funktionen und Unterschiede zwischen der KOSTENLOSEN und der PRO-Version der SendBlaster Newsletter Software","og_url":"https:\/\/www.sendblaster.com\/de\/vergleichstabelle-gratis-newsletter-software-vs-pro-bulk-emailer\/","og_site_name":"SendBlaster newsletter software","article_modified_time":"2021-05-06T12:21:37+00:00","twitter_card":"summary_large_image","twitter_misc":{"Gesch\u00e4tzte Lesezeit":"2\u00a0Minuten"},"schema":{"@context":"https:\/\/schema.org","@graph":[{"@type":"WebPage","@id":"https:\/\/www.sendblaster.com\/de\/vergleichstabelle-gratis-newsletter-software-vs-pro-bulk-emailer\/","url":"https:\/\/www.sendblaster.com\/de\/vergleichstabelle-gratis-newsletter-software-vs-pro-bulk-emailer\/","name":"SendBlaster newsletter software Free vs Pro Vergleichstabelle","isPartOf":{"@id":"https:\/\/www.sendblaster.com\/#website"},"datePublished":"2018-05-15T08:41:15+00:00","dateModified":"2021-05-06T12:21:37+00:00","description":"Entdecken Sie alle Funktionen und Unterschiede zwischen der KOSTENLOSEN und der PRO-Version der SendBlaster Newsletter Software","breadcrumb":{"@id":"https:\/\/www.sendblaster.com\/de\/vergleichstabelle-gratis-newsletter-software-vs-pro-bulk-emailer\/#breadcrumb"},"inLanguage":"de","potentialAction":[{"@type":"ReadAction","target":["https:\/\/www.sendblaster.com\/de\/vergleichstabelle-gratis-newsletter-software-vs-pro-bulk-emailer\/"]}]},{"@type":"BreadcrumbList","@id":"https:\/\/www.sendblaster.com\/de\/vergleichstabelle-gratis-newsletter-software-vs-pro-bulk-emailer\/#breadcrumb","itemListElement":[{"@type":"ListItem","position":1,"name":"Home","item":"https:\/\/www.sendblaster.com\/de\/"},{"@type":"ListItem","position":2,"name":"SendBlaster Free vs Pro Vergleichstabelle"}]},{"@type":"WebSite","@id":"https:\/\/www.sendblaster.com\/#website","url":"https:\/\/www.sendblaster.com\/","name":"SendBlaster newsletter software","description":"","publisher":{"@id":"https:\/\/www.sendblaster.com\/#organization"},"potentialAction":[{"@type":"SearchAction","target":{"@type":"EntryPoint","urlTemplate":"https:\/\/www.sendblaster.com\/?s={search_term_string}"},"query-input":{"@type":"PropertyValueSpecification","valueRequired":true,"valueName":"search_term_string"}}],"inLanguage":"de"},{"@type":"Organization","@id":"https:\/\/www.sendblaster.com\/#organization","name":"SendBlaster newsletter software","url":"https:\/\/www.sendblaster.com\/","logo":{"@type":"ImageObject","inLanguage":"de","@id":"https:\/\/www.sendblaster.com\/#\/schema\/logo\/image\/","url":"https:\/\/www.sendblaster.com\/wp-content\/uploads\/2021\/09\/logo-svg-2021.svg","contentUrl":"https:\/\/www.sendblaster.com\/wp-content\/uploads\/2021\/09\/logo-svg-2021.svg","width":350,"height":70,"caption":"SendBlaster newsletter software"},"image":{"@id":"https:\/\/www.sendblaster.com\/#\/schema\/logo\/image\/"}}]}},"_links":{"self":[{"href":"https:\/\/www.sendblaster.com\/de\/wp-json\/wp\/v2\/pages\/1820"}],"collection":[{"href":"https:\/\/www.sendblaster.com\/de\/wp-json\/wp\/v2\/pages"}],"about":[{"href":"https:\/\/www.sendblaster.com\/de\/wp-json\/wp\/v2\/types\/page"}],"author":[{"embeddable":true,"href":"https:\/\/www.sendblaster.com\/de\/wp-json\/wp\/v2\/users\/1"}],"replies":[{"embeddable":true,"href":"https:\/\/www.sendblaster.com\/de\/wp-json\/wp\/v2\/comments?post=1820"}],"version-history":[{"count":2,"href":"https:\/\/www.sendblaster.com\/de\/wp-json\/wp\/v2\/pages\/1820\/revisions"}],"predecessor-version":[{"id":1822,"href":"https:\/\/www.sendblaster.com\/de\/wp-json\/wp\/v2\/pages\/1820\/revisions\/1822"}],"wp:attachment":[{"href":"https:\/\/www.sendblaster.com\/de\/wp-json\/wp\/v2\/media?parent=1820"}],"curies":[{"name":"wp","href":"https:\/\/api.w.org\/{rel}","templated":true}]}}