{"id":1818,"date":"2018-05-15T08:34:29","date_gmt":"2018-05-15T08:34:29","guid":{"rendered":"https:\/\/www.sendblaster.com\/wpnew-2018\/?page_id=1818"},"modified":"2020-09-28T08:20:42","modified_gmt":"2020-09-28T08:20:42","slug":"was-gibt-es-neues-in-sendblaster-4","status":"publish","type":"page","link":"https:\/\/www.sendblaster.com\/de\/was-gibt-es-neues-in-sendblaster-4\/","title":{"rendered":"Was gibt es Neues in SendBlaster"},"content":{"rendered":"<p style=\"text-align: center;\">Hier ist eine Liste von den Dingen, die wir in unserer brandneuen Hauptausgabe hinzugef\u00fcgt haben und die Sie bei einem Upgrade von SendBlaster 3 auf SendBlaster 4 erhalten.<\/p>\n<p style=\"text-align: center; margin-bottom: 0px;\"><a href=\"https:\/\/www.sendblaster.com\/de\/download-kostenlos-newsletter-software-herunterladen-und-ausprobieren\" title=\"100% kostenlos Newsletter Software\" class=\"download-cta\">Download Kostenlos<\/a><a href=\"https:\/\/www.sendblaster.com\/de\/newsletter-software-kaufen\" title=\"Kaufen SendBlaster PRO!\" class=\"buy-cta\">Kaufen SendBlaster Pro<\/a><\/p>\n<p>&nbsp;<\/p>\n<div id=\"\" class=\"g1-section gb-container flex\"  style=\"background-repeat:no-repeat; background-position:left top; background-attachment:static; padding-bottom:0px; padding-top:0px;\"><div class=\"g1-layout-inner\">\n<ul class=\"g1-grid\"><li class=\"g1-column g1-one-third g1-valign-top\"><br \/>\n<div id=\"\" class=\"g1-box g1-box--solid feature g1-box--icon\" ><i class=\"fa fa-desktop g1-box__icon\"><\/i><div class=\"g1-box__inner\">\n<h3>Neue Benutzeroberfl\u00e4che<\/h3>\n<p>Die Benutzeroberfl\u00e4che von SendBlaster 4 wurde der bislang umfangreichsten Umgestaltung unterzogen. Die neue, schlanke Benutzeroberfl\u00e4che sieht modern aus und verbessert die Benutzung auf Touchscreens.<\/p>\n<\/div><\/div><\/li><!-- -->\n<li class=\"g1-column g1-one-third g1-valign-top\"><br \/>\n<div id=\"\" class=\"g1-box g1-box--solid feature g1-box--icon\" ><i class=\"fa fa-code g1-box__icon\"><\/i><div class=\"g1-box__inner\">\n<h3>Neue HTML-Engine<\/h3>\n<p>SendBlaster 4 benutzt eine deutlich verbesserte HTML-Engine. Nicht nur das Rendern von HTML wurde verbessert, auch der Ausgangscode wurde entsprechend den neuesten Standards aufpoliert; Der visuelle Editor erh\u00e4lt nun zudem den originalen HTML-code besser.<\/p>\n<\/div><\/div><\/li><!-- -->\n<li class=\"g1-column g1-one-third g1-valign-top\"><br \/>\n<div id=\"\" class=\"g1-box g1-box--solid feature g1-box--icon\" ><i class=\"fa fa-cubes g1-box__icon\"><\/i><div class=\"g1-box__inner\">\n<h3>Segmente<\/h3>\n<p>in SendBlaster Pro 4 k\u00f6nnen Listensegmente (Untergruppen), basierend auf unterschiedlichen Regeln, erstellt werden; Das erleichtert die Organisation und Pflege von Listen. So kann man nun optional nur an einen bestimmten Teil einer Liste versenden.<\/p>\n<\/div><\/div><\/li><!-- --><\/ul>\n<ul class=\"g1-grid\"><li class=\"g1-column g1-one-third g1-valign-top\"><br \/>\n<div id=\"\" class=\"g1-box g1-box--solid feature g1-box--icon\" ><i class=\"fa fa-image g1-box__icon\"><\/i><div class=\"g1-box__inner\">\n<h3>Abmeldungs-Replikator<\/h3>\n<p>Wenn sie viele Listen verwalten und ein Kontakt in mehreren Listen eingetragen ist, kann es vorkommen, dass dieser Kontakt in der einen Liste als abgemeldet markiert ist, in der anderen aber noch als angemeldet auftaucht. Wenn das von ihnen so nicht gewollt ist, wendet der Abmeldungs-Replikator die Abmeldung auf alle Listen an: Wenn ein Kontakt in EINER Liste als abgemeldet markiert ist, wird er automatisch in ALLEN Listen als abgemeldet markiert.<\/p>\n<\/div><\/div><\/li><!-- -->\n<li class=\"g1-column g1-one-third g1-valign-top\"><br \/>\n<div id=\"\" class=\"g1-box g1-box--solid feature g1-box--icon\" ><i class=\"fa fa-times-circle g1-box__icon\"><\/i><div class=\"g1-box__inner\">\n<h3>Bilder an Ort und Stelle bearbeiten<\/h3>\n<p>Der visuelle Editor beinhaltet ein integriertes Foto-Tool mit dem man die n\u00fctzlichsten und gebr\u00e4uchlichsten Filter und Effekte \u201con the fly\u201d auf Bilder anwenden kann. Es ist nichtmehr notwendig, die Bilder zuerst zu exportieren, dann mit einem externen Tool zu bearbeiten, um sie dann wieder in ihre Nachricht einzuf\u00fcgen: Sie w\u00e4hlen einfach ein Bild in Ihrer Nachricht aus, bearbeiten es und sehen direkt das Ergebnis.<\/p>\n<\/div><\/div><\/li><!-- -->\n<li class=\"g1-column g1-one-third g1-valign-top\"><br \/>\n<div id=\"\" class=\"g1-box g1-box--solid feature g1-box--icon\" ><i class=\"fa fa-list-alt g1-box__icon\"><\/i><div class=\"g1-box__inner\">\n<h3>Folgeversand<\/h3>\n<p>Alle Empf\u00e4nger, die bei einem vorherigen Versand einbezogen waren, k\u00f6nnen beim aktuellen Versand selektiv aktiviert werden. So k\u00f6nnen Folge-Emails nur an die Empf\u00e4nger gesendet werden, die bereits eine gewisse Email erhalten haben.<\/p>\n<\/div><\/div><\/li><!-- --><\/ul>\n<ul class=\"g1-grid\"><li class=\"g1-column g1-one-third g1-valign-top\"><br \/>\n<div id=\"\" class=\"g1-box g1-box--solid feature g1-box--icon\" ><i class=\"fa fa-database g1-box__icon\"><\/i><div class=\"g1-box__inner\">\n<h3>Wartung der Datenbank<\/h3>\n<p>SendBlaster 4 beinhaltet ein voll integriertes Tool zur regelm\u00e4\u00dfigen Optimierung der Gr\u00f6\u00dfe und Leistung Ihrer Datenbank.<\/p>\n<\/div><\/div><\/li><!-- -->\n<li class=\"g1-column g1-one-third g1-valign-top\"><br \/>\n<div id=\"\" class=\"g1-box g1-box--solid feature g1-box--icon\" ><i class=\"fa fa-paperclip g1-box__icon\"><\/i><div class=\"g1-box__inner\">\n<h3>Integration von MailStyler<\/h3>\n<p>MailStyler ist eine leistungsstarke Software zum Erstellen von Newslettern, mit der der Anwender mittels einem einfachen Drag&#038;Drop-Editor Emails gestalten kann, die in jedem Email-Empfangsprogramm perfekt dargestellt werden. Wenn Sie \u201eMailStyler\u201c als Typ f\u00fcr Ihre neue Nachricht ausw\u00e4hlen, startet SendBlaster MailStyler (sofern installiert) und wartet bis es wieder geschlossen wird; Dann l\u00e4dt SendBlaster automatisch die letzte Nachricht, die aus MailStyler exportiert wurde.<\/p>\n<\/div><\/div><\/li><!-- --><\/ul>\n<p>&nbsp;<\/p>\n<h2 class=\"features-title\"><span>Weitere neue Funktionen<\/span><\/h2>\n<p>&nbsp;<br \/>\n<ul class=\"g1-grid\"><li class=\"g1-column g1-one-third g1-valign-top\"><br \/>\n<div id=\"\" class=\"g1-box g1-box--solid feature g1-box--noicon\" ><div class=\"g1-box__inner\">\n<h3>Kalenderereignisse hinzuf\u00fcgen<\/h3>\n<p>Machen sie ihre Emails effektiver indem sie es ihren Empf\u00e4ngern erleichtern, sich Ihre Angebote und Aktionen zu merken: Mit SendBlaster Pro 4 k\u00f6nnen sie ein Event erzeugen und Ihrer Email als iCalendar-Anhang anh\u00e4ngen; Wenn der Empf\u00e4nger auf den Anhang klickt, wird das Event seinem Kalender hinzugef\u00fcgt.<\/p>\n<\/div><\/div><\/li><!-- --><\/p>\n<li class=\"g1-column g1-one-third g1-valign-top\"><br \/>\n<div id=\"\" class=\"g1-box g1-box--solid feature g1-box--noicon\" ><div class=\"g1-box__inner\">\n<h3>JotForm-Integration<\/h3>\n<p>JotForm ist eine beliebte Plattform zum Erstellen von tollen Formularen, die in alle g\u00e4ngigen Content-Management- und Onlineshop-Systeme voll integrierbar sind. Mit SendBlaster 4 k\u00f6nnen An- und Abmeldungen von Ihrem JotForm-Account einfach importiert werden; Sie m\u00fcssen nur Ihre Zugangsdaten eingeben.<\/p>\n<\/div><\/div><\/li><!-- -->\n<li class=\"g1-column g1-one-third g1-valign-top\"><br \/>\n<div id=\"\" class=\"g1-box g1-box--solid feature g1-box--noicon\" ><div class=\"g1-box__inner\">\n<h3>Mehr Geschwindigkeit<\/h3>\n<p>SendBlaster 4 unterst\u00fctzt nun bis zu 100 Verbindungen \u2013 Unter Verwendung von High-End-Hardware kann das die Sende-Geschwindigkeit enorm verbessern, z.B. wenn ein schneller lokaler oder entfernter SMTP-Server benutzt wird. <\/p>\n<\/div><\/div><\/li><!-- --><\/ul>\n<ul class=\"g1-grid\"><li class=\"g1-column g1-one-third g1-valign-top\"><br \/>\n<div id=\"\" class=\"g1-box g1-box--solid feature g1-box--noicon\" ><div class=\"g1-box__inner\">\n<h3>Optionaler HTML-Modus \u201cnur Quellcode-Bearbeitung\u201d<\/h3>\n<p>Mit SendBlaster 4 k\u00f6nnen erfahrene HTML-Designer optional komplett auf das visuelle Editieren verzichten und erhalten dadurch volle Kontrolle \u00fcber ihren Quellcode.<\/p>\n<\/div><\/div><\/li><!-- -->\n<li class=\"g1-column g1-one-third g1-valign-top\"><br \/>\n<div id=\"\" class=\"g1-box g1-box--solid feature g1-box--noicon\" ><div class=\"g1-box__inner\">\n<h3>Email-Versand an neue Kontakte<\/h3>\n<p>Alle Empf\u00e4nger, die bei einem vorherigen Versand einbezogen waren, k\u00f6nnen beim aktuellen Versand selektiv deaktiviert werden. So k\u00f6nnen Emails nur an die Empf\u00e4nger gesendet werden, die die vorherige noch nicht erhalten haben.<\/p>\n<\/div><\/div><\/li><!-- -->\n<li class=\"g1-column g1-one-third g1-valign-top\"><br \/>\n<div id=\"\" class=\"g1-box g1-box--solid feature g1-box--noicon\" ><div class=\"g1-box__inner\">\n<h3>Relevante eingehende Emails lokal speichern<\/h3>\n<p>Anti-Spam Regeln verlangen, dass Anmeldungs-Nachweise f\u00fcr lange Zeit gespeichert werden m\u00fcssen. SendBlaster 4 hilft Ihnen dabei, indem Anmelde-Emails lokal gesichert werden. Alternativ k\u00f6nnen auch Abmelde- und Unzustellbarkeits-Benachrichtigungen f\u00fcr den sp\u00e4teren Gebrauch gesichert werden.<\/p>\n<\/div><\/div><\/li><!-- --><\/ul>\n<ul class=\"g1-grid\"><li class=\"g1-column g1-one-third g1-valign-top\"><br \/>\n<div id=\"\" class=\"g1-box g1-box--solid feature g1-box--noicon\" ><div class=\"g1-box__inner\">\n<h3>1\u00d71 Tracking-Pixel<\/h3>\n<p>TrackReports-Codes k\u00f6nnen nun optional einen 1\u00d71 Tracking-Pixel benutzen, was die Verfolgung weniger Aufdringlich als bei den vorherigen Versionen macht.<\/p>\n<p><a title=\"TrackReports Datenanalyse\" href=\"https:\/\/www.emailchef.de\/sendblaster-trackreports\/\">Lernen Sie mehr \u00fcber TrackReports<\/a><\/p>\n<\/div><\/div><\/li><!-- -->\n<li class=\"g1-column g1-one-third g1-valign-top\"><br \/>\n<div id=\"\" class=\"g1-box g1-box--solid feature g1-box--noicon\" ><div class=\"g1-box__inner\">\n<h3>Verbesserungen und neue Optionen<\/h3>\n<p>Die Engine von SendBlaster 4 wurde vielen Weiterentwicklungen und Optimierungen unterzogen um Geschwindigkeit, Leistung und Robustheit zu erh\u00f6hen. Au\u00dferdem wurden die bekannten Funktionen um viele Optionen erweitert.<\/p>\n<\/div><\/div><\/li><!-- -->\n<li class=\"g1-column g1-one-third g1-valign-top\"><br \/>\n<div id=\"\" class=\"g1-box g1-box--solid feature g1-box--noicon\" ><div class=\"g1-box__inner\">\n<h3>Neue Vorlagen<\/h3>\n<p>In SendBlaster 4 wurden 60 neue responsive vorlagen hinzugef\u00fcgt, in H\u00f6he von insgesamt 150 vorlagen in der Free Edition und 230 in Pro-Edition.<\/p>\n<\/div><\/div><\/li><!-- --><\/ul>\n<\/div><\/div>\n","protected":false},"excerpt":{"rendered":"<p>Hier ist eine Liste von den Dingen, die wir in unserer brandneuen Hauptausgabe hinzugef\u00fcgt haben und die Sie bei einem Upgrade von SendBlaster 3 auf SendBlaster 4 erhalten. &nbsp; <\/p>\n<p class=\"read-more-container\"><a class=\"button read-more\" href=\"https:\/\/www.sendblaster.com\/de\/was-gibt-es-neues-in-sendblaster-4\/\" title=\"\">Weiterlesen<\/a><\/p>\n","protected":false},"author":1,"featured_media":0,"parent":0,"menu_order":0,"comment_status":"closed","ping_status":"closed","template":"","meta":{"_monsterinsights_skip_tracking":false,"_monsterinsights_sitenote_active":false,"_monsterinsights_sitenote_note":"","_monsterinsights_sitenote_category":0,"footnotes":""},"class_list":["post-1818","page","type-page","status-publish"],"yoast_head":"<!-- This site is optimized with the Yoast SEO plugin v23.5 - https:\/\/yoast.com\/wordpress\/plugins\/seo\/ -->\n<title>Was gibt es Neues in SendBlaster - SendBlaster newsletter software<\/title>\n<meta name=\"description\" content=\"SendBlaster newsletter software Was gibt es Neues in SendBlaster Hier ist eine Liste von den Dingen, die wir in unserer brandneuen Hauptausgabe hinzugef\u00fcgt haben und die Sie bei einem Upgrade von SendBlaster 3 auf\" \/>\n<meta name=\"robots\" content=\"index, follow, max-snippet:-1, max-image-preview:large, max-video-preview:-1\" \/>\n<link rel=\"canonical\" href=\"https:\/\/www.sendblaster.com\/de\/was-gibt-es-neues-in-sendblaster-4\/\" \/>\n<meta property=\"og:locale\" content=\"de_DE\" \/>\n<meta property=\"og:type\" content=\"article\" \/>\n<meta property=\"og:title\" content=\"Was gibt es Neues in SendBlaster - SendBlaster newsletter software\" \/>\n<meta property=\"og:description\" content=\"SendBlaster newsletter software Was gibt es Neues in SendBlaster Hier ist eine Liste von den Dingen, die wir in unserer brandneuen Hauptausgabe hinzugef\u00fcgt haben und die Sie bei einem Upgrade von SendBlaster 3 auf\" \/>\n<meta property=\"og:url\" content=\"https:\/\/www.sendblaster.com\/de\/was-gibt-es-neues-in-sendblaster-4\/\" \/>\n<meta property=\"og:site_name\" content=\"SendBlaster newsletter software\" \/>\n<meta property=\"article:modified_time\" content=\"2020-09-28T08:20:42+00:00\" \/>\n<meta name=\"twitter:card\" content=\"summary_large_image\" \/>\n<meta name=\"twitter:label1\" content=\"Gesch\u00e4tzte Lesezeit\" \/>\n\t<meta name=\"twitter:data1\" content=\"5\u00a0Minuten\" \/>\n<script type=\"application\/ld+json\" class=\"yoast-schema-graph\">{\"@context\":\"https:\/\/schema.org\",\"@graph\":[{\"@type\":\"WebPage\",\"@id\":\"https:\/\/www.sendblaster.com\/de\/was-gibt-es-neues-in-sendblaster-4\/\",\"url\":\"https:\/\/www.sendblaster.com\/de\/was-gibt-es-neues-in-sendblaster-4\/\",\"name\":\"Was gibt es Neues in SendBlaster - SendBlaster newsletter software\",\"isPartOf\":{\"@id\":\"https:\/\/www.sendblaster.com\/#website\"},\"datePublished\":\"2018-05-15T08:34:29+00:00\",\"dateModified\":\"2020-09-28T08:20:42+00:00\",\"description\":\"SendBlaster newsletter software Was gibt es Neues in SendBlaster Hier ist eine Liste von den Dingen, die wir in unserer brandneuen Hauptausgabe hinzugef\u00fcgt haben und die Sie bei einem Upgrade von SendBlaster 3 auf\",\"breadcrumb\":{\"@id\":\"https:\/\/www.sendblaster.com\/de\/was-gibt-es-neues-in-sendblaster-4\/#breadcrumb\"},\"inLanguage\":\"de\",\"potentialAction\":[{\"@type\":\"ReadAction\",\"target\":[\"https:\/\/www.sendblaster.com\/de\/was-gibt-es-neues-in-sendblaster-4\/\"]}]},{\"@type\":\"BreadcrumbList\",\"@id\":\"https:\/\/www.sendblaster.com\/de\/was-gibt-es-neues-in-sendblaster-4\/#breadcrumb\",\"itemListElement\":[{\"@type\":\"ListItem\",\"position\":1,\"name\":\"Home\",\"item\":\"https:\/\/www.sendblaster.com\/de\/\"},{\"@type\":\"ListItem\",\"position\":2,\"name\":\"Was gibt es Neues in SendBlaster\"}]},{\"@type\":\"WebSite\",\"@id\":\"https:\/\/www.sendblaster.com\/#website\",\"url\":\"https:\/\/www.sendblaster.com\/\",\"name\":\"SendBlaster newsletter software\",\"description\":\"\",\"publisher\":{\"@id\":\"https:\/\/www.sendblaster.com\/#organization\"},\"potentialAction\":[{\"@type\":\"SearchAction\",\"target\":{\"@type\":\"EntryPoint\",\"urlTemplate\":\"https:\/\/www.sendblaster.com\/?s={search_term_string}\"},\"query-input\":{\"@type\":\"PropertyValueSpecification\",\"valueRequired\":true,\"valueName\":\"search_term_string\"}}],\"inLanguage\":\"de\"},{\"@type\":\"Organization\",\"@id\":\"https:\/\/www.sendblaster.com\/#organization\",\"name\":\"SendBlaster newsletter software\",\"url\":\"https:\/\/www.sendblaster.com\/\",\"logo\":{\"@type\":\"ImageObject\",\"inLanguage\":\"de\",\"@id\":\"https:\/\/www.sendblaster.com\/#\/schema\/logo\/image\/\",\"url\":\"https:\/\/www.sendblaster.com\/wp-content\/uploads\/2021\/09\/logo-svg-2021.svg\",\"contentUrl\":\"https:\/\/www.sendblaster.com\/wp-content\/uploads\/2021\/09\/logo-svg-2021.svg\",\"width\":350,\"height\":70,\"caption\":\"SendBlaster newsletter software\"},\"image\":{\"@id\":\"https:\/\/www.sendblaster.com\/#\/schema\/logo\/image\/\"}}]}<\/script>\n<!-- \/ Yoast SEO plugin. -->","yoast_head_json":{"title":"Was gibt es Neues in SendBlaster - SendBlaster newsletter software","description":"SendBlaster newsletter software Was gibt es Neues in SendBlaster Hier ist eine Liste von den Dingen, die wir in unserer brandneuen Hauptausgabe hinzugef\u00fcgt haben und die Sie bei einem Upgrade von SendBlaster 3 auf","robots":{"index":"index","follow":"follow","max-snippet":"max-snippet:-1","max-image-preview":"max-image-preview:large","max-video-preview":"max-video-preview:-1"},"canonical":"https:\/\/www.sendblaster.com\/de\/was-gibt-es-neues-in-sendblaster-4\/","og_locale":"de_DE","og_type":"article","og_title":"Was gibt es Neues in SendBlaster - SendBlaster newsletter software","og_description":"SendBlaster newsletter software Was gibt es Neues in SendBlaster Hier ist eine Liste von den Dingen, die wir in unserer brandneuen Hauptausgabe hinzugef\u00fcgt haben und die Sie bei einem Upgrade von SendBlaster 3 auf","og_url":"https:\/\/www.sendblaster.com\/de\/was-gibt-es-neues-in-sendblaster-4\/","og_site_name":"SendBlaster newsletter software","article_modified_time":"2020-09-28T08:20:42+00:00","twitter_card":"summary_large_image","twitter_misc":{"Gesch\u00e4tzte Lesezeit":"5\u00a0Minuten"},"schema":{"@context":"https:\/\/schema.org","@graph":[{"@type":"WebPage","@id":"https:\/\/www.sendblaster.com\/de\/was-gibt-es-neues-in-sendblaster-4\/","url":"https:\/\/www.sendblaster.com\/de\/was-gibt-es-neues-in-sendblaster-4\/","name":"Was gibt es Neues in SendBlaster - SendBlaster newsletter software","isPartOf":{"@id":"https:\/\/www.sendblaster.com\/#website"},"datePublished":"2018-05-15T08:34:29+00:00","dateModified":"2020-09-28T08:20:42+00:00","description":"SendBlaster newsletter software Was gibt es Neues in SendBlaster Hier ist eine Liste von den Dingen, die wir in unserer brandneuen Hauptausgabe hinzugef\u00fcgt haben und die Sie bei einem Upgrade von SendBlaster 3 auf","breadcrumb":{"@id":"https:\/\/www.sendblaster.com\/de\/was-gibt-es-neues-in-sendblaster-4\/#breadcrumb"},"inLanguage":"de","potentialAction":[{"@type":"ReadAction","target":["https:\/\/www.sendblaster.com\/de\/was-gibt-es-neues-in-sendblaster-4\/"]}]},{"@type":"BreadcrumbList","@id":"https:\/\/www.sendblaster.com\/de\/was-gibt-es-neues-in-sendblaster-4\/#breadcrumb","itemListElement":[{"@type":"ListItem","position":1,"name":"Home","item":"https:\/\/www.sendblaster.com\/de\/"},{"@type":"ListItem","position":2,"name":"Was gibt es Neues in SendBlaster"}]},{"@type":"WebSite","@id":"https:\/\/www.sendblaster.com\/#website","url":"https:\/\/www.sendblaster.com\/","name":"SendBlaster newsletter software","description":"","publisher":{"@id":"https:\/\/www.sendblaster.com\/#organization"},"potentialAction":[{"@type":"SearchAction","target":{"@type":"EntryPoint","urlTemplate":"https:\/\/www.sendblaster.com\/?s={search_term_string}"},"query-input":{"@type":"PropertyValueSpecification","valueRequired":true,"valueName":"search_term_string"}}],"inLanguage":"de"},{"@type":"Organization","@id":"https:\/\/www.sendblaster.com\/#organization","name":"SendBlaster newsletter software","url":"https:\/\/www.sendblaster.com\/","logo":{"@type":"ImageObject","inLanguage":"de","@id":"https:\/\/www.sendblaster.com\/#\/schema\/logo\/image\/","url":"https:\/\/www.sendblaster.com\/wp-content\/uploads\/2021\/09\/logo-svg-2021.svg","contentUrl":"https:\/\/www.sendblaster.com\/wp-content\/uploads\/2021\/09\/logo-svg-2021.svg","width":350,"height":70,"caption":"SendBlaster newsletter software"},"image":{"@id":"https:\/\/www.sendblaster.com\/#\/schema\/logo\/image\/"}}]}},"_links":{"self":[{"href":"https:\/\/www.sendblaster.com\/de\/wp-json\/wp\/v2\/pages\/1818"}],"collection":[{"href":"https:\/\/www.sendblaster.com\/de\/wp-json\/wp\/v2\/pages"}],"about":[{"href":"https:\/\/www.sendblaster.com\/de\/wp-json\/wp\/v2\/types\/page"}],"author":[{"embeddable":true,"href":"https:\/\/www.sendblaster.com\/de\/wp-json\/wp\/v2\/users\/1"}],"replies":[{"embeddable":true,"href":"https:\/\/www.sendblaster.com\/de\/wp-json\/wp\/v2\/comments?post=1818"}],"version-history":[{"count":4,"href":"https:\/\/www.sendblaster.com\/de\/wp-json\/wp\/v2\/pages\/1818\/revisions"}],"predecessor-version":[{"id":4806,"href":"https:\/\/www.sendblaster.com\/de\/wp-json\/wp\/v2\/pages\/1818\/revisions\/4806"}],"wp:attachment":[{"href":"https:\/\/www.sendblaster.com\/de\/wp-json\/wp\/v2\/media?parent=1818"}],"curies":[{"name":"wp","href":"https:\/\/api.w.org\/{rel}","templated":true}]}}