{"id":1601,"date":"2018-05-10T12:47:42","date_gmt":"2018-05-10T12:47:42","guid":{"rendered":"https:\/\/www.sendblaster.com\/wpnew-2018\/?page_id=1601"},"modified":"2018-05-10T12:47:42","modified_gmt":"2018-05-10T12:47:42","slug":"gestalten-sie-wirkungsvolle-emails","status":"publish","type":"page","link":"https:\/\/www.sendblaster.com\/de\/gestalten-sie-wirkungsvolle-emails\/","title":{"rendered":"Gestalten Sie wirkungsvolle Emails"},"content":{"rendered":"<p style=\"text-align: center;\"><img decoding=\"async\" width=\"1390\" height=\"885\" src=\"https:\/\/www.sendblaster.com\/wp-content\/uploads\/2018\/03\/create-effective-emails-large.jpg\" alt=\"Gestalten Sie wirkungsvolle Emails\" class=\"features-image\" \/><\/p>\n<p>Erstellen Sie Ihren ersten <strong>Newsletter<\/strong> innerhalb von <strong>5 Minuten<\/strong>. Dank der \u00fcbersichtlichen und leicht zu bedienenden Benutzeroberfl\u00e4che gelingt es Ihnen in K\u00fcrze (auch wenn Sie kein E-Mail Marketing Experte sind), Ihre Newsletter zu erstellen und zu versenden.<\/p>\n<p style=\"text-align: center; margin-bottom: 0px;\"><a href=\"https:\/\/www.sendblaster.com\/de\/download-kostenlos-newsletter-software-herunterladen-und-ausprobieren\" title=\"100% kostenlos Newsletter Software\" class=\"download-cta\">Download Kostenlos<\/a><a href=\"https:\/\/www.sendblaster.com\/de\/newsletter-software-kaufen\" title=\"Kaufen SendBlaster PRO!\" class=\"buy-cta\">Kaufen SendBlaster Pro<\/a><\/p>\n<p>&nbsp;<\/p>\n<h2>Freie Schablonen<\/h2>\n<p>Mit SendBlaster bekommen Sie 80 von Profis gestaltete gebrauchsfertige Vorlagen. Keine Kenntnisse in HTML Anwendung ist notwendig.<\/p>\n<p>&nbsp;<\/p>\n<h2>HTML Anwendung<\/h2>\n<p>Nachrichtengestaltung wird durch einfache aber effektive visuelle HTML Anwendung erreicht mit codiertem Zugang, CHARSET Definition und der F\u00e4higkeit v\u00f6llig selbst gestaltete Tags einzuf\u00fcgen.<\/p>\n<p>&nbsp;<\/p>\n<h2>HTML\/.eml files importieren<\/h2>\n<p>YSie k\u00f6nnen Email Nachrichten in SendBlaster aus externen Dateien importieren. (HTML Seiten oder k\u00fcrzlich gespeicherte .eml files &#8211; i.e. von Outlook Express). Das erlaubt Ihnen eigene Vorlagen zu generieren in dem Sie einen external HTML editor benutzen.<\/p>\n<p>&nbsp;<\/p>\n<h2>HTML und Text Nachrichten<\/h2>\n<p>Die Email Nachrichten werden in HTML und einfachem Text gestaltet f\u00fcr den Fall, dass der Empf\u00e4nger HTML zum Nachrichten lesen desaktiviert hat. Denken Sie daran: Die Hybrid HTML\/Plain Text Email ist die beste Option f\u00fcr Email Marketing Kampagnen. Wenn ein einfacher Text nicht vorhanden ist, werden die meisten Anti-Spam Filter misstrauisch. Wenn Sie Ihre Nachricht fertig gestellt haben, benutzen Sie den Text aus HTML\u201d Button um automatisch einen einfachen Text aus dem HTML zu generieren.<\/p>\n<p>&nbsp;<\/p>\n<h2>Personalisieren Sie Emails<\/h2>\n<p>Senden Sie personalisierte Nachrichten (\u201cSehr geehrter Herr Hans Zimmer\u201d, statt \u201eGeehrter Kunde\u201d)<\/p>\n<p>Sehr geehrter Herr #Name# -> wird zu -> Sehr geehrter Herr Zimmer<\/p>\n<p>Jede Mail die Sie senden ist anders durch die Email Anpassung und die Personalisierungseigenschaften.<\/p>\n<p>&nbsp;<\/p>\n<h2>Spam Pr\u00fcfung<\/h2>\n<p>SendBlaster integriert jetzt die &#8222;Spam Pr\u00fcfungs&#8220; Funktion. Er ber\u00fccksichtigt alle Spamsondierungs Regeln, die Sie beachten m\u00fcssen, um direkt in die Inbox Ihres Kunden zu kommen.<\/p>\n","protected":false},"excerpt":{"rendered":"<p>Erstellen Sie Ihren ersten Newsletter innerhalb von 5 Minuten. Dank der \u00fcbersichtlichen und leicht zu bedienenden Benutzeroberfl\u00e4che gelingt es Ihnen in K\u00fcrze (auch wenn Sie kein E-Mail Marketing Experte sind), Ihre Newsletter zu erstellen und zu versenden. &nbsp; Freie Schablonen <\/p>\n<p class=\"read-more-container\"><a class=\"button read-more\" href=\"https:\/\/www.sendblaster.com\/de\/gestalten-sie-wirkungsvolle-emails\/\" title=\"\">Weiterlesen<\/a><\/p>\n","protected":false},"author":1,"featured_media":0,"parent":0,"menu_order":0,"comment_status":"closed","ping_status":"closed","template":"","meta":{"_monsterinsights_skip_tracking":false,"_monsterinsights_sitenote_active":false,"_monsterinsights_sitenote_note":"","_monsterinsights_sitenote_category":0,"footnotes":""},"class_list":["post-1601","page","type-page","status-publish"],"yoast_head":"<!-- This site is optimized with the Yoast SEO plugin v23.5 - https:\/\/yoast.com\/wordpress\/plugins\/seo\/ -->\n<title>Gestalten Sie wirkungsvolle Emails - SendBlaster newsletter software<\/title>\n<meta name=\"description\" content=\"SendBlaster newsletter software Gestalten Sie wirkungsvolle Emails Erstellen Sie Ihren ersten Newsletter innerhalb von 5 Minuten. Dank der \u00fcbersichtlichen und leicht zu bedienenden Benutzeroberfl\u00e4che gelingt es Ihnen in\" \/>\n<meta name=\"robots\" content=\"index, follow, max-snippet:-1, max-image-preview:large, max-video-preview:-1\" \/>\n<link rel=\"canonical\" href=\"https:\/\/www.sendblaster.com\/de\/gestalten-sie-wirkungsvolle-emails\/\" \/>\n<meta property=\"og:locale\" content=\"de_DE\" \/>\n<meta property=\"og:type\" content=\"article\" \/>\n<meta property=\"og:title\" content=\"Gestalten Sie wirkungsvolle Emails - SendBlaster newsletter software\" \/>\n<meta property=\"og:description\" content=\"SendBlaster newsletter software Gestalten Sie wirkungsvolle Emails Erstellen Sie Ihren ersten Newsletter innerhalb von 5 Minuten. Dank der \u00fcbersichtlichen und leicht zu bedienenden Benutzeroberfl\u00e4che gelingt es Ihnen in\" \/>\n<meta property=\"og:url\" content=\"https:\/\/www.sendblaster.com\/de\/gestalten-sie-wirkungsvolle-emails\/\" \/>\n<meta property=\"og:site_name\" content=\"SendBlaster newsletter software\" \/>\n<meta property=\"og:image\" content=\"https:\/\/www.sendblaster.com\/wp-content\/uploads\/2018\/03\/create-effective-emails-large.jpg\" \/>\n<meta name=\"twitter:card\" content=\"summary_large_image\" \/>\n<meta name=\"twitter:label1\" content=\"Gesch\u00e4tzte Lesezeit\" \/>\n\t<meta name=\"twitter:data1\" content=\"1\u00a0Minute\" \/>\n<script type=\"application\/ld+json\" class=\"yoast-schema-graph\">{\"@context\":\"https:\/\/schema.org\",\"@graph\":[{\"@type\":\"WebPage\",\"@id\":\"https:\/\/www.sendblaster.com\/de\/gestalten-sie-wirkungsvolle-emails\/\",\"url\":\"https:\/\/www.sendblaster.com\/de\/gestalten-sie-wirkungsvolle-emails\/\",\"name\":\"Gestalten Sie wirkungsvolle Emails - SendBlaster newsletter software\",\"isPartOf\":{\"@id\":\"https:\/\/www.sendblaster.com\/#website\"},\"primaryImageOfPage\":{\"@id\":\"https:\/\/www.sendblaster.com\/de\/gestalten-sie-wirkungsvolle-emails\/#primaryimage\"},\"image\":{\"@id\":\"https:\/\/www.sendblaster.com\/de\/gestalten-sie-wirkungsvolle-emails\/#primaryimage\"},\"thumbnailUrl\":\"https:\/\/www.sendblaster.com\/wp-content\/uploads\/2018\/03\/create-effective-emails-large.jpg\",\"datePublished\":\"2018-05-10T12:47:42+00:00\",\"dateModified\":\"2018-05-10T12:47:42+00:00\",\"description\":\"SendBlaster newsletter software Gestalten Sie wirkungsvolle Emails Erstellen Sie Ihren ersten Newsletter innerhalb von 5 Minuten. Dank der \u00fcbersichtlichen und leicht zu bedienenden Benutzeroberfl\u00e4che gelingt es Ihnen in\",\"breadcrumb\":{\"@id\":\"https:\/\/www.sendblaster.com\/de\/gestalten-sie-wirkungsvolle-emails\/#breadcrumb\"},\"inLanguage\":\"de\",\"potentialAction\":[{\"@type\":\"ReadAction\",\"target\":[\"https:\/\/www.sendblaster.com\/de\/gestalten-sie-wirkungsvolle-emails\/\"]}]},{\"@type\":\"ImageObject\",\"inLanguage\":\"de\",\"@id\":\"https:\/\/www.sendblaster.com\/de\/gestalten-sie-wirkungsvolle-emails\/#primaryimage\",\"url\":\"https:\/\/www.sendblaster.com\/wp-content\/uploads\/2018\/03\/create-effective-emails-large.jpg\",\"contentUrl\":\"https:\/\/www.sendblaster.com\/wp-content\/uploads\/2018\/03\/create-effective-emails-large.jpg\"},{\"@type\":\"BreadcrumbList\",\"@id\":\"https:\/\/www.sendblaster.com\/de\/gestalten-sie-wirkungsvolle-emails\/#breadcrumb\",\"itemListElement\":[{\"@type\":\"ListItem\",\"position\":1,\"name\":\"Home\",\"item\":\"https:\/\/www.sendblaster.com\/de\/\"},{\"@type\":\"ListItem\",\"position\":2,\"name\":\"Gestalten Sie wirkungsvolle Emails\"}]},{\"@type\":\"WebSite\",\"@id\":\"https:\/\/www.sendblaster.com\/#website\",\"url\":\"https:\/\/www.sendblaster.com\/\",\"name\":\"SendBlaster newsletter software\",\"description\":\"\",\"publisher\":{\"@id\":\"https:\/\/www.sendblaster.com\/#organization\"},\"potentialAction\":[{\"@type\":\"SearchAction\",\"target\":{\"@type\":\"EntryPoint\",\"urlTemplate\":\"https:\/\/www.sendblaster.com\/?s={search_term_string}\"},\"query-input\":{\"@type\":\"PropertyValueSpecification\",\"valueRequired\":true,\"valueName\":\"search_term_string\"}}],\"inLanguage\":\"de\"},{\"@type\":\"Organization\",\"@id\":\"https:\/\/www.sendblaster.com\/#organization\",\"name\":\"SendBlaster newsletter software\",\"url\":\"https:\/\/www.sendblaster.com\/\",\"logo\":{\"@type\":\"ImageObject\",\"inLanguage\":\"de\",\"@id\":\"https:\/\/www.sendblaster.com\/#\/schema\/logo\/image\/\",\"url\":\"https:\/\/www.sendblaster.com\/wp-content\/uploads\/2021\/09\/logo-svg-2021.svg\",\"contentUrl\":\"https:\/\/www.sendblaster.com\/wp-content\/uploads\/2021\/09\/logo-svg-2021.svg\",\"width\":350,\"height\":70,\"caption\":\"SendBlaster newsletter software\"},\"image\":{\"@id\":\"https:\/\/www.sendblaster.com\/#\/schema\/logo\/image\/\"}}]}<\/script>\n<!-- \/ Yoast SEO plugin. -->","yoast_head_json":{"title":"Gestalten Sie wirkungsvolle Emails - SendBlaster newsletter software","description":"SendBlaster newsletter software Gestalten Sie wirkungsvolle Emails Erstellen Sie Ihren ersten Newsletter innerhalb von 5 Minuten. Dank der \u00fcbersichtlichen und leicht zu bedienenden Benutzeroberfl\u00e4che gelingt es Ihnen in","robots":{"index":"index","follow":"follow","max-snippet":"max-snippet:-1","max-image-preview":"max-image-preview:large","max-video-preview":"max-video-preview:-1"},"canonical":"https:\/\/www.sendblaster.com\/de\/gestalten-sie-wirkungsvolle-emails\/","og_locale":"de_DE","og_type":"article","og_title":"Gestalten Sie wirkungsvolle Emails - SendBlaster newsletter software","og_description":"SendBlaster newsletter software Gestalten Sie wirkungsvolle Emails Erstellen Sie Ihren ersten Newsletter innerhalb von 5 Minuten. Dank der \u00fcbersichtlichen und leicht zu bedienenden Benutzeroberfl\u00e4che gelingt es Ihnen in","og_url":"https:\/\/www.sendblaster.com\/de\/gestalten-sie-wirkungsvolle-emails\/","og_site_name":"SendBlaster newsletter software","og_image":[{"url":"https:\/\/www.sendblaster.com\/wp-content\/uploads\/2018\/03\/create-effective-emails-large.jpg"}],"twitter_card":"summary_large_image","twitter_misc":{"Gesch\u00e4tzte Lesezeit":"1\u00a0Minute"},"schema":{"@context":"https:\/\/schema.org","@graph":[{"@type":"WebPage","@id":"https:\/\/www.sendblaster.com\/de\/gestalten-sie-wirkungsvolle-emails\/","url":"https:\/\/www.sendblaster.com\/de\/gestalten-sie-wirkungsvolle-emails\/","name":"Gestalten Sie wirkungsvolle Emails - SendBlaster newsletter software","isPartOf":{"@id":"https:\/\/www.sendblaster.com\/#website"},"primaryImageOfPage":{"@id":"https:\/\/www.sendblaster.com\/de\/gestalten-sie-wirkungsvolle-emails\/#primaryimage"},"image":{"@id":"https:\/\/www.sendblaster.com\/de\/gestalten-sie-wirkungsvolle-emails\/#primaryimage"},"thumbnailUrl":"https:\/\/www.sendblaster.com\/wp-content\/uploads\/2018\/03\/create-effective-emails-large.jpg","datePublished":"2018-05-10T12:47:42+00:00","dateModified":"2018-05-10T12:47:42+00:00","description":"SendBlaster newsletter software Gestalten Sie wirkungsvolle Emails Erstellen Sie Ihren ersten Newsletter innerhalb von 5 Minuten. Dank der \u00fcbersichtlichen und leicht zu bedienenden Benutzeroberfl\u00e4che gelingt es Ihnen in","breadcrumb":{"@id":"https:\/\/www.sendblaster.com\/de\/gestalten-sie-wirkungsvolle-emails\/#breadcrumb"},"inLanguage":"de","potentialAction":[{"@type":"ReadAction","target":["https:\/\/www.sendblaster.com\/de\/gestalten-sie-wirkungsvolle-emails\/"]}]},{"@type":"ImageObject","inLanguage":"de","@id":"https:\/\/www.sendblaster.com\/de\/gestalten-sie-wirkungsvolle-emails\/#primaryimage","url":"https:\/\/www.sendblaster.com\/wp-content\/uploads\/2018\/03\/create-effective-emails-large.jpg","contentUrl":"https:\/\/www.sendblaster.com\/wp-content\/uploads\/2018\/03\/create-effective-emails-large.jpg"},{"@type":"BreadcrumbList","@id":"https:\/\/www.sendblaster.com\/de\/gestalten-sie-wirkungsvolle-emails\/#breadcrumb","itemListElement":[{"@type":"ListItem","position":1,"name":"Home","item":"https:\/\/www.sendblaster.com\/de\/"},{"@type":"ListItem","position":2,"name":"Gestalten Sie wirkungsvolle Emails"}]},{"@type":"WebSite","@id":"https:\/\/www.sendblaster.com\/#website","url":"https:\/\/www.sendblaster.com\/","name":"SendBlaster newsletter software","description":"","publisher":{"@id":"https:\/\/www.sendblaster.com\/#organization"},"potentialAction":[{"@type":"SearchAction","target":{"@type":"EntryPoint","urlTemplate":"https:\/\/www.sendblaster.com\/?s={search_term_string}"},"query-input":{"@type":"PropertyValueSpecification","valueRequired":true,"valueName":"search_term_string"}}],"inLanguage":"de"},{"@type":"Organization","@id":"https:\/\/www.sendblaster.com\/#organization","name":"SendBlaster newsletter software","url":"https:\/\/www.sendblaster.com\/","logo":{"@type":"ImageObject","inLanguage":"de","@id":"https:\/\/www.sendblaster.com\/#\/schema\/logo\/image\/","url":"https:\/\/www.sendblaster.com\/wp-content\/uploads\/2021\/09\/logo-svg-2021.svg","contentUrl":"https:\/\/www.sendblaster.com\/wp-content\/uploads\/2021\/09\/logo-svg-2021.svg","width":350,"height":70,"caption":"SendBlaster newsletter software"},"image":{"@id":"https:\/\/www.sendblaster.com\/#\/schema\/logo\/image\/"}}]}},"_links":{"self":[{"href":"https:\/\/www.sendblaster.com\/de\/wp-json\/wp\/v2\/pages\/1601"}],"collection":[{"href":"https:\/\/www.sendblaster.com\/de\/wp-json\/wp\/v2\/pages"}],"about":[{"href":"https:\/\/www.sendblaster.com\/de\/wp-json\/wp\/v2\/types\/page"}],"author":[{"embeddable":true,"href":"https:\/\/www.sendblaster.com\/de\/wp-json\/wp\/v2\/users\/1"}],"replies":[{"embeddable":true,"href":"https:\/\/www.sendblaster.com\/de\/wp-json\/wp\/v2\/comments?post=1601"}],"version-history":[{"count":1,"href":"https:\/\/www.sendblaster.com\/de\/wp-json\/wp\/v2\/pages\/1601\/revisions"}],"predecessor-version":[{"id":1602,"href":"https:\/\/www.sendblaster.com\/de\/wp-json\/wp\/v2\/pages\/1601\/revisions\/1602"}],"wp:attachment":[{"href":"https:\/\/www.sendblaster.com\/de\/wp-json\/wp\/v2\/media?parent=1601"}],"curies":[{"name":"wp","href":"https:\/\/api.w.org\/{rel}","templated":true}]}}