{"id":1540,"date":"2018-05-09T14:35:40","date_gmt":"2018-05-09T14:35:40","guid":{"rendered":"https:\/\/www.sendblaster.com\/wpnew-2018\/?page_id=1540"},"modified":"2021-05-25T15:05:04","modified_gmt":"2021-05-25T15:05:04","slug":"download-kostenlos-newsletter-software-herunterladen-und-ausprobieren","status":"publish","type":"page","link":"https:\/\/www.sendblaster.com\/de\/download-kostenlos-newsletter-software-herunterladen-und-ausprobieren\/","title":{"rendered":"Testen Sie SendBlaster vollkommen kostenlos &#8211; in deutscher Sprache"},"content":{"rendered":"<ul class=\"g1-grid\"><li class=\"g1-column g1-one-half g1-valign-top\">\n<h2 style=\"color: #2895c2; text-align: center; margin-bottom: 0px;\">SendBlaster<\/h2>\n<p style=\"color: #2895c2; font-weight: bold; text-align: center;\">Newsletter Software<\/p>\n<p style=\"text-align: center;\"><img decoding=\"async\" src=\"https:\/\/www.sendblaster.com\/wp-content\/uploads\/2018\/03\/create-effective-emails-large.jpg\" alt=\"SendBlaster newsletter software\" width=\"376\" height=\"239\"><\/p>\n<p style=\"text-align: center;\">Steigen Sie vollkommen unverbindlich in die E-Mail Marketing Welt ein und nutzen Sie die kostenlose Variante von SendBlaster. Sie k\u00f6nnen dann auf Wunsch jederzeit auf die Pro Version umsteigen. Ihre Daten k\u00f6nnen problemlos \u00fcbernommen werden!<\/p>\n<p style=\"text-align: center; margin-bottom: 0px;\"><a href=\"https:\/\/www.sendblaster.com\/services\/download\/downloadsendblasterfree.php\" title=\"Download SendBlaster Kostenlos\" class=\"download-cta\">Download Kostenlos<\/a><\/p>\n<p style=\"text-align: center;\" class=\"release-data\">Letzte Version: 4.4.2 | Freigabe Datum: 2020\/04\/10 | Gr\u00f6\u00dfe: 40\nMB<br \/>\n<a href=\"https:\/\/www.sendblaster.com\/sendblaster\/services\/download\/download.php?program=sendblasterfree3x\" target=\"_blank\" title=\"Laden Sie alte Version\" rel=\"noopener noreferrer\">Laden Sie alte Version<\/a><\/p>\n<\/li><!-- -->\n<li class=\"g1-column g1-one-half g1-valign-top\">\n<h2 style=\"color: #f3850b; text-align: center; margin-bottom: 0px;\">MailStyler<\/h2>\n<p style=\"color: #f3850b; font-weight: bold; text-align: center;\">Software f\u00fcr Newsletter-Vorlagen<\/p>\n<p style=\"text-align: center;\"><img decoding=\"async\" src=\"https:\/\/www.sendblaster.com\/wp-content\/uploads\/2018\/03\/mailstyler2.jpg\" alt=\"Software f\u00fcr Newsletter-Vorlagen\" width=\"376\" height=\"239\"><\/p>\n<p style=\"text-align: center;\">MailStyler ist eine m\u00e4chtige Software zur Erstellung von Newslettern, die Ihnen den Aufbau von perfekten E-Mail-Vorlagen mit einer einfachen Serie von Drag &#038; Drop erm\u00f6glicht. Ideal f\u00fcr jeden, der eine ma\u00dfgefertigte E-Mail-Nachricht versenden muss.<a href=\"https:\/\/www.youtube.com\/watch?v=sByCv8OujsQ\" rel=\"nofollow noopener noreferrer\" target=\"_blank\">Sehen Sie sich das Video-Tutorial<\/a>.<\/p>\n<p style=\"text-align: center; margin-bottom: 0px;\"><a href=\"https:\/\/www.newslettercreator.com\/utils\/download\/pre-download.php\" title=\"Testen Sie MailStyler\" class=\"buy-cta\">Testen Sie MailStyler<\/a><\/p>\n<p style=\"text-align: center;\" class=\"release-data\">Neueste Version: 2.24.01.17 | Freigabe Datum: 17\/01\/2024<br \/>Gr\u00f6\u00dfe: 114.9MB<\/p>\n<\/li><!-- --><\/ul>\n<p>&nbsp;<\/p>\n<h2>System Anforderungen<\/h2>\n<ul>\n<li><strong>XP \/ Vista \/ Windows 7 \/ Windows 8 \/ Windows 10<\/strong><\/li>\n<li>Microsoft Internet Explorer 8 oder h\u00f6her<\/li>\n<li>100 MB verf\u00fcgbaren Festplattenspeicher<\/li>\n<li>1 GB of RAM<\/li>\n<li>Internet Anschlu\u00df (vorzugsweise Breitbandanschlu\u00df)<\/li>\n<\/ul>\n<p>&nbsp;<\/p>\n<h2>Kostenlose und n\u00fctzliche Scripte f\u00fcr Ihre Webseite (zur An- und Abmeldung)<\/h2>\n<ul>\n<li><a href=\"wordpress-double-optin-widget-plugin-fuer-newsletteranemeldung\" title=\"wordpress double optin widget plugin fuer newsletteranemeldung\">WordPress double optin widget plugin f\u00fcr Newsletteranemeldung<\/a><\/li>\n<li><a href=\"mailing-spam-check-rate\" title=\"mailing spam check rate\">Mailing Spam Check Rate<\/a><\/li>\n<li><a href=\"support\/lists-importing\/double-opt-kostenlose-php-form-mail\" title=\"support, lists importing, double opt kostenlose php form mail\">Double Opt-in kostenlose PHP Form Mail<\/a><\/li>\n<li><a href=\"ergaenzen-von-feldern-aus-mail-scripts\" title=\"ergaenzen von feldern aus mail scripts\">Erg\u00e4nzen von Feldern aus Mail Scripts<\/a><\/li>\n<li><a href=\"support\/lists-importing\/single-opt-php-mailforml\" title=\"support, lists importing, single opt php mailforml\">Single Opt-in PHP Mailforml<\/a><\/li>\n<li><a href=\"generieren-sie-ihre-eigene-auf-zulassung-basierende-emailliste-mit-php-captcha-form-script\" title=\"generieren sie ihre eigene auf zulassung basierende emailliste mit php captcha form script\">Generieren Sie Ihre eigene auf Zulassung basierende Emailliste mit Php Captcha Form Script<\/a><\/li>\n<li><a href=\"asp-single-opt-und-double-opt-aus-mail-scripts\" title=\"asp single opt und double opt aus mail scripts\">ASP single opt-in und double opt-in aus Mail Scripts<\/a><\/li>\n<\/ul>\n","protected":false},"excerpt":{"rendered":"<p>&nbsp; System Anforderungen XP \/ Vista \/ Windows 7 \/ Windows 8 \/ Windows 10 Microsoft Internet Explorer 8 oder h\u00f6her 100 MB verf\u00fcgbaren Festplattenspeicher 1 GB of RAM Internet Anschlu\u00df (vorzugsweise Breitbandanschlu\u00df) &nbsp; Kostenlose und n\u00fctzliche Scripte f\u00fcr Ihre <\/p>\n<p class=\"read-more-container\"><a class=\"button read-more\" href=\"https:\/\/www.sendblaster.com\/de\/download-kostenlos-newsletter-software-herunterladen-und-ausprobieren\/\" title=\"\">Weiterlesen<\/a><\/p>\n","protected":false},"author":1,"featured_media":0,"parent":0,"menu_order":0,"comment_status":"closed","ping_status":"closed","template":"","meta":{"_monsterinsights_skip_tracking":false,"_monsterinsights_sitenote_active":false,"_monsterinsights_sitenote_note":"","_monsterinsights_sitenote_category":0,"footnotes":""},"class_list":["post-1540","page","type-page","status-publish"],"yoast_head":"<!-- This site is optimized with the Yoast SEO plugin v23.5 - https:\/\/yoast.com\/wordpress\/plugins\/seo\/ -->\n<title>Testen Sie SendBlaster vollkommen kostenlos - in deutscher Sprache<\/title>\n<meta name=\"description\" content=\"Steigen Sie vollkommen unverbindlich in die E-Mail Marketing Welt ein und nutzen Sie die kostenlose Variante von SendBlaster newsletter software.\" \/>\n<meta name=\"robots\" content=\"index, follow, max-snippet:-1, max-image-preview:large, max-video-preview:-1\" \/>\n<link rel=\"canonical\" href=\"https:\/\/www.sendblaster.com\/de\/download-kostenlos-newsletter-software-herunterladen-und-ausprobieren\/\" \/>\n<meta property=\"og:locale\" content=\"de_DE\" \/>\n<meta property=\"og:type\" content=\"article\" \/>\n<meta property=\"og:title\" content=\"Testen Sie SendBlaster vollkommen kostenlos - in deutscher Sprache\" \/>\n<meta property=\"og:description\" content=\"Steigen Sie vollkommen unverbindlich in die E-Mail Marketing Welt ein und nutzen Sie die kostenlose Variante von SendBlaster newsletter software.\" \/>\n<meta property=\"og:url\" content=\"https:\/\/www.sendblaster.com\/de\/download-kostenlos-newsletter-software-herunterladen-und-ausprobieren\/\" \/>\n<meta property=\"og:site_name\" content=\"SendBlaster newsletter software\" \/>\n<meta property=\"article:modified_time\" content=\"2021-05-25T15:05:04+00:00\" \/>\n<meta property=\"og:image\" content=\"https:\/\/www.sendblaster.com\/wp-content\/uploads\/2018\/03\/create-effective-emails-large.jpg\" \/>\n<meta name=\"twitter:card\" content=\"summary_large_image\" \/>\n<meta name=\"twitter:label1\" content=\"Gesch\u00e4tzte Lesezeit\" \/>\n\t<meta name=\"twitter:data1\" content=\"1\u00a0Minute\" \/>\n<script type=\"application\/ld+json\" class=\"yoast-schema-graph\">{\"@context\":\"https:\/\/schema.org\",\"@graph\":[{\"@type\":\"WebPage\",\"@id\":\"https:\/\/www.sendblaster.com\/de\/download-kostenlos-newsletter-software-herunterladen-und-ausprobieren\/\",\"url\":\"https:\/\/www.sendblaster.com\/de\/download-kostenlos-newsletter-software-herunterladen-und-ausprobieren\/\",\"name\":\"Testen Sie SendBlaster vollkommen kostenlos - in deutscher Sprache\",\"isPartOf\":{\"@id\":\"https:\/\/www.sendblaster.com\/#website\"},\"primaryImageOfPage\":{\"@id\":\"https:\/\/www.sendblaster.com\/de\/download-kostenlos-newsletter-software-herunterladen-und-ausprobieren\/#primaryimage\"},\"image\":{\"@id\":\"https:\/\/www.sendblaster.com\/de\/download-kostenlos-newsletter-software-herunterladen-und-ausprobieren\/#primaryimage\"},\"thumbnailUrl\":\"https:\/\/www.sendblaster.com\/wp-content\/uploads\/2018\/03\/create-effective-emails-large.jpg\",\"datePublished\":\"2018-05-09T14:35:40+00:00\",\"dateModified\":\"2021-05-25T15:05:04+00:00\",\"description\":\"Steigen Sie vollkommen unverbindlich in die E-Mail Marketing Welt ein und nutzen Sie die kostenlose Variante von SendBlaster newsletter software.\",\"breadcrumb\":{\"@id\":\"https:\/\/www.sendblaster.com\/de\/download-kostenlos-newsletter-software-herunterladen-und-ausprobieren\/#breadcrumb\"},\"inLanguage\":\"de\",\"potentialAction\":[{\"@type\":\"ReadAction\",\"target\":[\"https:\/\/www.sendblaster.com\/de\/download-kostenlos-newsletter-software-herunterladen-und-ausprobieren\/\"]}]},{\"@type\":\"ImageObject\",\"inLanguage\":\"de\",\"@id\":\"https:\/\/www.sendblaster.com\/de\/download-kostenlos-newsletter-software-herunterladen-und-ausprobieren\/#primaryimage\",\"url\":\"https:\/\/www.sendblaster.com\/wp-content\/uploads\/2018\/03\/create-effective-emails-large.jpg\",\"contentUrl\":\"https:\/\/www.sendblaster.com\/wp-content\/uploads\/2018\/03\/create-effective-emails-large.jpg\"},{\"@type\":\"BreadcrumbList\",\"@id\":\"https:\/\/www.sendblaster.com\/de\/download-kostenlos-newsletter-software-herunterladen-und-ausprobieren\/#breadcrumb\",\"itemListElement\":[{\"@type\":\"ListItem\",\"position\":1,\"name\":\"Home\",\"item\":\"https:\/\/www.sendblaster.com\/de\/\"},{\"@type\":\"ListItem\",\"position\":2,\"name\":\"Testen Sie SendBlaster vollkommen kostenlos &#8211; in deutscher Sprache\"}]},{\"@type\":\"WebSite\",\"@id\":\"https:\/\/www.sendblaster.com\/#website\",\"url\":\"https:\/\/www.sendblaster.com\/\",\"name\":\"SendBlaster newsletter software\",\"description\":\"\",\"publisher\":{\"@id\":\"https:\/\/www.sendblaster.com\/#organization\"},\"potentialAction\":[{\"@type\":\"SearchAction\",\"target\":{\"@type\":\"EntryPoint\",\"urlTemplate\":\"https:\/\/www.sendblaster.com\/?s={search_term_string}\"},\"query-input\":{\"@type\":\"PropertyValueSpecification\",\"valueRequired\":true,\"valueName\":\"search_term_string\"}}],\"inLanguage\":\"de\"},{\"@type\":\"Organization\",\"@id\":\"https:\/\/www.sendblaster.com\/#organization\",\"name\":\"SendBlaster newsletter software\",\"url\":\"https:\/\/www.sendblaster.com\/\",\"logo\":{\"@type\":\"ImageObject\",\"inLanguage\":\"de\",\"@id\":\"https:\/\/www.sendblaster.com\/#\/schema\/logo\/image\/\",\"url\":\"https:\/\/www.sendblaster.com\/wp-content\/uploads\/2021\/09\/logo-svg-2021.svg\",\"contentUrl\":\"https:\/\/www.sendblaster.com\/wp-content\/uploads\/2021\/09\/logo-svg-2021.svg\",\"width\":350,\"height\":70,\"caption\":\"SendBlaster newsletter software\"},\"image\":{\"@id\":\"https:\/\/www.sendblaster.com\/#\/schema\/logo\/image\/\"}}]}<\/script>\n<!-- \/ Yoast SEO plugin. -->","yoast_head_json":{"title":"Testen Sie SendBlaster vollkommen kostenlos - in deutscher Sprache","description":"Steigen Sie vollkommen unverbindlich in die E-Mail Marketing Welt ein und nutzen Sie die kostenlose Variante von SendBlaster newsletter software.","robots":{"index":"index","follow":"follow","max-snippet":"max-snippet:-1","max-image-preview":"max-image-preview:large","max-video-preview":"max-video-preview:-1"},"canonical":"https:\/\/www.sendblaster.com\/de\/download-kostenlos-newsletter-software-herunterladen-und-ausprobieren\/","og_locale":"de_DE","og_type":"article","og_title":"Testen Sie SendBlaster vollkommen kostenlos - in deutscher Sprache","og_description":"Steigen Sie vollkommen unverbindlich in die E-Mail Marketing Welt ein und nutzen Sie die kostenlose Variante von SendBlaster newsletter software.","og_url":"https:\/\/www.sendblaster.com\/de\/download-kostenlos-newsletter-software-herunterladen-und-ausprobieren\/","og_site_name":"SendBlaster newsletter software","article_modified_time":"2021-05-25T15:05:04+00:00","og_image":[{"url":"https:\/\/www.sendblaster.com\/wp-content\/uploads\/2018\/03\/create-effective-emails-large.jpg"}],"twitter_card":"summary_large_image","twitter_misc":{"Gesch\u00e4tzte Lesezeit":"1\u00a0Minute"},"schema":{"@context":"https:\/\/schema.org","@graph":[{"@type":"WebPage","@id":"https:\/\/www.sendblaster.com\/de\/download-kostenlos-newsletter-software-herunterladen-und-ausprobieren\/","url":"https:\/\/www.sendblaster.com\/de\/download-kostenlos-newsletter-software-herunterladen-und-ausprobieren\/","name":"Testen Sie SendBlaster vollkommen kostenlos - in deutscher Sprache","isPartOf":{"@id":"https:\/\/www.sendblaster.com\/#website"},"primaryImageOfPage":{"@id":"https:\/\/www.sendblaster.com\/de\/download-kostenlos-newsletter-software-herunterladen-und-ausprobieren\/#primaryimage"},"image":{"@id":"https:\/\/www.sendblaster.com\/de\/download-kostenlos-newsletter-software-herunterladen-und-ausprobieren\/#primaryimage"},"thumbnailUrl":"https:\/\/www.sendblaster.com\/wp-content\/uploads\/2018\/03\/create-effective-emails-large.jpg","datePublished":"2018-05-09T14:35:40+00:00","dateModified":"2021-05-25T15:05:04+00:00","description":"Steigen Sie vollkommen unverbindlich in die E-Mail Marketing Welt ein und nutzen Sie die kostenlose Variante von SendBlaster newsletter software.","breadcrumb":{"@id":"https:\/\/www.sendblaster.com\/de\/download-kostenlos-newsletter-software-herunterladen-und-ausprobieren\/#breadcrumb"},"inLanguage":"de","potentialAction":[{"@type":"ReadAction","target":["https:\/\/www.sendblaster.com\/de\/download-kostenlos-newsletter-software-herunterladen-und-ausprobieren\/"]}]},{"@type":"ImageObject","inLanguage":"de","@id":"https:\/\/www.sendblaster.com\/de\/download-kostenlos-newsletter-software-herunterladen-und-ausprobieren\/#primaryimage","url":"https:\/\/www.sendblaster.com\/wp-content\/uploads\/2018\/03\/create-effective-emails-large.jpg","contentUrl":"https:\/\/www.sendblaster.com\/wp-content\/uploads\/2018\/03\/create-effective-emails-large.jpg"},{"@type":"BreadcrumbList","@id":"https:\/\/www.sendblaster.com\/de\/download-kostenlos-newsletter-software-herunterladen-und-ausprobieren\/#breadcrumb","itemListElement":[{"@type":"ListItem","position":1,"name":"Home","item":"https:\/\/www.sendblaster.com\/de\/"},{"@type":"ListItem","position":2,"name":"Testen Sie SendBlaster vollkommen kostenlos &#8211; in deutscher Sprache"}]},{"@type":"WebSite","@id":"https:\/\/www.sendblaster.com\/#website","url":"https:\/\/www.sendblaster.com\/","name":"SendBlaster newsletter software","description":"","publisher":{"@id":"https:\/\/www.sendblaster.com\/#organization"},"potentialAction":[{"@type":"SearchAction","target":{"@type":"EntryPoint","urlTemplate":"https:\/\/www.sendblaster.com\/?s={search_term_string}"},"query-input":{"@type":"PropertyValueSpecification","valueRequired":true,"valueName":"search_term_string"}}],"inLanguage":"de"},{"@type":"Organization","@id":"https:\/\/www.sendblaster.com\/#organization","name":"SendBlaster newsletter software","url":"https:\/\/www.sendblaster.com\/","logo":{"@type":"ImageObject","inLanguage":"de","@id":"https:\/\/www.sendblaster.com\/#\/schema\/logo\/image\/","url":"https:\/\/www.sendblaster.com\/wp-content\/uploads\/2021\/09\/logo-svg-2021.svg","contentUrl":"https:\/\/www.sendblaster.com\/wp-content\/uploads\/2021\/09\/logo-svg-2021.svg","width":350,"height":70,"caption":"SendBlaster newsletter software"},"image":{"@id":"https:\/\/www.sendblaster.com\/#\/schema\/logo\/image\/"}}]}},"_links":{"self":[{"href":"https:\/\/www.sendblaster.com\/de\/wp-json\/wp\/v2\/pages\/1540"}],"collection":[{"href":"https:\/\/www.sendblaster.com\/de\/wp-json\/wp\/v2\/pages"}],"about":[{"href":"https:\/\/www.sendblaster.com\/de\/wp-json\/wp\/v2\/types\/page"}],"author":[{"embeddable":true,"href":"https:\/\/www.sendblaster.com\/de\/wp-json\/wp\/v2\/users\/1"}],"replies":[{"embeddable":true,"href":"https:\/\/www.sendblaster.com\/de\/wp-json\/wp\/v2\/comments?post=1540"}],"version-history":[{"count":4,"href":"https:\/\/www.sendblaster.com\/de\/wp-json\/wp\/v2\/pages\/1540\/revisions"}],"predecessor-version":[{"id":5391,"href":"https:\/\/www.sendblaster.com\/de\/wp-json\/wp\/v2\/pages\/1540\/revisions\/5391"}],"wp:attachment":[{"href":"https:\/\/www.sendblaster.com\/de\/wp-json\/wp\/v2\/media?parent=1540"}],"curies":[{"name":"wp","href":"https:\/\/api.w.org\/{rel}","templated":true}]}}