{"id":1531,"date":"2018-05-09T14:21:40","date_gmt":"2018-05-09T14:21:40","guid":{"rendered":"https:\/\/www.sendblaster.com\/wpnew-2018\/?page_id=1531"},"modified":"2021-07-05T12:42:01","modified_gmt":"2021-07-05T12:42:01","slug":"newsletter-software-kaufen","status":"publish","type":"page","link":"https:\/\/www.sendblaster.com\/de\/newsletter-software-kaufen\/","title":{"rendered":"Kaufen Sie Ihren SendBlaster Pro jetzt!"},"content":{"rendered":"<p style=\"text-align: center;\"><a class=\"buy-cta-big\" title=\"Kaufen von SendBlaster Pro\" href=\"https:\/\/www.sendblaster.com\/newshop\/?lang=de&amp;products=SBPE04-EXTEND\">Kaufen von SendBlaster Pro<br \/>\n<small>Eine einmalige Geb\u00fchr, lebenslange Lizenz<\/small><\/a><\/p>\n<p>&nbsp;<\/p>\n<h2 style=\"text-align: center;\">Mehrfachlizenzen oder Einzelh\u00e4ndler<\/h2>\n<p style=\"text-align: center;\"><a class=\"reseller-cta-big\" title=\"Kaufen von Mehrfachlizenzen\" href=\"https:\/\/www.sendblaster.com\/newshop\/?lang=de&amp;multilicense=true&amp;products=S4ML02\">Kaufen von Mehrfachlizenzen<br \/>\n<small>Kaufen Sie nur 2 Kopien und erhalten einen Rabatt<\/small><\/a><\/p>\n<p>&nbsp;<\/p>\n<h2>Einkaufsbedingungen<\/h2>\n<ul>\n<li><strong>Alle Lizenzen sind lebenslang, keine wiederkehrenden Kosten<\/strong><\/li>\n<li><strong>PRO Lizenzen enthalten kostenlosen deutschen Kundensupport<\/strong><\/li>\n<li><strong>Versenden Sie unbegrenzte Emails<\/strong> unter Verwendung der PRO Gruppen Email Software<\/li>\n<li><strong>Keine zus\u00e4tzlichen Kosten pro Email<\/strong><\/li>\n<li><strong>Upgraden Sie ihren<\/strong> SendBlaster <a title=\"shop\" href=\"https:\/\/www.sendblaster.com\/newshop\/?lang=de&amp;products=UP3X40\">kostenlose Gruppen Email Software<\/a><\/li>\n<li>Zufriedenheitsgarantie: 15 Tage Geld zur\u00fcck Garantie<\/li>\n<li><strong>Gemeinn\u00fctzigen Organisationen <\/strong>und <strong>\u00f6ffentlichen Tr\u00e4gern <\/strong>bieten wir auf Wunsch den <strong>Kauf auf Rechnung <\/strong>an. Bitte bestellen Sie in diesem Fall nur \u00fcber den <strong><a href=\"https:\/\/www.bindig-media.de\/produkt\/software\/e-mail-marketing-software\/sendblaster-pro4-newsletter-software\/\">Online-Shop der Bindig Media GmbH<\/a><\/strong>.\u00a0Die Abwicklung \u00fcber diese Seite ist beim Kauf auf Rechnung aus organisatorischen Gr\u00fcnden nicht m\u00f6glich.<\/li>\n<li><strong>Noch Fragen?\u00a0<\/strong>Unsere freundlichen Vertriebsmitarbeiter beraten Sie gern vor dem Kauf. Rufen Sie werktags von <strong>9 Uhr bis 18 Uhr Telefon:\u00a0+49 (0) 341 24 25 286<\/strong><\/li>\n<\/ul>\n<p>&nbsp;<\/p>\n<h2>Zahlungsmethoden<\/h2>\n<p>Kreditkarten<\/p>\n<p><img decoding=\"async\" width=\"275\" height=\"89\" src=\"https:\/\/www.sendblaster.com\/wp-content\/uploads\/2018\/03\/credi-card.png\" alt=\"Kreditkarten\" \/><\/p>\n<p>PayPal<\/p>\n<p><img decoding=\"async\" width=\"376\" height=\"103\" src=\"https:\/\/www.sendblaster.com\/wp-content\/uploads\/2018\/03\/paypal.png\" alt=\"PayPal\" \/><\/p>\n<p>&nbsp;<\/p>\n<h2>Sicherer Zugang<\/h2>\n<p>Sobald Sie Ihre Zahlung mit Kreditkarte abgeschlossen haben (was in Echtzeit erfolgt), senden wir Ihnen sofort Ihren Pro Lizenzcode, der den Pro Modus freischaltet \u2013 <strong>mit sofortiger Lieferung<\/strong>. Die Kreditkartenbenutzung ist sicher und zuverl\u00e4ssig:<\/p>\n<ul>\n<li>USA Kreditkarten werden in Dollar verrechnet, die Lizenzkosten betragen 110 $<\/li>\n<li>Wir sammeln nicht direkt (sehen diese nicht einmal) Ihre Kreditkarten Daten: Stattdessen benutzen wir das Kreditkarten-Terminal unserer Bank, welche Ihre Zahlung in unserem Namen vollzieht.<\/li>\n<li>Die Zahlung ist gesichert unter Verwendung des Secure Socket Layer Protokolls (SSL) mit einen Verschl\u00fcsselungscode von 128-bits (das h\u00f6chste kommerziell verf\u00fcgbare Protokoll)<\/li>\n<li>Als zus\u00e4tzliches Sicherheitssystem verwenden wir die Industiestandards <strong>VerifiedByVisa\u00ae<\/strong> und <strong>SecureCode\u00ae<\/strong><\/li>\n<\/ul>\n","protected":false},"excerpt":{"rendered":"<p>Kaufen von SendBlaster Pro Eine einmalige Geb\u00fchr, lebenslange Lizenz &nbsp; Mehrfachlizenzen oder Einzelh\u00e4ndler Kaufen von Mehrfachlizenzen Kaufen Sie nur 2 Kopien und erhalten einen Rabatt &nbsp; Einkaufsbedingungen Alle Lizenzen sind lebenslang, keine wiederkehrenden Kosten PRO Lizenzen enthalten kostenlosen deutschen Kundensupport <\/p>\n<p class=\"read-more-container\"><a class=\"button read-more\" href=\"https:\/\/www.sendblaster.com\/de\/newsletter-software-kaufen\/\" title=\"\">Weiterlesen<\/a><\/p>\n","protected":false},"author":1,"featured_media":0,"parent":0,"menu_order":0,"comment_status":"closed","ping_status":"closed","template":"","meta":{"_monsterinsights_skip_tracking":false,"_monsterinsights_sitenote_active":false,"_monsterinsights_sitenote_note":"","_monsterinsights_sitenote_category":0,"footnotes":""},"class_list":["post-1531","page","type-page","status-publish"],"yoast_head":"<!-- This site is optimized with the Yoast SEO plugin v23.5 - https:\/\/yoast.com\/wordpress\/plugins\/seo\/ -->\n<title>Kaufen Sie Ihren SendBlaster Pro newsletter software jetzt!<\/title>\n<meta name=\"description\" content=\"Laden Sie Ihre Sendblaster Pro Lifetime-Lizenz und starten Sie Ihren ersten Newsletter Senden Sie jetzt!\" \/>\n<meta name=\"robots\" content=\"index, follow, max-snippet:-1, max-image-preview:large, max-video-preview:-1\" \/>\n<link rel=\"canonical\" href=\"https:\/\/www.sendblaster.com\/de\/newsletter-software-kaufen\/\" \/>\n<meta property=\"og:locale\" content=\"de_DE\" \/>\n<meta property=\"og:type\" content=\"article\" \/>\n<meta property=\"og:title\" content=\"Kaufen Sie Ihren SendBlaster Pro newsletter software jetzt!\" \/>\n<meta property=\"og:description\" content=\"Laden Sie Ihre Sendblaster Pro Lifetime-Lizenz und starten Sie Ihren ersten Newsletter Senden Sie jetzt!\" \/>\n<meta property=\"og:url\" content=\"https:\/\/www.sendblaster.com\/de\/newsletter-software-kaufen\/\" \/>\n<meta property=\"og:site_name\" content=\"SendBlaster newsletter software\" \/>\n<meta property=\"article:modified_time\" content=\"2021-07-05T12:42:01+00:00\" \/>\n<meta property=\"og:image\" content=\"https:\/\/www.sendblaster.com\/wp-content\/uploads\/2018\/03\/credi-card.png\" \/>\n<meta name=\"twitter:card\" content=\"summary_large_image\" \/>\n<meta name=\"twitter:label1\" content=\"Gesch\u00e4tzte Lesezeit\" \/>\n\t<meta name=\"twitter:data1\" content=\"1\u00a0Minute\" \/>\n<script type=\"application\/ld+json\" class=\"yoast-schema-graph\">{\"@context\":\"https:\/\/schema.org\",\"@graph\":[{\"@type\":\"WebPage\",\"@id\":\"https:\/\/www.sendblaster.com\/de\/newsletter-software-kaufen\/\",\"url\":\"https:\/\/www.sendblaster.com\/de\/newsletter-software-kaufen\/\",\"name\":\"Kaufen Sie Ihren SendBlaster Pro newsletter software jetzt!\",\"isPartOf\":{\"@id\":\"https:\/\/www.sendblaster.com\/#website\"},\"primaryImageOfPage\":{\"@id\":\"https:\/\/www.sendblaster.com\/de\/newsletter-software-kaufen\/#primaryimage\"},\"image\":{\"@id\":\"https:\/\/www.sendblaster.com\/de\/newsletter-software-kaufen\/#primaryimage\"},\"thumbnailUrl\":\"https:\/\/www.sendblaster.com\/wp-content\/uploads\/2018\/03\/credi-card.png\",\"datePublished\":\"2018-05-09T14:21:40+00:00\",\"dateModified\":\"2021-07-05T12:42:01+00:00\",\"description\":\"Laden Sie Ihre Sendblaster Pro Lifetime-Lizenz und starten Sie Ihren ersten Newsletter Senden Sie jetzt!\",\"breadcrumb\":{\"@id\":\"https:\/\/www.sendblaster.com\/de\/newsletter-software-kaufen\/#breadcrumb\"},\"inLanguage\":\"de\",\"potentialAction\":[{\"@type\":\"ReadAction\",\"target\":[\"https:\/\/www.sendblaster.com\/de\/newsletter-software-kaufen\/\"]}]},{\"@type\":\"ImageObject\",\"inLanguage\":\"de\",\"@id\":\"https:\/\/www.sendblaster.com\/de\/newsletter-software-kaufen\/#primaryimage\",\"url\":\"https:\/\/www.sendblaster.com\/wp-content\/uploads\/2018\/03\/credi-card.png\",\"contentUrl\":\"https:\/\/www.sendblaster.com\/wp-content\/uploads\/2018\/03\/credi-card.png\"},{\"@type\":\"BreadcrumbList\",\"@id\":\"https:\/\/www.sendblaster.com\/de\/newsletter-software-kaufen\/#breadcrumb\",\"itemListElement\":[{\"@type\":\"ListItem\",\"position\":1,\"name\":\"Home\",\"item\":\"https:\/\/www.sendblaster.com\/de\/\"},{\"@type\":\"ListItem\",\"position\":2,\"name\":\"Kaufen Sie Ihren SendBlaster Pro jetzt!\"}]},{\"@type\":\"WebSite\",\"@id\":\"https:\/\/www.sendblaster.com\/#website\",\"url\":\"https:\/\/www.sendblaster.com\/\",\"name\":\"SendBlaster newsletter software\",\"description\":\"\",\"publisher\":{\"@id\":\"https:\/\/www.sendblaster.com\/#organization\"},\"potentialAction\":[{\"@type\":\"SearchAction\",\"target\":{\"@type\":\"EntryPoint\",\"urlTemplate\":\"https:\/\/www.sendblaster.com\/?s={search_term_string}\"},\"query-input\":{\"@type\":\"PropertyValueSpecification\",\"valueRequired\":true,\"valueName\":\"search_term_string\"}}],\"inLanguage\":\"de\"},{\"@type\":\"Organization\",\"@id\":\"https:\/\/www.sendblaster.com\/#organization\",\"name\":\"SendBlaster newsletter software\",\"url\":\"https:\/\/www.sendblaster.com\/\",\"logo\":{\"@type\":\"ImageObject\",\"inLanguage\":\"de\",\"@id\":\"https:\/\/www.sendblaster.com\/#\/schema\/logo\/image\/\",\"url\":\"https:\/\/www.sendblaster.com\/wp-content\/uploads\/2021\/09\/logo-svg-2021.svg\",\"contentUrl\":\"https:\/\/www.sendblaster.com\/wp-content\/uploads\/2021\/09\/logo-svg-2021.svg\",\"width\":350,\"height\":70,\"caption\":\"SendBlaster newsletter software\"},\"image\":{\"@id\":\"https:\/\/www.sendblaster.com\/#\/schema\/logo\/image\/\"}}]}<\/script>\n<!-- \/ Yoast SEO plugin. -->","yoast_head_json":{"title":"Kaufen Sie Ihren SendBlaster Pro newsletter software jetzt!","description":"Laden Sie Ihre Sendblaster Pro Lifetime-Lizenz und starten Sie Ihren ersten Newsletter Senden Sie jetzt!","robots":{"index":"index","follow":"follow","max-snippet":"max-snippet:-1","max-image-preview":"max-image-preview:large","max-video-preview":"max-video-preview:-1"},"canonical":"https:\/\/www.sendblaster.com\/de\/newsletter-software-kaufen\/","og_locale":"de_DE","og_type":"article","og_title":"Kaufen Sie Ihren SendBlaster Pro newsletter software jetzt!","og_description":"Laden Sie Ihre Sendblaster Pro Lifetime-Lizenz und starten Sie Ihren ersten Newsletter Senden Sie jetzt!","og_url":"https:\/\/www.sendblaster.com\/de\/newsletter-software-kaufen\/","og_site_name":"SendBlaster newsletter software","article_modified_time":"2021-07-05T12:42:01+00:00","og_image":[{"url":"https:\/\/www.sendblaster.com\/wp-content\/uploads\/2018\/03\/credi-card.png"}],"twitter_card":"summary_large_image","twitter_misc":{"Gesch\u00e4tzte Lesezeit":"1\u00a0Minute"},"schema":{"@context":"https:\/\/schema.org","@graph":[{"@type":"WebPage","@id":"https:\/\/www.sendblaster.com\/de\/newsletter-software-kaufen\/","url":"https:\/\/www.sendblaster.com\/de\/newsletter-software-kaufen\/","name":"Kaufen Sie Ihren SendBlaster Pro newsletter software jetzt!","isPartOf":{"@id":"https:\/\/www.sendblaster.com\/#website"},"primaryImageOfPage":{"@id":"https:\/\/www.sendblaster.com\/de\/newsletter-software-kaufen\/#primaryimage"},"image":{"@id":"https:\/\/www.sendblaster.com\/de\/newsletter-software-kaufen\/#primaryimage"},"thumbnailUrl":"https:\/\/www.sendblaster.com\/wp-content\/uploads\/2018\/03\/credi-card.png","datePublished":"2018-05-09T14:21:40+00:00","dateModified":"2021-07-05T12:42:01+00:00","description":"Laden Sie Ihre Sendblaster Pro Lifetime-Lizenz und starten Sie Ihren ersten Newsletter Senden Sie jetzt!","breadcrumb":{"@id":"https:\/\/www.sendblaster.com\/de\/newsletter-software-kaufen\/#breadcrumb"},"inLanguage":"de","potentialAction":[{"@type":"ReadAction","target":["https:\/\/www.sendblaster.com\/de\/newsletter-software-kaufen\/"]}]},{"@type":"ImageObject","inLanguage":"de","@id":"https:\/\/www.sendblaster.com\/de\/newsletter-software-kaufen\/#primaryimage","url":"https:\/\/www.sendblaster.com\/wp-content\/uploads\/2018\/03\/credi-card.png","contentUrl":"https:\/\/www.sendblaster.com\/wp-content\/uploads\/2018\/03\/credi-card.png"},{"@type":"BreadcrumbList","@id":"https:\/\/www.sendblaster.com\/de\/newsletter-software-kaufen\/#breadcrumb","itemListElement":[{"@type":"ListItem","position":1,"name":"Home","item":"https:\/\/www.sendblaster.com\/de\/"},{"@type":"ListItem","position":2,"name":"Kaufen Sie Ihren SendBlaster Pro jetzt!"}]},{"@type":"WebSite","@id":"https:\/\/www.sendblaster.com\/#website","url":"https:\/\/www.sendblaster.com\/","name":"SendBlaster newsletter software","description":"","publisher":{"@id":"https:\/\/www.sendblaster.com\/#organization"},"potentialAction":[{"@type":"SearchAction","target":{"@type":"EntryPoint","urlTemplate":"https:\/\/www.sendblaster.com\/?s={search_term_string}"},"query-input":{"@type":"PropertyValueSpecification","valueRequired":true,"valueName":"search_term_string"}}],"inLanguage":"de"},{"@type":"Organization","@id":"https:\/\/www.sendblaster.com\/#organization","name":"SendBlaster newsletter software","url":"https:\/\/www.sendblaster.com\/","logo":{"@type":"ImageObject","inLanguage":"de","@id":"https:\/\/www.sendblaster.com\/#\/schema\/logo\/image\/","url":"https:\/\/www.sendblaster.com\/wp-content\/uploads\/2021\/09\/logo-svg-2021.svg","contentUrl":"https:\/\/www.sendblaster.com\/wp-content\/uploads\/2021\/09\/logo-svg-2021.svg","width":350,"height":70,"caption":"SendBlaster newsletter software"},"image":{"@id":"https:\/\/www.sendblaster.com\/#\/schema\/logo\/image\/"}}]}},"_links":{"self":[{"href":"https:\/\/www.sendblaster.com\/de\/wp-json\/wp\/v2\/pages\/1531"}],"collection":[{"href":"https:\/\/www.sendblaster.com\/de\/wp-json\/wp\/v2\/pages"}],"about":[{"href":"https:\/\/www.sendblaster.com\/de\/wp-json\/wp\/v2\/types\/page"}],"author":[{"embeddable":true,"href":"https:\/\/www.sendblaster.com\/de\/wp-json\/wp\/v2\/users\/1"}],"replies":[{"embeddable":true,"href":"https:\/\/www.sendblaster.com\/de\/wp-json\/wp\/v2\/comments?post=1531"}],"version-history":[{"count":9,"href":"https:\/\/www.sendblaster.com\/de\/wp-json\/wp\/v2\/pages\/1531\/revisions"}],"predecessor-version":[{"id":5403,"href":"https:\/\/www.sendblaster.com\/de\/wp-json\/wp\/v2\/pages\/1531\/revisions\/5403"}],"wp:attachment":[{"href":"https:\/\/www.sendblaster.com\/de\/wp-json\/wp\/v2\/media?parent=1531"}],"curies":[{"name":"wp","href":"https:\/\/api.w.org\/{rel}","templated":true}]}}