{"id":1521,"date":"2018-05-09T14:13:04","date_gmt":"2018-05-09T14:13:04","guid":{"rendered":"https:\/\/www.sendblaster.com\/wpnew-2018\/?page_id=1521"},"modified":"2020-09-28T08:15:17","modified_gmt":"2020-09-28T08:15:17","slug":"vorschau-screenshots","status":"publish","type":"page","link":"https:\/\/www.sendblaster.com\/de\/vorschau-screenshots\/","title":{"rendered":"Vorschau\/ Screenshots"},"content":{"rendered":"<p style=\"text-align: center;\">Hier haben wir einige Bildschirmfotos der Hauptfunktionen f\u00fcr unseren <strong>kostenlosen Gruppen Email Versender SendBlaster<\/strong>, wie Sie sehen k\u00f6nnen, gibt es keine Hauptmen\u00fc im SendBlaster Gruppen Emailer: Das Benutzer Interface ist f\u00fcr m\u00f6glichst einfachste Benutzung gestaltet, und <strong>v\u00f6llig intuitiv<\/strong>.<\/p>\n<p style=\"text-align: center; margin-bottom: 0px;\"><a href=\"https:\/\/www.sendblaster.com\/de\/download-kostenlos-newsletter-software-herunterladen-und-ausprobieren\" title=\"100% kostenlos Newsletter Software\" class=\"download-cta\">Download Kostenlos<\/a><a href=\"https:\/\/www.sendblaster.com\/de\/newsletter-software-kaufen\" title=\"Kaufen SendBlaster PRO!\" class=\"buy-cta\">Kaufen SendBlaster Pro<\/a><\/p>\n<p>&nbsp;<\/p>\n<ul class=\"g1-grid\"><li class=\"g1-column g1-one-fourth g1-valign-top screenshot\"><br \/>\n<a title=\"Home Fenster\" data-g1-lightbox=\"gallery-screenshot\" href=\"https:\/\/www.sendblaster.com\/sendblaster\/release2\/sites\/default\/files\/image\/screenshots-sb4\/screenshot_home.jpg\"><img decoding=\"async\" width=\"1300\" height=\"852\" src=\"https:\/\/www.sendblaster.com\/sendblaster\/release2\/sites\/default\/files\/image\/screenshots-sb4\/screenshot_home.jpg\" alt=\"Home Fenster\" \/><\/a><br \/>\n<i>Home Fenster<\/i><br \/>\n<\/li><!-- -->\n<li class=\"g1-column g1-one-fourth g1-valign-top screenshot\"><br \/>\n<a title=\"Nachrichten erstellen\" data-g1-lightbox=\"gallery-screenshot\" href=\"https:\/\/www.sendblaster.com\/sendblaster\/release2\/sites\/default\/files\/image\/screenshots-sb4\/screenshot_compose-msg.jpg\"><img decoding=\"async\" width=\"1300\" height=\"852\" src=\"https:\/\/www.sendblaster.com\/sendblaster\/release2\/sites\/default\/files\/image\/screenshots-sb4\/screenshot_compose-msg.jpg\" alt=\"Nachrichten erstellen\" \/><\/a><br \/>\n<i>Nachrichten erstellen<\/i><br \/>\n<\/li><!-- -->\n<li class=\"g1-column g1-one-fourth g1-valign-top screenshot\"><br \/>\n<a title=\"Nachrichtenversand\" data-g1-lightbox=\"gallery-screenshot\" href=\"https:\/\/www.sendblaster.com\/sendblaster\/release2\/sites\/default\/files\/image\/screenshots-sb4\/screenshot_send-msg.jpg\"><img decoding=\"async\" width=\"1300\" height=\"852\" src=\"https:\/\/www.sendblaster.com\/sendblaster\/release2\/sites\/default\/files\/image\/screenshots-sb4\/screenshot_send-msg.jpg\" alt=\"Nachrichtenversand\" \/><\/a><br \/>\n<i>Nachrichtenversand<\/i><br \/>\n<\/li><!-- -->\n<li class=\"g1-column g1-one-fourth g1-valign-top screenshot\"><br \/>\n<a title=\"Zeitversetzter Versand\" data-g1-lightbox=\"gallery-screenshot\" href=\"https:\/\/www.sendblaster.com\/sendblaster\/release2\/sites\/default\/files\/image\/screenshots-sb4\/screenshot_schedule.jpg\"><img decoding=\"async\" width=\"1300\" height=\"852\" src=\"https:\/\/www.sendblaster.com\/sendblaster\/release2\/sites\/default\/files\/image\/screenshots-sb4\/screenshot_schedule.jpg\" alt=\"Zeitversetzter Versand\" \/><\/a><br \/>\n<i>Zeitversetzter Versand<\/i><br \/>\n<\/li><!-- --><\/ul>\n<ul class=\"g1-grid\"><li class=\"g1-column g1-one-fourth g1-valign-top screenshot\"><br \/>\n<a title=\"Nachrichtenhistorie\" data-g1-lightbox=\"gallery-screenshot\" href=\"https:\/\/www.sendblaster.com\/sendblaster\/release2\/sites\/default\/files\/image\/screenshots-sb4\/screenshot_history.jpg\"><img decoding=\"async\" width=\"1300\" height=\"852\" src=\"https:\/\/www.sendblaster.com\/sendblaster\/release2\/sites\/default\/files\/image\/screenshots-sb4\/screenshot_history.jpg\" alt=\"Nachrichtenhistorie\" \/><\/a><br \/>\n<i>Nachrichtenhistorie<\/i><br \/>\n<\/li><!-- -->\n<li class=\"g1-column g1-one-fourth g1-valign-top screenshot\"><br \/>\n<a title=\"Google Analytics\" data-g1-lightbox=\"gallery-screenshot\" href=\"https:\/\/www.sendblaster.com\/sendblaster\/release2\/sites\/default\/files\/image\/screenshots-sb4\/screenshot_analytics.jpg\"><img decoding=\"async\" width=\"1300\" height=\"852\" src=\"https:\/\/www.sendblaster.com\/sendblaster\/release2\/sites\/default\/files\/image\/screenshots-sb4\/screenshot_analytics.jpg\" alt=\"Google Analytics\" \/><\/a><br \/>\n<i>Google Analytics<\/i><br \/>\n<\/li><!-- -->\n<li class=\"g1-column g1-one-fourth g1-valign-top screenshot\"><br \/>\n<a title=\"Blacklist\" data-g1-lightbox=\"gallery-screenshot\" href=\"https:\/\/www.sendblaster.com\/sendblaster\/release2\/sites\/default\/files\/image\/screenshots-sb4\/screenshot_blacklist.jpg\"><img decoding=\"async\" width=\"1300\" height=\"852\" src=\"https:\/\/www.sendblaster.com\/sendblaster\/release2\/sites\/default\/files\/image\/screenshots-sb4\/screenshot_blacklist.jpg\" alt=\"Blacklist\" \/><\/a><br \/>\n<i>Blacklist<\/i><br \/>\n<\/li><!-- -->\n<li class=\"g1-column g1-one-fourth g1-valign-top screenshot\"><br \/>\n<a title=\"Listen importieren\" data-g1-lightbox=\"gallery-screenshot\" href=\"https:\/\/www.sendblaster.com\/sendblaster\/release2\/sites\/default\/files\/image\/screenshots-sb4\/screenshot_import.jpg\"><img decoding=\"async\" width=\"1300\" height=\"852\" src=\"https:\/\/www.sendblaster.com\/sendblaster\/release2\/sites\/default\/files\/image\/screenshots-sb4\/screenshot_import.jpg\" alt=\"Listen importieren\" \/><\/a><br \/>\n<i>Listen importieren<\/i><br \/>\n<\/li><!-- --><\/ul>\n<ul class=\"g1-grid\"><li class=\"g1-column g1-one-fourth g1-valign-top screenshot\"><br \/>\n<a title=\"Listen exportieren\" data-g1-lightbox=\"gallery-screenshot\" href=\"https:\/\/www.sendblaster.com\/sendblaster\/release2\/sites\/default\/files\/image\/screenshots-sb4\/screenshot_export.jpg\"><img decoding=\"async\" width=\"1300\" height=\"852\" src=\"https:\/\/www.sendblaster.com\/sendblaster\/release2\/sites\/default\/files\/image\/screenshots-sb4\/screenshot_export.jpg\" alt=\"Listen exportieren\" \/><\/a><br \/>\n<i>Listen exportieren<\/i><br \/>\n<\/li><!-- -->\n<li class=\"g1-column g1-one-fourth g1-valign-top screenshot\"><br \/>\n<a title=\"Anmeldung\" data-g1-lightbox=\"gallery-screenshot\" href=\"https:\/\/www.sendblaster.com\/sendblaster\/release2\/sites\/default\/files\/image\/screenshots-sb4\/screenshot_subscription-management.jpg\"><img decoding=\"async\" width=\"1300\" height=\"852\" src=\"https:\/\/www.sendblaster.com\/sendblaster\/release2\/sites\/default\/files\/image\/screenshots-sb4\/screenshot_subscription-management.jpg\" alt=\"Anmeldung\" \/><\/a><br \/>\n<i>Anmeldung<\/i><br \/>\n<\/li><!-- -->\n<li class=\"g1-column g1-one-fourth g1-valign-top screenshot\"><br \/>\n<a title=\"Bounce back\" data-g1-lightbox=\"gallery-screenshot\" href=\"https:\/\/www.sendblaster.com\/sendblaster\/release2\/sites\/default\/files\/image\/screenshots-sb4\/screenshot_bounce-backs.jpg\"><img decoding=\"async\" width=\"1300\" height=\"852\" src=\"https:\/\/www.sendblaster.com\/sendblaster\/release2\/sites\/default\/files\/image\/screenshots-sb4\/screenshot_bounce-backs.jpg\" alt=\"Bounce back\" \/><\/a><br \/>\n<i>Bounce back<\/i><br \/>\n<\/li><!-- -->\n<li class=\"g1-column g1-one-fourth g1-valign-top screenshot\"><br \/>\n<a title=\"Felderverwaltung\" data-g1-lightbox=\"gallery-screenshot\" href=\"https:\/\/www.sendblaster.com\/sendblaster\/release2\/sites\/default\/files\/image\/screenshots-sb4\/screenshot_fields-management.jpg\"><img decoding=\"async\" width=\"1300\" height=\"852\" src=\"https:\/\/www.sendblaster.com\/sendblaster\/release2\/sites\/default\/files\/image\/screenshots-sb4\/screenshot_fields-management.jpg\" alt=\"Felderverwaltung\" \/><\/a><br \/>\n<i>Felderverwaltung<\/i><br \/>\n<\/li><!-- --><\/ul>\n<ul class=\"g1-grid\"><li class=\"g1-column g1-one-fourth g1-valign-top screenshot\"><br \/>\n<a title=\"Advanced Einstellungen\" data-g1-lightbox=\"gallery-screenshot\" href=\"https:\/\/www.sendblaster.com\/sendblaster\/release2\/sites\/default\/files\/image\/screenshots-sb4\/screenshot_advanced-settings.jpg\"><img decoding=\"async\" width=\"1300\" height=\"852\" src=\"https:\/\/www.sendblaster.com\/sendblaster\/release2\/sites\/default\/files\/image\/screenshots-sb4\/screenshot_advanced-settings.jpg\" alt=\"Advanced Einstellungen\" \/><\/a><br \/>\n<i>Advanced Einstellungen<\/i><br \/>\n<\/li><!-- -->\n<li class=\"g1-column g1-one-fourth g1-valign-top screenshot\"><br \/>\n<a title=\"Sicherheit\" data-g1-lightbox=\"gallery-screenshot\" href=\"https:\/\/www.sendblaster.com\/sendblaster\/release2\/sites\/default\/files\/image\/screenshots-sb4\/screenshot_security.jpg\"><img decoding=\"async\" width=\"1300\" height=\"852\" src=\"https:\/\/www.sendblaster.com\/sendblaster\/release2\/sites\/default\/files\/image\/screenshots-sb4\/screenshot_security.jpg\" alt=\"Sicherheit\" \/><\/a><br \/>\n<i>Sicherheit<\/i><br \/>\n<\/li><!-- -->\n<li class=\"g1-column g1-one-fourth g1-valign-top screenshot\"><br \/>\n<a title=\"Layout-Editor\" data-g1-lightbox=\"gallery-screenshot\" href=\"https:\/\/www.sendblaster.com\/sendblaster\/release2\/sites\/default\/files\/image\/screenshots-sb4\/screenshot_layout-creation.jpg\"><img decoding=\"async\" width=\"1300\" height=\"852\" src=\"https:\/\/www.sendblaster.com\/sendblaster\/release2\/sites\/default\/files\/image\/screenshots-sb4\/screenshot_layout-creation.jpg\" alt=\"Layout-Editor\" \/><\/a><br \/>\n<i>Layout-Editor<\/i><br \/>\n<\/li><!-- -->\n<li class=\"g1-column g1-one-fourth g1-valign-top screenshot\"><br \/>\n<a title=\"Zuschneiden und Ersetzen\" data-g1-lightbox=\"gallery-screenshot\" href=\"https:\/\/www.sendblaster.com\/sendblaster\/release2\/sites\/default\/files\/image\/screenshots-sb4\/screenshot_crop-replace.jpg\"><img decoding=\"async\" width=\"1300\" height=\"852\" src=\"https:\/\/www.sendblaster.com\/sendblaster\/release2\/sites\/default\/files\/image\/screenshots-sb4\/screenshot_crop-replace.jpg\" alt=\"Zuschneiden und Ersetzen\" \/><\/a><br \/>\n<i>Zuschneiden und Ersetzen<\/i><br \/>\n<\/li><!-- --><\/ul>\n<ul class=\"g1-grid\"><li class=\"g1-column g1-one-fourth g1-valign-top screenshot\"><br \/>\n<a title=\"Link-Pr\u00fcfung\" data-g1-lightbox=\"gallery-screenshot\" href=\"https:\/\/www.sendblaster.com\/sendblaster\/release2\/sites\/default\/files\/image\/screenshots-sb4\/screenshot_check-links.jpg\"><img decoding=\"async\" width=\"1300\" height=\"852\" src=\"https:\/\/www.sendblaster.com\/sendblaster\/release2\/sites\/default\/files\/image\/screenshots-sb4\/screenshot_check-links.jpg\" alt=\"Link-Pr\u00fcfung\" \/><\/a><br \/>\n<i>Link-Pr\u00fcfung<\/i><br \/>\n<\/li><!-- -->\n<li class=\"g1-column g1-one-fourth g1-valign-top screenshot\"><br \/>\n<a title=\"Textbausteine\" data-g1-lightbox=\"gallery-screenshot\" href=\"https:\/\/www.sendblaster.com\/sendblaster\/release2\/sites\/default\/files\/image\/screenshots-sb4\/screenshot_text-snippets.jpg\"><img decoding=\"async\" width=\"1300\" height=\"852\" src=\"https:\/\/www.sendblaster.com\/sendblaster\/release2\/sites\/default\/files\/image\/screenshots-sb4\/screenshot_text-snippets.jpg\" alt=\"Textbausteine\" \/><\/a><br \/>\n<i>Textbausteine<\/i><br \/>\n<\/li><!-- -->\n<li class=\"g1-column g1-one-fourth g1-valign-top screenshot\"><br \/>\n<a title=\"Programmierbare Tags\" data-g1-lightbox=\"gallery-screenshot\" href=\"https:\/\/www.sendblaster.com\/sendblaster\/release2\/sites\/default\/files\/image\/screenshots-sb4\/screenshot_scripts.jpg\"><img decoding=\"async\" width=\"1300\" height=\"852\" src=\"https:\/\/www.sendblaster.com\/sendblaster\/release2\/sites\/default\/files\/image\/screenshots-sb4\/screenshot_scripts.jpg\" alt=\"Programmierbare Tags\" \/><\/a><br \/>\n<i>Programmierbare Tags<\/i><br \/>\n<\/li><!-- -->\n<li class=\"g1-column g1-one-fourth g1-valign-top screenshot\"><br \/>\n<a title=\"Widgets\" data-g1-lightbox=\"gallery-screenshot\" href=\"https:\/\/www.sendblaster.com\/sendblaster\/release2\/sites\/default\/files\/image\/screenshots-sb4\/screenshot_widgets.jpg\"><img decoding=\"async\" width=\"1300\" height=\"852\" src=\"https:\/\/www.sendblaster.com\/sendblaster\/release2\/sites\/default\/files\/image\/screenshots-sb4\/screenshot_widgets.jpg\" alt=\"Widgets\" \/><\/a><br \/>\n<i>Widgets<\/i><br \/>\n<\/li><!-- --><\/ul>\n","protected":false},"excerpt":{"rendered":"<p>Hier haben wir einige Bildschirmfotos der Hauptfunktionen f\u00fcr unseren kostenlosen Gruppen Email Versender SendBlaster, wie Sie sehen k\u00f6nnen, gibt es keine Hauptmen\u00fc im SendBlaster Gruppen Emailer: Das Benutzer Interface ist f\u00fcr m\u00f6glichst einfachste Benutzung gestaltet, und v\u00f6llig intuitiv. &nbsp; <\/p>\n<p class=\"read-more-container\"><a class=\"button read-more\" href=\"https:\/\/www.sendblaster.com\/de\/vorschau-screenshots\/\" title=\"\">Weiterlesen<\/a><\/p>\n","protected":false},"author":1,"featured_media":0,"parent":0,"menu_order":0,"comment_status":"closed","ping_status":"closed","template":"","meta":{"_monsterinsights_skip_tracking":false,"_monsterinsights_sitenote_active":false,"_monsterinsights_sitenote_note":"","_monsterinsights_sitenote_category":0,"footnotes":""},"class_list":["post-1521","page","type-page","status-publish"],"yoast_head":"<!-- This site is optimized with the Yoast SEO plugin v23.5 - https:\/\/yoast.com\/wordpress\/plugins\/seo\/ -->\n<title>Vorschau\/ Screenshots - SendBlaster newsletter software<\/title>\n<meta name=\"description\" content=\"SendBlaster newsletter software Vorschau\/ Screenshots Hier haben wir einige Bildschirmfotos der Hauptfunktionen f\u00fcr unseren kostenlosen Gruppen Email Versender SendBlaster, wie Sie sehen k\u00f6nnen, gibt es keine\" \/>\n<meta name=\"robots\" content=\"index, follow, max-snippet:-1, max-image-preview:large, max-video-preview:-1\" \/>\n<link rel=\"canonical\" href=\"https:\/\/www.sendblaster.com\/de\/vorschau-screenshots\/\" \/>\n<meta property=\"og:locale\" content=\"de_DE\" \/>\n<meta property=\"og:type\" content=\"article\" \/>\n<meta property=\"og:title\" content=\"Vorschau\/ Screenshots - SendBlaster newsletter software\" \/>\n<meta property=\"og:description\" content=\"SendBlaster newsletter software Vorschau\/ Screenshots Hier haben wir einige Bildschirmfotos der Hauptfunktionen f\u00fcr unseren kostenlosen Gruppen Email Versender SendBlaster, wie Sie sehen k\u00f6nnen, gibt es keine\" \/>\n<meta property=\"og:url\" content=\"https:\/\/www.sendblaster.com\/de\/vorschau-screenshots\/\" \/>\n<meta property=\"og:site_name\" content=\"SendBlaster newsletter software\" \/>\n<meta property=\"article:modified_time\" content=\"2020-09-28T08:15:17+00:00\" \/>\n<meta property=\"og:image\" content=\"https:\/\/www.sendblaster.com\/sendblaster\/release2\/sites\/default\/files\/image\/screenshots-sb4\/screenshot_home.jpg\" \/>\n<meta name=\"twitter:card\" content=\"summary_large_image\" \/>\n<meta name=\"twitter:label1\" content=\"Gesch\u00e4tzte Lesezeit\" \/>\n\t<meta name=\"twitter:data1\" content=\"1\u00a0Minute\" \/>\n<script type=\"application\/ld+json\" class=\"yoast-schema-graph\">{\"@context\":\"https:\/\/schema.org\",\"@graph\":[{\"@type\":\"WebPage\",\"@id\":\"https:\/\/www.sendblaster.com\/de\/vorschau-screenshots\/\",\"url\":\"https:\/\/www.sendblaster.com\/de\/vorschau-screenshots\/\",\"name\":\"Vorschau\/ Screenshots - SendBlaster newsletter software\",\"isPartOf\":{\"@id\":\"https:\/\/www.sendblaster.com\/#website\"},\"primaryImageOfPage\":{\"@id\":\"https:\/\/www.sendblaster.com\/de\/vorschau-screenshots\/#primaryimage\"},\"image\":{\"@id\":\"https:\/\/www.sendblaster.com\/de\/vorschau-screenshots\/#primaryimage\"},\"thumbnailUrl\":\"https:\/\/www.sendblaster.com\/sendblaster\/release2\/sites\/default\/files\/image\/screenshots-sb4\/screenshot_home.jpg\",\"datePublished\":\"2018-05-09T14:13:04+00:00\",\"dateModified\":\"2020-09-28T08:15:17+00:00\",\"description\":\"SendBlaster newsletter software Vorschau\/ Screenshots Hier haben wir einige Bildschirmfotos der Hauptfunktionen f\u00fcr unseren kostenlosen Gruppen Email Versender SendBlaster, wie Sie sehen k\u00f6nnen, gibt es keine\",\"breadcrumb\":{\"@id\":\"https:\/\/www.sendblaster.com\/de\/vorschau-screenshots\/#breadcrumb\"},\"inLanguage\":\"de\",\"potentialAction\":[{\"@type\":\"ReadAction\",\"target\":[\"https:\/\/www.sendblaster.com\/de\/vorschau-screenshots\/\"]}]},{\"@type\":\"ImageObject\",\"inLanguage\":\"de\",\"@id\":\"https:\/\/www.sendblaster.com\/de\/vorschau-screenshots\/#primaryimage\",\"url\":\"https:\/\/www.sendblaster.com\/sendblaster\/release2\/sites\/default\/files\/image\/screenshots-sb4\/screenshot_home.jpg\",\"contentUrl\":\"https:\/\/www.sendblaster.com\/sendblaster\/release2\/sites\/default\/files\/image\/screenshots-sb4\/screenshot_home.jpg\"},{\"@type\":\"BreadcrumbList\",\"@id\":\"https:\/\/www.sendblaster.com\/de\/vorschau-screenshots\/#breadcrumb\",\"itemListElement\":[{\"@type\":\"ListItem\",\"position\":1,\"name\":\"Home\",\"item\":\"https:\/\/www.sendblaster.com\/de\/\"},{\"@type\":\"ListItem\",\"position\":2,\"name\":\"Vorschau\/ Screenshots\"}]},{\"@type\":\"WebSite\",\"@id\":\"https:\/\/www.sendblaster.com\/#website\",\"url\":\"https:\/\/www.sendblaster.com\/\",\"name\":\"SendBlaster newsletter software\",\"description\":\"\",\"publisher\":{\"@id\":\"https:\/\/www.sendblaster.com\/#organization\"},\"potentialAction\":[{\"@type\":\"SearchAction\",\"target\":{\"@type\":\"EntryPoint\",\"urlTemplate\":\"https:\/\/www.sendblaster.com\/?s={search_term_string}\"},\"query-input\":{\"@type\":\"PropertyValueSpecification\",\"valueRequired\":true,\"valueName\":\"search_term_string\"}}],\"inLanguage\":\"de\"},{\"@type\":\"Organization\",\"@id\":\"https:\/\/www.sendblaster.com\/#organization\",\"name\":\"SendBlaster newsletter software\",\"url\":\"https:\/\/www.sendblaster.com\/\",\"logo\":{\"@type\":\"ImageObject\",\"inLanguage\":\"de\",\"@id\":\"https:\/\/www.sendblaster.com\/#\/schema\/logo\/image\/\",\"url\":\"https:\/\/www.sendblaster.com\/wp-content\/uploads\/2021\/09\/logo-svg-2021.svg\",\"contentUrl\":\"https:\/\/www.sendblaster.com\/wp-content\/uploads\/2021\/09\/logo-svg-2021.svg\",\"width\":350,\"height\":70,\"caption\":\"SendBlaster newsletter software\"},\"image\":{\"@id\":\"https:\/\/www.sendblaster.com\/#\/schema\/logo\/image\/\"}}]}<\/script>\n<!-- \/ Yoast SEO plugin. -->","yoast_head_json":{"title":"Vorschau\/ Screenshots - SendBlaster newsletter software","description":"SendBlaster newsletter software Vorschau\/ Screenshots Hier haben wir einige Bildschirmfotos der Hauptfunktionen f\u00fcr unseren kostenlosen Gruppen Email Versender SendBlaster, wie Sie sehen k\u00f6nnen, gibt es keine","robots":{"index":"index","follow":"follow","max-snippet":"max-snippet:-1","max-image-preview":"max-image-preview:large","max-video-preview":"max-video-preview:-1"},"canonical":"https:\/\/www.sendblaster.com\/de\/vorschau-screenshots\/","og_locale":"de_DE","og_type":"article","og_title":"Vorschau\/ Screenshots - SendBlaster newsletter software","og_description":"SendBlaster newsletter software Vorschau\/ Screenshots Hier haben wir einige Bildschirmfotos der Hauptfunktionen f\u00fcr unseren kostenlosen Gruppen Email Versender SendBlaster, wie Sie sehen k\u00f6nnen, gibt es keine","og_url":"https:\/\/www.sendblaster.com\/de\/vorschau-screenshots\/","og_site_name":"SendBlaster newsletter software","article_modified_time":"2020-09-28T08:15:17+00:00","og_image":[{"url":"https:\/\/www.sendblaster.com\/sendblaster\/release2\/sites\/default\/files\/image\/screenshots-sb4\/screenshot_home.jpg"}],"twitter_card":"summary_large_image","twitter_misc":{"Gesch\u00e4tzte Lesezeit":"1\u00a0Minute"},"schema":{"@context":"https:\/\/schema.org","@graph":[{"@type":"WebPage","@id":"https:\/\/www.sendblaster.com\/de\/vorschau-screenshots\/","url":"https:\/\/www.sendblaster.com\/de\/vorschau-screenshots\/","name":"Vorschau\/ Screenshots - SendBlaster newsletter software","isPartOf":{"@id":"https:\/\/www.sendblaster.com\/#website"},"primaryImageOfPage":{"@id":"https:\/\/www.sendblaster.com\/de\/vorschau-screenshots\/#primaryimage"},"image":{"@id":"https:\/\/www.sendblaster.com\/de\/vorschau-screenshots\/#primaryimage"},"thumbnailUrl":"https:\/\/www.sendblaster.com\/sendblaster\/release2\/sites\/default\/files\/image\/screenshots-sb4\/screenshot_home.jpg","datePublished":"2018-05-09T14:13:04+00:00","dateModified":"2020-09-28T08:15:17+00:00","description":"SendBlaster newsletter software Vorschau\/ Screenshots Hier haben wir einige Bildschirmfotos der Hauptfunktionen f\u00fcr unseren kostenlosen Gruppen Email Versender SendBlaster, wie Sie sehen k\u00f6nnen, gibt es keine","breadcrumb":{"@id":"https:\/\/www.sendblaster.com\/de\/vorschau-screenshots\/#breadcrumb"},"inLanguage":"de","potentialAction":[{"@type":"ReadAction","target":["https:\/\/www.sendblaster.com\/de\/vorschau-screenshots\/"]}]},{"@type":"ImageObject","inLanguage":"de","@id":"https:\/\/www.sendblaster.com\/de\/vorschau-screenshots\/#primaryimage","url":"https:\/\/www.sendblaster.com\/sendblaster\/release2\/sites\/default\/files\/image\/screenshots-sb4\/screenshot_home.jpg","contentUrl":"https:\/\/www.sendblaster.com\/sendblaster\/release2\/sites\/default\/files\/image\/screenshots-sb4\/screenshot_home.jpg"},{"@type":"BreadcrumbList","@id":"https:\/\/www.sendblaster.com\/de\/vorschau-screenshots\/#breadcrumb","itemListElement":[{"@type":"ListItem","position":1,"name":"Home","item":"https:\/\/www.sendblaster.com\/de\/"},{"@type":"ListItem","position":2,"name":"Vorschau\/ Screenshots"}]},{"@type":"WebSite","@id":"https:\/\/www.sendblaster.com\/#website","url":"https:\/\/www.sendblaster.com\/","name":"SendBlaster newsletter software","description":"","publisher":{"@id":"https:\/\/www.sendblaster.com\/#organization"},"potentialAction":[{"@type":"SearchAction","target":{"@type":"EntryPoint","urlTemplate":"https:\/\/www.sendblaster.com\/?s={search_term_string}"},"query-input":{"@type":"PropertyValueSpecification","valueRequired":true,"valueName":"search_term_string"}}],"inLanguage":"de"},{"@type":"Organization","@id":"https:\/\/www.sendblaster.com\/#organization","name":"SendBlaster newsletter software","url":"https:\/\/www.sendblaster.com\/","logo":{"@type":"ImageObject","inLanguage":"de","@id":"https:\/\/www.sendblaster.com\/#\/schema\/logo\/image\/","url":"https:\/\/www.sendblaster.com\/wp-content\/uploads\/2021\/09\/logo-svg-2021.svg","contentUrl":"https:\/\/www.sendblaster.com\/wp-content\/uploads\/2021\/09\/logo-svg-2021.svg","width":350,"height":70,"caption":"SendBlaster newsletter software"},"image":{"@id":"https:\/\/www.sendblaster.com\/#\/schema\/logo\/image\/"}}]}},"_links":{"self":[{"href":"https:\/\/www.sendblaster.com\/de\/wp-json\/wp\/v2\/pages\/1521"}],"collection":[{"href":"https:\/\/www.sendblaster.com\/de\/wp-json\/wp\/v2\/pages"}],"about":[{"href":"https:\/\/www.sendblaster.com\/de\/wp-json\/wp\/v2\/types\/page"}],"author":[{"embeddable":true,"href":"https:\/\/www.sendblaster.com\/de\/wp-json\/wp\/v2\/users\/1"}],"replies":[{"embeddable":true,"href":"https:\/\/www.sendblaster.com\/de\/wp-json\/wp\/v2\/comments?post=1521"}],"version-history":[{"count":4,"href":"https:\/\/www.sendblaster.com\/de\/wp-json\/wp\/v2\/pages\/1521\/revisions"}],"predecessor-version":[{"id":4804,"href":"https:\/\/www.sendblaster.com\/de\/wp-json\/wp\/v2\/pages\/1521\/revisions\/4804"}],"wp:attachment":[{"href":"https:\/\/www.sendblaster.com\/de\/wp-json\/wp\/v2\/media?parent=1521"}],"curies":[{"name":"wp","href":"https:\/\/api.w.org\/{rel}","templated":true}]}}