{"id":2943,"date":"2018-05-28T13:05:02","date_gmt":"2018-05-28T13:05:02","guid":{"rendered":"https:\/\/www.sendblaster.com\/wpnew-2018\/?page_id=2943"},"modified":"2018-05-28T13:05:02","modified_gmt":"2018-05-28T13:05:02","slug":"vice-aktivaci-licence-formular","status":"publish","type":"page","link":"https:\/\/www.sendblaster.com\/cs\/vice-aktivaci-licence-formular\/","title":{"rendered":"V\u00edce Aktivaci Licence Formul\u00e1\u0159"},"content":{"rendered":"<p><iframe src=\"https:\/\/www.sendblaster.com\/sendblaster\/services\/activation\/form\/formbox.php?lng=cs\" style=\"width:500px; height:720px; margin:0px; padding: 0px; border: 0px; overflow:hidden; scroll:none;\"><\/iframe><\/p>\n","protected":false},"excerpt":{"rendered":"\n<p class=\"read-more-container\"><a class=\"button read-more\" href=\"https:\/\/www.sendblaster.com\/cs\/vice-aktivaci-licence-formular\/\" title=\"\">Continue Reading<\/a><\/p>\n","protected":false},"author":1,"featured_media":0,"parent":0,"menu_order":0,"comment_status":"closed","ping_status":"closed","template":"g1_template_page_sidebar_right.php","meta":{"_monsterinsights_skip_tracking":false,"_monsterinsights_sitenote_active":false,"_monsterinsights_sitenote_note":"","_monsterinsights_sitenote_category":0,"footnotes":""},"class_list":["post-2943","page","type-page","status-publish"],"yoast_head":"<!-- This site is optimized with the Yoast SEO plugin v23.5 - https:\/\/yoast.com\/wordpress\/plugins\/seo\/ -->\n<title>V\u00edce Aktivaci Licence Formul\u00e1\u0159 - SendBlaster rozes\u00edl\u00e1n\u00ed email\u016f program<\/title>\n<meta name=\"description\" content=\"SendBlaster rozes\u00edl\u00e1n\u00ed email\u016f program V\u00edce Aktivaci Licence Formul\u00e1\u0159 $lng = ICL_LANGUAGE_CODE;  $_GET=$lng;    $path = $_SERVER.&#039;\/sendblaster\/services\/activation\/form\/form.php&#039;;    include ($path);\" \/>\n<meta name=\"robots\" content=\"index, follow, max-snippet:-1, max-image-preview:large, max-video-preview:-1\" \/>\n<link rel=\"canonical\" href=\"https:\/\/www.sendblaster.com\/cs\/vice-aktivaci-licence-formular\/\" \/>\n<meta property=\"og:locale\" content=\"cs_CZ\" \/>\n<meta property=\"og:type\" content=\"article\" \/>\n<meta property=\"og:title\" content=\"V\u00edce Aktivaci Licence Formul\u00e1\u0159 - SendBlaster rozes\u00edl\u00e1n\u00ed email\u016f program\" \/>\n<meta property=\"og:description\" content=\"SendBlaster rozes\u00edl\u00e1n\u00ed email\u016f program V\u00edce Aktivaci Licence Formul\u00e1\u0159 $lng = ICL_LANGUAGE_CODE;  $_GET=$lng;    $path = $_SERVER.&#039;\/sendblaster\/services\/activation\/form\/form.php&#039;;    include ($path);\" \/>\n<meta property=\"og:url\" content=\"https:\/\/www.sendblaster.com\/cs\/vice-aktivaci-licence-formular\/\" \/>\n<meta property=\"og:site_name\" content=\"SendBlaster rozes\u00edl\u00e1n\u00ed email\u016f program\" \/>\n<meta name=\"twitter:card\" content=\"summary_large_image\" \/>\n<script type=\"application\/ld+json\" class=\"yoast-schema-graph\">{\"@context\":\"https:\/\/schema.org\",\"@graph\":[{\"@type\":\"WebPage\",\"@id\":\"https:\/\/www.sendblaster.com\/cs\/vice-aktivaci-licence-formular\/\",\"url\":\"https:\/\/www.sendblaster.com\/cs\/vice-aktivaci-licence-formular\/\",\"name\":\"V\u00edce Aktivaci Licence Formul\u00e1\u0159 - SendBlaster rozes\u00edl\u00e1n\u00ed email\u016f program\",\"isPartOf\":{\"@id\":\"https:\/\/www.sendblaster.com\/#website\"},\"datePublished\":\"2018-05-28T13:05:02+00:00\",\"dateModified\":\"2018-05-28T13:05:02+00:00\",\"description\":\"SendBlaster rozes\u00edl\u00e1n\u00ed email\u016f program V\u00edce Aktivaci Licence Formul\u00e1\u0159 $lng = ICL_LANGUAGE_CODE; $_GET=$lng; $path = $_SERVER.'\/sendblaster\/services\/activation\/form\/form.php'; include ($path);\",\"breadcrumb\":{\"@id\":\"https:\/\/www.sendblaster.com\/cs\/vice-aktivaci-licence-formular\/#breadcrumb\"},\"inLanguage\":\"cs\",\"potentialAction\":[{\"@type\":\"ReadAction\",\"target\":[\"https:\/\/www.sendblaster.com\/cs\/vice-aktivaci-licence-formular\/\"]}]},{\"@type\":\"BreadcrumbList\",\"@id\":\"https:\/\/www.sendblaster.com\/cs\/vice-aktivaci-licence-formular\/#breadcrumb\",\"itemListElement\":[{\"@type\":\"ListItem\",\"position\":1,\"name\":\"Home\",\"item\":\"https:\/\/www.sendblaster.com\/\"},{\"@type\":\"ListItem\",\"position\":2,\"name\":\"V\u00edce Aktivaci Licence Formul\u00e1\u0159\"}]},{\"@type\":\"WebSite\",\"@id\":\"https:\/\/www.sendblaster.com\/#website\",\"url\":\"https:\/\/www.sendblaster.com\/\",\"name\":\"SendBlaster rozes\u00edl\u00e1n\u00ed email\u016f program\",\"description\":\"\",\"publisher\":{\"@id\":\"https:\/\/www.sendblaster.com\/#organization\"},\"potentialAction\":[{\"@type\":\"SearchAction\",\"target\":{\"@type\":\"EntryPoint\",\"urlTemplate\":\"https:\/\/www.sendblaster.com\/?s={search_term_string}\"},\"query-input\":{\"@type\":\"PropertyValueSpecification\",\"valueRequired\":true,\"valueName\":\"search_term_string\"}}],\"inLanguage\":\"cs\"},{\"@type\":\"Organization\",\"@id\":\"https:\/\/www.sendblaster.com\/#organization\",\"name\":\"SendBlaster rozes\u00edl\u00e1n\u00ed email\u016f program\",\"url\":\"https:\/\/www.sendblaster.com\/\",\"logo\":{\"@type\":\"ImageObject\",\"inLanguage\":\"cs\",\"@id\":\"https:\/\/www.sendblaster.com\/#\/schema\/logo\/image\/\",\"url\":\"https:\/\/www.sendblaster.com\/wp-content\/uploads\/2021\/09\/logo-svg-2021.svg\",\"contentUrl\":\"https:\/\/www.sendblaster.com\/wp-content\/uploads\/2021\/09\/logo-svg-2021.svg\",\"width\":350,\"height\":70,\"caption\":\"SendBlaster rozes\u00edl\u00e1n\u00ed email\u016f program\"},\"image\":{\"@id\":\"https:\/\/www.sendblaster.com\/#\/schema\/logo\/image\/\"}}]}<\/script>\n<!-- \/ Yoast SEO plugin. -->","yoast_head_json":{"title":"V\u00edce Aktivaci Licence Formul\u00e1\u0159 - SendBlaster rozes\u00edl\u00e1n\u00ed email\u016f program","description":"SendBlaster rozes\u00edl\u00e1n\u00ed email\u016f program V\u00edce Aktivaci Licence Formul\u00e1\u0159 $lng = ICL_LANGUAGE_CODE;  $_GET=$lng;    $path = $_SERVER.'\/sendblaster\/services\/activation\/form\/form.php';    include ($path);","robots":{"index":"index","follow":"follow","max-snippet":"max-snippet:-1","max-image-preview":"max-image-preview:large","max-video-preview":"max-video-preview:-1"},"canonical":"https:\/\/www.sendblaster.com\/cs\/vice-aktivaci-licence-formular\/","og_locale":"cs_CZ","og_type":"article","og_title":"V\u00edce Aktivaci Licence Formul\u00e1\u0159 - SendBlaster rozes\u00edl\u00e1n\u00ed email\u016f program","og_description":"SendBlaster rozes\u00edl\u00e1n\u00ed email\u016f program V\u00edce Aktivaci Licence Formul\u00e1\u0159 $lng = ICL_LANGUAGE_CODE;  $_GET=$lng;    $path = $_SERVER.'\/sendblaster\/services\/activation\/form\/form.php';    include ($path);","og_url":"https:\/\/www.sendblaster.com\/cs\/vice-aktivaci-licence-formular\/","og_site_name":"SendBlaster rozes\u00edl\u00e1n\u00ed email\u016f program","twitter_card":"summary_large_image","schema":{"@context":"https:\/\/schema.org","@graph":[{"@type":"WebPage","@id":"https:\/\/www.sendblaster.com\/cs\/vice-aktivaci-licence-formular\/","url":"https:\/\/www.sendblaster.com\/cs\/vice-aktivaci-licence-formular\/","name":"V\u00edce Aktivaci Licence Formul\u00e1\u0159 - SendBlaster rozes\u00edl\u00e1n\u00ed email\u016f program","isPartOf":{"@id":"https:\/\/www.sendblaster.com\/#website"},"datePublished":"2018-05-28T13:05:02+00:00","dateModified":"2018-05-28T13:05:02+00:00","description":"SendBlaster rozes\u00edl\u00e1n\u00ed email\u016f program V\u00edce Aktivaci Licence Formul\u00e1\u0159 $lng = ICL_LANGUAGE_CODE; $_GET=$lng; $path = $_SERVER.'\/sendblaster\/services\/activation\/form\/form.php'; include ($path);","breadcrumb":{"@id":"https:\/\/www.sendblaster.com\/cs\/vice-aktivaci-licence-formular\/#breadcrumb"},"inLanguage":"cs","potentialAction":[{"@type":"ReadAction","target":["https:\/\/www.sendblaster.com\/cs\/vice-aktivaci-licence-formular\/"]}]},{"@type":"BreadcrumbList","@id":"https:\/\/www.sendblaster.com\/cs\/vice-aktivaci-licence-formular\/#breadcrumb","itemListElement":[{"@type":"ListItem","position":1,"name":"Home","item":"https:\/\/www.sendblaster.com\/"},{"@type":"ListItem","position":2,"name":"V\u00edce Aktivaci Licence Formul\u00e1\u0159"}]},{"@type":"WebSite","@id":"https:\/\/www.sendblaster.com\/#website","url":"https:\/\/www.sendblaster.com\/","name":"SendBlaster rozes\u00edl\u00e1n\u00ed email\u016f program","description":"","publisher":{"@id":"https:\/\/www.sendblaster.com\/#organization"},"potentialAction":[{"@type":"SearchAction","target":{"@type":"EntryPoint","urlTemplate":"https:\/\/www.sendblaster.com\/?s={search_term_string}"},"query-input":{"@type":"PropertyValueSpecification","valueRequired":true,"valueName":"search_term_string"}}],"inLanguage":"cs"},{"@type":"Organization","@id":"https:\/\/www.sendblaster.com\/#organization","name":"SendBlaster rozes\u00edl\u00e1n\u00ed email\u016f program","url":"https:\/\/www.sendblaster.com\/","logo":{"@type":"ImageObject","inLanguage":"cs","@id":"https:\/\/www.sendblaster.com\/#\/schema\/logo\/image\/","url":"https:\/\/www.sendblaster.com\/wp-content\/uploads\/2021\/09\/logo-svg-2021.svg","contentUrl":"https:\/\/www.sendblaster.com\/wp-content\/uploads\/2021\/09\/logo-svg-2021.svg","width":350,"height":70,"caption":"SendBlaster rozes\u00edl\u00e1n\u00ed email\u016f program"},"image":{"@id":"https:\/\/www.sendblaster.com\/#\/schema\/logo\/image\/"}}]}},"_links":{"self":[{"href":"https:\/\/www.sendblaster.com\/cs\/wp-json\/wp\/v2\/pages\/2943"}],"collection":[{"href":"https:\/\/www.sendblaster.com\/cs\/wp-json\/wp\/v2\/pages"}],"about":[{"href":"https:\/\/www.sendblaster.com\/cs\/wp-json\/wp\/v2\/types\/page"}],"author":[{"embeddable":true,"href":"https:\/\/www.sendblaster.com\/cs\/wp-json\/wp\/v2\/users\/1"}],"replies":[{"embeddable":true,"href":"https:\/\/www.sendblaster.com\/cs\/wp-json\/wp\/v2\/comments?post=2943"}],"version-history":[{"count":1,"href":"https:\/\/www.sendblaster.com\/cs\/wp-json\/wp\/v2\/pages\/2943\/revisions"}],"predecessor-version":[{"id":2944,"href":"https:\/\/www.sendblaster.com\/cs\/wp-json\/wp\/v2\/pages\/2943\/revisions\/2944"}],"wp:attachment":[{"href":"https:\/\/www.sendblaster.com\/cs\/wp-json\/wp\/v2\/media?parent=2943"}],"curies":[{"name":"wp","href":"https:\/\/api.w.org\/{rel}","templated":true}]}}